{"id":946,"date":"2020-11-23T11:33:48","date_gmt":"2020-11-23T10:33:48","guid":{"rendered":"https:\/\/www.cbjurstrom.eu\/?page_id=946"},"modified":"2025-09-11T17:20:59","modified_gmt":"2025-09-11T15:20:59","slug":"charlot-sur-la-route-3","status":"publish","type":"page","link":"https:\/\/www.cbjurstrom.eu\/index.php\/charlot-sur-la-route-3\/","title":{"rendered":"Charlot sur la route"},"content":{"rendered":"\n<p><strong>Christofer Bjurstr\u00f6m\u00a0: Piano, fl\u00fbtes, composition<\/strong><\/p>\n\n\n\n<p><strong>3 court-m\u00e9trages de Charlie Chaplin<br><\/strong><\/p>\n\n\n\n<div class=\"wp-block-media-text alignwide is-stacked-on-mobile\"><figure class=\"wp-block-media-text__media\"><img loading=\"lazy\" decoding=\"async\" width=\"970\" height=\"546\" src=\"https:\/\/www.cbjurstrom.eu\/wp-content\/uploads\/2020\/11\/Charlot-sur-la-route.jpg\" alt=\"\" class=\"wp-image-947 size-full\" srcset=\"https:\/\/www.cbjurstrom.eu\/wp-content\/uploads\/2020\/11\/Charlot-sur-la-route.jpg 970w, https:\/\/www.cbjurstrom.eu\/wp-content\/uploads\/2020\/11\/Charlot-sur-la-route-300x169.jpg 300w, https:\/\/www.cbjurstrom.eu\/wp-content\/uploads\/2020\/11\/Charlot-sur-la-route-768x432.jpg 768w\" sizes=\"auto, (max-width: 970px) 100vw, 970px\" \/><\/figure><div class=\"wp-block-media-text__content\">\n<p class=\"has-medium-font-size\"><strong>Charlot Boxeur (The Champion) 1915<\/strong><\/p>\n\n\n\n<p class=\"has-small-font-size\"><strong>Pour gagner de l&rsquo;argent, Charlot d\u00e9fie un boxeur, et devient un champion redout\u00e9&#8230;<\/strong><\/p>\n\n\n\n<p class=\"has-medium-font-size\"><strong>Charlot s&rsquo;\u00e9vade (The adventurer) 1917<\/strong><\/p>\n\n\n\n<p class=\"has-small-font-size\"><strong>Evad\u00e9 d&rsquo;un p\u00e9nitencier, Charlot sauve une jeune femme de la noyade. Mais comment faire pour \u00e9chapper aux gardiens qui le poursuivent&nbsp;?<\/strong><\/p>\n\n\n\n<p class=\"has-medium-font-size\"><strong>Charlot vagabond (The Tramp) 1915<\/strong><\/p>\n\n\n\n<p class=\"has-small-font-size\"><strong>Charlot sauve une jeune femme d&rsquo;une attaque de malfaiteurs et se fait embaucher comme jardinier chez son p\u00e8re&#8230;<\/strong><\/p>\n<\/div><\/div>\n\n\n\n<p>Copie: DCP<\/p>\n\n\n\n<p>N.B.: Une version en trio (composition musicale Tortiller \/ Cambra \/ Bjurstr\u00f6m ) a \u00e9t\u00e9 produite par Les G\u00e9meaux \/ Sc\u00e8ne Nationale de Sceaux <\/p>\n\n\n\n<p><strong>Avec : Franck Tortiller : vibraphone<br>Christofer Bjurstr\u00f6m&nbsp;: Piano, fl\u00fbtes,<br>Jacques Cambra&nbsp;: Piano, accord\u00e9on diatonique<\/strong><\/p>\n","protected":false},"excerpt":{"rendered":"<p>Christofer Bjurstr\u00f6m\u00a0: Piano, fl\u00fbtes, composition 3 court-m\u00e9trages de Charlie Chaplin Charlot Boxeur (The Champion) 1915 Pour gagner de l&rsquo;argent, Charlot d\u00e9fie un boxeur, et devient un champion redout\u00e9&#8230; Charlot s&rsquo;\u00e9vade (The adventurer) 1917 Evad\u00e9 d&rsquo;un p\u00e9nitencier, Charlot sauve une jeune femme de la noyade. Mais comment faire pour \u00e9chapper aux gardiens qui le poursuivent&nbsp;? Charlot&hellip;&nbsp;<\/p>\n","protected":false},"author":1,"featured_media":947,"parent":0,"menu_order":0,"comment_status":"closed","ping_status":"closed","template":"","meta":{"neve_meta_sidebar":"","neve_meta_container":"","neve_meta_enable_content_width":"","neve_meta_content_width":0,"neve_meta_title_alignment":"","neve_meta_author_avatar":"","neve_post_elements_order":"","neve_meta_disable_header":"","neve_meta_disable_footer":"","neve_meta_disable_title":"","footnotes":""},"class_list":["post-946","page","type-page","status-publish","has-post-thumbnail","hentry"],"_links":{"self":[{"href":"https:\/\/www.cbjurstrom.eu\/index.php\/wp-json\/wp\/v2\/pages\/946","targetHints":{"allow":["GET"]}}],"collection":[{"href":"https:\/\/www.cbjurstrom.eu\/index.php\/wp-json\/wp\/v2\/pages"}],"about":[{"href":"https:\/\/www.cbjurstrom.eu\/index.php\/wp-json\/wp\/v2\/types\/page"}],"author":[{"embeddable":true,"href":"https:\/\/www.cbjurstrom.eu\/index.php\/wp-json\/wp\/v2\/users\/1"}],"replies":[{"embeddable":true,"href":"https:\/\/www.cbjurstrom.eu\/index.php\/wp-json\/wp\/v2\/comments?post=946"}],"version-history":[{"count":4,"href":"https:\/\/www.cbjurstrom.eu\/index.php\/wp-json\/wp\/v2\/pages\/946\/revisions"}],"predecessor-version":[{"id":11074,"href":"https:\/\/www.cbjurstrom.eu\/index.php\/wp-json\/wp\/v2\/pages\/946\/revisions\/11074"}],"wp:featuredmedia":[{"embeddable":true,"href":"https:\/\/www.cbjurstrom.eu\/index.php\/wp-json\/wp\/v2\/media\/947"}],"wp:attachment":[{"href":"https:\/\/www.cbjurstrom.eu\/index.php\/wp-json\/wp\/v2\/media?parent=946"}],"curies":[{"name":"wp","href":"https:\/\/api.w.org\/{rel}","templated":true}]}}