{"id":714,"date":"2020-11-09T09:46:45","date_gmt":"2020-11-09T08:46:45","guid":{"rendered":"https:\/\/www.cbjurstrom.eu\/?page_id=714"},"modified":"2025-09-18T21:18:48","modified_gmt":"2025-09-18T19:18:48","slug":"cine-concert","status":"publish","type":"page","link":"https:\/\/www.cbjurstrom.eu\/index.php\/cine-concert\/","title":{"rendered":"Cin\u00e9-Concerts"},"content":{"rendered":"\n<div class=\"wp-block-media-text alignwide has-media-on-the-right is-stacked-on-mobile\"><div class=\"wp-block-media-text__content\">\n<p class=\"has-large-font-size\"><strong>Les Cin\u00e9-Concerts:<\/strong><\/p>\n\n\n\n<p class=\"has-medium-font-size\">Une musique actuelle sur des films muets du d\u00e9but du XX\u00e8me si\u00e8cle. <\/p>\n\n\n\n<p class=\"has-normal-font-size\">Un lien entre l&rsquo;intemporalit\u00e9 du film et la pr\u00e9sence des spectateurs dans la salle.<\/p>\n\n\n\n<p class=\"has-normal-font-size\">Une passion qui s&rsquo;exerce depuis plus de 30 ans&#8230;..<br><\/p>\n\n\n\n<p><em>\u00ab\u00a0Ce qui m&rsquo;int\u00e9resse tout particuli\u00e8rement dans ces films, c&rsquo;est leur inventivit\u00e9, leur expressivit\u00e9 et leur audace. Les \u00e9motions et les situations, transmises par le seul biais des visages, de la lumi\u00e8re et des cadrages, laissent la place \u00e0 l&rsquo;imaginaire de la musique: celle-ci s&rsquo;immerge ainsi dans les images pour porter le film et cr\u00e9er un pont entre pass\u00e9 et pr\u00e9sent.\u00a0\u00bb<\/em><\/p>\n<\/div><figure class=\"wp-block-media-text__media\"><img loading=\"lazy\" decoding=\"async\" width=\"1000\" height=\"750\" src=\"https:\/\/www.cbjurstrom.eu\/wp-content\/uploads\/2020\/10\/vdb-princesse-percussions-basse.jpg\" alt=\"\" class=\"wp-image-360 size-full\" srcset=\"https:\/\/www.cbjurstrom.eu\/wp-content\/uploads\/2020\/10\/vdb-princesse-percussions-basse.jpg 1000w, https:\/\/www.cbjurstrom.eu\/wp-content\/uploads\/2020\/10\/vdb-princesse-percussions-basse-300x225.jpg 300w, https:\/\/www.cbjurstrom.eu\/wp-content\/uploads\/2020\/10\/vdb-princesse-percussions-basse-768x576.jpg 768w\" sizes=\"auto, (max-width: 1000px) 100vw, 1000px\" \/><\/figure><\/div>\n\n\n\n<div class=\"wp-block-media-text alignwide is-stacked-on-mobile\"><figure class=\"wp-block-media-text__media\"><img loading=\"lazy\" decoding=\"async\" width=\"600\" height=\"450\" src=\"https:\/\/www.cbjurstrom.eu\/wp-content\/uploads\/2020\/10\/vdb-cheval-aile-piano-alto.jpg\" alt=\"\" class=\"wp-image-359 size-full\" srcset=\"https:\/\/www.cbjurstrom.eu\/wp-content\/uploads\/2020\/10\/vdb-cheval-aile-piano-alto.jpg 600w, https:\/\/www.cbjurstrom.eu\/wp-content\/uploads\/2020\/10\/vdb-cheval-aile-piano-alto-300x225.jpg 300w\" sizes=\"auto, (max-width: 600px) 100vw, 600px\" \/><\/figure><div class=\"wp-block-media-text__content\">\n<p>Sans jamais chercher \u00e0 reproduire la musique qui \u00e9tait jou\u00e9e \u00e0 l&rsquo;\u00e9poque, Christofer cherche les couleurs instrumentales et les compositions qui, pour lui, feront le plus corps avec chaque film. La musique qu&rsquo;il compose pour ses cin\u00e9-concerts sait \u00eatre sobre, m\u00e9lodique, laissant la place au silence et donc aux images&#8230; elle sait aussi \u00eatre aussi tortur\u00e9e, d\u00e9cal\u00e9e&#8230; ou rieuse et inventive.<\/p>\n\n\n\n<p>La richesse de ses compositions r\u00e9side en cette diversit\u00e9 musicale, qu&rsquo;il met au service des atmosph\u00e8res de chaque film.<\/p>\n<\/div><\/div>\n\n\n\n<p class=\"has-medium-font-size\">Sous ce menu Cin\u00e9-Concerts, vous pourrez trouver:<\/p>\n\n\n\n<ul class=\"wp-block-list\">\n<li>des index des films propos\u00e9s (<a href=\"https:\/\/www.cbjurstrom.eu\/index.php\/index-des-films-par-ordre-alphabetique\/\" target=\"_blank\" rel=\"noreferrer noopener\">index par ordre alphab\u00e9tique<\/a>, <a href=\"https:\/\/www.cbjurstrom.eu\/index.php\/index-alphabetique-par-realisateur\/\" target=\"_blank\" rel=\"noreferrer noopener\">index par r\u00e9alisateur<\/a>, <a href=\"https:\/\/www.cbjurstrom.eu\/index.php\/index-des-films-par-proposition-musicale\/\" target=\"_blank\" rel=\"noreferrer noopener\">index par proposition musicale<\/a>)<\/li>\n\n\n\n<li>les films class\u00e9s par genre (<a href=\"https:\/\/www.cbjurstrom.eu\/index.php\/films-burlesques-et-comedies\/\" target=\"_blank\" rel=\"noreferrer noopener\">burlesque<\/a>, <a href=\"https:\/\/www.cbjurstrom.eu\/index.php\/films-daventure\/\" target=\"_blank\" rel=\"noreferrer noopener\">aventure<\/a>, <a href=\"https:\/\/www.cbjurstrom.eu\/index.php\/les-films-danimation\/\" target=\"_blank\" rel=\"noreferrer noopener\">animation<\/a>, <a href=\"https:\/\/www.cbjurstrom.eu\/index.php\/comedies-dramatiques\/\" target=\"_blank\" rel=\"noreferrer noopener\">com\u00e9die dramatique<\/a>, <a href=\"https:\/\/www.cbjurstrom.eu\/index.php\/thrillers-films-dhitchcock\/\" target=\"_blank\" rel=\"noreferrer noopener\">thriller<\/a>, <a href=\"https:\/\/www.cbjurstrom.eu\/index.php\/films-fantastiques\/\" target=\"_blank\" rel=\"noreferrer noopener\">fantastique<\/a>, <a href=\"https:\/\/www.cbjurstrom.eu\/index.php\/films-dramatiques\/\" target=\"_blank\" rel=\"noreferrer noopener\">film dramatique<\/a>, et bien s\u00fbr les <a href=\"https:\/\/www.cbjurstrom.eu\/index.php\/films-inclassables-surprises\/\" target=\"_blank\" rel=\"noreferrer noopener\">inclassables<\/a>)<\/li>\n\n\n\n<li><a href=\"https:\/\/www.cbjurstrom.eu\/index.php\/des-listes-de-suggestions\/\" target=\"_blank\" rel=\"noreferrer noopener\">des listes de suggestions<\/a><\/li>\n<\/ul>\n\n\n\n<p class=\"has-medium-font-size\">Si vous pr\u00e9f\u00e9rez voir la liste des cin\u00e9-concerts sous forme de catalogue, c&rsquo;est possible!<\/p>\n\n\n<div style=\"text-align: center; width:480px; margin: 12px auto;\"><div style=\"margin: 4px 0px;\"><a href=\"http:\/\/calameo.com\/books\/001875020622015a5b6e7\">View this publication on Calam&eacute;o<\/a><\/div><iframe loading=\"lazy\" src=\"\/\/v.calameo.com\/?bkcode=001875020622015a5b6e7&amp;language=fr&amp;page=&amp;showsharemenu=true&amp;clickTo=public&amp;clickTarget=_self&amp;clickToUrl=&amp;autoFlip=0&amp;mode=mini&amp;wmode=transparent\" width=\"480\" height=\"300\" style=\"width:480px;height:300px\" frameborder=\"0\" scrolling=\"no\" allowtransparency allowfullscreen><\/iframe><div style=\"margin: 4px 0px; font-size: 90%;\"><a rel=\"nofollow\" href=\"http:\/\/calameo.com\/upload\">Publish<\/a> at <a href=\"http:\/\/calameo.com\">Calam&eacute;o<\/a> or <a href=\"http:\/\/calameo.com\/browse\/weekly\/?o=7&amp;w=DESC\">browse<\/a> the library.<\/div><\/div>\n\n\n\n<p><\/p>\n","protected":false},"excerpt":{"rendered":"<p>Les Cin\u00e9-Concerts: Une musique actuelle sur des films muets du d\u00e9but du XX\u00e8me si\u00e8cle. Un lien entre l&rsquo;intemporalit\u00e9 du film et la pr\u00e9sence des spectateurs dans la salle. Une passion qui s&rsquo;exerce depuis plus de 30 ans&#8230;.. \u00ab\u00a0Ce qui m&rsquo;int\u00e9resse tout particuli\u00e8rement dans ces films, c&rsquo;est leur inventivit\u00e9, leur expressivit\u00e9 et leur audace. Les \u00e9motions&hellip;&nbsp;<\/p>\n","protected":false},"author":1,"featured_media":642,"parent":0,"menu_order":0,"comment_status":"closed","ping_status":"closed","template":"","meta":{"neve_meta_sidebar":"","neve_meta_container":"","neve_meta_enable_content_width":"","neve_meta_content_width":0,"neve_meta_title_alignment":"center","neve_meta_author_avatar":"","neve_post_elements_order":"","neve_meta_disable_header":"","neve_meta_disable_footer":"","neve_meta_disable_title":"","footnotes":""},"class_list":["post-714","page","type-page","status-publish","has-post-thumbnail","hentry"],"_links":{"self":[{"href":"https:\/\/www.cbjurstrom.eu\/index.php\/wp-json\/wp\/v2\/pages\/714","targetHints":{"allow":["GET"]}}],"collection":[{"href":"https:\/\/www.cbjurstrom.eu\/index.php\/wp-json\/wp\/v2\/pages"}],"about":[{"href":"https:\/\/www.cbjurstrom.eu\/index.php\/wp-json\/wp\/v2\/types\/page"}],"author":[{"embeddable":true,"href":"https:\/\/www.cbjurstrom.eu\/index.php\/wp-json\/wp\/v2\/users\/1"}],"replies":[{"embeddable":true,"href":"https:\/\/www.cbjurstrom.eu\/index.php\/wp-json\/wp\/v2\/comments?post=714"}],"version-history":[{"count":20,"href":"https:\/\/www.cbjurstrom.eu\/index.php\/wp-json\/wp\/v2\/pages\/714\/revisions"}],"predecessor-version":[{"id":11292,"href":"https:\/\/www.cbjurstrom.eu\/index.php\/wp-json\/wp\/v2\/pages\/714\/revisions\/11292"}],"wp:featuredmedia":[{"embeddable":true,"href":"https:\/\/www.cbjurstrom.eu\/index.php\/wp-json\/wp\/v2\/media\/642"}],"wp:attachment":[{"href":"https:\/\/www.cbjurstrom.eu\/index.php\/wp-json\/wp\/v2\/media?parent=714"}],"curies":[{"name":"wp","href":"https:\/\/api.w.org\/{rel}","templated":true}]}}