{"id":6,"date":"2020-10-16T17:09:23","date_gmt":"2020-10-16T15:09:23","guid":{"rendered":"http:\/\/cbjurstrom.eu\/cbj\/?page_id=6"},"modified":"2026-01-15T11:47:04","modified_gmt":"2026-01-15T10:47:04","slug":"accueil","status":"publish","type":"page","link":"https:\/\/www.cbjurstrom.eu\/","title":{"rendered":"Accueil"},"content":{"rendered":"\n<h3 class=\"wp-block-heading has-medium-font-size\">Bienvenue sur mon site<br>Christofer Bjurstr\u00f6m<\/h3>\n\n\n\n<p class=\"has-medium-font-size\">           musicien pianiste\/ compositeur<\/p>\n\n\n\n<p class=\"has-medium-font-size\">artiste-membre de la <a href=\"https:\/\/www.cooperative109.fr\/\" target=\"_blank\" rel=\"noreferrer noopener\">Coop\u00e9rative Artistique 109<\/a><br>\u00e9galement codirecteur de la <a href=\"https:\/\/www.marmouzic.org\/\" target=\"_blank\" rel=\"noreferrer noopener\">Compagnie Jeune Public Marmouzic<\/a><\/p>\n\n\n\n<div class=\"wp-block-columns is-layout-flex wp-container-core-columns-is-layout-9d6595d7 wp-block-columns-is-layout-flex\">\n<div class=\"wp-block-column is-layout-flow wp-block-column-is-layout-flow\">\n<div class=\"wp-block-buttons is-layout-flex wp-block-buttons-is-layout-flex\">\n<div class=\"wp-block-button\"><a class=\"wp-block-button__link wp-element-button\" href=\"https:\/\/www.cooperative109.fr\/\" target=\"_blank\" rel=\"noreferrer noopener\">Lien vers Coop\u00e9rative 109<\/a><\/div>\n<\/div>\n<\/div>\n\n\n\n<div class=\"wp-block-column is-layout-flow wp-block-column-is-layout-flow\">\n<div class=\"wp-block-buttons is-layout-flex wp-block-buttons-is-layout-flex\">\n<div class=\"wp-block-button\"><a class=\"wp-block-button__link wp-element-button\" href=\"https:\/\/www.marmouzic.org\/\" target=\"_blank\" rel=\"noreferrer noopener\">Lien vers la Cie Marmouzic<\/a><\/div>\n<\/div>\n<\/div>\n<\/div>\n\n\n\n<p class=\"has-medium-font-size\"><strong>Vous trouverez dans ce site la plupart des informations concernant mon activit\u00e9 musicale. Bonne visite !<\/strong><\/p>\n\n\n\n<div class=\"wp-block-media-text alignwide has-media-on-the-right is-stacked-on-mobile\"><div class=\"wp-block-media-text__content\">\n<p class=\"has-normal-font-size\">Mes disques sont pour la plupart publi\u00e9s par <a href=\"https:\/\/mzrecords.eu\/\" target=\"_blank\" rel=\"noreferrer noopener\">Mz Records<\/a> <br>Le dernier en date est celui-ci<\/p>\n\n\n\n<h2 class=\"wp-block-heading\"><a href=\"https:\/\/mzrecords.eu\/index.php\/mar-12-notes-en-marge-de-goemons\" target=\"_blank\" rel=\"noreferrer noopener\">Notes en marge de Go\u00e9mons<\/a><\/h2>\n\n\n\n<p>Julien Pontvianne, clarinette et saxophone, composition<br>Vincent Raude, \u00e9lectronique et composition<br>Christofer Bjurstr\u00f6m, piano, fl\u00fbte, composition.<\/p>\n\n\n\n<p>Enregistr\u00e9 en f\u00e9vrier 2024 \u00e0 Locmaria-Plouzan\u00e9 (29).<\/p>\n\n\n\n<p class=\"has-medium-font-size\"><a href=\"https:\/\/mzrecords.eu\/index.php\/mar-12-notes-en-marge-de-goemons\" target=\"_blank\" rel=\"noreferrer noopener\"><strong>Pour en savoir plus et en \u00e9couter des extraits<\/strong><\/a><\/p>\n<\/div><figure class=\"wp-block-media-text__media\"><a href=\"https:\/\/mzrecords.eu\/index.php\/mar-12-notes-en-marge-de-goemons\/\" target=\"_blank\" rel=\" noreferrer noopener\"><img loading=\"lazy\" decoding=\"async\" width=\"1024\" height=\"931\" src=\"https:\/\/www.cbjurstrom.eu\/wp-content\/uploads\/Notes-En-Marge-de-Goemons-Pochette-Face-1024x931.jpg\" alt=\"\" class=\"wp-image-11177 size-full\" srcset=\"https:\/\/www.cbjurstrom.eu\/wp-content\/uploads\/Notes-En-Marge-de-Goemons-Pochette-Face-1024x931.jpg 1024w, https:\/\/www.cbjurstrom.eu\/wp-content\/uploads\/Notes-En-Marge-de-Goemons-Pochette-Face-300x273.jpg 300w, https:\/\/www.cbjurstrom.eu\/wp-content\/uploads\/Notes-En-Marge-de-Goemons-Pochette-Face-768x698.jpg 768w, https:\/\/www.cbjurstrom.eu\/wp-content\/uploads\/Notes-En-Marge-de-Goemons-Pochette-Face-1536x1396.jpg 1536w, https:\/\/www.cbjurstrom.eu\/wp-content\/uploads\/Notes-En-Marge-de-Goemons-Pochette-Face.jpg 1638w\" sizes=\"auto, (max-width: 1024px) 100vw, 1024px\" \/><\/a><\/figure><\/div>\n\n\n\n<div class=\"wp-block-media-text alignwide is-stacked-on-mobile\"><figure class=\"wp-block-media-text__media\"><a href=\"https:\/\/mzrecords.eu\/index.php\/mar-011-ecume-de-mai\/\"><img loading=\"lazy\" decoding=\"async\" width=\"1024\" height=\"1024\" src=\"https:\/\/www.cbjurstrom.eu\/wp-content\/uploads\/2020\/10\/Pochette-Ecume_3000-1024x1024.jpg\" alt=\"\" class=\"wp-image-248 size-full\" srcset=\"https:\/\/www.cbjurstrom.eu\/wp-content\/uploads\/2020\/10\/Pochette-Ecume_3000-1024x1024.jpg 1024w, https:\/\/www.cbjurstrom.eu\/wp-content\/uploads\/2020\/10\/Pochette-Ecume_3000-300x300.jpg 300w, https:\/\/www.cbjurstrom.eu\/wp-content\/uploads\/2020\/10\/Pochette-Ecume_3000-150x150.jpg 150w, https:\/\/www.cbjurstrom.eu\/wp-content\/uploads\/2020\/10\/Pochette-Ecume_3000-768x768.jpg 768w, https:\/\/www.cbjurstrom.eu\/wp-content\/uploads\/2020\/10\/Pochette-Ecume_3000-1536x1536.jpg 1536w, https:\/\/www.cbjurstrom.eu\/wp-content\/uploads\/2020\/10\/Pochette-Ecume_3000-2048x2048.jpg 2048w\" sizes=\"auto, (max-width: 1024px) 100vw, 1024px\" \/><\/a><\/figure><div class=\"wp-block-media-text__content\">\n<p class=\"has-normal-font-size\">L&rsquo;avant-dernier disque est celui-ci.<\/p>\n\n\n\n<h2 class=\"wp-block-heading\"><a href=\"https:\/\/mzrecords.eu\/index.php\/mar-011-ecume-de-mai\/\" target=\"_blank\" rel=\"noreferrer noopener\">Ecume de mai<\/a><\/h2>\n\n\n\n<p>Christofer Bjurstr\u00f6m, piano solo.<\/p>\n\n\n\n<p>Enregistr\u00e9 en juin 2020 au studio de Meudon par Sami Bouvet.<\/p>\n\n\n\n<p class=\"has-medium-font-size\"><a href=\"https:\/\/mzrecords.eu\/index.php\/mar-011-ecume-de-mai\/\" target=\"_blank\" rel=\"noreferrer noopener\"><strong>Pour en savoir plus et en \u00e9couter des extraits<\/strong><\/a><\/p>\n<\/div><\/div>\n\n\n\n<p class=\"has-small-font-size\">\u2026 <em>Dans \u00c9cume de mai, nouvel album solo, [Christofer Bjurstr\u00f6m] prouve une fois encore son talent de conteur, aux contours nets et sans emphase, au c\u0153ur de l\u2019\u00e9motion m\u00eame bizarre ou d\u00e9plaisante, car la vie d\u2019un musicien n\u2019est pas un long fleuve tranquille. C\u2019est d\u2019ailleurs depuis le c\u0153ur d\u2019un printemps 2020 confin\u00e9 que le pianiste nous adresse ses r\u00e9flexions musicales teint\u00e9es de doute et d\u2019humour.<\/em><br><em>C\u2019est la force de ce disque qui, bien que narratif et hautement litt\u00e9raire, tient davantage du modernisme que du romantisme. Cette \u00c9cume semble n\u00e9e une envie d\u2019en d\u00e9coudre avec l\u2019inconfort, d\u2019une ode \u00e0 la bizarrerie, d\u2019un hymne \u00e0 l\u2019incertitude. C\u2019est elle la muse de la cr\u00e9ation artistique, contrairement \u00e0 l\u2019overdose de pr\u00e9caution, de r\u00e9serves et de mesures dont nous gave l\u2019\u00e9poque. C\u2019est bien de l\u2019amertume de l\u2019\u00e9cume remontant \u00e0 la surface qu\u2019il est question ici. Aussi, rappelons-nous que \u00ab&nbsp;Le principe de pr\u00e9caution nous prive des belles \u00e9motions que procure l\u2019incertitude&nbsp;\u00bb (Gr\u00e9goire Lacroix) et plongeons dans ces ondulations qui offrent une forte r\u00e9sonance en cet hiver 20-21. La m\u00e9lancolie y est simplement exquise.<\/em><br><strong>Anne Yven, Citizen Jazz, janvier 2021<\/strong> <a rel=\"noreferrer noopener\" href=\"https:\/\/www.citizenjazz.com\/Christofer-Bjurstrom-3479071.html\" target=\"_blank\">(lire l\u2019article en entier)<\/a><em>..<\/em><\/p>\n\n\n\n<p class=\"has-small-font-size\"><em>Participation \u00e0 des grands ensembles, duos subtils, spectacles de cin\u00e9-concert, prestations en solo hors pair et production r\u00e9guli\u00e8re de CD inspir\u00e9s. Finist\u00e9rien de longue date, le discret pianiste Christofer Bjurstr\u00f6m ne fait pas de bruit, mais, et c\u2019est beaucoup mieux, il joue de la musique de haut vol. Une nouvelle preuve avec cet \u00ab \u00c9cume de mai \u00bb tr\u00e8s d\u00e9licat, enregistr\u00e9 l\u2019an pass\u00e9 et nourri par la fr\u00e9quentation de la po\u00e9sie d\u2019Emily Dickinson, Jules Supervielle, Raymond Carver ou Abdellatif La\u00e2bi. Pas de grandes orgues tape-\u00e0-l\u2019oreille ici (ce n\u2019est pas le genre du bonhomme), mais l\u2019\u00e9coulement d\u2019un ruisseau d\u2019\u00e9motion et de sensations, volontiers introspectif.<br>Ceux qui aiment les travers\u00e9es de la musique en solitaire, fa\u00e7on Keith Jarrett ou St\u00e9phan Oliva, adoreront cet album magnifique que l\u2019on doit aussi \u00e9couter comme une ode au piano, offrande et gratitude m\u00eal\u00e9s. La qualit\u00e9 de l\u2019enregistrement (Sami Bouvet au Studio de Meudon) sert \u00e0 merveille les notes tant\u00f4t graves et profondes, tant\u00f4t cristallines et lustrales. Une vraie r\u00e9ussite.<\/em><br><strong>Le T\u00e9l\u00e9gramme, 14 janvier 2021<\/strong><\/p>\n\n\n\n<p class=\"has-small-font-size\"><em>Une jolie surprise\u2026..<\/em> (<a rel=\"noreferrer noopener\" href=\"https:\/\/www.francemusique.fr\/jazz\/jazz-bonus-christofer-bjurstrom-ecume-de-mai-90688\" target=\"_blank\">lire l\u2019article <\/a>) <a rel=\"noreferrer noopener\" href=\"https:\/\/www.francemusique.fr\/emissions\/open-jazz\/chet-baker-sa-romance-est-un-film-89875\" target=\"_blank\">(lien vers l\u2019\u00e9mission)<\/a><br><strong>Alex Dutilh,<\/strong> dans l\u2019\u00e9mission <strong>Open Jazz, France Musique, le 14 d\u00e9cembre 2020<\/strong><\/p>\n\n\n\n<p class=\"has-small-font-size\"><em>Christofer Bjurstr\u00f6m parvient \u00e0 produire une musique \u00e0 la fois r\u00e9sistante et liquide, avec des formes qui naissent et s\u2019\u00e9vanouissent, en une plong\u00e9e dans les tr\u00e9fonds de l\u2019intime. Notes en pluie serr\u00e9e et persistante, ou qui perlent et rebondissent un un friselis moutonnant, mart\u00e8lement audacieux du clavier ou bruit sourd dans les bois et cordes quand le piano est pr\u00e9par\u00e9, superpositions d\u2019accords et de brisures rythmiques composent un chant jamais plaintif mais lucide, une m\u00e9lodie souvent heurt\u00e9e, des tressaillements qui remontent avec le souffle du temps. Avec l\u2019appr\u00e9hension d\u2019un certain vide qui devient silence, dans une tonalit\u00e9 volontairement grave, s\u2019inscrivent pauses, ruptures, blancs. Un rythme souvent insistant, obsessionnel parcourt ses solos qui racontent presque toujours une histoire. Surgissent aussi des m\u00e9lodies plus fluides, impressionnistes, des \u00e9lans lumineux r\u00e9parant les horizons \u00e9clat\u00e9s, qui ram\u00e8nent vers des rivages connus, avec l\u2019esp\u00e9rance.<\/em><br><em>Ainsi \u00e9coutons nous ce piano en archipel, singulier pluriel qui sait accompagner les images d\u2019un film qui se projette dans notre imaginaire.<\/em><br><strong>Sophie Chambon, Les Derni\u00e8res Nouvelles du Jazz, d\u00e9cembre 2020<\/strong> <a rel=\"noreferrer noopener\" href=\"http:\/\/lesdnj.over-blog.com\/2020\/12\/christofer-bjurstrom-piano-solo-l-ecume-de-mai.html\" target=\"_blank\">(lire l\u2019article en entier)<\/a><\/p>\n\n\n\n<p class=\"has-small-font-size\">&#8230; son <em>rendu musical ici empli de subtilit\u00e9s. Servi par une excellente prise de son et pour qui veut bien ouvrir son esprit nous voyagerons d\u2019un debussysme, d\u2019un africanisme \u00e0 un monkisme (2nd plage de l\u2019album rappelant San Francisco Holiday, est ce un hasard&nbsp;?) ou au gr\u00e9 de vos humeurs et de votre imagination vers les paysages int\u00e9rieurs qui viendront \u00e0 votre esprit.<\/em><br><strong>Pierre Gros, Culture Jazz, D\u00e9cembre 2020<\/strong> <a rel=\"noreferrer noopener\" href=\"https:\/\/www.culturejazz.fr\/spip.php?article3600#18\" target=\"_blank\">(lire l&rsquo;article en entier)<\/a><\/p>\n\n\n\n<p class=\"has-small-font-size\">&#8230;<em>La musique de cette belle \u00ab&nbsp;\u00e9cume de mai&nbsp;\u00bb est \u00e0 \u00e9couter comme une suite de m\u00e9ditations, l\u00e0 o\u00f9 celles-ci ne sont pas un \u00e9cart du monde, mais le chemin vers la juste place que chacun vaut, m\u00e9rite, recherche, face \u00e0 ce qui l\u2019entoure.<\/em><br><strong>Michel Arcens, Notes de Jazz, D\u00e9cembre 2020<\/strong> <a rel=\"noreferrer noopener\" href=\"http:\/\/notesdejazz.unblog.fr\/2020\/12\/01\/les-temps-heureux-de-la-musique\/\" target=\"_blank\">(lire l\u2019article en entier)<\/a><\/p>\n\n\n\n<p class=\"has-small-font-size\"><em>\u2026.Un album inhabituel pour l\u2019auditeur que je suis, mais je vous avoue que je viens de faire une formidable d\u00e9couverte qui vaut le d\u00e9tour! Si ouverture d\u2019esprit et imaginaire r\u00e9pondent \u00e0 l\u2019appel, vous trouverez cet opus de Jazz tout simplement magnifique! Un tr\u00e8s grand coup de coeur!<\/em><br><strong>Dominique Boulay<\/strong> <a rel=\"noreferrer noopener\" href=\"https:\/\/www.paris-move.com\/\" target=\"_blank\">PARIS-MOVE<\/a>&nbsp;&amp;&nbsp;Blues Magazine (Fr), <strong>Novembre 2020<\/strong> (<a rel=\"noreferrer noopener\" href=\"https:\/\/www.paris-move.com\/reviews\/christofer-bjurstrom-ecume-de-mai\/\" target=\"_blank\">lire l\u2019article en entier<\/a>)<\/p>\n\n\n\n<p><\/p>\n","protected":false},"excerpt":{"rendered":"<p>Bienvenue sur mon siteChristofer Bjurstr\u00f6m musicien pianiste\/ compositeur artiste-membre de la Coop\u00e9rative Artistique 109\u00e9galement codirecteur de la Compagnie Jeune Public Marmouzic Vous trouverez dans ce site la plupart des informations concernant mon activit\u00e9 musicale. Bonne visite ! Mes disques sont pour la plupart publi\u00e9s par Mz Records Le dernier en date est celui-ci Notes en&hellip;&nbsp;<\/p>\n","protected":false},"author":1,"featured_media":11249,"parent":0,"menu_order":0,"comment_status":"closed","ping_status":"open","template":"","meta":{"neve_meta_sidebar":"default","neve_meta_container":"default","neve_meta_enable_content_width":"","neve_meta_content_width":0,"neve_meta_title_alignment":"left","neve_meta_author_avatar":"","neve_post_elements_order":"","neve_meta_disable_header":"","neve_meta_disable_footer":"","neve_meta_disable_title":"","footnotes":""},"class_list":["post-6","page","type-page","status-publish","has-post-thumbnail","hentry"],"_links":{"self":[{"href":"https:\/\/www.cbjurstrom.eu\/index.php\/wp-json\/wp\/v2\/pages\/6","targetHints":{"allow":["GET"]}}],"collection":[{"href":"https:\/\/www.cbjurstrom.eu\/index.php\/wp-json\/wp\/v2\/pages"}],"about":[{"href":"https:\/\/www.cbjurstrom.eu\/index.php\/wp-json\/wp\/v2\/types\/page"}],"author":[{"embeddable":true,"href":"https:\/\/www.cbjurstrom.eu\/index.php\/wp-json\/wp\/v2\/users\/1"}],"replies":[{"embeddable":true,"href":"https:\/\/www.cbjurstrom.eu\/index.php\/wp-json\/wp\/v2\/comments?post=6"}],"version-history":[{"count":31,"href":"https:\/\/www.cbjurstrom.eu\/index.php\/wp-json\/wp\/v2\/pages\/6\/revisions"}],"predecessor-version":[{"id":11324,"href":"https:\/\/www.cbjurstrom.eu\/index.php\/wp-json\/wp\/v2\/pages\/6\/revisions\/11324"}],"wp:featuredmedia":[{"embeddable":true,"href":"https:\/\/www.cbjurstrom.eu\/index.php\/wp-json\/wp\/v2\/media\/11249"}],"wp:attachment":[{"href":"https:\/\/www.cbjurstrom.eu\/index.php\/wp-json\/wp\/v2\/media?parent=6"}],"curies":[{"name":"wp","href":"https:\/\/api.w.org\/{rel}","templated":true}]}}