{"id":588,"date":"2020-10-22T19:18:24","date_gmt":"2020-10-22T17:18:24","guid":{"rendered":"https:\/\/cbjurstrom.eu\/cbj\/?page_id=588"},"modified":"2024-06-19T14:07:40","modified_gmt":"2024-06-19T12:07:40","slug":"christofer-bjurstrom-et-ladrc","status":"publish","type":"page","link":"https:\/\/www.cbjurstrom.eu\/index.php\/christofer-bjurstrom-et-ladrc\/","title":{"rendered":"Christofer Bjurstr\u00f6m et l&rsquo;ADRC"},"content":{"rendered":"\n<h1 class=\"wp-block-heading\">L\u2019action de l\u2019ADRC<\/h1>\n\n\n\n<p>Christofer Bjurstr\u00f6m fait partie des musiciens propos\u00e9s par l\u2019ADRC (Association pour le D\u00e9veloppement R\u00e9gional du Cin\u00e9ma) pour accompagner un certain nombre de films muets du r\u00e9pertoire.<\/p>\n\n\n\n<p>A ce titre, si vous \u00eates une salle de cin\u00e9ma en r\u00e9gion, vous pouvez b\u00e9n\u00e9ficier de conditions int\u00e9ressantes.<\/p>\n\n\n\n<ul class=\"wp-block-list\">\n<li>Pour plus de pr\u00e9cisions sur les conditions et le fonctionnement de l\u2019ADRC, <a href=\"https:\/\/adrc-asso.org\/patrimoine\/accompagnement\/cine-concerts\" target=\"_blank\" rel=\"noreferrer noopener\">cliquez <\/a><a href=\"https:\/\/adrc-asso.org\/patrimoine\/accompagnement\/cine-concerts\" target=\"_blank\" rel=\"noreferrer noopener\">ici<\/a><\/li>\n<\/ul>\n\n\n\n<p>Les films du r\u00e9pertoire de l\u2019ADRC sur lesquels Christofer Bjurstr\u00f6m intervient sont les suivants&nbsp;:<\/p>\n\n\n\n<ul class=\"wp-block-list\">\n<li>Des films de Buster Keaton\u00a0:<ul><li>Cin\u00e9-Concert <a href=\"https:\/\/cbjurstrom.eu\/index.php\/le-dernier-round-battling-butler\/\" target=\"_blank\" rel=\"noreferrer noopener\">Le Dernier Round<\/a> de Buster Keaton (USA, 1926)<br><strong>Buster Keaton doit faire croire \u00e0 sa fianc\u00e9e qu\u2019il est champion de boxe.<\/strong><br>1 musicien \/ d\u00e8s 6 ans<\/li><li>Cin\u00e9-Concert <a href=\"https:\/\/www.cbjurstrom.eu\/index.php\/fiancees-en-folie-seven-chances\/\">Fianc\u00e9es en Folie (Seven Chances)<\/a> de Buster Keaton (USA, 1925)<br><strong>Pour toucher un h\u00e9ritage, Buster doit se marier rapidement. Il passe une annonce\u2026\u2026.<\/strong><br>1 ou 2 musiciens \/ d\u00e8s 6 ans<\/li><li>Cin\u00e9-Concert <a href=\"https:\/\/www.cbjurstrom.eu\/index.php\/les-lois-de-lhospitalite\/\">Les lois de l\u2019hospitalit\u00e9<\/a> de Buster Keaton (USA, 1923)<br><strong>Des clans rivaux. Mais les lois de l\u2019hospitalit\u00e9 sont sacr\u00e9es, \u00e0 condition de ne pas s\u2019\u00e9loigner\u2026\u2026\u2026.<\/strong><br>piano solo \/ d\u00e8s 6 ans<\/li><li>Cin\u00e9-Concert <a href=\"https:\/\/www.cbjurstrom.eu\/index.php\/sherlock-junior\/\" target=\"_blank\" rel=\"noreferrer noopener\">Sherlock Junior<\/a>, de Buster Keaton (USA, 1924)<br><strong>Projectionniste timide et injustement accus\u00e9 de vol, Buster m\u00e8ne l&rsquo;enqu\u00eate \u00e0 sa mani\u00e8re et entre dans le film qu&rsquo;il projette&#8230;<\/strong><br>piano solo \/ d\u00e8s 7 ans<\/li><li>Cin\u00e9-Concert <a href=\"https:\/\/www.cbjurstrom.eu\/index.php\/le-cameraman-copie-non-disponible\/\">Le Cameraman<\/a> de Buster Keaton (1924)<br><strong>Un jeune maladroit essaie d\u00e9sesp\u00e9r\u00e9ment de devenir reporter pour conqu\u00e9rir le coeur de sa belle&#8230;. Un des films les plus touchants de Buster Keaton.<\/strong><br>1 musicien\u00a0: d\u00e8s 7ans<br><\/li><\/ul>\n<ul class=\"wp-block-list\">\n<li>Cin\u00e9-Concert <a href=\"https:\/\/www.cbjurstrom.eu\/index.php\/college-campus\/\">College \/ Campus<\/a> de Buster Keaton (USA 1927)<br><strong>Quand Buster s\u2019essaie \u00e0 l\u2019athl\u00e9tisme pour l\u2019amour de sa belle<\/strong><br>2 musiciens \/ d\u00e8s 7 ans<\/li>\n\n\n\n<li>Cin\u00e9-Concert <a href=\"https:\/\/www.cbjurstrom.eu\/index.php\/le-mecano-de-la-general\/\">Le M\u00e9cano de la General<\/a> de Buster Keaton (USA, 1926)<br><strong>Une \u00e9pop\u00e9e burlesque pendant la guerre de s\u00e9cession<\/strong><br>2 ou 3 musiciens \/ d\u00e8s 6 ans<\/li>\n\n\n\n<li>Cin\u00e9-Concert <a href=\"https:\/\/www.cbjurstrom.eu\/index.php\/steamboat-bill-junior\/\">Steamboat Bill Junior<\/a> (Cadet d&rsquo;eau douce) de Buster Keaton (1924)<br><strong>Le Mississipi et Buster Keaton aux prises avec un ouragan\u00a0: un film tendre et \u00e0 se tordre de rire<\/strong><br>4 musiciens \/ d\u00e8s 7 ans<\/li>\n<\/ul>\n<\/li>\n<\/ul>\n\n\n\n<ul class=\"wp-block-list\">\n<li>Des films d\u2019Harold Lloyd\u00a0:\n<ul class=\"wp-block-list\">\n<li>Cin\u00e9-Concert <a href=\"https:\/\/www.cbjurstrom.eu\/index.php\/safety-last-monte-la-dessus\/\">Monte l\u00e0-dessus <\/a>de Harold Lloyd (1923)<br><strong>Le grand Harold Lloyd \u00e0 l\u2019assaut d\u2019un tr\u00e8s, tr\u00e8s, tr\u00e8s haut buiding avec une horloge tr\u00e8s connue\u00a0!<\/strong><br>1 ou 2 musiciens \/ d\u00e8s 7 ans<\/li>\n\n\n\n<li>Cin\u00e9-Concert <a href=\"https:\/\/www.cbjurstrom.eu\/index.php\/speedy-en-vitesse\/\">Speedy <\/a>de Harold Lloyd (1923)<br><strong>Humour et Tendresse avec une exceptionnelle course-poursuite en tramway<\/strong><br>1 ou 2 musiciens \/ d\u00e8s 7 ans<\/li>\n\n\n\n<li>Cin\u00e9-Concert<a href=\"https:\/\/www.cbjurstrom.eu\/index.php\/vive-le-sport\/\"> Vive le sport <\/a>de Harold Lloyd (1923)<br><strong>Un match de football am\u00e9ricain m\u00e9morable avec le grand Harold Lloyd<\/strong><br>1 ou 2 musiciens \/ d\u00e8s 7 ans: le dernier film muet de Hitchcock\u00a0: chantage, personnalit\u00e9s troubles, culpabilit\u00e9&#8230;.<br>2 musiciens<\/li>\n\n\n\n<li><strong>Cin\u00e9-Concert <a href=\"https:\/\/www.cbjurstrom.eu\/index.php\/trois-mesaventures-dharold-lloyd\/\">Trois m\u00e9saventures<\/a> de Harold Lloyd (1921)<\/strong><br>Trois court-m\u00e9trages du bondissant Harold Lloyd<br>Piano solo \/ d\u00e8s 8 ans<\/li>\n\n\n\n<li><strong>Cin\u00e9-Concert <a href=\"https:\/\/www.cbjurstrom.eu\/index.php\/nouvelles-mesaventures-dharold-lloyd\/\">Nouvelles m\u00e9saventures<\/a> d\u2019Harold Lloyd (1910) <\/strong>Quatre autres court-m\u00e9trages du bondissant Harold Lloyd<br> Piano solo \/ d\u00e8s 8 ans<\/li>\n<\/ul>\n<\/li>\n\n\n\n<li>Des films d\u2019Alfred Hitchcock\u00a0:\n<ul class=\"wp-block-list\">\n<li>Cin\u00e9-Concert <a href=\"https:\/\/www.cbjurstrom.eu\/index.php\/blackmail\/\">Blackmail<\/a> de A. Hitchcock (Grande-Bretagne, 1928)<br>2 musiciens<\/li>\n\n\n\n<li><strong>Cin\u00e9-Concert <a href=\"https:\/\/www.cbjurstrom.eu\/index.php\/the-lodger\/\">The Lodger<\/a> de A. Hitchcock (Grande-Bretagne, 1927)<br><\/strong>Les d\u00e9buts de Hitchcock dans un film rempli de brouillard et d\u2019ambiguit\u00e9, inspir\u00e9 du personnage de Jack l\u2019Eventreur&#8230;..<br>1, 2 ou 3 musiciens<\/li>\n<\/ul>\n<\/li>\n\n\n\n<li><strong>Des films magnifiques d\u2019auteurs\u00a0: <\/strong><ul><li><strong>Cin\u00e9-Concert <a href=\"https:\/\/www.cbjurstrom.eu\/index.php\/les-aventures-du-prince-ahmed-lotte-reiniger\/\">Les aventures du Prince Ahmed <\/a>de L. Reiniger (1920)<\/strong> un merveilleux film en ombres chinoises et en couleurs<br>1 ou 2 musiciens \/ d\u00e8s 4 ans<\/li><li><strong>Cin\u00e9-Concert <a href=\"https:\/\/www.cbjurstrom.eu\/index.php\/gosses-de-tokyo\/\">Gosses de Tokyo <\/a>de Ozu<\/strong><br>le Japon des ann\u00e9es 20 \u00e0 travers l\u2019histoire d\u2019un enfant<\/li><li>Cin\u00e9-Concert <a href=\"https:\/\/cbjurstrom.eu\/index.php\/loulou\/\" target=\"_blank\" rel=\"noreferrer noopener\">Loulou<\/a> de G.W.Pabst (Allemagne, 1928)<br><strong>Le film culte avec la merveilleuse Louise Brooks dans le Berlin des ann\u00e9es folles<\/strong><br>3 musiciens<\/li><\/ul><\/li>\n\n\n\n<li>\n<ul class=\"wp-block-list\">\n<li><strong>Cin\u00e9-concert <a href=\"https:\/\/www.cbjurstrom.eu\/index.php\/la-passion-de-jeanne-darc\/\">La Passion de Jeanne d\u2019Arc<\/a>, de C.T. Dreyer (France, 1928)<\/strong><br>Un des plus grands films de Dreyer<br>piano et \u00e9lectronique solo<\/li>\n\n\n\n<li><strong>Cin\u00e9-concert <a href=\"https:\/\/www.cbjurstrom.eu\/index.php\/etudes-sur-paris\/\">Etudes sur Paris<\/a>, de A. Sauvage (France, 1928)<\/strong><br>Une promenade unique et po\u00e9tique dans le Paris des ann\u00e9es 20 \u00e0 travers le regard d\u2019un cin\u00e9aste d\u2019avant-garde.<br>2 musiciens<\/li>\n\n\n\n<li><strong>Cin\u00e9-concert <a href=\"https:\/\/www.cbjurstrom.eu\/index.php\/metropolis\/\">Metropolis<\/a>, de Fritz Lang (Allemagne, 1927)<\/strong><br>Le film mythique de Fritz Lang.<br>2 musiciens<\/li>\n<\/ul>\n<\/li>\n\n\n\n<li><strong>Des programmes de court-m\u00e9trages\u00a0:<\/strong>\n<ul class=\"wp-block-list\">\n<li><strong>Cin\u00e9-Concert <a href=\"https:\/\/www.cbjurstrom.eu\/index.php\/autour-des-pionniers-de-lanimation\/\">Autour des Pionniers de l\u2019Animation<\/a><\/strong><br>Un programme de dix court-m\u00e9trages pour d\u00e9couvrir et red\u00e9couvrir l\u2019histoire du cin\u00e9ma d\u2019animation<br>2 musiciens \/ d\u00e8s 6 ans<\/li>\n\n\n\n<li><strong>Cin\u00e9-Concert <a href=\"https:\/\/www.cbjurstrom.eu\/index.php\/chaplin-charlot-festival\/\">Charlot Festival<\/a> de Charlie Chaplin<\/strong><br>un programme de 3 courts-m\u00e9trage pour rendre hommage au grand r\u00e9alisateur et au clown<br>2 musiciens, \/ d\u00e8s 6 ans<\/li>\n\n\n\n<li><strong>Cin\u00e9-Concert <a href=\"https:\/\/www.cbjurstrom.eu\/index.php\/les-folles-aventures-de-bricolo\/\">Les Folles Aventures de Mr\u00a0Bricolo<\/a> de Charley Bowers<\/strong><br>l\u2019invention d\u00e9licieusement d\u00e9lirante de CHarley Bowers<br>2 musiciens, \/ d\u00e8s 6 ans<\/li>\n<\/ul>\n<\/li>\n<\/ul>\n\n\n\n<ul class=\"wp-block-list\">\n<li><br><\/li>\n<\/ul>\n\n\n\n<p><em>\u00a4<\/em><strong> <\/strong><strong><\/strong><\/p>\n","protected":false},"excerpt":{"rendered":"<p>L\u2019action de l\u2019ADRC Christofer Bjurstr\u00f6m fait partie des musiciens propos\u00e9s par l\u2019ADRC (Association pour le D\u00e9veloppement R\u00e9gional du Cin\u00e9ma) pour accompagner un certain nombre de films muets du r\u00e9pertoire. A ce titre, si vous \u00eates une salle de cin\u00e9ma en r\u00e9gion, vous pouvez b\u00e9n\u00e9ficier de conditions int\u00e9ressantes. Les films du r\u00e9pertoire de l\u2019ADRC sur lesquels&hellip;&nbsp;<\/p>\n","protected":false},"author":1,"featured_media":642,"parent":0,"menu_order":0,"comment_status":"closed","ping_status":"closed","template":"","meta":{"neve_meta_sidebar":"","neve_meta_container":"","neve_meta_enable_content_width":"","neve_meta_content_width":0,"neve_meta_title_alignment":"","neve_meta_author_avatar":"","neve_post_elements_order":"","neve_meta_disable_header":"","neve_meta_disable_footer":"","neve_meta_disable_title":"","footnotes":""},"class_list":["post-588","page","type-page","status-publish","has-post-thumbnail","hentry"],"_links":{"self":[{"href":"https:\/\/www.cbjurstrom.eu\/index.php\/wp-json\/wp\/v2\/pages\/588","targetHints":{"allow":["GET"]}}],"collection":[{"href":"https:\/\/www.cbjurstrom.eu\/index.php\/wp-json\/wp\/v2\/pages"}],"about":[{"href":"https:\/\/www.cbjurstrom.eu\/index.php\/wp-json\/wp\/v2\/types\/page"}],"author":[{"embeddable":true,"href":"https:\/\/www.cbjurstrom.eu\/index.php\/wp-json\/wp\/v2\/users\/1"}],"replies":[{"embeddable":true,"href":"https:\/\/www.cbjurstrom.eu\/index.php\/wp-json\/wp\/v2\/comments?post=588"}],"version-history":[{"count":11,"href":"https:\/\/www.cbjurstrom.eu\/index.php\/wp-json\/wp\/v2\/pages\/588\/revisions"}],"predecessor-version":[{"id":11102,"href":"https:\/\/www.cbjurstrom.eu\/index.php\/wp-json\/wp\/v2\/pages\/588\/revisions\/11102"}],"wp:featuredmedia":[{"embeddable":true,"href":"https:\/\/www.cbjurstrom.eu\/index.php\/wp-json\/wp\/v2\/media\/642"}],"wp:attachment":[{"href":"https:\/\/www.cbjurstrom.eu\/index.php\/wp-json\/wp\/v2\/media?parent=588"}],"curies":[{"name":"wp","href":"https:\/\/api.w.org\/{rel}","templated":true}]}}