{"id":584,"date":"2020-10-22T19:15:46","date_gmt":"2020-10-22T17:15:46","guid":{"rendered":"https:\/\/cbjurstrom.eu\/cbj\/?page_id=584"},"modified":"2025-09-03T17:30:48","modified_gmt":"2025-09-03T15:30:48","slug":"liste-2-films-culte-dauteurs-surprises","status":"publish","type":"page","link":"https:\/\/www.cbjurstrom.eu\/index.php\/liste-2-films-culte-dauteurs-surprises\/","title":{"rendered":"Liste 2: Films culte d&rsquo;auteurs \/ Surprises"},"content":{"rendered":"\n<p>Nous avons regroup\u00e9 dans cette cat\u00e9gorie la plupart des films plut\u00f4t conseill\u00e9s \u00e0 un public soit adolescent, soit adulte. Donc, pas de films burlesques, mais des films d\u2019auteurs, ou des films surprenants&nbsp;:<\/p>\n\n\n\n<p>Vous y trouverez&nbsp;:<\/p>\n\n\n\n<ul class=\"wp-block-list\">\n<li>2 films muets de Hitchcock\u00a0:\n<ul class=\"wp-block-list\">\n<li>Cin\u00e9-Concert <a href=\"https:\/\/cbjurstrom.eu\/index.php\/the-lodger\/\" target=\"_blank\" rel=\"noreferrer noopener\">The Lodger<\/a> de A. Hitchcock (Grande-Bretagne, 1927)<br>Les d\u00e9buts de Hitchcock dans un film rempli de brouillard et d\u2019ambiguit\u00e9, inspir\u00e9 du personnage de Jack l\u2019Eventreur&#8230;..<br>1, 2 ou 3 musiciens<\/li>\n\n\n\n<li>Cin\u00e9-Concert <a href=\"https:\/\/cbjurstrom.eu\/index.php\/blackmail\/\" target=\"_blank\" rel=\"noreferrer noopener\">Blackmail<\/a> de A. Hitchcock (Grande-Bretagne, 1927)<br>Une jeune femme tue l\u2019homme qui tentait de l\u2019agresser. Malheureusement, quand elle quitte la maison, elle oublie un de ses gants&#8230;.<br>2 musiciens<\/li>\n<\/ul>\n<\/li>\n\n\n\n<li>ainsi qu\u2019un certain nombre de films d\u2019auteurs, films cultes, ou films surprenants\u00a0:<ul><li>Cin\u00e9-Concert <a href=\"https:\/\/cbjurstrom.eu\/index.php\/vous-reprendrez-bien-un-peu-dexces\/\" target=\"_blank\" rel=\"noreferrer noopener\">Vous reprendrez bien un peu d\u2019exc\u00e8s<\/a><br><strong>4 courts m\u00e9trages \u00ab\u00a0excessifs\u00a0\u00bb et des publicit\u00e9s \u00e9poustouflantes<\/strong><br>4 musiciens<\/li><\/ul><ul><li>Cin\u00e9-Concert <a href=\"https:\/\/cbjurstrom.eu\/index.php\/le-dernier-des-hommes\/\" target=\"_blank\" rel=\"noreferrer noopener\">Le Dernier des Hommes<\/a> de F.W.Murnau (All., 1924)<br><strong>Grandeur et d\u00e9cadence pour le portier d\u2019un grand h\u00f4tel dans le Berlin des ann\u00e9es folles<\/strong><br>4 musiciens<\/li><li>Cin\u00e9-Concert <a href=\"https:\/\/cbjurstrom.eu\/index.php\/une-femme-a-passe\/\" target=\"_blank\" rel=\"noreferrer noopener\">Une femme a pass\u00e9<\/a> de Ren\u00e9 Jayet (France, 1927)<br><strong>Un film m\u00e9connu\u00a0: une femme fatale s\u00e8me le trouble dans la vie tranquille de mariniers<\/strong><br>3 musiciens<\/li><li>Cin\u00e9-Concert <a href=\"https:\/\/cbjurstrom.eu\/index.php\/dr-jekyll-et-mr-hyde\/\" target=\"_blank\" rel=\"noreferrer noopener\">Docteur Jekyll et Mister Hyde<\/a> de Robertson (USA, 1924)<br><strong>Le c\u00e9l\u00e8bre roman de Robert Louis Stevenson<\/strong><br>3 musiciens<\/li><li>Cin\u00e9-Concert <a href=\"https:\/\/cbjurstrom.eu\/index.php\/loulou\/\" target=\"_blank\" rel=\"noreferrer noopener\">Loulou<\/a> de G.W.Pabst (Allemagne, 1928)<br><strong>Le film culte avec la merveilleuse Louise Brooks dans le Berlin des ann\u00e9es folles<\/strong><br>6 musiciens<\/li><\/ul>\n<ul class=\"wp-block-list\">\n<li>Cin\u00e9-Concert <a href=\"https:\/\/cbjurstrom.eu\/index.php\/les-mains-dorlac\/\" target=\"_blank\" rel=\"noreferrer noopener\">Les Mains d\u2019Orlac<\/a> de Wiene (Allemagne, 1920)<br><strong>Quand un pianiste se voit greffer les mains d\u2019un assassin\u00a0: un thriller angoissant<\/strong><br>3 musiciens<\/li>\n\n\n\n<li>Cin\u00e9-Concert <a href=\"https:\/\/cbjurstrom.eu\/index.php\/pecheur-dislande\/\" target=\"_blank\" rel=\"noreferrer noopener\">P\u00eacheur d\u2019Islande<\/a> de J. de Baroncelli (France, 1924)<br><strong>Une adaptation tr\u00e8s fid\u00e8le du roman de Pierre Loti<\/strong><br>2 musiciens<\/li>\n\n\n\n<li>Cin\u00e9-Concert <a href=\"https:\/\/cbjurstrom.eu\/index.php\/la-belle-nivernaise\/\" target=\"_blank\" rel=\"noreferrer noopener\">La Belle Nivernaise<\/a> de Jean Epstein (France 1924)<br><strong>Une histoire toute en tendresse, au fil de l\u2019eau&#8230;merveilleusement film\u00e9e par Jean Epstein<\/strong><br>5 musiciens<\/li>\n\n\n\n<li>Cin\u00e9-Concert <a href=\"https:\/\/cbjurstrom.eu\/index.php\/metropolis\/\" target=\"_blank\" rel=\"noreferrer noopener\">M\u00e9tropolis<\/a> de Fritz Lang<\/li>\n\n\n\n<li>Cin\u00e9-concert <a href=\"https:\/\/cbjurstrom.eu\/index.php\/la-passion-de-jeanne-darc\/\" target=\"_blank\" rel=\"noreferrer noopener\">La Passion de Jeanne d\u2019Arc<\/a>, de C.T. Dreyer (France, 1928)<br><strong>Un des plus grands films de Dreyer<\/strong><br>piano et \u00e9lectronique solo<\/li>\n\n\n\n<li>Cin\u00e9-Concert <a href=\"https:\/\/cbjurstrom.eu\/index.php\/etudes-sur-paris\/\" target=\"_blank\" rel=\"noreferrer noopener\">Etudes sur Paris<\/a> Un film d\u2019A. Sauvage | 1928 |<br>Une promenade unique et po\u00e9tique dans le Paris des ann\u00e9es 20 \u00e0 travers le regard d\u2019un cin\u00e9aste d\u2019avant-garde.<\/li>\n<\/ul>\n<\/li>\n<\/ul>\n\n\n\n<p><em>\u00a4<\/em><\/p>\n","protected":false},"excerpt":{"rendered":"<p>Nous avons regroup\u00e9 dans cette cat\u00e9gorie la plupart des films plut\u00f4t conseill\u00e9s \u00e0 un public soit adolescent, soit adulte. Donc, pas de films burlesques, mais des films d\u2019auteurs, ou des films surprenants&nbsp;: Vous y trouverez&nbsp;: \u00a4<\/p>\n","protected":false},"author":1,"featured_media":642,"parent":0,"menu_order":0,"comment_status":"closed","ping_status":"closed","template":"","meta":{"neve_meta_sidebar":"","neve_meta_container":"","neve_meta_enable_content_width":"","neve_meta_content_width":0,"neve_meta_title_alignment":"","neve_meta_author_avatar":"","neve_post_elements_order":"","neve_meta_disable_header":"","neve_meta_disable_footer":"","neve_meta_disable_title":"","footnotes":""},"class_list":["post-584","page","type-page","status-publish","has-post-thumbnail","hentry"],"_links":{"self":[{"href":"https:\/\/www.cbjurstrom.eu\/index.php\/wp-json\/wp\/v2\/pages\/584","targetHints":{"allow":["GET"]}}],"collection":[{"href":"https:\/\/www.cbjurstrom.eu\/index.php\/wp-json\/wp\/v2\/pages"}],"about":[{"href":"https:\/\/www.cbjurstrom.eu\/index.php\/wp-json\/wp\/v2\/types\/page"}],"author":[{"embeddable":true,"href":"https:\/\/www.cbjurstrom.eu\/index.php\/wp-json\/wp\/v2\/users\/1"}],"replies":[{"embeddable":true,"href":"https:\/\/www.cbjurstrom.eu\/index.php\/wp-json\/wp\/v2\/comments?post=584"}],"version-history":[{"count":25,"href":"https:\/\/www.cbjurstrom.eu\/index.php\/wp-json\/wp\/v2\/pages\/584\/revisions"}],"predecessor-version":[{"id":11222,"href":"https:\/\/www.cbjurstrom.eu\/index.php\/wp-json\/wp\/v2\/pages\/584\/revisions\/11222"}],"wp:featuredmedia":[{"embeddable":true,"href":"https:\/\/www.cbjurstrom.eu\/index.php\/wp-json\/wp\/v2\/media\/642"}],"wp:attachment":[{"href":"https:\/\/www.cbjurstrom.eu\/index.php\/wp-json\/wp\/v2\/media?parent=584"}],"curies":[{"name":"wp","href":"https:\/\/api.w.org\/{rel}","templated":true}]}}