{"id":582,"date":"2020-10-22T19:13:39","date_gmt":"2020-10-22T17:13:39","guid":{"rendered":"https:\/\/cbjurstrom.eu\/cbj\/?page_id=582"},"modified":"2023-05-24T15:57:47","modified_gmt":"2023-05-24T13:57:47","slug":"liste-1-films-burlesques-et-grand-public","status":"publish","type":"page","link":"https:\/\/www.cbjurstrom.eu\/index.php\/liste-1-films-burlesques-et-grand-public\/","title":{"rendered":"Liste 1: Films burlesques et grand public"},"content":{"rendered":"\n<p><strong>Cin\u00e9-Concerts tout public<\/strong><\/p>\n\n\n\n<p>Ci-dessous une liste de diff\u00e9rentes propositions de films burlesques \u00ab\u00a0familiaux\u00a0\u00bb ou grand public.<\/p>\n\n\n\n<h2 class=\"wp-block-heading\">Les Films de Buster Keaton <small><em>\u00a4<\/em><\/small><\/h2>\n\n\n\n<ul class=\"wp-block-list\">\n<li>Cin\u00e9-Concert <a rel=\"noreferrer noopener\" href=\"https:\/\/cbjurstrom.eu\/index.php\/le-cameraman-copie-non-disponible\/\" target=\"_blank\">Le Cameraman<\/a> de Buster Keaton (1924)<br><strong>Un jeune maladroit essaie d\u00e9sesp\u00e9r\u00e9ment de devenir reporter pour conqu\u00e9rir le coeur de sa belle&#8230;. Un des films les plus touchants de Buster Keaton.<\/strong> <br>1 musicien \/ d\u00e8s 6 ans<\/li>\n\n\n\n<li>Cin\u00e9-Concert <a rel=\"noreferrer noopener\" href=\"https:\/\/cbjurstrom.eu\/index.php\/college-campus\/\" target=\"_blank\">College (Sportif par amour)<\/a> de Buster Keaton (USA 1927)<br><strong>Quand Buster s\u2019essaie \u00e0 l\u2019athl\u00e9tisme pour l\u2019amour de sa belle<\/strong><br>2 musiciens \/ d\u00e8s 6 ans<\/li>\n\n\n\n<li>Cin\u00e9-Concert <a rel=\"noreferrer noopener\" href=\"https:\/\/cbjurstrom.eu\/index.php\/le-dernier-round-battling-butler\/\" target=\"_blank\">Le Dernier Round<\/a> de Buster Keaton (USA, 1926)<br><strong>Buster Keaton doit faire croire \u00e0 sa fianc\u00e9e qu\u2019il est champion de boxe.<\/strong><br>1 musicien \/ d\u00e8s 6 ans<\/li>\n\n\n\n<li>Cin\u00e9-Concert <a rel=\"noreferrer noopener\" href=\"https:\/\/cbjurstrom.eu\/index.php\/fiancees-en-folie-seven-chances\/\" target=\"_blank\">Fianc\u00e9es en Folie (Seven Chances)<\/a> de Buster Keaton (USA, 1925)<br><strong>Pour toucher un h\u00e9ritage, Buster doit se marier rapidement. Il passe une annonce&#8230;&#8230;.<\/strong><br>1 ou 2 musiciens \/ d\u00e8s 6 ans<\/li>\n\n\n\n<li>Cin\u00e9-Concert <a rel=\"noreferrer noopener\" href=\"https:\/\/cbjurstrom.eu\/index.php\/les-lois-de-lhospitalite\/\" target=\"_blank\">Les Lois de l\u2019Hospitalit\u00e9<\/a> de Buster Keaton (USA, 1923)<br><strong>Des clans rivaux&#8230;. Mais les lois de l\u2019hospitalit\u00e9 sont sacr\u00e9es.<\/strong><br>1 ou 3 musiciens \/ d\u00e8s 6 ans<\/li>\n\n\n\n<li>Cin\u00e9-Concert <a rel=\"noreferrer noopener\" href=\"https:\/\/cbjurstrom.eu\/index.php\/le-mecano-de-la-general\/\" target=\"_blank\">Le M\u00e9cano de la General<\/a> de Buster Keaton (USA, 1926)<br><strong>Une \u00e9pop\u00e9e burlesque pendant la guerre de s\u00e9cession<\/strong><br>2, ou 3 musiciens \/ d\u00e8s 6 ans<\/li>\n\n\n\n<li>Cin\u00e9-Concert <a rel=\"noreferrer noopener\" href=\"https:\/\/cbjurstrom.eu\/index.php\/la-croisiere-du-navigator\/\" target=\"_blank\">La Croisi\u00e8re du Navigator<\/a> de Buster Keaton (1924)<br><strong>Deux jeunes gens qui ne savent rien faire de leurs dix doigts se retrouvent seuls sur un paquebot \u00e0 la d\u00e9rive&#8230;<\/strong><br>3 musiciens \/ d\u00e8s 6 ans<\/li>\n\n\n\n<li>Cin\u00e9-Concert <a rel=\"noreferrer noopener\" href=\"https:\/\/cbjurstrom.eu\/index.php\/sherlock-junior\/\" target=\"_blank\">Sherlock Junior<\/a> de Buster Keaton (1924)<br><strong>Buster, accus\u00e9 \u00e0 tort, va mener l\u2019enqu\u00eate, en entrant dans le film qu\u2019il est en train de projeter&#8230;.<\/strong><br>1 musicien \/ d\u00e8s 7 ans<\/li>\n\n\n\n<li>Cin\u00e9-Concert <a rel=\"noreferrer noopener\" href=\"https:\/\/cbjurstrom.eu\/index.php\/steamboat-bill-junior\/\" target=\"_blank\">Steamboat Bill Junior<\/a> de Buster Keaton (1928)<br><strong>Le Mississipi et Buster Keaton aux prises avec un ouragan&nbsp;: un film tendre et \u00e0 se tordre de rire<\/strong><br>4 musiciens \/ d\u00e8s 7 ans<\/li>\n\n\n\n<li>Cin\u00e9-Concert <a rel=\"noreferrer noopener\" href=\"https:\/\/cbjurstrom.eu\/index.php\/les-trois-ages\/\" target=\"_blank\">Les Trois Ages<\/a> de Buter Keaton (1923)<br><strong>La rivalit\u00e9 amoureuse \u00e0 l\u2019Ages de Pierre, \u00e0 l\u2019\u00e9poque romaine, et en Am\u00e9rique dans les ann\u00e9es 1920, vue par Buster Keaton. Une belle parodie de Griffith.<\/strong><br>3 musiciens \/ d\u00e8s 7 ans<\/li>\n\n\n\n<li>Cin\u00e9-Concert <a rel=\"noreferrer noopener\" href=\"https:\/\/www.cbjurstrom.eu\/index.php\/ma-vache-et-moi-go-west\/\" target=\"_blank\">Ma Vache et moi<\/a> de Buster Keaton (1925)<br><strong>Le coup de foudre entre une vache et un jeune homme solitaire dans un ranch de l&rsquo;Ouest des Etas-Unis.<\/strong><br>1 ou 2 musiciens \/ d\u00e8s 7 ans<\/li>\n<\/ul>\n\n\n\n<h2 class=\"wp-block-heading\">Films de Harold Lloyd <small><em>\u00a4<\/em><\/small><\/h2>\n\n\n\n<ul class=\"wp-block-list\">\n<li>Cin\u00e9-Concert <a rel=\"noreferrer noopener\" href=\"https:\/\/cbjurstrom.eu\/index.php\/safety-last-monte-la-dessus\/\" target=\"_blank\">Monte l\u00e0-dessu<\/a>s de Harold Lloyd (1924)<br><strong>Le grand Harold Lloyd \u00e0 l\u2019assaut d\u2019un tr\u00e8s tr\u00e8s tr\u00e8s haut buiding avec une horloge tr\u00e8s connue&nbsp;!<\/strong><br>1 ou 2 musiciens \/ d\u00e8s 7 ans<\/li>\n\n\n\n<li>Cin\u00e9-Concert <a rel=\"noreferrer noopener\" href=\"https:\/\/cbjurstrom.eu\/index.php\/speedy-en-vitesse\/\" target=\"_blank\">Speedy<\/a> de Harold Lloyd (1927)<br><strong>Humour et Tendresse avec une exceptionnelle course-poursuite en tramway<\/strong><br>1 ou 2 musiciens \/ d\u00e8s 7 ans<\/li>\n\n\n\n<li>Cin\u00e9-Concert <a rel=\"noreferrer noopener\" href=\"https:\/\/cbjurstrom.eu\/index.php\/vive-le-sport\/\" target=\"_blank\">Vive le sport<\/a> de Harold Lloyd (1925)<br><strong>Un match de rugby m\u00e9morable avec le grand Harold Lloyd<\/strong><br>1 ou 2 musiciens \/ d\u00e8s 7 ans<\/li>\n\n\n\n<li>Cin\u00e9-Concert <a rel=\"noreferrer noopener\" href=\"https:\/\/cbjurstrom.eu\/index.php\/trois-mesaventures-dharold-lloyd\/\" target=\"_blank\">Trois M\u00e9saventures d\u2019Harold Lloyd<\/a> de Harold Lloyd (1920 et 1921)<br><strong>Trois court-m\u00e9trages du bondissant Harold Lloyd<\/strong><br>Piano solo \/ d\u00e8s 8 ans<\/li>\n\n\n\n<li>Cin\u00e9-Concert <a rel=\"noreferrer noopener\" href=\"https:\/\/cbjurstrom.eu\/index.php\/nouvelles-mesaventures-dharold-lloyd\/\" target=\"_blank\">Nouvelles M\u00e9saventures d\u2019Harold Lloyd<\/a>, de Harold Lloyd (1919-1920)<br>Quatre autres court-m\u00e9trages du bondissant Harold Lloyd<br>Piano solo \/ d\u00e8s 8 ans<\/li>\n<\/ul>\n\n\n\n<h2 class=\"wp-block-heading\">Chaplin <small><em>\u00a4<\/em><\/small><\/h2>\n\n\n\n<ul class=\"wp-block-list\">\n<li>Cin\u00e9-Concert <a rel=\"noreferrer noopener\" href=\"https:\/\/cbjurstrom.eu\/index.php\/chaplin-charlot-festival\/\" target=\"_blank\">Charlot Festival<\/a> de Charlie Chaplin<br><strong>un programme de 3 courts-m\u00e9trage pour rendre hommage au grand r\u00e9alisateur et au clown<\/strong><br>1 ou 2 musiciens, \/ d\u00e8s 6 ans<\/li>\n<\/ul>\n\n\n\n<h2 class=\"wp-block-heading\">Les films avec Douglas Fairbanks <small><em>\u00a4<\/em><\/small><\/h2>\n\n\n\n<ul class=\"wp-block-list\">\n<li>Cin\u00e9-Concert <a rel=\"noreferrer noopener\" href=\"https:\/\/cbjurstrom.eu\/index.php\/le-pirate-noir\/\" target=\"_blank\">Le Pirate Noir<\/a> de D. Fairbanks et A.Parker (USA 1926)<br><strong>Une histoire tr\u00e9pidante de pirates et le premier long m\u00e9trage en couleurs de l\u2019histoire du cin\u00e9ma<\/strong><br>3 musiciens \/ d\u00e8s 8 ans<\/li>\n\n\n\n<li>Cin\u00e9-Concert <a href=\"https:\/\/cbjurstrom.eu\/index.php\/cauchemars-et-superstitions\/\" target=\"_blank\" rel=\"noreferrer noopener\">Cauchemars et superstition<\/a> de Victor Fleming (1919)<br><strong>une com\u00e9die d\u00e9lirante et bondissante avec &#8230;inondation&nbsp;!<\/strong><br>4 musiciens, une com\u00e9dienne \/ d\u00e8s 8 ans<\/li>\n\n\n\n<li>Cin\u00e9-Concert <a rel=\"noreferrer noopener\" href=\"https:\/\/cbjurstrom.eu\/index.php\/le-voleur-de-bagdad\/\" target=\"_blank\">Le Voleur de Bagdad<\/a> de Raoul Walsh (1924)<br>Les Mille et une Nuits, et Hollywood, des aventures f\u00e9\u00e9riques&#8230;..<br>4 musiciens \/ d\u00e8s 7 ans<\/li>\n<\/ul>\n\n\n\n<h2 class=\"wp-block-heading\">Les autres long-m\u00e9trages <small><em>\u00a4<\/em><\/small><\/h2>\n\n\n\n<ul class=\"wp-block-list\">\n<li>Cin\u00e9-Concert <a rel=\"noreferrer noopener\" href=\"https:\/\/cbjurstrom.eu\/index.php\/les-aventures-du-prince-ahmed-lotte-reiniger\/\" target=\"_blank\">Les aventures du Prince Ahmed<\/a> de L. Reiniger (1920)<br><strong>un merveilleux film en ombres chinoises et en couleurs<\/strong><br>2 musiciens et une conteuse\/ d\u00e8s 4 ans<\/li>\n\n\n\n<li>Cin\u00e9-Concert <a rel=\"noreferrer noopener\" href=\"https:\/\/cbjurstrom.eu\/index.php\/gosses-de-tokyo\/\" target=\"_blank\">Gosses de Tokyo<\/a> de Ozu<br><strong>le Japon des ann\u00e9es 20 \u00e0 travers l\u2019histoire de deux enfant<\/strong>s<br>1 ou 2 musiciens \/ d\u00e8s 7 ans<\/li>\n\n\n\n<li>Cin\u00e9-Concert <a rel=\"noreferrer noopener\" href=\"https:\/\/cbjurstrom.eu\/index.php\/max-linder\/\" target=\"_blank\">L\u2019Etroit Mousquetaire<\/a> de Max Linder (USA, 1923)<br><strong>une parodie bondissante des Trois Mousquetaires<\/strong><br>1 ou 3 musiciens \/ d\u00e8s 7 ans<\/li>\n<\/ul>\n\n\n\n<h2 class=\"wp-block-heading\">Les programmes de court-m\u00e9trages <small><em>\u00a4<\/em><\/small><\/h2>\n\n\n\n<ul class=\"wp-block-list\">\n<li>Cin\u00e9-Concert <a rel=\"noreferrer noopener\" href=\"https:\/\/cbjurstrom.eu\/index.php\/inventaire-dinventeurs\/\" target=\"_blank\">Inventaire d\u2019Inventeurs<\/a><br>3 courts m\u00e9trages de C. Bowers et S. Pollard<br><strong>Inventions \u00e0 gogo avec la po\u00e9sie et le rire en plus&nbsp;!<\/strong><br>3 musiciens \/ d\u00e8s 6 ans<\/li>\n\n\n\n<li><a rel=\"noreferrer noopener\" href=\"https:\/\/cbjurstrom.eu\/index.php\/cine-concert-inuit-pour-petites-chouettes\/\" target=\"_blank\">Cin\u00e9-Concert Inuit pour Petites Chouettes<\/a>&#8211; d\u00e8s 2 ans Un musicien, une conteuse-chanteuse et quatre petits films inuit pour un voyage ludique et souriant&#8230;.<\/li>\n\n\n\n<li>Cin\u00e9-Concert <a rel=\"noreferrer noopener\" href=\"https:\/\/cbjurstrom.eu\/index.php\/cote-courts\/\" target=\"_blank\">C\u00f4t\u00e9 Courts<\/a><br><strong>Une histoire du cin\u00e9ma muet en 9 courts m\u00e9trages de 1900 \u00e0 1926<\/strong><br>1 musicien \/ d\u00e8s 6 ans<\/li>\n\n\n\n<li>Cin\u00e9-Concert <a rel=\"noreferrer noopener\" href=\"https:\/\/cbjurstrom.eu\/index.php\/cine-concert-autour-du-conte\/\" target=\"_blank\">Autour du conte<\/a><br><strong>2 magnifiques films en ombres chinoises de Lotte Reiniger et la version malicieuse du petit chaperon rouge de Walter Lantz <\/strong>(le cr\u00e9ateur de Woody woodpecker)<br>1 musicien &#8211; une conteuse \/d\u00e8s 2 ans<\/li>\n\n\n\n<li>Cin\u00e9-Concert <a rel=\"noreferrer noopener\" href=\"https:\/\/cbjurstrom.eu\/index.php\/autour-des-pionniers-de-lanimation\/\" target=\"_blank\">Autour des Pionniers de l\u2019Animation<\/a><br><strong>Un programme de dix court-m\u00e9trages pour d\u00e9couvrir et red\u00e9couvrir l\u2019histoire du cin\u00e9ma d\u2019animation<\/strong><br>2 musiciens \/ d\u00e8s 6 ans<\/li>\n\n\n\n<li>Cin\u00e9-Concert <a rel=\"noreferrer noopener\" href=\"https:\/\/cbjurstrom.eu\/index.php\/les-fables-de-starewitch\/\" target=\"_blank\">Les fables de Starewitch<\/a><br><strong>un programme de cinq courts r\u00e9alis\u00e9s entre 1922 et 1932 par un des p\u00e8res du cin\u00e9ma d\u2019animation autour des fables de La Fontaine<\/strong><br>1 musicien et 1 conteuse \/ 6ans<\/li>\n\n\n\n<li><a rel=\"noreferrer noopener\" href=\"https:\/\/www.cbjurstrom.eu\/index.php\/le-temps-des-fileuses\/\" target=\"_blank\">Le Temps des Fileuses <\/a>(une balade musicale et cont\u00e9e dans la Bretagne rurale des ann\u00e9es 1930 \u00e0 1950)<br>1 musicien et 1 conteuse<\/li>\n\n\n\n<li><a rel=\"noreferrer noopener\" href=\"https:\/\/www.cbjurstrom.eu\/index.php\/elles-nen-font-qua-leur-tete\/\" target=\"_blank\">Elles n&rsquo;en font qu&rsquo;\u00e0 leur t\u00eate<\/a> (un programme autour des burlesques f\u00e9minins fran\u00e7ais du tout d\u00e9but du XX\u00e8me si\u00e8cle)<br>2 ou 3 musiciens \/ d\u00e8s 6 ans<\/li>\n<\/ul>\n","protected":false},"excerpt":{"rendered":"<p>Cin\u00e9-Concerts tout public Ci-dessous une liste de diff\u00e9rentes propositions de films burlesques \u00ab\u00a0familiaux\u00a0\u00bb ou grand public. Les Films de Buster Keaton \u00a4 Films de Harold Lloyd \u00a4 Chaplin \u00a4 Les films avec Douglas Fairbanks \u00a4 Les autres long-m\u00e9trages \u00a4 Les programmes de court-m\u00e9trages \u00a4<\/p>\n","protected":false},"author":1,"featured_media":634,"parent":0,"menu_order":0,"comment_status":"closed","ping_status":"closed","template":"","meta":{"neve_meta_sidebar":"","neve_meta_container":"","neve_meta_enable_content_width":"","neve_meta_content_width":0,"neve_meta_title_alignment":"","neve_meta_author_avatar":"","neve_post_elements_order":"","neve_meta_disable_header":"","neve_meta_disable_footer":"","neve_meta_disable_title":"","footnotes":""},"class_list":["post-582","page","type-page","status-publish","has-post-thumbnail","hentry"],"_links":{"self":[{"href":"https:\/\/www.cbjurstrom.eu\/index.php\/wp-json\/wp\/v2\/pages\/582","targetHints":{"allow":["GET"]}}],"collection":[{"href":"https:\/\/www.cbjurstrom.eu\/index.php\/wp-json\/wp\/v2\/pages"}],"about":[{"href":"https:\/\/www.cbjurstrom.eu\/index.php\/wp-json\/wp\/v2\/types\/page"}],"author":[{"embeddable":true,"href":"https:\/\/www.cbjurstrom.eu\/index.php\/wp-json\/wp\/v2\/users\/1"}],"replies":[{"embeddable":true,"href":"https:\/\/www.cbjurstrom.eu\/index.php\/wp-json\/wp\/v2\/comments?post=582"}],"version-history":[{"count":42,"href":"https:\/\/www.cbjurstrom.eu\/index.php\/wp-json\/wp\/v2\/pages\/582\/revisions"}],"predecessor-version":[{"id":10869,"href":"https:\/\/www.cbjurstrom.eu\/index.php\/wp-json\/wp\/v2\/pages\/582\/revisions\/10869"}],"wp:featuredmedia":[{"embeddable":true,"href":"https:\/\/www.cbjurstrom.eu\/index.php\/wp-json\/wp\/v2\/media\/634"}],"wp:attachment":[{"href":"https:\/\/www.cbjurstrom.eu\/index.php\/wp-json\/wp\/v2\/media?parent=582"}],"curies":[{"name":"wp","href":"https:\/\/api.w.org\/{rel}","templated":true}]}}