{"id":580,"date":"2020-10-22T19:10:16","date_gmt":"2020-10-22T17:10:16","guid":{"rendered":"https:\/\/cbjurstrom.eu\/cbj\/?page_id=580"},"modified":"2020-12-05T17:35:36","modified_gmt":"2020-12-05T16:35:36","slug":"des-listes-de-suggestions","status":"publish","type":"page","link":"https:\/\/www.cbjurstrom.eu\/index.php\/des-listes-de-suggestions\/","title":{"rendered":"Des listes de suggestions"},"content":{"rendered":"\n<div class=\"wp-block-media-text alignwide is-stacked-on-mobile\"><figure class=\"wp-block-media-text__media\"><a href=\"https:\/\/www.cbjurstrom.eu\/index.php\/liste-1-films-burlesques-et-grand-public\/\" target=\"_blank\" rel=\"noopener noreferrer\"><img loading=\"lazy\" decoding=\"async\" width=\"1024\" height=\"768\" src=\"https:\/\/www.cbjurstrom.eu\/wp-content\/uploads\/2020\/10\/safety-solo--1024x768.jpg\" alt=\"\" class=\"wp-image-142\" srcset=\"https:\/\/www.cbjurstrom.eu\/wp-content\/uploads\/2020\/10\/safety-solo--1024x768.jpg 1024w, https:\/\/www.cbjurstrom.eu\/wp-content\/uploads\/2020\/10\/safety-solo--300x225.jpg 300w, https:\/\/www.cbjurstrom.eu\/wp-content\/uploads\/2020\/10\/safety-solo--768x576.jpg 768w, https:\/\/www.cbjurstrom.eu\/wp-content\/uploads\/2020\/10\/safety-solo--1536x1152.jpg 1536w, https:\/\/www.cbjurstrom.eu\/wp-content\/uploads\/2020\/10\/safety-solo--2048x1536.jpg 2048w\" sizes=\"auto, (max-width: 1024px) 100vw, 1024px\" \/><\/a><\/figure><div class=\"wp-block-media-text__content\">\n<p class=\"has-large-font-size\"><strong><a href=\"https:\/\/www.cbjurstrom.eu\/index.php\/liste-1-films-burlesques-et-grand-public\/\" target=\"_blank\" rel=\"noreferrer noopener\">Liste 1: Films burlesques et grand public<\/a><\/strong><\/p>\n\n\n\n<p>Une liste de diff\u00e9rentes propositions de films burlesques \u00ab familiaux \u00bb ou grand public, qui peuvent convenir \u00e0 tout \u00e2ge.<\/p>\n<\/div><\/div>\n\n\n\n<div class=\"wp-block-media-text alignwide is-stacked-on-mobile\"><figure class=\"wp-block-media-text__media\"><a href=\"https:\/\/www.cbjurstrom.eu\/index.php\/liste-2-films-culte-dauteurs-surprises\/\" target=\"_blank\" rel=\"noopener noreferrer\"><img loading=\"lazy\" decoding=\"async\" width=\"1024\" height=\"683\" src=\"https:\/\/www.cbjurstrom.eu\/wp-content\/uploads\/2020\/11\/DSC_0645-1024x683.jpg\" alt=\"\" class=\"wp-image-612\" srcset=\"https:\/\/www.cbjurstrom.eu\/wp-content\/uploads\/2020\/11\/DSC_0645-1024x683.jpg 1024w, https:\/\/www.cbjurstrom.eu\/wp-content\/uploads\/2020\/11\/DSC_0645-300x200.jpg 300w, https:\/\/www.cbjurstrom.eu\/wp-content\/uploads\/2020\/11\/DSC_0645-768x512.jpg 768w, https:\/\/www.cbjurstrom.eu\/wp-content\/uploads\/2020\/11\/DSC_0645-1536x1024.jpg 1536w, https:\/\/www.cbjurstrom.eu\/wp-content\/uploads\/2020\/11\/DSC_0645-2048x1365.jpg 2048w, https:\/\/www.cbjurstrom.eu\/wp-content\/uploads\/2020\/11\/DSC_0645-360x240.jpg 360w\" sizes=\"auto, (max-width: 1024px) 100vw, 1024px\" \/><\/a><\/figure><div class=\"wp-block-media-text__content\">\n<p class=\"has-large-font-size\"><strong><a href=\"https:\/\/www.cbjurstrom.eu\/index.php\/liste-2-films-culte-dauteurs-surprises\/\" target=\"_blank\" rel=\"noreferrer noopener\">Liste 2: Films cultes d&rsquo;auteurs \/ Surprises<\/a><\/strong><\/p>\n\n\n\n<p>Pour la plupart, des films plut\u00f4t conseill\u00e9s \u00e0 un public adolescent et adulte. Et quelques surprises..<\/p>\n<\/div><\/div>\n\n\n\n<div class=\"wp-block-media-text alignwide is-stacked-on-mobile\"><figure class=\"wp-block-media-text__media\"><a href=\"https:\/\/www.cbjurstrom.eu\/index.php\/liste-3-propositions-pour-enfants\/\" target=\"_blank\" rel=\"noopener noreferrer\"><img loading=\"lazy\" decoding=\"async\" width=\"800\" height=\"600\" src=\"https:\/\/www.cbjurstrom.eu\/wp-content\/uploads\/2020\/10\/ahmed-trio.jpg\" alt=\"\" class=\"wp-image-82\" srcset=\"https:\/\/www.cbjurstrom.eu\/wp-content\/uploads\/2020\/10\/ahmed-trio.jpg 800w, https:\/\/www.cbjurstrom.eu\/wp-content\/uploads\/2020\/10\/ahmed-trio-300x225.jpg 300w, https:\/\/www.cbjurstrom.eu\/wp-content\/uploads\/2020\/10\/ahmed-trio-768x576.jpg 768w\" sizes=\"auto, (max-width: 800px) 100vw, 800px\" \/><\/a><\/figure><div class=\"wp-block-media-text__content\">\n<p class=\"has-large-font-size\"><strong><a rel=\"noreferrer noopener\" href=\"https:\/\/www.cbjurstrom.eu\/index.php\/liste-3-propositions-pour-enfants\/\" target=\"_blank\">Liste 3: Propositions pour enfants<\/a><\/strong><\/p>\n\n\n\n<p>Selon l&rsquo;\u00e2ge&#8230;..<\/p>\n<\/div><\/div>\n","protected":false},"excerpt":{"rendered":"<p>Liste 1: Films burlesques et grand public Une liste de diff\u00e9rentes propositions de films burlesques \u00ab familiaux \u00bb ou grand public, qui peuvent convenir \u00e0 tout \u00e2ge. Liste 2: Films cultes d&rsquo;auteurs \/ Surprises Pour la plupart, des films plut\u00f4t conseill\u00e9s \u00e0 un public adolescent et adulte. Et quelques surprises.. Liste 3: Propositions pour enfants&hellip;&nbsp;<\/p>\n","protected":false},"author":1,"featured_media":642,"parent":0,"menu_order":0,"comment_status":"closed","ping_status":"closed","template":"","meta":{"neve_meta_sidebar":"","neve_meta_container":"","neve_meta_enable_content_width":"","neve_meta_content_width":0,"neve_meta_title_alignment":"","neve_meta_author_avatar":"","neve_post_elements_order":"","neve_meta_disable_header":"","neve_meta_disable_footer":"","neve_meta_disable_title":"","footnotes":""},"class_list":["post-580","page","type-page","status-publish","has-post-thumbnail","hentry"],"_links":{"self":[{"href":"https:\/\/www.cbjurstrom.eu\/index.php\/wp-json\/wp\/v2\/pages\/580","targetHints":{"allow":["GET"]}}],"collection":[{"href":"https:\/\/www.cbjurstrom.eu\/index.php\/wp-json\/wp\/v2\/pages"}],"about":[{"href":"https:\/\/www.cbjurstrom.eu\/index.php\/wp-json\/wp\/v2\/types\/page"}],"author":[{"embeddable":true,"href":"https:\/\/www.cbjurstrom.eu\/index.php\/wp-json\/wp\/v2\/users\/1"}],"replies":[{"embeddable":true,"href":"https:\/\/www.cbjurstrom.eu\/index.php\/wp-json\/wp\/v2\/comments?post=580"}],"version-history":[{"count":4,"href":"https:\/\/www.cbjurstrom.eu\/index.php\/wp-json\/wp\/v2\/pages\/580\/revisions"}],"predecessor-version":[{"id":1017,"href":"https:\/\/www.cbjurstrom.eu\/index.php\/wp-json\/wp\/v2\/pages\/580\/revisions\/1017"}],"wp:featuredmedia":[{"embeddable":true,"href":"https:\/\/www.cbjurstrom.eu\/index.php\/wp-json\/wp\/v2\/media\/642"}],"wp:attachment":[{"href":"https:\/\/www.cbjurstrom.eu\/index.php\/wp-json\/wp\/v2\/media?parent=580"}],"curies":[{"name":"wp","href":"https:\/\/api.w.org\/{rel}","templated":true}]}}