{"id":558,"date":"2020-10-22T19:04:16","date_gmt":"2020-10-22T17:04:16","guid":{"rendered":"https:\/\/cbjurstrom.eu\/cbj\/?page_id=558"},"modified":"2020-11-09T15:57:07","modified_gmt":"2020-11-09T14:57:07","slug":"quand-le-jazz-debarque-sammies-in-brest","status":"publish","type":"page","link":"https:\/\/www.cbjurstrom.eu\/index.php\/quand-le-jazz-debarque-sammies-in-brest\/","title":{"rendered":"Quand le jazz d\u00e9barque \/ Sammies in Brest"},"content":{"rendered":"\n<div class=\"wp-block-media-text alignwide is-stacked-on-mobile\"><figure class=\"wp-block-media-text__media\"><img loading=\"lazy\" decoding=\"async\" width=\"1024\" height=\"768\" src=\"https:\/\/cbjurstrom.eu\/cbj\/wp-content\/uploads\/2020\/10\/sammies-1-1024x768-2.jpg\" alt=\"\" class=\"wp-image-559\" srcset=\"https:\/\/www.cbjurstrom.eu\/wp-content\/uploads\/2020\/10\/sammies-1-1024x768-2.jpg 1024w, https:\/\/www.cbjurstrom.eu\/wp-content\/uploads\/2020\/10\/sammies-1-1024x768-2-300x225.jpg 300w, https:\/\/www.cbjurstrom.eu\/wp-content\/uploads\/2020\/10\/sammies-1-1024x768-2-768x576.jpg 768w\" sizes=\"auto, (max-width: 1024px) 100vw, 1024px\" \/><\/figure><div class=\"wp-block-media-text__content\">\n<p>Musique de Christofer Bjurstro\u0308m et Vincent Raude<br>interpre\u0301te\u0301e en direct pendant la projection<\/p>\n\n\n\n<p class=\"has-small-font-size\">1917 est une ann\u00e9e charni\u00e8re dans la guerre de 1914-1918, notamment gr\u00e2ce \u00e0 l\u2019entr\u00e9e en guerre des Etats-Unis. Pour s\u2019en souvenir et raviver cette m\u00e9moire, la cin\u00e9math\u00e8que de Bretagne restaure de nouvelles images d\u2019origine am\u00e9ricaine montrant le d\u00e9barquement \u00e0 Brest, et la vie autour de Brest des soldats am\u00e9ricains arriv\u00e9s en 1917 et 1918.<\/p>\n\n\n\n<p class=\"has-small-font-size\">Ces images magnifiques et \u00e9mouvantes, qui nous plongent dans une nuance particuli\u00e8re de la guerre de 1914, ont aussi un formidable pouvoir d\u2019\u00e9motion pour celui qui regarde ces images actuellement.<\/p>\n\n\n\n<p class=\"has-small-font-size\">Dans ce montage, autant de t\u00e9moignages, \u00e0 la fois des \u00ab&nbsp;grands&nbsp;\u00bb \u00e9v\u00e9nements, et de la vie de tous les jours des soldats am\u00e9ricains.<\/p>\n\n\n\n<p class=\"has-small-font-size\">Des images maritimes&nbsp;: le cuirass\u00e9 am\u00e9ricain USS Pennsylvania, le paquebot USS Georges Washington, la visite du Pr\u00e9sident Wilson.<\/p>\n\n\n\n<p class=\"has-small-font-size\">Des images de la base am\u00e9ricaine d\u2019hydravions, install\u00e9e \u00e0 la sortie de l\u2019Aber Wrach.<\/p>\n\n\n\n<p class=\"has-small-font-size\">Des images de la vie de tous les jours&nbsp;: des soldats am\u00e9ricains dans les rues de Brest, la construction de hangars. Les soldats noirs refaisant la route, quelques-uns dansant pendant la pause\u2026.<\/p>\n\n\n\n<p class=\"has-small-font-size\">Les soldats loin de chez eux. L\u2019enterrement d\u2019un soldat am\u00e9ricain. Une immersion dans le quotidien, dans le pass\u00e9, d\u2019une grande force \u00e9motionnelle.<\/p>\n<\/div><\/div>\n\n\n\n<div class=\"wp-block-media-text alignwide has-media-on-the-right is-stacked-on-mobile\"><figure class=\"wp-block-media-text__media\"><img loading=\"lazy\" decoding=\"async\" width=\"608\" height=\"442\" src=\"https:\/\/cbjurstrom.eu\/cbj\/wp-content\/uploads\/2020\/10\/images-americaines-3-1.jpg\" alt=\"\" class=\"wp-image-560\" srcset=\"https:\/\/www.cbjurstrom.eu\/wp-content\/uploads\/2020\/10\/images-americaines-3-1.jpg 608w, https:\/\/www.cbjurstrom.eu\/wp-content\/uploads\/2020\/10\/images-americaines-3-1-300x218.jpg 300w\" sizes=\"auto, (max-width: 608px) 100vw, 608px\" \/><\/figure><div class=\"wp-block-media-text__content\">\n<p class=\"has-small-font-size\">Scruter la m\u00e9moire, voyager dans le temps, effleurer, d\u00e9voiler les traces sonores et visuelles, voil\u00e0 le propos de la musique. Pour nous qui n\u2019avons pas v\u00e9cu cette p\u00e9riode, il s\u2019agit \u00e0 la fois d\u2019un voyage imaginaire, (fond\u00e9 sur l\u2019empathie et la solidarit\u00e9 humaine, m\u00eame avec ce d\u00e9calage du temps), et r\u00e9el, car bas\u00e9 sur des images authentiques. Mais notre regard est distant, et il s\u2019agit bien pour nous d\u2019assumer cette distance en appr\u00e9hendant ces images avec notre sensibilit\u00e9 d\u2019aujourd\u2019hui.<\/p>\n\n\n\n<p class=\"has-small-font-size\">C\u2019est pourquoi ce choix d\u2019instrumentation (piano et \u00e9lectronique) nous para\u00eet juste&nbsp;: jouer sur la m\u00e9lodie, les sons, le son concret et \u00ab&nbsp;historique&nbsp;\u00bb, le son abstrait et \u00ab&nbsp;\u00e9motionnel&nbsp;\u00bb, l\u2019\u00e9cho des sons, la spatialisation, le va et vient entre ces deux instruments orchestraux. Utiliser les traces, les vestiges, les citations de m\u00e9lodies oubli\u00e9es.<\/p>\n\n\n\n<p class=\"has-small-font-size\">Il s\u2019agit aussi d\u2019explorer le lien d\u2019une part avec l\u2019histoire tout court, d\u2019autre part avec l\u2019histoire de la musique (l\u2019arriv\u00e9e du jazz, et le lien entre cette musique et le d\u00e9veloppement de l\u2019industrie du disque). En effet, par un curieux hasard, 1917, date de l\u2019entr\u00e9e en guerre des Etats-Unis, et donc de l\u2019envoi de troupes en France, est aussi la date de l\u2019enregistrement du premier disque de jazz (par des musiciens blancs\u2026..).<\/p>\n\n\n\n<p class=\"has-small-font-size\">Ce croisement est dans la logique de ce travail sur les traces&nbsp;; traces sonores, traces visuelles, archives ouvertes, cr\u00e9ation sonore et musicales.<\/p>\n<\/div><\/div>\n","protected":false},"excerpt":{"rendered":"<p>Musique de Christofer Bjurstro\u0308m et Vincent Raudeinterpre\u0301te\u0301e en direct pendant la projection 1917 est une ann\u00e9e charni\u00e8re dans la guerre de 1914-1918, notamment gr\u00e2ce \u00e0 l\u2019entr\u00e9e en guerre des Etats-Unis. Pour s\u2019en souvenir et raviver cette m\u00e9moire, la cin\u00e9math\u00e8que de Bretagne restaure de nouvelles images d\u2019origine am\u00e9ricaine montrant le d\u00e9barquement \u00e0 Brest, et la vie&hellip;&nbsp;<\/p>\n","protected":false},"author":1,"featured_media":559,"parent":0,"menu_order":0,"comment_status":"closed","ping_status":"closed","template":"","meta":{"neve_meta_sidebar":"","neve_meta_container":"","neve_meta_enable_content_width":"","neve_meta_content_width":0,"neve_meta_title_alignment":"","neve_meta_author_avatar":"","neve_post_elements_order":"","neve_meta_disable_header":"","neve_meta_disable_footer":"","neve_meta_disable_title":"","footnotes":""},"class_list":["post-558","page","type-page","status-publish","has-post-thumbnail","hentry"],"_links":{"self":[{"href":"https:\/\/www.cbjurstrom.eu\/index.php\/wp-json\/wp\/v2\/pages\/558","targetHints":{"allow":["GET"]}}],"collection":[{"href":"https:\/\/www.cbjurstrom.eu\/index.php\/wp-json\/wp\/v2\/pages"}],"about":[{"href":"https:\/\/www.cbjurstrom.eu\/index.php\/wp-json\/wp\/v2\/types\/page"}],"author":[{"embeddable":true,"href":"https:\/\/www.cbjurstrom.eu\/index.php\/wp-json\/wp\/v2\/users\/1"}],"replies":[{"embeddable":true,"href":"https:\/\/www.cbjurstrom.eu\/index.php\/wp-json\/wp\/v2\/comments?post=558"}],"version-history":[{"count":3,"href":"https:\/\/www.cbjurstrom.eu\/index.php\/wp-json\/wp\/v2\/pages\/558\/revisions"}],"predecessor-version":[{"id":911,"href":"https:\/\/www.cbjurstrom.eu\/index.php\/wp-json\/wp\/v2\/pages\/558\/revisions\/911"}],"wp:featuredmedia":[{"embeddable":true,"href":"https:\/\/www.cbjurstrom.eu\/index.php\/wp-json\/wp\/v2\/media\/559"}],"wp:attachment":[{"href":"https:\/\/www.cbjurstrom.eu\/index.php\/wp-json\/wp\/v2\/media?parent=558"}],"curies":[{"name":"wp","href":"https:\/\/api.w.org\/{rel}","templated":true}]}}