{"id":550,"date":"2020-10-22T18:45:10","date_gmt":"2020-10-22T16:45:10","guid":{"rendered":"https:\/\/cbjurstrom.eu\/cbj\/?page_id=550"},"modified":"2020-11-09T14:04:58","modified_gmt":"2020-11-09T13:04:58","slug":"vous-reprendrez-bien-un-peu-dexces","status":"publish","type":"page","link":"https:\/\/www.cbjurstrom.eu\/index.php\/vous-reprendrez-bien-un-peu-dexces\/","title":{"rendered":"Vous reprendrez bien un peu d&rsquo;exc\u00e8s?"},"content":{"rendered":"\n<p>Des films de Chaplin, Tod Browning, R. Emerson, Buster Keaton, V. Poudovkine&#8230;&#8230;<br>Une musique originale de Christofer Bjurstr\u00f6m<br>Interpr\u00e9t\u00e9e sur sc\u00e8ne par le Bjurstr\u00f6m Cin\u00e9Quartet <\/p>\n\n\n\n<p><div class=\"nv-iframe-embed\"><iframe loading=\"lazy\" title=\"Cin\u00e9-Concert Vous reprendrez bien unpeu d&#039;exc\u00e8s\" src=\"https:\/\/player.vimeo.com\/video\/190592958?dnt=1&amp;app_id=122963\" width=\"720\" height=\"576\" frameborder=\"0\" allow=\"autoplay; fullscreen; picture-in-picture; clipboard-write; encrypted-media; web-share\" referrerpolicy=\"strict-origin-when-cross-origin\"><\/iframe><\/div><\/p>\n\n\n\n<p><a href=\"https:\/\/vimeo.com\/190592958\">Cin\u00e9-Concert Vous reprendrez bien un peu d&rsquo;exc\u00e8s<\/a> from <a href=\"https:\/\/vimeo.com\/user23578571\">Christofer Bjurstr\u00f6m<\/a> on <a href=\"https:\/\/vimeo.com\">Vimeo<\/a>.<\/p>\n\n\n\n<div class=\"wp-block-media-text alignwide is-stacked-on-mobile\"><figure class=\"wp-block-media-text__media\"><img loading=\"lazy\" decoding=\"async\" width=\"768\" height=\"576\" src=\"https:\/\/cbjurstrom.eu\/cbj\/wp-content\/uploads\/2020\/10\/fievre-echecs-1-1.jpg\" alt=\"\" class=\"wp-image-553\" srcset=\"https:\/\/www.cbjurstrom.eu\/wp-content\/uploads\/2020\/10\/fievre-echecs-1-1.jpg 768w, https:\/\/www.cbjurstrom.eu\/wp-content\/uploads\/2020\/10\/fievre-echecs-1-1-300x225.jpg 300w\" sizes=\"auto, (max-width: 768px) 100vw, 768px\" \/><\/figure><div class=\"wp-block-media-text__content\">\n<p class=\"has-medium-font-size\">Dans ce cin\u00e9-concert, Christofer Bjurstr\u00f6m r\u00e9unit quatre courts-m\u00e9trages, petits bijoux du cin\u00e9ma muet, tous plus loufoques les uns que les autres.<\/p>\n\n\n\n<p>Buster Keaton, Douglas Fairbanks, Charlie Chaplin, Poudovkine, ces quatre figures du d\u00e9but du Xxi\u00e8me si\u00e8cle se sont illustr\u00e9s dans l\u2019art de la folie douce : h\u00e9ros surprenants, obs\u00e9d\u00e9s et irraisonn\u00e9s au service d\u2019un cin\u00e9ma burlesque, qui d\u00e9passe les bornes !<br>Ajouter \u00e0 cette d\u00e9lirante s\u00e9rie, des publicit\u00e9s insens\u00e9es, patchwork de conseils bien pensant \u00e0 prendre au deuxi\u00e8me degr\u00e9 !<\/p>\n\n\n\n<p><strong>Dur\u00e9e&nbsp;: 1h35 mn<br>format&nbsp;: vid\u00e9o<\/strong><\/p>\n<\/div><\/div>\n\n\n\n<div class=\"wp-block-media-text alignwide has-media-on-the-right is-stacked-on-mobile\"><figure class=\"wp-block-media-text__media\"><img loading=\"lazy\" decoding=\"async\" width=\"768\" height=\"576\" src=\"https:\/\/cbjurstrom.eu\/cbj\/wp-content\/uploads\/2020\/10\/poissons-sauteurs-1-1.jpg\" alt=\"\" class=\"wp-image-554\" srcset=\"https:\/\/www.cbjurstrom.eu\/wp-content\/uploads\/2020\/10\/poissons-sauteurs-1-1.jpg 768w, https:\/\/www.cbjurstrom.eu\/wp-content\/uploads\/2020\/10\/poissons-sauteurs-1-1-300x225.jpg 300w\" sizes=\"auto, (max-width: 768px) 100vw, 768px\" \/><\/figure><div class=\"wp-block-media-text__content\">\n<p class=\"has-small-font-size\"><strong>OVNIS DEROUTANTS DU CINEMA MUET et quelques publicit\u00e9s d\u2019\u00e9poque&nbsp;!<\/strong><\/p>\n\n\n\n<ul class=\"wp-block-list\"><li><strong>\u00ab\u00a0Le myst\u00e8re des poissons sauteurs\u00a0\u00bb de John Emerson (1916)<\/strong><br>Sc\u00e9nario de Tod Browning avec Douglas Fairbanks<br>Un pastiche de Sherlock Holmes, interpr\u00e9t\u00e9 et s\u00e9rieusement malmen\u00e9 par Douglas Fairbanks. Sherlock Holmes, h\u00e9ro\u00efnomane d\u00e9jant\u00e9 qui s\u2019injecte toutes les 5 minutes une dose de sa drogue favorite, se retrouve aux prises avec une bande de trafiquants de drogue qui maltraitent une jeune beaut\u00e9<br>Un film totalement d\u00e9lirant et d\u2019une solide bonne humeur&nbsp;!<\/li><li><strong>\u00ab\u00a0Charlot rentre tard\u00a0\u00bb de Charles Chaplin (1917)<\/strong><br>Charlot, jeune bourgeois chic et riche, rentre chez lui, tard et passablement \u00e9m\u00e9ch\u00e9 mais toujours distingu\u00e9&nbsp;! 15 minutes burlesques pour que Charlot aille de son taxi \u00e0 son lit&#8230;<\/li><li><strong>\u00ab\u00a0La fi\u00e8vre des Echecs\u00a0\u00bb de Vsevolod Poudovkine (1925)<\/strong><br>Le premier film de Poudovkine (un des grands cin\u00e9stes russes, auteur de \u00ab\u00a0La m\u00e8re\u00a0\u00bb et \u00ab\u00a0La fin de St P\u00e9tersbourg\u00a0\u00bb). Un jeune homme, passionn\u00e9 du jeu d\u2019\u00e9chec, en vient \u00e0 oublier de se rendre \u00e0 l\u2019Eglise pour son propre mariage&nbsp;: drame. Mais la fi\u00e8vre des \u00e9checs gagne tout le monde autour de lui, du balayeur au chauffeur de tramway en passant par le policier&nbsp;: tout n\u2019est plus que damier&#8230;<br>un burlesque inattendu.<\/li><li><strong>\u00ab\u00a0La Maison Electrique\u00a0\u00bb de Buster Keaton (1920)<\/strong><br>Keaton bricole une maison pour la rendre totalement automatique. Evidemment, tout fonctionne comme pr\u00e9vu, jusqu\u2019\u00e0 ce qu\u2019un grain de sable vienne tout d\u00e9r\u00e9gler. L\u2019utilisation de l\u2019art m\u00e9nager \u00e0 la Keaton&#8230;.<\/li><li><strong>\u00ab\u00a0Les circuits de l\u2019alcool\u00a0\u00bb<\/strong><br>Publicit\u00e9s des premi\u00e8res ann\u00e9es du XX\u00e8me si\u00e8cle contre l\u2019alcoolisme, la tuberculose, le manque d\u2019hygi\u00e8ne.. Dans le premier film, de l\u2019hilarit\u00e9 \u00e0 la guillotine, le parcours de l\u2019alcoolique n\u2019est pas de tout repos&nbsp;! Le second d\u00e9montre que pour r\u00e9sister \u00e0 la tuberculose, il faut \u00eatre fort&nbsp;: les non sportifs et les fain\u00e9ants y passeront donc \u00e0 coup s\u00fbr&nbsp;!!! Le troisi\u00e8me stigmatise le bistrot, l\u2019endroit de tous les maux&nbsp;!!! Un document d\u2019une valeur historique et sociologique inestimable.<br>Une fantaisie au service de la morale.Un certain comique, au deuxi\u00e8me degr\u00e9&nbsp;!<\/li><\/ul>\n<\/div><\/div>\n\n\n\n<div class=\"wp-block-media-text alignwide is-stacked-on-mobile\"><figure class=\"wp-block-media-text__media\"><img loading=\"lazy\" decoding=\"async\" width=\"683\" height=\"1024\" src=\"https:\/\/cbjurstrom.eu\/cbj\/wp-content\/uploads\/2020\/10\/affiche_40x60_-_les_exces_c_ultra_rapide_canari-1-683x1024.jpg\" alt=\"\" class=\"wp-image-555\" srcset=\"https:\/\/www.cbjurstrom.eu\/wp-content\/uploads\/2020\/10\/affiche_40x60_-_les_exces_c_ultra_rapide_canari-1-683x1024.jpg 683w, https:\/\/www.cbjurstrom.eu\/wp-content\/uploads\/2020\/10\/affiche_40x60_-_les_exces_c_ultra_rapide_canari-1-200x300.jpg 200w, https:\/\/www.cbjurstrom.eu\/wp-content\/uploads\/2020\/10\/affiche_40x60_-_les_exces_c_ultra_rapide_canari-1-768x1152.jpg 768w, https:\/\/www.cbjurstrom.eu\/wp-content\/uploads\/2020\/10\/affiche_40x60_-_les_exces_c_ultra_rapide_canari-1-1024x1536.jpg 1024w, https:\/\/www.cbjurstrom.eu\/wp-content\/uploads\/2020\/10\/affiche_40x60_-_les_exces_c_ultra_rapide_canari-1-1366x2048.jpg 1366w, https:\/\/www.cbjurstrom.eu\/wp-content\/uploads\/2020\/10\/affiche_40x60_-_les_exces_c_ultra_rapide_canari-1.jpg 1578w\" sizes=\"auto, (max-width: 683px) 100vw, 683px\" \/><\/figure><div class=\"wp-block-media-text__content\">\n<p><strong>UNE MUSIQUE PETULANTE ET INVENTIVE<\/strong><\/p>\n\n\n\n<h6 class=\"wp-block-heading\">Pour ces cinq films radicaux, ignorant avec bonne humeur les limites de la biens\u00e9ance ou de la vraisemblance, Christofer Bjurstr\u00f6m a pr\u00e9par\u00e9 une musique joyeuse&nbsp;: Des percussions hybrides et insolites, du piano qui n\u2019h\u00e9site pas \u00e0 \u00eatre pr\u00e9par\u00e9 et d\u00e9form\u00e9, des clarinettes d\u00e9tourn\u00e9es, une mandoline pleine d\u2019\u00e9lectricit\u00e9, des intertitres chant\u00e9s sur certains films&#8230; Bondissant et ironique, un joyeux bric-\u00e0-brac o\u00f9 chacun peut rire avec le film et les musiciens.<\/h6>\n\n\n\n<p><strong>UNE EQUIPE INCONTR\u00d4LABLE<\/strong><\/p>\n\n\n\n<figure class=\"wp-block-image size-large\"><img loading=\"lazy\" decoding=\"async\" width=\"1024\" height=\"576\" src=\"https:\/\/www.cbjurstrom.eu\/wp-content\/uploads\/2020\/11\/Bjurstrom-Quartet-Les-Exces-2--1024x576.jpg\" alt=\"\" class=\"wp-image-873\" srcset=\"https:\/\/www.cbjurstrom.eu\/wp-content\/uploads\/2020\/11\/Bjurstrom-Quartet-Les-Exces-2--1024x576.jpg 1024w, https:\/\/www.cbjurstrom.eu\/wp-content\/uploads\/2020\/11\/Bjurstrom-Quartet-Les-Exces-2--300x169.jpg 300w, https:\/\/www.cbjurstrom.eu\/wp-content\/uploads\/2020\/11\/Bjurstrom-Quartet-Les-Exces-2--768x432.jpg 768w, https:\/\/www.cbjurstrom.eu\/wp-content\/uploads\/2020\/11\/Bjurstrom-Quartet-Les-Exces-2--1536x864.jpg 1536w, https:\/\/www.cbjurstrom.eu\/wp-content\/uploads\/2020\/11\/Bjurstrom-Quartet-Les-Exces-2-.jpg 1920w\" sizes=\"auto, (max-width: 1024px) 100vw, 1024px\" \/><\/figure>\n\n\n\n<p><strong>Christofer Bjurstr\u00f6m \/piano<\/strong><br><strong>Jean-Claude Asselin \/Mandoline<\/strong><br><strong>Samuel Maitre\/Clarinette basse<\/strong><br><strong>Fran\u00e7ois Malet \/Percussions<\/strong><\/p>\n<\/div><\/div>\n","protected":false},"excerpt":{"rendered":"<p>Des films de Chaplin, Tod Browning, R. Emerson, Buster Keaton, V. Poudovkine&#8230;&#8230;Une musique originale de Christofer Bjurstr\u00f6mInterpr\u00e9t\u00e9e sur sc\u00e8ne par le Bjurstr\u00f6m Cin\u00e9Quartet Cin\u00e9-Concert Vous reprendrez bien un peu d&rsquo;exc\u00e8s from Christofer Bjurstr\u00f6m on Vimeo. Dans ce cin\u00e9-concert, Christofer Bjurstr\u00f6m r\u00e9unit quatre courts-m\u00e9trages, petits bijoux du cin\u00e9ma muet, tous plus loufoques les uns que les&hellip;&nbsp;<\/p>\n","protected":false},"author":1,"featured_media":555,"parent":0,"menu_order":0,"comment_status":"closed","ping_status":"closed","template":"","meta":{"neve_meta_sidebar":"","neve_meta_container":"","neve_meta_enable_content_width":"","neve_meta_content_width":0,"neve_meta_title_alignment":"","neve_meta_author_avatar":"","neve_post_elements_order":"","neve_meta_disable_header":"","neve_meta_disable_footer":"","neve_meta_disable_title":"","footnotes":""},"class_list":["post-550","page","type-page","status-publish","has-post-thumbnail","hentry"],"_links":{"self":[{"href":"https:\/\/www.cbjurstrom.eu\/index.php\/wp-json\/wp\/v2\/pages\/550","targetHints":{"allow":["GET"]}}],"collection":[{"href":"https:\/\/www.cbjurstrom.eu\/index.php\/wp-json\/wp\/v2\/pages"}],"about":[{"href":"https:\/\/www.cbjurstrom.eu\/index.php\/wp-json\/wp\/v2\/types\/page"}],"author":[{"embeddable":true,"href":"https:\/\/www.cbjurstrom.eu\/index.php\/wp-json\/wp\/v2\/users\/1"}],"replies":[{"embeddable":true,"href":"https:\/\/www.cbjurstrom.eu\/index.php\/wp-json\/wp\/v2\/comments?post=550"}],"version-history":[{"count":5,"href":"https:\/\/www.cbjurstrom.eu\/index.php\/wp-json\/wp\/v2\/pages\/550\/revisions"}],"predecessor-version":[{"id":895,"href":"https:\/\/www.cbjurstrom.eu\/index.php\/wp-json\/wp\/v2\/pages\/550\/revisions\/895"}],"wp:featuredmedia":[{"embeddable":true,"href":"https:\/\/www.cbjurstrom.eu\/index.php\/wp-json\/wp\/v2\/media\/555"}],"wp:attachment":[{"href":"https:\/\/www.cbjurstrom.eu\/index.php\/wp-json\/wp\/v2\/media?parent=550"}],"curies":[{"name":"wp","href":"https:\/\/api.w.org\/{rel}","templated":true}]}}