{"id":544,"date":"2020-10-22T18:42:39","date_gmt":"2020-10-22T16:42:39","guid":{"rendered":"https:\/\/cbjurstrom.eu\/cbj\/?page_id=544"},"modified":"2025-09-08T12:41:57","modified_gmt":"2025-09-08T10:41:57","slug":"etudes-sur-paris","status":"publish","type":"page","link":"https:\/\/www.cbjurstrom.eu\/index.php\/etudes-sur-paris\/","title":{"rendered":"Etudes sur Paris"},"content":{"rendered":"\n<div class=\"wp-block-media-text alignwide is-stacked-on-mobile\"><figure class=\"wp-block-media-text__media\"><img loading=\"lazy\" decoding=\"async\" width=\"1024\" height=\"770\" src=\"https:\/\/cbjurstrom.eu\/cbj\/wp-content\/uploads\/2020\/10\/ETUDES-SUR-PARIS-05-1024x770.jpg\" alt=\"\" class=\"wp-image-545 size-full\" srcset=\"https:\/\/www.cbjurstrom.eu\/wp-content\/uploads\/2020\/10\/ETUDES-SUR-PARIS-05-1024x770.jpg 1024w, https:\/\/www.cbjurstrom.eu\/wp-content\/uploads\/2020\/10\/ETUDES-SUR-PARIS-05-300x226.jpg 300w, https:\/\/www.cbjurstrom.eu\/wp-content\/uploads\/2020\/10\/ETUDES-SUR-PARIS-05-768x578.jpg 768w, https:\/\/www.cbjurstrom.eu\/wp-content\/uploads\/2020\/10\/ETUDES-SUR-PARIS-05.jpg 1436w\" sizes=\"auto, (max-width: 1024px) 100vw, 1024px\" \/><\/figure><div class=\"wp-block-media-text__content\">\n<p>Un film d\u2019A. Sauvage | 1928 |<br>Musique originale de Christofer Bjurstr\u00f6m<\/p>\n\n\n\n<p><strong>Une promenade unique et po\u00e9tique dans le Paris des ann\u00e9es 20 \u00e0 travers le regard d\u2019un cin\u00e9aste d\u2019avant-garde.<\/strong><\/p>\n\n\n\n<p>Paris \u00e0 la fin des ann\u00e9es 1920 est une ville aux visages multiples, \u00f4 combien vivante. On y arrive en<br>p\u00e9niche, par les canaux qui rejoignent la Seine et o\u00f9 s\u2019acharnent des milliers d\u2019ouvriers. De l\u2019Op\u00e9ra \u00e0 la butte Montmartre, au rythme des monuments historiques, la travers\u00e9e de la capitale donne \u00e0 voir une foule changeante.<br>Portrait urbain d\u2019une ampleur in\u00e9dite, \u00e9tudes sur Paris est une visite lyrique du Paris des ann\u00e9es folles.<\/p>\n\n\n\n<p>Pionnier du documentaire d\u2019art, Andr\u00e9 Sauvage capte avec une sensibilit\u00e9 visuelle extraordinaire le<br>bouillonnement de la ville, les hauts lieux et les quartiers populaires d\u2019une capitale en pleine mutation. Entre naturalisme et modernit\u00e9, son regard personnel et sensible le rapproche des grands cin\u00e9astes visionnaires de l\u2019\u00e9poque, tels que Dziga Vertov ou Jean Vigo.<br>Une \u0153uvre monumentale.<\/p>\n\n\n\n<p><strong>tout public \u00e0 partir de 7 ans<br>Dur\u00e9e&nbsp;: 1 h 20<br>Format&nbsp;: DCP<br>Ce film b\u00e9n\u00e9ficie du dispositif ADRC<\/strong><\/p>\n<\/div><\/div>\n\n\n\n<div class=\"wp-block-media-text alignwide has-media-on-the-right is-stacked-on-mobile\"><div class=\"wp-block-media-text__content\">\n<ul class=\"wp-block-list\">\n<li><strong>Christofer BJURSTR\u00d6M<\/strong>\u00a0: Piano<\/li>\n\n\n\n<li><strong>Bruno SIGOGNEAU <\/strong>ou<br><strong>Fr\u00e9d\u00e9ric B. BRIET<\/strong>\u00a0: Contrebasse<\/li>\n<\/ul>\n\n\n\n<p><strong>La musique<\/strong><\/p>\n\n\n\n<p>Ces \u00e9tudes, tout en finesse, sur le cadrage, la photo, les prises de vue, r\u00e9v\u00e9lant par moments une po\u00e9sie inattendue, n\u00e9cessitaient \u00e0 mon sens une musique impressionniste, par tableaux, par petites touches, en fluidit\u00e9 et en dialogue, et c\u2019est ce que nous nous sommes attach\u00e9s \u00e0 faire.<\/p>\n\n\n\n<p>Deux extraits, enregistr\u00e9s en public&nbsp;:<\/p>\n\n\n\n<figure class=\"wp-block-audio\"><audio controls src=\"https:\/\/www.cbjurstrom.eu\/wp-content\/uploads\/2020\/10\/etudes-paris-extrait1.wav\"><\/audio><\/figure>\n\n\n\n<figure class=\"wp-block-audio\"><audio controls src=\"https:\/\/www.cbjurstrom.eu\/wp-content\/uploads\/2020\/10\/etudes-paris-extrait2.wav\"><\/audio><\/figure>\n<\/div><figure class=\"wp-block-media-text__media\"><img loading=\"lazy\" decoding=\"async\" width=\"1024\" height=\"770\" src=\"https:\/\/cbjurstrom.eu\/cbj\/wp-content\/uploads\/2020\/10\/ETUDES-SUR-PARIS-17-1024x770.jpg\" alt=\"\" class=\"wp-image-546 size-full\" srcset=\"https:\/\/www.cbjurstrom.eu\/wp-content\/uploads\/2020\/10\/ETUDES-SUR-PARIS-17-1024x770.jpg 1024w, https:\/\/www.cbjurstrom.eu\/wp-content\/uploads\/2020\/10\/ETUDES-SUR-PARIS-17-300x226.jpg 300w, https:\/\/www.cbjurstrom.eu\/wp-content\/uploads\/2020\/10\/ETUDES-SUR-PARIS-17-768x578.jpg 768w, https:\/\/www.cbjurstrom.eu\/wp-content\/uploads\/2020\/10\/ETUDES-SUR-PARIS-17.jpg 1436w\" sizes=\"auto, (max-width: 1024px) 100vw, 1024px\" \/><\/figure><\/div>\n\n\n\n<figure class=\"wp-block-image size-large\"><img loading=\"lazy\" decoding=\"async\" width=\"1024\" height=\"769\" src=\"https:\/\/www.cbjurstrom.eu\/wp-content\/uploads\/2020\/10\/ETUDES-SUR-PARIS-16-1024x769.jpg\" alt=\"\" class=\"wp-image-547\" srcset=\"https:\/\/www.cbjurstrom.eu\/wp-content\/uploads\/2020\/10\/ETUDES-SUR-PARIS-16-1024x769.jpg 1024w, https:\/\/www.cbjurstrom.eu\/wp-content\/uploads\/2020\/10\/ETUDES-SUR-PARIS-16-300x225.jpg 300w, https:\/\/www.cbjurstrom.eu\/wp-content\/uploads\/2020\/10\/ETUDES-SUR-PARIS-16-768x577.jpg 768w, https:\/\/www.cbjurstrom.eu\/wp-content\/uploads\/2020\/10\/ETUDES-SUR-PARIS-16.jpg 1438w\" sizes=\"auto, (max-width: 1024px) 100vw, 1024px\" \/><\/figure>\n","protected":false},"excerpt":{"rendered":"<p>Un film d\u2019A. Sauvage | 1928 |Musique originale de Christofer Bjurstr\u00f6m Une promenade unique et po\u00e9tique dans le Paris des ann\u00e9es 20 \u00e0 travers le regard d\u2019un cin\u00e9aste d\u2019avant-garde. Paris \u00e0 la fin des ann\u00e9es 1920 est une ville aux visages multiples, \u00f4 combien vivante. On y arrive enp\u00e9niche, par les canaux qui rejoignent la&hellip;&nbsp;<\/p>\n","protected":false},"author":1,"featured_media":546,"parent":0,"menu_order":0,"comment_status":"closed","ping_status":"closed","template":"","meta":{"neve_meta_sidebar":"","neve_meta_container":"","neve_meta_enable_content_width":"","neve_meta_content_width":0,"neve_meta_title_alignment":"","neve_meta_author_avatar":"","neve_post_elements_order":"","neve_meta_disable_header":"","neve_meta_disable_footer":"","neve_meta_disable_title":"","footnotes":""},"class_list":["post-544","page","type-page","status-publish","has-post-thumbnail","hentry"],"_links":{"self":[{"href":"https:\/\/www.cbjurstrom.eu\/index.php\/wp-json\/wp\/v2\/pages\/544","targetHints":{"allow":["GET"]}}],"collection":[{"href":"https:\/\/www.cbjurstrom.eu\/index.php\/wp-json\/wp\/v2\/pages"}],"about":[{"href":"https:\/\/www.cbjurstrom.eu\/index.php\/wp-json\/wp\/v2\/types\/page"}],"author":[{"embeddable":true,"href":"https:\/\/www.cbjurstrom.eu\/index.php\/wp-json\/wp\/v2\/users\/1"}],"replies":[{"embeddable":true,"href":"https:\/\/www.cbjurstrom.eu\/index.php\/wp-json\/wp\/v2\/comments?post=544"}],"version-history":[{"count":3,"href":"https:\/\/www.cbjurstrom.eu\/index.php\/wp-json\/wp\/v2\/pages\/544\/revisions"}],"predecessor-version":[{"id":11269,"href":"https:\/\/www.cbjurstrom.eu\/index.php\/wp-json\/wp\/v2\/pages\/544\/revisions\/11269"}],"wp:featuredmedia":[{"embeddable":true,"href":"https:\/\/www.cbjurstrom.eu\/index.php\/wp-json\/wp\/v2\/media\/546"}],"wp:attachment":[{"href":"https:\/\/www.cbjurstrom.eu\/index.php\/wp-json\/wp\/v2\/media?parent=544"}],"curies":[{"name":"wp","href":"https:\/\/api.w.org\/{rel}","templated":true}]}}