{"id":540,"date":"2020-10-22T18:36:49","date_gmt":"2020-10-22T16:36:49","guid":{"rendered":"https:\/\/cbjurstrom.eu\/cbj\/?page_id=540"},"modified":"2025-09-08T12:39:11","modified_gmt":"2025-09-08T10:39:11","slug":"films-inclassables-surprises","status":"publish","type":"page","link":"https:\/\/www.cbjurstrom.eu\/index.php\/films-inclassables-surprises\/","title":{"rendered":"Histoire et Patrimoine"},"content":{"rendered":"\n<h3 class=\"wp-block-heading\">Nous avons \u00ab\u00a0class\u00e9\u00a0\u00bb (il faut bien) dans cette cat\u00e9gorie plusieurs propositions:<\/h3>\n\n\n\n<div class=\"wp-block-media-text alignwide is-stacked-on-mobile\"><figure class=\"wp-block-media-text__media\"><img loading=\"lazy\" decoding=\"async\" width=\"1024\" height=\"768\" src=\"https:\/\/www.cbjurstrom.eu\/wp-content\/uploads\/2020\/10\/sammies-1-1024x768-1.jpg\" alt=\"\" class=\"wp-image-143 size-full\" srcset=\"https:\/\/www.cbjurstrom.eu\/wp-content\/uploads\/2020\/10\/sammies-1-1024x768-1.jpg 1024w, https:\/\/www.cbjurstrom.eu\/wp-content\/uploads\/2020\/10\/sammies-1-1024x768-1-300x225.jpg 300w, https:\/\/www.cbjurstrom.eu\/wp-content\/uploads\/2020\/10\/sammies-1-1024x768-1-768x576.jpg 768w\" sizes=\"auto, (max-width: 1024px) 100vw, 1024px\" \/><\/figure><div class=\"wp-block-media-text__content\">\n<p class=\"has-medium-font-size\"><\/p>\n\n\n\n<ul class=\"wp-block-list\">\n<li><a href=\"https:\/\/www.cbjurstrom.eu\/index.php\/creation-2024-cine-concert-en-marge-de-goemons\/\" target=\"_blank\" rel=\"noreferrer noopener\">En Marge de Goemons<\/a> (un document exceptionnel sur les go\u00e9moniers de l&rsquo;\u00eele B\u00e9niguet, tourn\u00e9 par la toute jeune Yannick Bellon en 1946)<\/li>\n\n\n\n<li><a href=\"https:\/\/www.cbjurstrom.eu\/index.php\/etudes-sur-paris\/\" target=\"_blank\" rel=\"noreferrer noopener\">Etudes sur Paris<\/a> (une promenade dans le Paris des ann\u00e9es 1920)<\/li>\n<\/ul>\n\n\n\n<ul class=\"wp-block-list\">\n<li><a href=\"https:\/\/www.cbjurstrom.eu\/index.php\/quand-le-jazz-debarque-sammies-in-brest\/\" target=\"_blank\" rel=\"noreferrer noopener\">Quand le Jazz d\u00e9barque<\/a> (Sammies in Brest) &#8211; l&rsquo;arriv\u00e9e des troupes am\u00e9ricaines \u00e0 Brest en 1917 <\/li>\n<\/ul>\n\n\n\n<ul class=\"wp-block-list\">\n<li><a href=\"https:\/\/www.cbjurstrom.eu\/index.php\/le-temps-des-fileuses\/\" target=\"_blank\" rel=\"noreferrer noopener\">Le Temps des Fileuses <\/a>(une balade musicale et cont\u00e9e dans la Bretagne rurale des ann\u00e9es 1930 \u00e0 1950)<\/li>\n<\/ul>\n<\/div><\/div>\n","protected":false},"excerpt":{"rendered":"<p>Nous avons \u00ab\u00a0class\u00e9\u00a0\u00bb (il faut bien) dans cette cat\u00e9gorie plusieurs propositions:<\/p>\n","protected":false},"author":1,"featured_media":642,"parent":0,"menu_order":0,"comment_status":"closed","ping_status":"closed","template":"","meta":{"neve_meta_sidebar":"","neve_meta_container":"","neve_meta_enable_content_width":"","neve_meta_content_width":0,"neve_meta_title_alignment":"","neve_meta_author_avatar":"","neve_post_elements_order":"","neve_meta_disable_header":"","neve_meta_disable_footer":"","neve_meta_disable_title":"","footnotes":""},"class_list":["post-540","page","type-page","status-publish","has-post-thumbnail","hentry"],"_links":{"self":[{"href":"https:\/\/www.cbjurstrom.eu\/index.php\/wp-json\/wp\/v2\/pages\/540","targetHints":{"allow":["GET"]}}],"collection":[{"href":"https:\/\/www.cbjurstrom.eu\/index.php\/wp-json\/wp\/v2\/pages"}],"about":[{"href":"https:\/\/www.cbjurstrom.eu\/index.php\/wp-json\/wp\/v2\/types\/page"}],"author":[{"embeddable":true,"href":"https:\/\/www.cbjurstrom.eu\/index.php\/wp-json\/wp\/v2\/users\/1"}],"replies":[{"embeddable":true,"href":"https:\/\/www.cbjurstrom.eu\/index.php\/wp-json\/wp\/v2\/comments?post=540"}],"version-history":[{"count":7,"href":"https:\/\/www.cbjurstrom.eu\/index.php\/wp-json\/wp\/v2\/pages\/540\/revisions"}],"predecessor-version":[{"id":11267,"href":"https:\/\/www.cbjurstrom.eu\/index.php\/wp-json\/wp\/v2\/pages\/540\/revisions\/11267"}],"wp:featuredmedia":[{"embeddable":true,"href":"https:\/\/www.cbjurstrom.eu\/index.php\/wp-json\/wp\/v2\/media\/642"}],"wp:attachment":[{"href":"https:\/\/www.cbjurstrom.eu\/index.php\/wp-json\/wp\/v2\/media?parent=540"}],"curies":[{"name":"wp","href":"https:\/\/api.w.org\/{rel}","templated":true}]}}