{"id":536,"date":"2020-10-22T18:36:19","date_gmt":"2020-10-22T16:36:19","guid":{"rendered":"https:\/\/cbjurstrom.eu\/cbj\/?page_id=536"},"modified":"2023-09-18T15:51:23","modified_gmt":"2023-09-18T13:51:23","slug":"pecheur-dislande","status":"publish","type":"page","link":"https:\/\/www.cbjurstrom.eu\/index.php\/pecheur-dislande\/","title":{"rendered":"P\u00eacheur d&rsquo;Islande"},"content":{"rendered":"\n<figure class=\"wp-block-embed is-type-video is-provider-youtube wp-block-embed-youtube wp-embed-aspect-16-9 wp-has-aspect-ratio\"><div class=\"wp-block-embed__wrapper\">\n<div class=\"nv-iframe-embed\"><iframe loading=\"lazy\" title=\"Pr\u00e9sentation du Cin\u00e9-Concert &quot;P\u00eacheur d&#039;Islande&quot;\" width=\"1200\" height=\"675\" src=\"https:\/\/www.youtube.com\/embed\/vhqFU6y8tms?feature=oembed\" frameborder=\"0\" allow=\"accelerometer; autoplay; clipboard-write; encrypted-media; gyroscope; picture-in-picture; web-share\" referrerpolicy=\"strict-origin-when-cross-origin\" allowfullscreen><\/iframe><\/div>\n<\/div><figcaption class=\"wp-element-caption\">Cin\u00e9-Concert \u00ab\u00a0P\u00eacheur d&rsquo;Islande\u00a0\u00bb<\/figcaption><\/figure>\n\n\n\n<p><strong>Un film de Jacques de Baroncelli,<\/strong> avec Charles Vanel et Sandra Milovanoff (France &#8211; 1924)<br><strong>Musique originale de Christofer BJURSTR\u00d6M<\/strong><br>Dur\u00e9e: 1h30<br>Format: DCP \/ Video<\/p>\n\n\n\n<div class=\"wp-block-media-text alignwide is-stacked-on-mobile\" style=\"grid-template-columns:47% auto\"><figure class=\"wp-block-media-text__media\"><img loading=\"lazy\" decoding=\"async\" width=\"1024\" height=\"684\" src=\"https:\/\/www.cbjurstrom.eu\/wp-content\/uploads\/P1150356-1024x684.jpg\" alt=\"Cine-Concert Pecheur d'Islande\" class=\"wp-image-10806 size-full\" srcset=\"https:\/\/www.cbjurstrom.eu\/wp-content\/uploads\/P1150356-1024x684.jpg 1024w, https:\/\/www.cbjurstrom.eu\/wp-content\/uploads\/P1150356-300x200.jpg 300w, https:\/\/www.cbjurstrom.eu\/wp-content\/uploads\/P1150356-768x513.jpg 768w, https:\/\/www.cbjurstrom.eu\/wp-content\/uploads\/P1150356-391x260.jpg 391w, https:\/\/www.cbjurstrom.eu\/wp-content\/uploads\/P1150356-1536x1026.jpg 1536w, https:\/\/www.cbjurstrom.eu\/wp-content\/uploads\/P1150356-2048x1368.jpg 2048w, https:\/\/www.cbjurstrom.eu\/wp-content\/uploads\/P1150356-360x240.jpg 360w\" sizes=\"auto, (max-width: 1024px) 100vw, 1024px\" \/><\/figure><div class=\"wp-block-media-text__content\">\n<p>Un des grands films du d\u00e9but du XX\u00e8me si\u00e8cle sur la mer et sur la Bretagne, et une adaptation fid\u00e8le du roman de Pierre Loti avec Charles Vanel, alors tr\u00e8s jeune, dans le r\u00f4le de Yann Gaos.<\/p>\n\n\n\n<p class=\"has-small-font-size\"><em>Dans la Bretagne des ann\u00e9es 20, Gaud M\u00e9vel, jeune Paimpolaise, s\u2019\u00e9prend du rude marin Yann Gaos. Celui-ci \u00e9cartel\u00e9 entre sa passion pour la mer et l\u2019amour qu\u2019il porte \u00e0 la jeune femme, n\u2019ose pas r\u00e9pondre \u00e0 cet amour. Pendant une campagne de p\u00eache \u00e0 la morue, Yann brave le destin en d\u00e9clarant&nbsp;: \u00ab\u00a0Je ferai mes noces avec la mer, et je vous invite tous, vivants et morts, au bal que je donnerai&nbsp;!&#8230;\u00a0\u00bb Quelques mois plus tard, Yann \u00e9pouse Gaud, maintenant orpheline et pauvre, mais il repart six jours plus tard pour l\u2019Islande. En mer, la temp\u00eate se d\u00e9cha\u00eene et Yann ne reviendra pas&nbsp;: la mer s\u2019est veng\u00e9e&#8230;<\/em><\/p>\n\n\n\n<p class=\"has-small-font-size\">Le film a \u00e9t\u00e9 tourn\u00e9 partiellement \u00e0 Paimpol, et certaines s\u00e9quences ont \u00e9t\u00e9 r\u00e9alis\u00e9es avec des images documentaires de l\u2019\u00e9poque (mariage breton, p\u00eache \u00e0 la morue, sc\u00e8nes de temp\u00eate).<\/p>\n<\/div><\/div>\n\n\n\n<div class=\"wp-block-media-text alignwide has-media-on-the-right is-stacked-on-mobile\"><div class=\"wp-block-media-text__content\">\n<p><strong>UN DUO SOMBRE ET ENVOUTANT<\/strong><\/p>\n\n\n\n<h6 class=\"wp-block-heading\">Pour P\u00eacheur d\u2019Islande, il fallait une musique d\u00e9pouill\u00e9e et lyrique, qui \u00e9pouse le rythme du vent, les sentiments exacerb\u00e9s, la pr\u00e9sence attirante et mena\u00e7ante de la mer. Pour cette nouvelle \u00e9criture de sa partition, Christofer Bjurstr\u00f6m a choisi de s&rsquo;associer avec Julien Pontvianne \u00e0 la clarinette et au saxophone t\u00e9nor pour cette musique parfois minimaliste et intime,  parfois sombre et tourment\u00e9e.<\/h6>\n\n\n\n<ul class=\"wp-block-list\">\n<li><strong>Christofer Bjurstr\u00f6m<\/strong> Piano \/ Fl\u00fbte<\/li>\n\n\n\n<li><strong>Julien Pontvianne<\/strong> Clarinette \/ Saxophone T\u00e9nor<\/li>\n<\/ul>\n<\/div><figure class=\"wp-block-media-text__media\"><img loading=\"lazy\" decoding=\"async\" width=\"1024\" height=\"684\" src=\"https:\/\/www.cbjurstrom.eu\/wp-content\/uploads\/P1150370-1024x684.jpg\" alt=\"\" class=\"wp-image-10808 size-full\" srcset=\"https:\/\/www.cbjurstrom.eu\/wp-content\/uploads\/P1150370-1024x684.jpg 1024w, https:\/\/www.cbjurstrom.eu\/wp-content\/uploads\/P1150370-300x200.jpg 300w, https:\/\/www.cbjurstrom.eu\/wp-content\/uploads\/P1150370-768x513.jpg 768w, https:\/\/www.cbjurstrom.eu\/wp-content\/uploads\/P1150370-391x260.jpg 391w, https:\/\/www.cbjurstrom.eu\/wp-content\/uploads\/P1150370-1536x1026.jpg 1536w, https:\/\/www.cbjurstrom.eu\/wp-content\/uploads\/P1150370-2048x1368.jpg 2048w, https:\/\/www.cbjurstrom.eu\/wp-content\/uploads\/P1150370-360x240.jpg 360w\" sizes=\"auto, (max-width: 1024px) 100vw, 1024px\" \/><\/figure><\/div>\n\n\n\n<h2 class=\"wp-block-heading\">Quelques extraits musicaux<\/h2>\n\n\n\n<figure class=\"wp-block-audio\"><audio controls src=\"https:\/\/www.cbjurstrom.eu\/wp-content\/uploads\/Pecheur-Islande-1-Yann-et-Gaud.mp3\"><\/audio><figcaption class=\"wp-element-caption\">Yann et Gaud<\/figcaption><\/figure>\n\n\n\n<figure class=\"wp-block-audio\"><audio controls src=\"https:\/\/www.cbjurstrom.eu\/wp-content\/uploads\/2-Noces.mp3\"><\/audio><figcaption class=\"wp-element-caption\">Noces<\/figcaption><\/figure>\n\n\n\n<figure class=\"wp-block-audio\"><audio controls src=\"https:\/\/www.cbjurstrom.eu\/wp-content\/uploads\/3-La-Vieille-Moan.mp3\"><\/audio><figcaption class=\"wp-element-caption\">La vieille Moan<\/figcaption><\/figure>\n\n\n\n<figure class=\"wp-block-audio\"><audio controls src=\"https:\/\/www.cbjurstrom.eu\/wp-content\/uploads\/Pecheur-Islande-4-Derniere-Campagne.mp3\"><\/audio><figcaption class=\"wp-element-caption\">Derni\u00e8re Campagne<\/figcaption><\/figure>\n\n\n\n<figure class=\"wp-block-image size-large\"><img loading=\"lazy\" decoding=\"async\" width=\"1024\" height=\"684\" src=\"https:\/\/www.cbjurstrom.eu\/wp-content\/uploads\/P1150348-1024x684.jpg\" alt=\"\" class=\"wp-image-10811\" srcset=\"https:\/\/www.cbjurstrom.eu\/wp-content\/uploads\/P1150348-1024x684.jpg 1024w, https:\/\/www.cbjurstrom.eu\/wp-content\/uploads\/P1150348-300x200.jpg 300w, https:\/\/www.cbjurstrom.eu\/wp-content\/uploads\/P1150348-768x513.jpg 768w, https:\/\/www.cbjurstrom.eu\/wp-content\/uploads\/P1150348-391x260.jpg 391w, https:\/\/www.cbjurstrom.eu\/wp-content\/uploads\/P1150348-1536x1026.jpg 1536w, https:\/\/www.cbjurstrom.eu\/wp-content\/uploads\/P1150348-2048x1368.jpg 2048w, https:\/\/www.cbjurstrom.eu\/wp-content\/uploads\/P1150348-360x240.jpg 360w\" sizes=\"auto, (max-width: 1024px) 100vw, 1024px\" \/><\/figure>\n","protected":false},"excerpt":{"rendered":"<p>Un film de Jacques de Baroncelli, avec Charles Vanel et Sandra Milovanoff (France &#8211; 1924)Musique originale de Christofer BJURSTR\u00d6MDur\u00e9e: 1h30Format: DCP \/ Video Un des grands films du d\u00e9but du XX\u00e8me si\u00e8cle sur la mer et sur la Bretagne, et une adaptation fid\u00e8le du roman de Pierre Loti avec Charles Vanel, alors tr\u00e8s jeune, dans&hellip;&nbsp;<\/p>\n","protected":false},"author":1,"featured_media":10937,"parent":0,"menu_order":0,"comment_status":"closed","ping_status":"closed","template":"","meta":{"neve_meta_sidebar":"","neve_meta_container":"","neve_meta_enable_content_width":"","neve_meta_content_width":0,"neve_meta_title_alignment":"","neve_meta_author_avatar":"","neve_post_elements_order":"","neve_meta_disable_header":"","neve_meta_disable_footer":"","neve_meta_disable_title":"","footnotes":""},"class_list":["post-536","page","type-page","status-publish","has-post-thumbnail","hentry"],"_links":{"self":[{"href":"https:\/\/www.cbjurstrom.eu\/index.php\/wp-json\/wp\/v2\/pages\/536","targetHints":{"allow":["GET"]}}],"collection":[{"href":"https:\/\/www.cbjurstrom.eu\/index.php\/wp-json\/wp\/v2\/pages"}],"about":[{"href":"https:\/\/www.cbjurstrom.eu\/index.php\/wp-json\/wp\/v2\/types\/page"}],"author":[{"embeddable":true,"href":"https:\/\/www.cbjurstrom.eu\/index.php\/wp-json\/wp\/v2\/users\/1"}],"replies":[{"embeddable":true,"href":"https:\/\/www.cbjurstrom.eu\/index.php\/wp-json\/wp\/v2\/comments?post=536"}],"version-history":[{"count":9,"href":"https:\/\/www.cbjurstrom.eu\/index.php\/wp-json\/wp\/v2\/pages\/536\/revisions"}],"predecessor-version":[{"id":10938,"href":"https:\/\/www.cbjurstrom.eu\/index.php\/wp-json\/wp\/v2\/pages\/536\/revisions\/10938"}],"wp:featuredmedia":[{"embeddable":true,"href":"https:\/\/www.cbjurstrom.eu\/index.php\/wp-json\/wp\/v2\/media\/10937"}],"wp:attachment":[{"href":"https:\/\/www.cbjurstrom.eu\/index.php\/wp-json\/wp\/v2\/media?parent=536"}],"curies":[{"name":"wp","href":"https:\/\/api.w.org\/{rel}","templated":true}]}}