{"id":532,"date":"2020-10-22T18:26:46","date_gmt":"2020-10-22T16:26:46","guid":{"rendered":"https:\/\/cbjurstrom.eu\/cbj\/?page_id=532"},"modified":"2023-06-22T16:48:30","modified_gmt":"2023-06-22T14:48:30","slug":"la-passion-de-jeanne-darc","status":"publish","type":"page","link":"https:\/\/www.cbjurstrom.eu\/index.php\/la-passion-de-jeanne-darc\/","title":{"rendered":"La Passion de Jeanne d&rsquo;Arc"},"content":{"rendered":"\n<div class=\"wp-block-media-text alignwide is-stacked-on-mobile\"><figure class=\"wp-block-media-text__media\"><img loading=\"lazy\" decoding=\"async\" width=\"240\" height=\"181\" src=\"https:\/\/www.cbjurstrom.eu\/wp-content\/uploads\/2020\/10\/jeanne.jpg\" alt=\"\" class=\"wp-image-533 size-full\"\/><\/figure><div class=\"wp-block-media-text__content\">\n<p>Un film de de C.T. Dreyer | 1928 |<br>Musique originale de Christofer Bjurstr\u00f6m<\/p>\n\n\n\n<p>Le proc\u00e8s de Jeanne d\u2019Arc en 1431 \u00e0 Rouen. Elle oppose toute son intelligence et son humilit\u00e9 aux juges. Devant la torture elle c\u00e8de pourtant, signe son abjuration puis se r\u00e9tracte. Relapse. Elle est condamn\u00e9e \u00e0 \u00eatre br\u00fbl\u00e9e. Devant son supplice son peuple se r\u00e9volte, convaincu qu\u2019on a br\u00fbl\u00e9 une sainte. Mais les Anglais dispersent la foule.<\/p>\n\n\n\n<p><strong>tout public \u00e0 partir de 12 ans<br>Dur\u00e9e\u00a0: 1 h 30<br>format\u00a0: DCP \/ Copie restaur\u00e9e<br>Ce film b\u00e9n\u00e9ficie du dispositif ADRC<\/strong><\/p>\n<\/div><\/div>\n\n\n\n<p><em>\u00ab\u00a0&#8230;Si, apr\u00e8s plus d\u2019un demi si\u00e8cle, La Passion de Jeanne d\u2019Arc reste un film d\u2019une beaut\u00e9 ind\u00e9passable, c\u2019est \u00e0 cette rencontre qu\u2019il le doit, \u00e0 l\u2019accord parfait qui tout de suite s\u2019est instaur\u00e9 entre le cin\u00e9aste et son interpr\u00e8te. Falconetti, curieusement, ne soup\u00e7onna jamais que Dreyer allait la sauver de l\u2019oubli des g\u00e9n\u00e9rations futures gr\u00e2ce au seul grand film qu\u2019elle eut tourn\u00e9 et auquel son nom reste li\u00e9 pour toujours.<br>Femme de passions et de contradictions, incapable de g\u00e9rer son immense talent, elle n\u2019est devenue ni une R\u00e9jane, ni une Sarah Bernhardt. Mais gr\u00e2ce \u00e0 ce seul et unique film, elle demeure dans la m\u00e9moire de tous. Et inversement. Sans Falconetti, La Passion n\u2019aurait pu \u00eatre ce qu\u2019elle est&nbsp;: une pi\u00e8ce unique dans l\u2019histoire du cin\u00e9ma, d\u2019autant plus fulgurante qu\u2019elle explore un visage inconnu auparavant et d\u00e9finitivement \u00e9vanoui depuis&#8230; \u00ab\u00a0<\/em><br>Maurice Drouzy &#8211; Les Cahiers du cin\u00e9ma<\/p>\n\n\n\n<div class=\"wp-block-media-text alignwide has-media-on-the-right is-stacked-on-mobile\"><div class=\"wp-block-media-text__content\">\n<p>Ce drame historique a une force \u00e9motionnelle et dramatique consid\u00e9rable, aussi le parti pris de la musique est d\u2019\u00eatre minimaliste mais pr\u00e9sente, les sonorit\u00e9s et les m\u00e9lodies du piano \u00e9tant soutenues et amplifi\u00e9es par un traitement \u00e9lectronique en direct.<\/p>\n\n\n\n<h4 class=\"wp-block-heading\">Christofer BJURSTR\u00d6M&nbsp;: Piano, \u00e9lectronique<\/h4>\n<\/div><figure class=\"wp-block-media-text__media\"><img loading=\"lazy\" decoding=\"async\" width=\"1024\" height=\"764\" src=\"https:\/\/www.cbjurstrom.eu\/wp-content\/uploads\/2020\/10\/la-passion-de-jeanne-darc-2-1024x764.jpg\" alt=\"\" class=\"wp-image-534 size-full\" srcset=\"https:\/\/www.cbjurstrom.eu\/wp-content\/uploads\/2020\/10\/la-passion-de-jeanne-darc-2-1024x764.jpg 1024w, https:\/\/www.cbjurstrom.eu\/wp-content\/uploads\/2020\/10\/la-passion-de-jeanne-darc-2-300x224.jpg 300w, https:\/\/www.cbjurstrom.eu\/wp-content\/uploads\/2020\/10\/la-passion-de-jeanne-darc-2-768x573.jpg 768w, https:\/\/www.cbjurstrom.eu\/wp-content\/uploads\/2020\/10\/la-passion-de-jeanne-darc-2.jpg 1200w\" sizes=\"auto, (max-width: 1024px) 100vw, 1024px\" \/><\/figure><\/div>\n","protected":false},"excerpt":{"rendered":"<p>Un film de de C.T. Dreyer | 1928 |Musique originale de Christofer Bjurstr\u00f6m Le proc\u00e8s de Jeanne d\u2019Arc en 1431 \u00e0 Rouen. Elle oppose toute son intelligence et son humilit\u00e9 aux juges. Devant la torture elle c\u00e8de pourtant, signe son abjuration puis se r\u00e9tracte. Relapse. Elle est condamn\u00e9e \u00e0 \u00eatre br\u00fbl\u00e9e. Devant son supplice son&hellip;&nbsp;<\/p>\n","protected":false},"author":1,"featured_media":533,"parent":0,"menu_order":0,"comment_status":"closed","ping_status":"closed","template":"","meta":{"neve_meta_sidebar":"","neve_meta_container":"","neve_meta_enable_content_width":"","neve_meta_content_width":0,"neve_meta_title_alignment":"","neve_meta_author_avatar":"","neve_post_elements_order":"","neve_meta_disable_header":"","neve_meta_disable_footer":"","neve_meta_disable_title":"","footnotes":""},"class_list":["post-532","page","type-page","status-publish","has-post-thumbnail","hentry"],"_links":{"self":[{"href":"https:\/\/www.cbjurstrom.eu\/index.php\/wp-json\/wp\/v2\/pages\/532","targetHints":{"allow":["GET"]}}],"collection":[{"href":"https:\/\/www.cbjurstrom.eu\/index.php\/wp-json\/wp\/v2\/pages"}],"about":[{"href":"https:\/\/www.cbjurstrom.eu\/index.php\/wp-json\/wp\/v2\/types\/page"}],"author":[{"embeddable":true,"href":"https:\/\/www.cbjurstrom.eu\/index.php\/wp-json\/wp\/v2\/users\/1"}],"replies":[{"embeddable":true,"href":"https:\/\/www.cbjurstrom.eu\/index.php\/wp-json\/wp\/v2\/comments?post=532"}],"version-history":[{"count":3,"href":"https:\/\/www.cbjurstrom.eu\/index.php\/wp-json\/wp\/v2\/pages\/532\/revisions"}],"predecessor-version":[{"id":10889,"href":"https:\/\/www.cbjurstrom.eu\/index.php\/wp-json\/wp\/v2\/pages\/532\/revisions\/10889"}],"wp:featuredmedia":[{"embeddable":true,"href":"https:\/\/www.cbjurstrom.eu\/index.php\/wp-json\/wp\/v2\/media\/533"}],"wp:attachment":[{"href":"https:\/\/www.cbjurstrom.eu\/index.php\/wp-json\/wp\/v2\/media?parent=532"}],"curies":[{"name":"wp","href":"https:\/\/api.w.org\/{rel}","templated":true}]}}