{"id":526,"date":"2020-10-22T18:21:19","date_gmt":"2020-10-22T16:21:19","guid":{"rendered":"https:\/\/cbjurstrom.eu\/cbj\/?page_id=526"},"modified":"2020-10-22T18:21:20","modified_gmt":"2020-10-22T16:21:20","slug":"nana","status":"publish","type":"page","link":"https:\/\/www.cbjurstrom.eu\/index.php\/nana\/","title":{"rendered":"Nana"},"content":{"rendered":"\n<div class=\"wp-block-media-text alignwide is-stacked-on-mobile\"><figure class=\"wp-block-media-text__media\"><img loading=\"lazy\" decoding=\"async\" width=\"500\" height=\"375\" src=\"https:\/\/cbjurstrom.eu\/cbj\/wp-content\/uploads\/2020\/10\/nana-2-704da.png\" alt=\"\" class=\"wp-image-527\" srcset=\"https:\/\/www.cbjurstrom.eu\/wp-content\/uploads\/2020\/10\/nana-2-704da.png 500w, https:\/\/www.cbjurstrom.eu\/wp-content\/uploads\/2020\/10\/nana-2-704da-300x225.png 300w\" sizes=\"auto, (max-width: 500px) 100vw, 500px\" \/><\/figure><div class=\"wp-block-media-text__content\">\n<p>Un film de Jean Renoir (1926), d\u2019apr\u00e8s Zola.<\/p>\n\n\n\n<p>Avec&nbsp;: Catherine Hessling, Werner Krauss, Pierre Lestringuez, Jacqueline Forzane, Jean Angelo, Raymond Gu\u00e9rin, Catelain, Claude Autant-Lara, Pierre Champagne<\/p>\n\n\n\n<p>Un \u00e9chec commercial \u00e0 sa sortie, ce film s\u2019av\u00e8re l\u2019un des plus grands films de Renoir.<\/p>\n\n\n\n<p>Sous le Second Empire, Nana, jeune actrice un peu vulgaire, ambitionne de jouer les grandes dames.<br>Elle devient, gr\u00e2ce \u00e0 ses succ\u00e8s masculins, une courtisane avide de luxe et de plaisirs et abandonne bient\u00f4t la sc\u00e8ne pour la vie galante. Un jeune pr\u00e9tendant, pour la conserver, s\u2019endette, triche au jeu et se suicide. Le Comte Muffat, premier chambellan de l\u2019Imp\u00e9ratrice, devient l\u2019esclave rampant de cette enfant capricieuse et pourvoit g\u00e9n\u00e9reusement \u00e0 ses go\u00fbts somptuaires.<\/p>\n\n\n\n<p>Dur\u00e9e 2h30<br>DCP<\/p>\n<\/div><\/div>\n\n\n\n<div class=\"wp-block-media-text alignwide is-stacked-on-mobile\"><figure class=\"wp-block-media-text__media\"><img loading=\"lazy\" decoding=\"async\" width=\"500\" height=\"375\" src=\"https:\/\/cbjurstrom.eu\/cbj\/wp-content\/uploads\/2020\/10\/nana-1.png\" alt=\"\" class=\"wp-image-528\" srcset=\"https:\/\/www.cbjurstrom.eu\/wp-content\/uploads\/2020\/10\/nana-1.png 500w, https:\/\/www.cbjurstrom.eu\/wp-content\/uploads\/2020\/10\/nana-1-300x225.png 300w\" sizes=\"auto, (max-width: 500px) 100vw, 500px\" \/><\/figure><div class=\"wp-block-media-text__content\">\n<p class=\"has-small-font-size\">Henri Langlois dit de ce film\u00a0:<br><em>Mais s\u2019il est loin de Zola par la forme, il est tout pr\u00e8s de Zola par l\u2019esprit. Nana<br>est un nouveau pas en avant dans la forme cin\u00e9matographique. L\u2019\u0153uvre est tout pr\u00e8s de Clarence Brown, tout pr\u00e8s de ce classicisme totalement \u00e9pur\u00e9 qui fit la force du cin\u00e9ma am\u00e9ricain de la fin du muet.<br>Renoir a su voir L\u2019Opinion publique de Chaplin, son r\u00e9alisme et son pouvoir de simplification. Il a su comprendre toute l\u2019importance de l\u2019\u00e9l\u00e9ment humain de l\u2019acteur et c\u2019est par l\u00e0 que le film marque un rappel \u00e0 l\u2019ordre et rejoint ce courant du retour au classicisme qui fut alors le renouveau du cin\u00e9ma.<br>Pour mieux marquer la n\u00e9cessit\u00e9 de la forme sur le fond, l\u2019importance de l\u2019\u00e9l\u00e9ment vivant de cet acteur consid\u00e9r\u00e9 par d\u2019autres comme un objet ou un singe, Renoir, qui sera l\u2019un des plus grands paysagistes du cin\u00e9ma, l\u2019un de ceux qui saura le mieux situer une action dans un milieu d\u00e9termin\u00e9, efface le paysage, projette \u00e0 l\u2019arri\u00e8re-plan le monde de Constantin Guys et du Second Empire, retrouve la simplification de<br>La Femme de nulle part pour \u00e9clairer de tous ses projecteurs les seuls acteurs.<br>Du cin\u00e9ma allemand, il prend le plus grand acteur, Werner Krauss\u00a0; il fait surgir Catherine Hessling et la laisse imposer sa personnalit\u00e9 comme savent le faire les Am\u00e9ricains pour May Murray, pour Gloria Swanson, pour Lillian Gish\u00a0; comme ils savent encore le faire pour Garbo ou pour Marlene Dietrich. Il la laisse vivre devant la cam\u00e9ra. Elle n\u2019\u00e9tait pas la Nana de Zola, qu\u2019importe\u00a0: elle \u00e9tait la Nana de Werner Krauss, la Nana de Renoir, elle expliquait le drame, le justifiait par l\u2019admiration, par la fascination qu\u2019elle exer\u00e7ait et qu\u2019elle exerce encore sur les<br>spectateurs.<br>Ainsi allait s\u2019imposer l\u2019id\u00e9e f\u00e9conde des sc\u00e9narios b\u00e2tis en fonction des interpr\u00e8tes choisis.<br>Mais on n\u2019est pas impun\u00e9ment le fils d\u2019Auguste Renoir et le film \u00e9tait tout rempli d\u2019images qui \u00e9voquaient sans cesse Manet, Degas et Renoir.<\/em><\/p>\n<\/div><\/div>\n\n\n\n<div class=\"wp-block-media-text alignwide has-media-on-the-right is-stacked-on-mobile\"><figure class=\"wp-block-media-text__media\"><img loading=\"lazy\" decoding=\"async\" width=\"500\" height=\"375\" src=\"https:\/\/cbjurstrom.eu\/cbj\/wp-content\/uploads\/2020\/10\/nana-3.png\" alt=\"\" class=\"wp-image-529\" srcset=\"https:\/\/www.cbjurstrom.eu\/wp-content\/uploads\/2020\/10\/nana-3.png 500w, https:\/\/www.cbjurstrom.eu\/wp-content\/uploads\/2020\/10\/nana-3-300x225.png 300w\" sizes=\"auto, (max-width: 500px) 100vw, 500px\" \/><\/figure><div class=\"wp-block-media-text__content\">\n<p>Dans ce film sur les relations troubles entre le d\u00e9sir, l\u2019argent et l\u2019ambition, la musique s\u2019attachera \u00e0 jouer son r\u00f4le de musique de film&nbsp;: assumer l\u2019aspect film en costume, avec le d\u00e9cor et l\u2019environnement tr\u00e8s XIX\u00e8me si\u00e8cle, tout en exprimant ou plut\u00f4t en accompagnant les sentiments, les ambigu\u00eft\u00e9s des rapports entre les personnages, les p\u00e9rip\u00e9ties de l\u2019action.<\/p>\n\n\n\n<p>Christofer Bjurstr\u00f6m, piano solo<\/p>\n<\/div><\/div>\n\n\n\n<figure class=\"wp-block-image size-large\"><img loading=\"lazy\" decoding=\"async\" width=\"500\" height=\"375\" src=\"https:\/\/cbjurstrom.eu\/cbj\/wp-content\/uploads\/2020\/10\/nana-4.png\" alt=\"\" class=\"wp-image-530\" srcset=\"https:\/\/www.cbjurstrom.eu\/wp-content\/uploads\/2020\/10\/nana-4.png 500w, https:\/\/www.cbjurstrom.eu\/wp-content\/uploads\/2020\/10\/nana-4-300x225.png 300w\" sizes=\"auto, (max-width: 500px) 100vw, 500px\" \/><\/figure>\n","protected":false},"excerpt":{"rendered":"<p>Un film de Jean Renoir (1926), d\u2019apr\u00e8s Zola. Avec&nbsp;: Catherine Hessling, Werner Krauss, Pierre Lestringuez, Jacqueline Forzane, Jean Angelo, Raymond Gu\u00e9rin, Catelain, Claude Autant-Lara, Pierre Champagne Un \u00e9chec commercial \u00e0 sa sortie, ce film s\u2019av\u00e8re l\u2019un des plus grands films de Renoir. Sous le Second Empire, Nana, jeune actrice un peu vulgaire, ambitionne de jouer&hellip;&nbsp;<\/p>\n","protected":false},"author":1,"featured_media":528,"parent":0,"menu_order":0,"comment_status":"closed","ping_status":"closed","template":"","meta":{"neve_meta_sidebar":"","neve_meta_container":"","neve_meta_enable_content_width":"","neve_meta_content_width":0,"neve_meta_title_alignment":"","neve_meta_author_avatar":"","neve_post_elements_order":"","neve_meta_disable_header":"","neve_meta_disable_footer":"","neve_meta_disable_title":"","footnotes":""},"class_list":["post-526","page","type-page","status-publish","has-post-thumbnail","hentry"],"_links":{"self":[{"href":"https:\/\/www.cbjurstrom.eu\/index.php\/wp-json\/wp\/v2\/pages\/526","targetHints":{"allow":["GET"]}}],"collection":[{"href":"https:\/\/www.cbjurstrom.eu\/index.php\/wp-json\/wp\/v2\/pages"}],"about":[{"href":"https:\/\/www.cbjurstrom.eu\/index.php\/wp-json\/wp\/v2\/types\/page"}],"author":[{"embeddable":true,"href":"https:\/\/www.cbjurstrom.eu\/index.php\/wp-json\/wp\/v2\/users\/1"}],"replies":[{"embeddable":true,"href":"https:\/\/www.cbjurstrom.eu\/index.php\/wp-json\/wp\/v2\/comments?post=526"}],"version-history":[{"count":1,"href":"https:\/\/www.cbjurstrom.eu\/index.php\/wp-json\/wp\/v2\/pages\/526\/revisions"}],"predecessor-version":[{"id":531,"href":"https:\/\/www.cbjurstrom.eu\/index.php\/wp-json\/wp\/v2\/pages\/526\/revisions\/531"}],"wp:featuredmedia":[{"embeddable":true,"href":"https:\/\/www.cbjurstrom.eu\/index.php\/wp-json\/wp\/v2\/media\/528"}],"wp:attachment":[{"href":"https:\/\/www.cbjurstrom.eu\/index.php\/wp-json\/wp\/v2\/media?parent=526"}],"curies":[{"name":"wp","href":"https:\/\/api.w.org\/{rel}","templated":true}]}}