{"id":522,"date":"2020-10-22T18:15:04","date_gmt":"2020-10-22T16:15:04","guid":{"rendered":"https:\/\/cbjurstrom.eu\/cbj\/?page_id=522"},"modified":"2023-02-06T18:18:34","modified_gmt":"2023-02-06T17:18:34","slug":"metropolis","status":"publish","type":"page","link":"https:\/\/www.cbjurstrom.eu\/index.php\/metropolis\/","title":{"rendered":"Metropolis"},"content":{"rendered":"\n<div class=\"nv-iframe-embed\"><iframe loading=\"lazy\" title=\"Cin\u00e9-Concert Metropolis\" width=\"1200\" height=\"675\" src=\"https:\/\/www.youtube.com\/embed\/RBCT9t-1ozY?feature=oembed\" frameborder=\"0\" allow=\"accelerometer; autoplay; clipboard-write; encrypted-media; gyroscope; picture-in-picture; web-share\" referrerpolicy=\"strict-origin-when-cross-origin\" allowfullscreen><\/iframe><\/div>\n\n\n\n<div class=\"wp-block-media-text alignwide is-stacked-on-mobile\"><figure class=\"wp-block-media-text__media\"><img loading=\"lazy\" decoding=\"async\" width=\"264\" height=\"191\" src=\"https:\/\/www.cbjurstrom.eu\/wp-content\/uploads\/2020\/10\/Metropolis.jpg2_.jpg\" alt=\"\" class=\"wp-image-523 size-full\"\/><\/figure><div class=\"wp-block-media-text__content\">\n<p>Une musique originale de Christofer Bjurstr\u00f6m, un film de Fritz Lang (1927)<\/p>\n\n\n\n<p><strong>Un tournage spectaculaire<\/strong><br>6 000 figurants, 310 jours et 60 nuits de tournage, 620 km de pellicule, Metropolis est un film hors norme.<br>A la fois conte futuriste, drame biblique, fable humaniste (ou fasciste, c\u2019est selon&nbsp;!), Metropolis est un monde en soi. Un monde r\u00e9gi par sa propre logique de pens\u00e9e, ses propres destructions. Fritz Lang et sa femme, Thea von Harbou, sc\u00e9nariste du film, ont su cr\u00e9er, avec ce r\u00e9cit universel, leur propre l\u00e9gende, qui va les d\u00e9passer et les submerger.<\/p>\n\n\n\n<p><strong>Dur\u00e9e&nbsp;: 2h30 mn<br>format&nbsp;: DCP<br>Dispositif ADRC<\/strong><\/p>\n<\/div><\/div>\n\n\n\n<p><strong>Synopsis<\/strong><br>L\u2019industriel Joh Fredersen r\u00e8gne sur Metropolis. Son fils Freder s\u2019\u00e9prend de Maria, une jeune femme qui d\u00e9fend les enfants d\u2019ouvriers. Parti \u00e0 sa recherche, Freder est t\u00e9moin d\u2019une explosion dans la grande salle des machines de la ville. Il se rend compte que le luxe de la haute soci\u00e9t\u00e9 repose sur l\u2019exploitation du prol\u00e9tariat.<br>Dans les catacombes situ\u00e9es sous la ville ouvri\u00e8re, Freder retrouve enfin Maria. Joh Fredersen, qui a entendu parler de l\u2019influence de Maria sur ces ouvriers, d\u00e9couvre les exp\u00e9riences de l\u2019inventeur Rotwang qui a cr\u00e9\u00e9 une femme-machine. Il ordonne \u00e0 Rotwang de donner le visage de Maria au robot afin de l\u2019envoyer dans la ville souterraine et de semer la discorde chez les ouvriers. Ceux-ci entrent en r\u00e9volte et provoquent l\u2019inondation de la ville ouvri\u00e8re&#8230;<br>Lutte des classes et m\u00e9taphysique rythment un film d\u00e9finitivement en avance sur son temps.<\/p>\n\n\n\n<div class=\"wp-block-media-text alignwide is-stacked-on-mobile\"><figure class=\"wp-block-media-text__media\"><img loading=\"lazy\" decoding=\"async\" width=\"1024\" height=\"764\" src=\"https:\/\/www.cbjurstrom.eu\/wp-content\/uploads\/2020\/10\/metropolis-2-1024x764.jpg\" alt=\"\" class=\"wp-image-524 size-full\" srcset=\"https:\/\/www.cbjurstrom.eu\/wp-content\/uploads\/2020\/10\/metropolis-2-1024x764.jpg 1024w, https:\/\/www.cbjurstrom.eu\/wp-content\/uploads\/2020\/10\/metropolis-2-300x224.jpg 300w, https:\/\/www.cbjurstrom.eu\/wp-content\/uploads\/2020\/10\/metropolis-2-768x573.jpg 768w, https:\/\/www.cbjurstrom.eu\/wp-content\/uploads\/2020\/10\/metropolis-2.jpg 1200w\" sizes=\"auto, (max-width: 1024px) 100vw, 1024px\" \/><\/figure><div class=\"wp-block-media-text__content\">\n<ul class=\"wp-block-list\">\n<li><strong>Christofer BJURSTR\u00d6M <\/strong>&nbsp;: Piano, composition<\/li>\n\n\n\n<li><strong>Vincent RAUDE<\/strong>&nbsp;: Traitement \u00e9lectronique<\/li>\n<\/ul>\n\n\n\n<p><strong>La musique<\/strong><br>Ce film sombre et fascinant est en m\u00e8me temps marqu\u00e9 d\u2019une sorte d\u2019id\u00e9alisme romantique&nbsp;: dans cette id\u00e9e, nous m\u00ealons au son d\u2019instruments acoustiques un \u00e9cho souterrain de traitement \u00e9lectronique des sons instrumentaux, renvoyant une tension ou une image d\u00e9form\u00e9e de ceux-ci ou menant une vie propre, \u00e0 l\u2019image de l\u2019opposition entre ces deux mondes dans le film.<\/p>\n<\/div><\/div>\n","protected":false},"excerpt":{"rendered":"<p>Une musique originale de Christofer Bjurstr\u00f6m, un film de Fritz Lang (1927) Un tournage spectaculaire6 000 figurants, 310 jours et 60 nuits de tournage, 620 km de pellicule, Metropolis est un film hors norme.A la fois conte futuriste, drame biblique, fable humaniste (ou fasciste, c\u2019est selon&nbsp;!), Metropolis est un monde en soi. Un monde r\u00e9gi&hellip;&nbsp;<\/p>\n","protected":false},"author":1,"featured_media":523,"parent":0,"menu_order":0,"comment_status":"closed","ping_status":"closed","template":"","meta":{"neve_meta_sidebar":"","neve_meta_container":"","neve_meta_enable_content_width":"","neve_meta_content_width":0,"neve_meta_title_alignment":"","neve_meta_author_avatar":"","neve_post_elements_order":"","neve_meta_disable_header":"","neve_meta_disable_footer":"","neve_meta_disable_title":"","footnotes":""},"class_list":["post-522","page","type-page","status-publish","has-post-thumbnail","hentry"],"_links":{"self":[{"href":"https:\/\/www.cbjurstrom.eu\/index.php\/wp-json\/wp\/v2\/pages\/522","targetHints":{"allow":["GET"]}}],"collection":[{"href":"https:\/\/www.cbjurstrom.eu\/index.php\/wp-json\/wp\/v2\/pages"}],"about":[{"href":"https:\/\/www.cbjurstrom.eu\/index.php\/wp-json\/wp\/v2\/types\/page"}],"author":[{"embeddable":true,"href":"https:\/\/www.cbjurstrom.eu\/index.php\/wp-json\/wp\/v2\/users\/1"}],"replies":[{"embeddable":true,"href":"https:\/\/www.cbjurstrom.eu\/index.php\/wp-json\/wp\/v2\/comments?post=522"}],"version-history":[{"count":5,"href":"https:\/\/www.cbjurstrom.eu\/index.php\/wp-json\/wp\/v2\/pages\/522\/revisions"}],"predecessor-version":[{"id":10789,"href":"https:\/\/www.cbjurstrom.eu\/index.php\/wp-json\/wp\/v2\/pages\/522\/revisions\/10789"}],"wp:featuredmedia":[{"embeddable":true,"href":"https:\/\/www.cbjurstrom.eu\/index.php\/wp-json\/wp\/v2\/media\/523"}],"wp:attachment":[{"href":"https:\/\/www.cbjurstrom.eu\/index.php\/wp-json\/wp\/v2\/media?parent=522"}],"curies":[{"name":"wp","href":"https:\/\/api.w.org\/{rel}","templated":true}]}}