{"id":518,"date":"2020-10-22T18:11:23","date_gmt":"2020-10-22T16:11:23","guid":{"rendered":"https:\/\/cbjurstrom.eu\/cbj\/?page_id=518"},"modified":"2021-09-15T18:08:48","modified_gmt":"2021-09-15T16:08:48","slug":"la-mere","status":"publish","type":"page","link":"https:\/\/www.cbjurstrom.eu\/index.php\/la-mere\/","title":{"rendered":"La M\u00e8re"},"content":{"rendered":"\n<div class=\"wp-block-media-text alignwide is-stacked-on-mobile\"><figure class=\"wp-block-media-text__media\"><img loading=\"lazy\" decoding=\"async\" width=\"257\" height=\"196\" src=\"https:\/\/www.cbjurstrom.eu\/wp-content\/uploads\/2020\/10\/la_mere.jpg\" alt=\"\" class=\"wp-image-519 size-full\"\/><\/figure><div class=\"wp-block-media-text__content\">\n<p>Une musique originale de Christofer Bjurstr\u00f6m, un film de Vsevolod POUDOVKINE (1926)<\/p>\n\n\n\n<p>Vlassov et son fils Pavel sont ouvriers dans une grande usine o\u00f9 les conditions de travail sont inhumaines. Tandis que Vlassov sombre dans l\u2019alcoolisme, Pavel milite pour la r\u00e9volution. La m\u00e8re, r\u00e9sign\u00e9e, fait face en silence aux brutalit\u00e9s de son mari et aux actions risqu\u00e9es de son fils.<br>Quand son mari meurt, au cours d\u2019affrontements, et que son fils est arr\u00eat\u00e9, elle comprend le sens de la lutte de ce dernier&#8230;.<\/p>\n\n\n\n<p>Poudovkine nous fait vivre le mouvement r\u00e9volutionnaire \u00e0 travers une exp\u00e9rience individuelle, celle de la m\u00e8re du r\u00e9volutionnaire.<\/p>\n\n\n\n<p><strong>UN VERITABLE SOUFFLE EPIQUE<\/strong><\/p>\n\n\n\n<h6 class=\"wp-block-heading\">par un des grands cin\u00e9astes du Cin\u00e9ma Sovi\u00e9tique, et du Cin\u00e9ma tout court&#8230;. <strong>Dur\u00e9e&nbsp;: 1h23 mn<br>format&nbsp;: 35mm 24 images\/sec<\/strong><\/h6>\n<\/div><\/div>\n\n\n\n<div class=\"wp-block-media-text alignwide has-media-on-the-right is-stacked-on-mobile\"><figure class=\"wp-block-media-text__media\"><img loading=\"lazy\" decoding=\"async\" width=\"257\" height=\"196\" src=\"https:\/\/www.cbjurstrom.eu\/wp-content\/uploads\/2020\/10\/la_mere2.jpg\" alt=\"\" class=\"wp-image-520 size-full\"\/><\/figure><div class=\"wp-block-media-text__content\">\n<p><strong>UNE MUSIQUE SOMBRE ET TENDUE<\/strong><\/p>\n\n\n\n<h6 class=\"wp-block-heading\">Une musique de piano lyrique et sombre, parfois bruitiste, amplifiant les tourments r\u00e9volutionnaires par un traitement \u00e9lectronique en direct des sons de piano.<\/h6>\n\n\n\n<h6 class=\"wp-block-heading\"><strong>Christofer Bjurstr\u00f6m<\/strong> piano, fl\u00fbte, traitement \u00e9lectronique<\/h6>\n\n\n\n<p><\/p>\n<\/div><\/div>\n\n\n\n<p><em>\u00a4<\/em><\/p>\n","protected":false},"excerpt":{"rendered":"<p>Une musique originale de Christofer Bjurstr\u00f6m, un film de Vsevolod POUDOVKINE (1926) Vlassov et son fils Pavel sont ouvriers dans une grande usine o\u00f9 les conditions de travail sont inhumaines. Tandis que Vlassov sombre dans l\u2019alcoolisme, Pavel milite pour la r\u00e9volution. La m\u00e8re, r\u00e9sign\u00e9e, fait face en silence aux brutalit\u00e9s de son mari et aux&hellip;&nbsp;<\/p>\n","protected":false},"author":1,"featured_media":519,"parent":0,"menu_order":0,"comment_status":"closed","ping_status":"closed","template":"","meta":{"neve_meta_sidebar":"","neve_meta_container":"","neve_meta_enable_content_width":"","neve_meta_content_width":0,"neve_meta_title_alignment":"","neve_meta_author_avatar":"","neve_post_elements_order":"","neve_meta_disable_header":"","neve_meta_disable_footer":"","neve_meta_disable_title":"","footnotes":""},"class_list":["post-518","page","type-page","status-publish","has-post-thumbnail","hentry"],"_links":{"self":[{"href":"https:\/\/www.cbjurstrom.eu\/index.php\/wp-json\/wp\/v2\/pages\/518","targetHints":{"allow":["GET"]}}],"collection":[{"href":"https:\/\/www.cbjurstrom.eu\/index.php\/wp-json\/wp\/v2\/pages"}],"about":[{"href":"https:\/\/www.cbjurstrom.eu\/index.php\/wp-json\/wp\/v2\/types\/page"}],"author":[{"embeddable":true,"href":"https:\/\/www.cbjurstrom.eu\/index.php\/wp-json\/wp\/v2\/users\/1"}],"replies":[{"embeddable":true,"href":"https:\/\/www.cbjurstrom.eu\/index.php\/wp-json\/wp\/v2\/comments?post=518"}],"version-history":[{"count":2,"href":"https:\/\/www.cbjurstrom.eu\/index.php\/wp-json\/wp\/v2\/pages\/518\/revisions"}],"predecessor-version":[{"id":10237,"href":"https:\/\/www.cbjurstrom.eu\/index.php\/wp-json\/wp\/v2\/pages\/518\/revisions\/10237"}],"wp:featuredmedia":[{"embeddable":true,"href":"https:\/\/www.cbjurstrom.eu\/index.php\/wp-json\/wp\/v2\/media\/519"}],"wp:attachment":[{"href":"https:\/\/www.cbjurstrom.eu\/index.php\/wp-json\/wp\/v2\/media?parent=518"}],"curies":[{"name":"wp","href":"https:\/\/api.w.org\/{rel}","templated":true}]}}