{"id":514,"date":"2020-10-22T18:07:07","date_gmt":"2020-10-22T16:07:07","guid":{"rendered":"https:\/\/cbjurstrom.eu\/cbj\/?page_id=514"},"modified":"2024-06-19T14:15:37","modified_gmt":"2024-06-19T12:15:37","slug":"le-maitre-du-logis","status":"publish","type":"page","link":"https:\/\/www.cbjurstrom.eu\/index.php\/le-maitre-du-logis\/","title":{"rendered":"Le Ma\u00eetre du Logis"},"content":{"rendered":"\n<div class=\"wp-block-media-text alignwide is-stacked-on-mobile\"><figure class=\"wp-block-media-text__media\"><img loading=\"lazy\" decoding=\"async\" width=\"400\" height=\"340\" src=\"https:\/\/www.cbjurstrom.eu\/wp-content\/uploads\/2020\/10\/logis.jpg\" alt=\"\" class=\"wp-image-515 size-full\" srcset=\"https:\/\/www.cbjurstrom.eu\/wp-content\/uploads\/2020\/10\/logis.jpg 400w, https:\/\/www.cbjurstrom.eu\/wp-content\/uploads\/2020\/10\/logis-300x255.jpg 300w\" sizes=\"auto, (max-width: 400px) 100vw, 400px\" \/><\/figure><div class=\"wp-block-media-text__content\">\n<p>Un film de C.T. Dreyer | 1925 |<br>Une musique originale de Christofer BJURSTR\u00d6M<\/p>\n\n\n\n<p><strong>-Synopsis &#8211;<\/strong><br>L\u2019horloger Viktor Frandsen, malheureux en affaires, se conduit en \u00e9poux aigri et despotique. Son \u00e9pouse, m\u00e8re de trois enfants, subit vexations et humiliations. Surmen\u00e9e et d\u00e9pressive, Ida Frandsen, sur les conseils de Mads, l\u2019ancienne nourrice de Viktor, d\u00e9laisse alors temporairement son foyer. Mads r\u00e9gnera bient\u00f4t en ma\u00eetresse de foyer intransigeante et Viktor, lui-m\u00eame, finira par lui c\u00e9der. Viktor, instruit par cette cruelle exp\u00e9rience, finira par regretter l\u2019absence de son \u00e9pouse et comprendra l\u2019attitude injuste qu\u2019il manifestait \u00e0 son \u00e9gard. Le retour d\u2019Ida permettra de reconstruire, sur de plus saines fondations, une vie familiale un moment compromise.<\/p>\n\n\n\n<p><strong>Dur\u00e9e :1h23<\/strong><\/p>\n<\/div><\/div>\n\n\n\n<div class=\"wp-block-media-text alignwide has-media-on-the-right is-stacked-on-mobile\"><div class=\"wp-block-media-text__content\">\n<p><strong>Christofer BJURSTR\u00d6M <\/strong>&nbsp;: Piano solo<\/p>\n\n\n\n<p><strong>La musique<\/strong><br>La simplicit\u00e9 d\u2019une musique de piano solo pour ce drame familial o\u00f9 les hommes se font remettre \u00e0 leur place&#8230; Pas de grandes envol\u00e9es, mais un lyrisme doux et intimiste<\/p>\n\n\n\n<p class=\"has-accent-color has-text-color has-link-color wp-elements-6883f5430e468a985b7f5b1052d14719\"><strong>Attention: pour des questions de droit, ce film n&rsquo;est pas disponible pour le moment<\/strong><\/p>\n<\/div><figure class=\"wp-block-media-text__media\"><img loading=\"lazy\" decoding=\"async\" width=\"255\" height=\"197\" src=\"https:\/\/www.cbjurstrom.eu\/wp-content\/uploads\/2020\/10\/logis2.jpg\" alt=\"\" class=\"wp-image-516 size-full\"\/><\/figure><\/div>\n","protected":false},"excerpt":{"rendered":"<p>Un film de C.T. Dreyer | 1925 |Une musique originale de Christofer BJURSTR\u00d6M -Synopsis &#8211;L\u2019horloger Viktor Frandsen, malheureux en affaires, se conduit en \u00e9poux aigri et despotique. Son \u00e9pouse, m\u00e8re de trois enfants, subit vexations et humiliations. Surmen\u00e9e et d\u00e9pressive, Ida Frandsen, sur les conseils de Mads, l\u2019ancienne nourrice de Viktor, d\u00e9laisse alors temporairement son&hellip;&nbsp;<\/p>\n","protected":false},"author":1,"featured_media":661,"parent":0,"menu_order":0,"comment_status":"closed","ping_status":"closed","template":"","meta":{"neve_meta_sidebar":"","neve_meta_container":"","neve_meta_enable_content_width":"","neve_meta_content_width":0,"neve_meta_title_alignment":"","neve_meta_author_avatar":"","neve_post_elements_order":"","neve_meta_disable_header":"","neve_meta_disable_footer":"","neve_meta_disable_title":"","footnotes":""},"class_list":["post-514","page","type-page","status-publish","has-post-thumbnail","hentry"],"_links":{"self":[{"href":"https:\/\/www.cbjurstrom.eu\/index.php\/wp-json\/wp\/v2\/pages\/514","targetHints":{"allow":["GET"]}}],"collection":[{"href":"https:\/\/www.cbjurstrom.eu\/index.php\/wp-json\/wp\/v2\/pages"}],"about":[{"href":"https:\/\/www.cbjurstrom.eu\/index.php\/wp-json\/wp\/v2\/types\/page"}],"author":[{"embeddable":true,"href":"https:\/\/www.cbjurstrom.eu\/index.php\/wp-json\/wp\/v2\/users\/1"}],"replies":[{"embeddable":true,"href":"https:\/\/www.cbjurstrom.eu\/index.php\/wp-json\/wp\/v2\/comments?post=514"}],"version-history":[{"count":3,"href":"https:\/\/www.cbjurstrom.eu\/index.php\/wp-json\/wp\/v2\/pages\/514\/revisions"}],"predecessor-version":[{"id":11108,"href":"https:\/\/www.cbjurstrom.eu\/index.php\/wp-json\/wp\/v2\/pages\/514\/revisions\/11108"}],"wp:featuredmedia":[{"embeddable":true,"href":"https:\/\/www.cbjurstrom.eu\/index.php\/wp-json\/wp\/v2\/media\/661"}],"wp:attachment":[{"href":"https:\/\/www.cbjurstrom.eu\/index.php\/wp-json\/wp\/v2\/media?parent=514"}],"curies":[{"name":"wp","href":"https:\/\/api.w.org\/{rel}","templated":true}]}}