{"id":510,"date":"2020-10-22T18:03:31","date_gmt":"2020-10-22T16:03:31","guid":{"rendered":"https:\/\/cbjurstrom.eu\/cbj\/?page_id=510"},"modified":"2021-09-15T18:05:21","modified_gmt":"2021-09-15T16:05:21","slug":"loulou","status":"publish","type":"page","link":"https:\/\/www.cbjurstrom.eu\/index.php\/loulou\/","title":{"rendered":"Loulou"},"content":{"rendered":"\n<div class=\"wp-block-media-text alignwide is-stacked-on-mobile\"><figure class=\"wp-block-media-text__media\"><img loading=\"lazy\" decoding=\"async\" width=\"830\" height=\"1024\" src=\"https:\/\/www.cbjurstrom.eu\/wp-content\/uploads\/2020\/10\/Loulou-Carte-1-830x1024.jpg\" alt=\"\" class=\"wp-image-511 size-full\" srcset=\"https:\/\/www.cbjurstrom.eu\/wp-content\/uploads\/2020\/10\/Loulou-Carte-1-830x1024.jpg 830w, https:\/\/www.cbjurstrom.eu\/wp-content\/uploads\/2020\/10\/Loulou-Carte-1-243x300.jpg 243w, https:\/\/www.cbjurstrom.eu\/wp-content\/uploads\/2020\/10\/Loulou-Carte-1-768x947.jpg 768w, https:\/\/www.cbjurstrom.eu\/wp-content\/uploads\/2020\/10\/Loulou-Carte-1-1245x1536.jpg 1245w, https:\/\/www.cbjurstrom.eu\/wp-content\/uploads\/2020\/10\/Loulou-Carte-1.jpg 1290w\" sizes=\"auto, (max-width: 830px) 100vw, 830px\" \/><\/figure><div class=\"wp-block-media-text__content\">\n<p>Un film de G.W.Pabst, avec Louise Brooks (Allemagne, 1928)<br>Musique originale de Christofer BJURSTR\u00d6M<\/p>\n\n\n\n<p>R\u00e9alis\u00e9 en 1928, ce film inspir\u00e9 de \u00ab\u00a0La boite de Pandore\u00a0\u00bb de Franck Wedekind, est une des \u0153uvres majeures du cin\u00e9ma mondial. Cette miraculeuse rencontre d\u2019une actrice exceptionnelle, Louise Brooks, et d\u2019un metteur en sc\u00e8ne inspir\u00e9 conserve pour toujours un incroyable pouvoir de fascination.<\/p>\n\n\n\n<p>A sa sortie, le film a \u00e9t\u00e9 massacr\u00e9 par la censure, et il a fallu un patient travail de reconstitution pour retrouver l\u2019int\u00e9grit\u00e9 de ce chef d\u2019\u0153uvre.<\/p>\n\n\n\n<p><strong>AVEC LOUISE BROOKS, INCARNATION TROUBLANTE DE LOULOU&nbsp;!<\/strong><\/p>\n\n\n\n<h6 class=\"wp-block-heading\">Loulou, belle, capricieuse, insouciante et innocemment perverse, ne vit que pour l\u2019amour. Son riche amant, le docteur Sch\u00f6n, puissant magnat de la presse et du th\u00e9\u00e2tre, est fianc\u00e9 \u00e0 la fille du ministre de l\u2019int\u00e9rieur et Loulou pr\u00e9pare une revue que commandite son amant. Le soir de la premi\u00e8re, Loulou provoque un scandale et accule son amant \u00e0 la rupture&nbsp;: le Dr Sch\u00f6n \u00e9pousera donc Loulou. Au soir de ses noces, rendu fou furieux par la l\u00e9g\u00e8ret\u00e9 de Loulou, le Dr Sch\u00f6n veut l\u2019obliger \u00e0 se suicider mais, dans la lutte qui s\u2019ensuit, il est tu\u00e9 accidentellement. Accus\u00e9e de meurtre, Loulou parvient \u00e0 s\u2019enfuir le jour du proc\u00e8s gr\u00e2ce \u00e0 ses amis, et notamment Alwa, le propre fils du Dr Sch\u00f6n. Elle s\u2019enfuit avec lui et s\u00e9journe quelques temps sur un cargo servant de tripot, dans le brouillard des quais d\u2019un port fran\u00e7ais&#8230;&#8230;<\/h6>\n\n\n\n<p><strong>Dur\u00e9e&nbsp;: 134mn (2h14)<br>format&nbsp;: DCP &#8211; N&amp;B<\/strong><\/p>\n<\/div><\/div>\n\n\n\n<div class=\"wp-block-media-text alignwide has-media-on-the-right is-stacked-on-mobile\"><figure class=\"wp-block-media-text__media\"><img loading=\"lazy\" decoding=\"async\" width=\"1024\" height=\"774\" src=\"https:\/\/www.cbjurstrom.eu\/wp-content\/uploads\/2020\/10\/loulou-1-1024x774.jpg\" alt=\"\" class=\"wp-image-512 size-full\" srcset=\"https:\/\/www.cbjurstrom.eu\/wp-content\/uploads\/2020\/10\/loulou-1-1024x774.jpg 1024w, https:\/\/www.cbjurstrom.eu\/wp-content\/uploads\/2020\/10\/loulou-1-300x227.jpg 300w, https:\/\/www.cbjurstrom.eu\/wp-content\/uploads\/2020\/10\/loulou-1-768x580.jpg 768w, https:\/\/www.cbjurstrom.eu\/wp-content\/uploads\/2020\/10\/loulou-1-1536x1161.jpg 1536w, https:\/\/www.cbjurstrom.eu\/wp-content\/uploads\/2020\/10\/loulou-1.jpg 1600w\" sizes=\"auto, (max-width: 1024px) 100vw, 1024px\" \/><\/figure><div class=\"wp-block-media-text__content\">\n<p><strong>UNE MUSIQUE ENVOUTANTE ET SECRETE<\/strong><br>Loulou est un film \u00e0 la beaut\u00e9 v\u00e9n\u00e9neuse et fascinante, comme son h\u00e9ro\u00efne, et pour ce film Christofer Bjurstr\u00f6m a compos\u00e9 une musique envo\u00fbtante et intimiste, d\u00e9pouill\u00e9e, s\u2019appuyant sur le souffle sensuel des saxophones et de la fl\u00fbte, le lyrisme du piano et la pr\u00e9sence dramatique des percussions et d\u2019une \u00e9lectronique discr\u00e8te.<\/p>\n\n\n\n<p>Pour cette h\u00e9ro\u00efne qui descend une \u00e0 une les marches de la d\u00e9ch\u00e9ance, la musique, plut\u00f4t sombre, propose des moments feutr\u00e9s, des th\u00e8mes obsessionnels, des contrastes. Les musiciens cr\u00e9ent une atmosph\u00e8re enveloppante, fascin\u00e9e, prenante sans devenir \u00e9touffante.<\/p>\n\n\n\n<p>Le choix de l\u2019orchestration, qu\u2019on pourrait voir comme un quartet de jazz sans basse, vise \u00e0 rechercher un ailleurs, une approche radicalement intimiste, \u00e0 la mani\u00e8re d\u2019une musique de chambre contemporaine ayant des affinit\u00e9s avec un jazz impressionniste.<\/p>\n\n\n\n<h5 class=\"wp-block-heading\"><strong>Le BJURSTR\u00d6M TRIO<\/strong><\/h5>\n\n\n\n<ul class=\"wp-block-list\"><li><strong>Christofer Bjurstr\u00f6m<\/strong> Piano, fl\u00fbte, \u00e9lectronique et composition<\/li><li><strong>Francois Malet<\/strong> Percussions<\/li><li><strong>Rob Lavers<\/strong> Saxophones, Fl\u00fbte<\/li><\/ul>\n\n\n\n<p>Une version en piano solo est \u00e9galement possible.<\/p>\n<\/div><\/div>\n","protected":false},"excerpt":{"rendered":"<p>Un film de G.W.Pabst, avec Louise Brooks (Allemagne, 1928)Musique originale de Christofer BJURSTR\u00d6M R\u00e9alis\u00e9 en 1928, ce film inspir\u00e9 de \u00ab\u00a0La boite de Pandore\u00a0\u00bb de Franck Wedekind, est une des \u0153uvres majeures du cin\u00e9ma mondial. Cette miraculeuse rencontre d\u2019une actrice exceptionnelle, Louise Brooks, et d\u2019un metteur en sc\u00e8ne inspir\u00e9 conserve pour toujours un incroyable pouvoir&hellip;&nbsp;<\/p>\n","protected":false},"author":1,"featured_media":511,"parent":0,"menu_order":0,"comment_status":"closed","ping_status":"closed","template":"","meta":{"neve_meta_sidebar":"","neve_meta_container":"","neve_meta_enable_content_width":"","neve_meta_content_width":0,"neve_meta_title_alignment":"","neve_meta_author_avatar":"","neve_post_elements_order":"","neve_meta_disable_header":"","neve_meta_disable_footer":"","neve_meta_disable_title":"","footnotes":""},"class_list":["post-510","page","type-page","status-publish","has-post-thumbnail","hentry"],"_links":{"self":[{"href":"https:\/\/www.cbjurstrom.eu\/index.php\/wp-json\/wp\/v2\/pages\/510","targetHints":{"allow":["GET"]}}],"collection":[{"href":"https:\/\/www.cbjurstrom.eu\/index.php\/wp-json\/wp\/v2\/pages"}],"about":[{"href":"https:\/\/www.cbjurstrom.eu\/index.php\/wp-json\/wp\/v2\/types\/page"}],"author":[{"embeddable":true,"href":"https:\/\/www.cbjurstrom.eu\/index.php\/wp-json\/wp\/v2\/users\/1"}],"replies":[{"embeddable":true,"href":"https:\/\/www.cbjurstrom.eu\/index.php\/wp-json\/wp\/v2\/comments?post=510"}],"version-history":[{"count":3,"href":"https:\/\/www.cbjurstrom.eu\/index.php\/wp-json\/wp\/v2\/pages\/510\/revisions"}],"predecessor-version":[{"id":10234,"href":"https:\/\/www.cbjurstrom.eu\/index.php\/wp-json\/wp\/v2\/pages\/510\/revisions\/10234"}],"wp:featuredmedia":[{"embeddable":true,"href":"https:\/\/www.cbjurstrom.eu\/index.php\/wp-json\/wp\/v2\/media\/511"}],"wp:attachment":[{"href":"https:\/\/www.cbjurstrom.eu\/index.php\/wp-json\/wp\/v2\/media?parent=510"}],"curies":[{"name":"wp","href":"https:\/\/api.w.org\/{rel}","templated":true}]}}