{"id":508,"date":"2020-10-22T17:56:24","date_gmt":"2020-10-22T15:56:24","guid":{"rendered":"https:\/\/cbjurstrom.eu\/cbj\/?page_id=508"},"modified":"2025-09-04T19:37:06","modified_gmt":"2025-09-04T17:37:06","slug":"lhomme-qui-rit","status":"publish","type":"page","link":"https:\/\/www.cbjurstrom.eu\/index.php\/lhomme-qui-rit\/","title":{"rendered":"L&rsquo;homme qui rit"},"content":{"rendered":"\n<p><\/p>\n\n\n\n<div class=\"wp-block-media-text alignwide is-stacked-on-mobile\"><figure class=\"wp-block-media-text__media\"><img loading=\"lazy\" decoding=\"async\" width=\"1024\" height=\"781\" src=\"https:\/\/www.cbjurstrom.eu\/wp-content\/uploads\/91L8C6FCGxL._SL1500_-1024x781.jpg\" alt=\"\" class=\"wp-image-11262 size-full\" srcset=\"https:\/\/www.cbjurstrom.eu\/wp-content\/uploads\/91L8C6FCGxL._SL1500_-1024x781.jpg 1024w, https:\/\/www.cbjurstrom.eu\/wp-content\/uploads\/91L8C6FCGxL._SL1500_-300x229.jpg 300w, https:\/\/www.cbjurstrom.eu\/wp-content\/uploads\/91L8C6FCGxL._SL1500_-768x586.jpg 768w, https:\/\/www.cbjurstrom.eu\/wp-content\/uploads\/91L8C6FCGxL._SL1500_.jpg 1500w\" sizes=\"auto, (max-width: 1024px) 100vw, 1024px\" \/><\/figure><div class=\"wp-block-media-text__content\">\n<p>Un film de Paul Leni (1929), le premier film am\u00e9ricain de ce r\u00e9alisateur allemand, une adaptation du roman de Victor Hugo.<br>Avec Conrad Veidt et Mary Philbin.<\/p>\n\n\n\n<p>Christofer Bjurstr\u00f6m, piano solo.<\/p>\n\n\n\n<p>En Angleterre, au XVIIIe si\u00e8cle, le roi Jacques II se d\u00e9barrasse d\u2019un ennemi politique et livre le jeune fils de celui-ci aux ach\u00e8te-petits&nbsp;\u00bb qui transforment les enfants en monstres dans le but de les montrer dans les foires. L\u2019enfant a ainsi eu les coins des l\u00e8vres relev\u00e9s, d\u00e9couvrant ses dents dans un \u00e9ternel rictus. Abandonn\u00e9 par ses malfaiteurs, il se retrouve \u00e0 errer dans la neige et d\u00e9couvre le b\u00e9b\u00e9 en pleurs d\u2019une femme morte. Se r\u00e9fugiant dans la plus proche cabane, il fait la rencontre d\u2019Ursus, le philosophe\u2026<\/p>\n\n\n\n<p>Devenu adulte, et clown c\u00e9l\u00e8bre, Gwynplaine, mieux connu sous le sobriquet de \u00ab&nbsp;l\u2019homme qui rit&nbsp;\u00bb va de foire en foire avec Ursus et Dea (l\u2019enfant qu\u2019il avait sauv\u00e9e), maintenant jeune fille aux traits ang\u00e9\u00adliques mais aveugle-n\u00e9e&#8230;&#8230;<\/p>\n\n\n\n<p>Dur\u00e9e 1h50<br>DCP<\/p>\n\n\n\n<p class=\"has-accent-color has-text-color has-link-color wp-elements-5993240b6b0faad960092413b0a8f39f\"><strong>Attention: pour des questions de droit, ce film n&rsquo;est pas disponible actuellement.<\/strong><\/p>\n\n\n\n<p><em>\u00a4<\/em><\/p>\n<\/div><\/div>\n\n\n\n<div class=\"wp-block-media-text alignwide has-media-on-the-right is-stacked-on-mobile\"><div class=\"wp-block-media-text__content\">\n<p class=\"has-medium-font-size\">L\u2019homme qui rit est un film qui m\u00eale drame et aventures romantiques, tout en suscitant un certain malaise. La musique du cin\u00e9-concert s\u2019attachera \u00e0 mettre en relief ces diff\u00e9rentes facettes, le drame, les sentiments amoureux, les intrigues et surtout l\u2019humain dans les personnages. Apporter le soutien de la musique au souffle du film.<\/p>\n<\/div><figure class=\"wp-block-media-text__media\"><img loading=\"lazy\" decoding=\"async\" width=\"1024\" height=\"791\" src=\"https:\/\/www.cbjurstrom.eu\/wp-content\/uploads\/91sWqd7N-HL._SL1500_-1024x791.jpg\" alt=\"\" class=\"wp-image-11263 size-full\" srcset=\"https:\/\/www.cbjurstrom.eu\/wp-content\/uploads\/91sWqd7N-HL._SL1500_-1024x791.jpg 1024w, https:\/\/www.cbjurstrom.eu\/wp-content\/uploads\/91sWqd7N-HL._SL1500_-300x232.jpg 300w, https:\/\/www.cbjurstrom.eu\/wp-content\/uploads\/91sWqd7N-HL._SL1500_-768x593.jpg 768w, https:\/\/www.cbjurstrom.eu\/wp-content\/uploads\/91sWqd7N-HL._SL1500_.jpg 1500w\" sizes=\"auto, (max-width: 1024px) 100vw, 1024px\" \/><\/figure><\/div>\n","protected":false},"excerpt":{"rendered":"<p>Un film de Paul Leni (1929), le premier film am\u00e9ricain de ce r\u00e9alisateur allemand, une adaptation du roman de Victor Hugo.Avec Conrad Veidt et Mary Philbin. Christofer Bjurstr\u00f6m, piano solo. En Angleterre, au XVIIIe si\u00e8cle, le roi Jacques II se d\u00e9barrasse d\u2019un ennemi politique et livre le jeune fils de celui-ci aux ach\u00e8te-petits&nbsp;\u00bb qui transforment&hellip;&nbsp;<\/p>\n","protected":false},"author":1,"featured_media":0,"parent":0,"menu_order":0,"comment_status":"closed","ping_status":"closed","template":"","meta":{"neve_meta_sidebar":"","neve_meta_container":"","neve_meta_enable_content_width":"","neve_meta_content_width":0,"neve_meta_title_alignment":"","neve_meta_author_avatar":"","neve_post_elements_order":"","neve_meta_disable_header":"","neve_meta_disable_footer":"","neve_meta_disable_title":"","footnotes":""},"class_list":["post-508","page","type-page","status-publish","hentry"],"_links":{"self":[{"href":"https:\/\/www.cbjurstrom.eu\/index.php\/wp-json\/wp\/v2\/pages\/508","targetHints":{"allow":["GET"]}}],"collection":[{"href":"https:\/\/www.cbjurstrom.eu\/index.php\/wp-json\/wp\/v2\/pages"}],"about":[{"href":"https:\/\/www.cbjurstrom.eu\/index.php\/wp-json\/wp\/v2\/types\/page"}],"author":[{"embeddable":true,"href":"https:\/\/www.cbjurstrom.eu\/index.php\/wp-json\/wp\/v2\/users\/1"}],"replies":[{"embeddable":true,"href":"https:\/\/www.cbjurstrom.eu\/index.php\/wp-json\/wp\/v2\/comments?post=508"}],"version-history":[{"count":3,"href":"https:\/\/www.cbjurstrom.eu\/index.php\/wp-json\/wp\/v2\/pages\/508\/revisions"}],"predecessor-version":[{"id":11264,"href":"https:\/\/www.cbjurstrom.eu\/index.php\/wp-json\/wp\/v2\/pages\/508\/revisions\/11264"}],"wp:attachment":[{"href":"https:\/\/www.cbjurstrom.eu\/index.php\/wp-json\/wp\/v2\/media?parent=508"}],"curies":[{"name":"wp","href":"https:\/\/api.w.org\/{rel}","templated":true}]}}