{"id":506,"date":"2020-10-22T17:49:57","date_gmt":"2020-10-22T15:49:57","guid":{"rendered":"https:\/\/cbjurstrom.eu\/cbj\/?page_id=506"},"modified":"2021-09-15T18:03:46","modified_gmt":"2021-09-15T16:03:46","slug":"la-fille-de-leau","status":"publish","type":"page","link":"https:\/\/www.cbjurstrom.eu\/index.php\/la-fille-de-leau\/","title":{"rendered":"La Fille de l&rsquo;Eau"},"content":{"rendered":"\n<p>Page en cours de r\u00e9alisation<\/p>\n\n\n\n<div class=\"wp-block-media-text alignwide is-stacked-on-mobile\"><figure class=\"wp-block-media-text__media\"><img loading=\"lazy\" decoding=\"async\" width=\"500\" height=\"375\" src=\"https:\/\/www.cbjurstrom.eu\/wp-content\/uploads\/2020\/11\/nana-4.png\" alt=\"\" class=\"wp-image-878 size-full\" srcset=\"https:\/\/www.cbjurstrom.eu\/wp-content\/uploads\/2020\/11\/nana-4.png 500w, https:\/\/www.cbjurstrom.eu\/wp-content\/uploads\/2020\/11\/nana-4-300x225.png 300w\" sizes=\"auto, (max-width: 500px) 100vw, 500px\" \/><\/figure><div class=\"wp-block-media-text__content\">\n<p>Film de Jean Renoir (1925)<br>Avec Catherine Hessling,Pierre Philippe, Pierre Champagne, Maurice Touz\u00e9, Harold Levingstone<\/p>\n\n\n\n<p>Une jeune orpheline (Catherine Hessling), expos\u00e9e \u00e0 la haine des villageois, vit sur une p\u00e9niche o\u00f9 elle est martyris\u00e9e par son oncle Jeff (Pierre Philippe). Il tente de la violer, elle s\u2019enfuit et est recueillie par un jeune bourgeois, George Raynal (Harold Levingston), qui en tombe amoureux et la prot\u00e8ge des attaques de l\u2019oncle Jeff.<\/p>\n\n\n\n<p>Premier film de Jean Renoir, La Fille de l\u2019eau est une ode \u00e0 la beaut\u00e9 de son \u00e9pouse Catherine Hessling (de son vrai nom Andr\u00e9e Heischling), qui avait \u00e9t\u00e9 le dernier mod\u00e8le de son p\u00e8re Auguste Renoir. \u00c0 tout juste 30 ans, avide de tout montrer, le cin\u00e9aste y met tout ce qu\u2019il aime, tout ce qu\u2019il admire. Pour rester proche des tableaux de son p\u00e8re, il donne tout naturellement \u00e0 ses images une apparence impressionniste, en les fragmentant par des jeux de lumi\u00e8re.<\/p>\n\n\n\n<p>En v\u00e9ritable artisan, il fabrique les lampes, les r\u00e9flecteurs, les d\u00e9cors, etc., et souhaite proposer quelque chose de nouveau&nbsp;: une \u0153uvre picturale. \u00ab&nbsp;Pour moi, l\u2019id\u00e9al e\u00fbt \u00e9t\u00e9 un film sans sujet, bas\u00e9 uniquement sur les sensations du metteur en sc\u00e8ne, traduites \u00e0 l\u2019usage du public par les acteurs.&nbsp;\u00bb (Jean Renoir, Ma vie et mes films, Flammarion). Un film faisant la part belle au r\u00eave, avec des images film\u00e9es \u00e0 l\u2019envers ou bien encore le cheval mont\u00e9 par Catherine Hessling galopant dans les nuages.<\/p>\n\n\n\n<p>Dur\u00e9e 1h12<br>DCP<\/p>\n<\/div><\/div>\n\n\n\n<div class=\"wp-block-media-text alignwide has-media-on-the-right is-stacked-on-mobile\"><figure class=\"wp-block-media-text__media\"><img loading=\"lazy\" decoding=\"async\" width=\"500\" height=\"375\" src=\"https:\/\/www.cbjurstrom.eu\/wp-content\/uploads\/2020\/11\/nana-4.png\" alt=\"\" class=\"wp-image-878 size-full\" srcset=\"https:\/\/www.cbjurstrom.eu\/wp-content\/uploads\/2020\/11\/nana-4.png 500w, https:\/\/www.cbjurstrom.eu\/wp-content\/uploads\/2020\/11\/nana-4-300x225.png 300w\" sizes=\"auto, (max-width: 500px) 100vw, 500px\" \/><\/figure><div class=\"wp-block-media-text__content\">\n<p>Pour ce film, deux propositions musicales&nbsp;:<br>&nbsp;soit un solo de piano<br>&nbsp;soit le duo piano accord\u00e9on avec la complicit\u00e9 d\u2019Alain Tr\u00e9varin<\/p>\n\n\n\n<p>Une musique fluide, dramatique, parfois ironique, qui \u00e9pouse la dramaturgie du film, entre le rythme des canaux, et la violence sourde et souterraine qui entoure l\u2019h\u00e9ro\u00efne.<\/p>\n\n\n\n<p>Christofer Bjurstr\u00f6m, piano solo, ou<br>Alain Trevarin, accord\u00e9on et Christofer Bjurstr\u00f6m, piano<\/p>\n<\/div><\/div>\n","protected":false},"excerpt":{"rendered":"<p>Page en cours de r\u00e9alisation Film de Jean Renoir (1925)Avec Catherine Hessling,Pierre Philippe, Pierre Champagne, Maurice Touz\u00e9, Harold Levingstone Une jeune orpheline (Catherine Hessling), expos\u00e9e \u00e0 la haine des villageois, vit sur une p\u00e9niche o\u00f9 elle est martyris\u00e9e par son oncle Jeff (Pierre Philippe). Il tente de la violer, elle s\u2019enfuit et est recueillie par&hellip;&nbsp;<\/p>\n","protected":false},"author":1,"featured_media":530,"parent":0,"menu_order":0,"comment_status":"closed","ping_status":"closed","template":"","meta":{"neve_meta_sidebar":"","neve_meta_container":"","neve_meta_enable_content_width":"","neve_meta_content_width":0,"neve_meta_title_alignment":"","neve_meta_author_avatar":"","neve_post_elements_order":"","neve_meta_disable_header":"","neve_meta_disable_footer":"","neve_meta_disable_title":"","footnotes":""},"class_list":["post-506","page","type-page","status-publish","has-post-thumbnail","hentry"],"_links":{"self":[{"href":"https:\/\/www.cbjurstrom.eu\/index.php\/wp-json\/wp\/v2\/pages\/506","targetHints":{"allow":["GET"]}}],"collection":[{"href":"https:\/\/www.cbjurstrom.eu\/index.php\/wp-json\/wp\/v2\/pages"}],"about":[{"href":"https:\/\/www.cbjurstrom.eu\/index.php\/wp-json\/wp\/v2\/types\/page"}],"author":[{"embeddable":true,"href":"https:\/\/www.cbjurstrom.eu\/index.php\/wp-json\/wp\/v2\/users\/1"}],"replies":[{"embeddable":true,"href":"https:\/\/www.cbjurstrom.eu\/index.php\/wp-json\/wp\/v2\/comments?post=506"}],"version-history":[{"count":4,"href":"https:\/\/www.cbjurstrom.eu\/index.php\/wp-json\/wp\/v2\/pages\/506\/revisions"}],"predecessor-version":[{"id":10233,"href":"https:\/\/www.cbjurstrom.eu\/index.php\/wp-json\/wp\/v2\/pages\/506\/revisions\/10233"}],"wp:featuredmedia":[{"embeddable":true,"href":"https:\/\/www.cbjurstrom.eu\/index.php\/wp-json\/wp\/v2\/media\/530"}],"wp:attachment":[{"href":"https:\/\/www.cbjurstrom.eu\/index.php\/wp-json\/wp\/v2\/media?parent=506"}],"curies":[{"name":"wp","href":"https:\/\/api.w.org\/{rel}","templated":true}]}}