{"id":467,"date":"2020-10-22T17:04:06","date_gmt":"2020-10-22T15:04:06","guid":{"rendered":"https:\/\/cbjurstrom.eu\/cbj\/?page_id=467"},"modified":"2021-10-07T10:16:15","modified_gmt":"2021-10-07T08:16:15","slug":"une-femme-a-passe","status":"publish","type":"page","link":"https:\/\/www.cbjurstrom.eu\/index.php\/une-femme-a-passe\/","title":{"rendered":"Une femme a pass\u00e9"},"content":{"rendered":"\n<div class=\"wp-block-media-text alignwide is-stacked-on-mobile\"><figure class=\"wp-block-media-text__media\"><img loading=\"lazy\" decoding=\"async\" width=\"640\" height=\"480\" src=\"https:\/\/www.cbjurstrom.eu\/wp-content\/uploads\/2020\/10\/une-femme-a-passe-1-cdc3f.jpg\" alt=\"\" class=\"wp-image-468 size-full\" srcset=\"https:\/\/www.cbjurstrom.eu\/wp-content\/uploads\/2020\/10\/une-femme-a-passe-1-cdc3f.jpg 640w, https:\/\/www.cbjurstrom.eu\/wp-content\/uploads\/2020\/10\/une-femme-a-passe-1-cdc3f-300x225.jpg 300w\" sizes=\"auto, (max-width: 640px) 100vw, 640px\" \/><\/figure><div class=\"wp-block-media-text__content\">\n<p>De Ren\u00e9 Jayet, France &#8211; 1928<br>Avec&nbsp;: Suzanne Talba, Gaby Dary, Camille Bardou, Gilbert Perigneaux, Jean Guerard, Andre Bertoux, Emile Saint-Ober, Luc Dartagnan<\/p>\n\n\n\n<p>Musique originale de Christofer Bjurstr\u00f6m<\/p>\n\n\n\n<p>Un film tr\u00e8s peu connu, se passant dans le milieu des mariniers du d\u00e9but du XX\u00e8me si\u00e8cle. Une image tr\u00e8s soign\u00e9e, et un art des plans et du mouvement tr\u00e8s convaincant.<\/p>\n\n\n\n<h6 class=\"wp-block-heading\">Concha est danseuse dans un cabaret pour marins et elle a un \u00ab\u00a0homme\u00a0\u00bb. Quand cet homme se fait rosser, elle se retrouve sans protection et d\u00e9cide de partir avec un capitaine de p\u00e9niche rencontr\u00e9 quelques jours auparavant. Sa venue vient troubler la vie paisible de la p\u00e9niche&#8230; femme de porcelaine plus habitu\u00e9e \u00e0 la vie nocturne qu\u2019aux travaux quotidiens, elle ne trouve pas sa place \u00e0 bord. Le capitaine a un fils et ce qui devait arriver arriva, le jeune s\u2019\u00e9prend de la belle et s\u2019enfuit avec elle. Poursuivis par la fureur du capitaine, parviendront-ils \u00e0 trouver le bonheur&nbsp;? On peut rattacher \u00ab\u00a0Une femme a pass\u00e9\u00a0\u00bb \u00e0 la fois au genre du \u00ab\u00a0film de p\u00e9niche\u00a0\u00bb et \u00e0 un courant du cin\u00e9ma fran\u00e7ais de la fin des ann\u00e9es 20 tr\u00e8s influenc\u00e9 par l\u2019expressionnisme allemand.<\/h6>\n\n\n\n<p><strong>tout public \u00e0 partir de 8 ans<br>Dur\u00e9e&nbsp;: 1 h 00<br>format&nbsp;: DCP \/ Video<\/strong><\/p>\n<\/div><\/div>\n\n\n\n<div class=\"wp-block-media-text alignwide has-media-on-the-right is-stacked-on-mobile\"><figure class=\"wp-block-media-text__media\"><img loading=\"lazy\" decoding=\"async\" width=\"400\" height=\"300\" src=\"https:\/\/www.cbjurstrom.eu\/wp-content\/uploads\/2020\/10\/unefemmeapasse_2-97b8e.jpg\" alt=\"\" class=\"wp-image-469 size-full\" srcset=\"https:\/\/www.cbjurstrom.eu\/wp-content\/uploads\/2020\/10\/unefemmeapasse_2-97b8e.jpg 400w, https:\/\/www.cbjurstrom.eu\/wp-content\/uploads\/2020\/10\/unefemmeapasse_2-97b8e-300x225.jpg 300w\" sizes=\"auto, (max-width: 400px) 100vw, 400px\" \/><\/figure><div class=\"wp-block-media-text__content\">\n<p><strong>UNE MUSIQUE FLUIDE ET CONTRASTEE<\/strong><\/p>\n\n\n\n<h6 class=\"wp-block-heading\">Ce film est \u00e0 la fois un film de sensations (le lever du soleil sur les canaux, le rythme de l\u2019eau, la fr\u00e9n\u00e9sie du cabaret) et de sentiments (la jalousie, la passion d\u00e9vorante, la trahison finale), et Christofer Bjurstr\u00f6m a choisi de s\u2019allier les talents d\u2019Alain Trevarin \u00e0 l\u2019accord\u00e9on, et Mika\u00ebl Seznec \u00e0 la contrebasse, pour cr\u00e9er cette musique \u00e0 la fois intime, passionn\u00e9e, et parfois impressionniste.<\/h6>\n\n\n\n<p>Ecoutez-en de courts extraits en cliquant ci-dessous&nbsp;:<\/p>\n\n\n\n<h5 class=\"wp-block-heading\"><strong>le BJURSTR\u00d6M PASSAGE TRIO<\/strong><\/h5>\n\n\n\n<ul class=\"wp-block-list\"><li><strong>Christofer Bjurstr\u00f6m<\/strong> piano, fl\u00fbte<\/li><li><strong>Mika\u00ebl Seznec <\/strong>basse<\/li><li><strong>Alain Tr\u00e9varin <\/strong>accord\u00e9on<\/li><\/ul>\n<\/div><\/div>\n\n\n\n<p>Vous pouvez voir une partie de ce film, avec la musique du cin\u00e9-concert en cliquant sur le lien suivant&nbsp;: <a href=\"http:\/\/www.filmsdocumentaires.com\/films\/4481-une-femme-a-passe\">Une Femme a pass\u00e9<\/a><\/p>\n","protected":false},"excerpt":{"rendered":"<p>De Ren\u00e9 Jayet, France &#8211; 1928Avec&nbsp;: Suzanne Talba, Gaby Dary, Camille Bardou, Gilbert Perigneaux, Jean Guerard, Andre Bertoux, Emile Saint-Ober, Luc Dartagnan Musique originale de Christofer Bjurstr\u00f6m Un film tr\u00e8s peu connu, se passant dans le milieu des mariniers du d\u00e9but du XX\u00e8me si\u00e8cle. Une image tr\u00e8s soign\u00e9e, et un art des plans et du&hellip;&nbsp;<\/p>\n","protected":false},"author":1,"featured_media":468,"parent":0,"menu_order":0,"comment_status":"closed","ping_status":"closed","template":"","meta":{"neve_meta_sidebar":"","neve_meta_container":"","neve_meta_enable_content_width":"","neve_meta_content_width":0,"neve_meta_title_alignment":"","neve_meta_author_avatar":"","neve_post_elements_order":"","neve_meta_disable_header":"","neve_meta_disable_footer":"","neve_meta_disable_title":"","footnotes":""},"class_list":["post-467","page","type-page","status-publish","has-post-thumbnail","hentry"],"_links":{"self":[{"href":"https:\/\/www.cbjurstrom.eu\/index.php\/wp-json\/wp\/v2\/pages\/467","targetHints":{"allow":["GET"]}}],"collection":[{"href":"https:\/\/www.cbjurstrom.eu\/index.php\/wp-json\/wp\/v2\/pages"}],"about":[{"href":"https:\/\/www.cbjurstrom.eu\/index.php\/wp-json\/wp\/v2\/types\/page"}],"author":[{"embeddable":true,"href":"https:\/\/www.cbjurstrom.eu\/index.php\/wp-json\/wp\/v2\/users\/1"}],"replies":[{"embeddable":true,"href":"https:\/\/www.cbjurstrom.eu\/index.php\/wp-json\/wp\/v2\/comments?post=467"}],"version-history":[{"count":3,"href":"https:\/\/www.cbjurstrom.eu\/index.php\/wp-json\/wp\/v2\/pages\/467\/revisions"}],"predecessor-version":[{"id":10248,"href":"https:\/\/www.cbjurstrom.eu\/index.php\/wp-json\/wp\/v2\/pages\/467\/revisions\/10248"}],"wp:featuredmedia":[{"embeddable":true,"href":"https:\/\/www.cbjurstrom.eu\/index.php\/wp-json\/wp\/v2\/media\/468"}],"wp:attachment":[{"href":"https:\/\/www.cbjurstrom.eu\/index.php\/wp-json\/wp\/v2\/media?parent=467"}],"curies":[{"name":"wp","href":"https:\/\/api.w.org\/{rel}","templated":true}]}}