{"id":460,"date":"2020-10-22T16:52:43","date_gmt":"2020-10-22T14:52:43","guid":{"rendered":"https:\/\/cbjurstrom.eu\/cbj\/?page_id=460"},"modified":"2025-09-03T16:46:54","modified_gmt":"2025-09-03T14:46:54","slug":"deux-orphelines","status":"publish","type":"page","link":"https:\/\/www.cbjurstrom.eu\/index.php\/deux-orphelines\/","title":{"rendered":"Deux Orphelines"},"content":{"rendered":"\n<div class=\"wp-block-media-text alignwide is-stacked-on-mobile\"><figure class=\"wp-block-media-text__media\"><img loading=\"lazy\" decoding=\"async\" width=\"512\" height=\"432\" src=\"https:\/\/www.cbjurstrom.eu\/wp-content\/uploads\/2020\/10\/Orphelines1.jpg\" alt=\"\" class=\"wp-image-461 size-full\" srcset=\"https:\/\/www.cbjurstrom.eu\/wp-content\/uploads\/2020\/10\/Orphelines1.jpg 512w, https:\/\/www.cbjurstrom.eu\/wp-content\/uploads\/2020\/10\/Orphelines1-300x253.jpg 300w\" sizes=\"auto, (max-width: 512px) 100vw, 512px\" \/><\/figure><div class=\"wp-block-media-text__content\">\n<p>Un film de D.W.Griffith (1921)<br>Une musique originale de Christofer Bjurstr\u00f6m<\/p>\n\n\n\n<p><strong>Christofer BJURSTR\u00d6M&nbsp;: piano<\/strong><\/p>\n\n\n\n<p>A Paris, peu avant la R\u00e9volution fran\u00e7aise. Deux orphelines sont s\u00e9par\u00e9es par le destin. L\u2019une, aveugle, est exploit\u00e9e par une horrible m\u00e9g\u00e8re qui la fait mendier dans les rues. L\u2019autre devient la proie d\u2019un marquis d\u00e9bauch\u00e9, qui veut la s\u00e9duire de force.<\/p>\n\n\n\n<p>Un grand film de D.W. Griffith.<\/p>\n\n\n\n<p><strong>UN VERITABLE SOUFFLE EPIQUE<\/strong><\/p>\n\n\n\n<h6 class=\"wp-block-heading\">par un des plus grands cin\u00e9astes du Cin\u00e9ma Muet, et du Cin\u00e9ma tout court&#8230;. <\/h6>\n\n\n\n<p class=\"has-accent-color has-text-color has-link-color wp-elements-44a73a200a87c10b0f238264c25a2f6c\"><strong>Attention: pour des questions de droit, la copie n&rsquo;est pas disponible actuellement.<\/strong><\/p>\n\n\n\n<h6 class=\"wp-block-heading\"><strong>Dur\u00e9e&nbsp;: 2h05 mn<br>format&nbsp;: 35mm 24 images\/sec<br><\/strong><\/h6>\n<\/div><\/div>\n\n\n\n<div class=\"wp-block-media-text alignwide is-stacked-on-mobile\" style=\"grid-template-columns:28% auto\"><figure class=\"wp-block-media-text__media\"><img loading=\"lazy\" decoding=\"async\" width=\"134\" height=\"170\" src=\"https:\/\/www.cbjurstrom.eu\/wp-content\/uploads\/2020\/10\/Orphelines3.jpg\" alt=\"\" class=\"wp-image-464 size-full\"\/><\/figure><div class=\"wp-block-media-text__content\">\n<h6 class=\"wp-block-heading\" id=\"block-3dbf657f-0637-4964-a11a-01bbf99ae756\"><em>\u00a0\u00bb Griffith n\u2019est pas seulement un g\u00e9ant parce qu\u2019il a d\u00e9grossi une fois pour toutes et pour tous les deux ou trois hypoth\u00e8ses de base du cin\u00e9ma, mais parce qu\u2019il a montr\u00e9 des choses qu\u2019on a plus jamais vues depuis. Des choses limite, toujours. Des choses qui tendent vers leur limite. Une innocence telle qu\u2019elle appelle la souillure. Une cruaut\u00e9 telle qu\u2019elle appelle le lynchage. Une guerre si g\u00e9n\u00e9ralis\u00e9e qu\u2019elle appelle la paix. Griffith filme comme on boxe, avant et apr\u00e8s la limite. Il ne se fixe pas d\u2019autre but que de capter le visage du condamn\u00e9 qui, graci\u00e9, se croit d\u00e9j\u00e0 mort.Il avait, a \u00e9crit James Agee, un app\u00e9tit d\u00e9mesur\u00e9 pour la violence, pour la cruaut\u00e9 et pour ce fr\u00e8re jumeau de la cruaut\u00e9&nbsp;: une esp\u00e8ce de sensiblerie obsessionnelle qui, en poussant un peu, devient presque r\u00e9pugnante. Griffith obsessionnel et montreur fou, \u00e0 mi-chemin de Dickens et Bataille. Ceux qui ont vu Les Deux orphelines savent de quoi il est question. De quels retournements il retourne&#8230; De la bacchanale des aristocrates \u00e0 laquelle r\u00e9pond, plus tard, la carmagnole du peuple fou. Si le cin\u00e9ma est avant tout l\u2019acte de montrer, il d\u00e9pendra toujours de ceux qui ont la passion de montrer.<br>Un cin\u00e9aste montre le monde dans un film et ce film devient une partie du monde qu\u2019il faut \u00e0 son tour montrer.\u00a0\u00bb<\/em> Serge Daney Lib\u00e9ration<\/h6>\n<\/div><\/div>\n\n\n\n<div class=\"wp-block-media-text alignwide has-media-on-the-right is-stacked-on-mobile\"><div class=\"wp-block-media-text__content\">\n<p class=\"has-normal-font-size\">\u00ab\u00a0Un grand m\u00e9lodrame \u00e9pique que ce film, avec ses grands \u00e9lans sentimentaux, ses grands torrents d\u2019action, et des touches d\u2019humour : la musique \u00e9crite pour ce film par Christofer Bjurstr\u00f6m est de tendance plut\u00f4t n\u00e9oclassique, tout en int\u00e9grant les apports rythmiques du jazz ; elle est l\u00e0 pour soutenir avec sinc\u00e9rit\u00e9 les moments poignants et dramatiques, les courses-poursuites haletantes, le grand suspens final. Croire \u00e0 l\u2019histoire, et jouer avec les acteurs, et quelles actrices\u2026..\u00a0\u00bb<\/p>\n<\/div><figure class=\"wp-block-media-text__media\"><img loading=\"lazy\" decoding=\"async\" width=\"500\" height=\"432\" src=\"https:\/\/www.cbjurstrom.eu\/wp-content\/uploads\/2020\/10\/Orphelines2.jpg\" alt=\"\" class=\"wp-image-462 size-full\" srcset=\"https:\/\/www.cbjurstrom.eu\/wp-content\/uploads\/2020\/10\/Orphelines2.jpg 500w, https:\/\/www.cbjurstrom.eu\/wp-content\/uploads\/2020\/10\/Orphelines2-300x259.jpg 300w\" sizes=\"auto, (max-width: 500px) 100vw, 500px\" \/><\/figure><\/div>\n\n\n\n<figure class=\"wp-block-image size-full\"><img loading=\"lazy\" decoding=\"async\" width=\"185\" height=\"280\" src=\"https:\/\/www.cbjurstrom.eu\/wp-content\/uploads\/Orphelines4.jpg\" alt=\"\" class=\"wp-image-10229\"\/><\/figure>\n","protected":false},"excerpt":{"rendered":"<p>Un film de D.W.Griffith (1921)Une musique originale de Christofer Bjurstr\u00f6m Christofer BJURSTR\u00d6M&nbsp;: piano A Paris, peu avant la R\u00e9volution fran\u00e7aise. Deux orphelines sont s\u00e9par\u00e9es par le destin. L\u2019une, aveugle, est exploit\u00e9e par une horrible m\u00e9g\u00e8re qui la fait mendier dans les rues. L\u2019autre devient la proie d\u2019un marquis d\u00e9bauch\u00e9, qui veut la s\u00e9duire de force.&hellip;&nbsp;<\/p>\n","protected":false},"author":1,"featured_media":462,"parent":0,"menu_order":0,"comment_status":"closed","ping_status":"closed","template":"","meta":{"neve_meta_sidebar":"","neve_meta_container":"","neve_meta_enable_content_width":"","neve_meta_content_width":0,"neve_meta_title_alignment":"","neve_meta_author_avatar":"","neve_post_elements_order":"","neve_meta_disable_header":"","neve_meta_disable_footer":"","neve_meta_disable_title":"","footnotes":""},"class_list":["post-460","page","type-page","status-publish","has-post-thumbnail","hentry"],"_links":{"self":[{"href":"https:\/\/www.cbjurstrom.eu\/index.php\/wp-json\/wp\/v2\/pages\/460","targetHints":{"allow":["GET"]}}],"collection":[{"href":"https:\/\/www.cbjurstrom.eu\/index.php\/wp-json\/wp\/v2\/pages"}],"about":[{"href":"https:\/\/www.cbjurstrom.eu\/index.php\/wp-json\/wp\/v2\/types\/page"}],"author":[{"embeddable":true,"href":"https:\/\/www.cbjurstrom.eu\/index.php\/wp-json\/wp\/v2\/users\/1"}],"replies":[{"embeddable":true,"href":"https:\/\/www.cbjurstrom.eu\/index.php\/wp-json\/wp\/v2\/comments?post=460"}],"version-history":[{"count":5,"href":"https:\/\/www.cbjurstrom.eu\/index.php\/wp-json\/wp\/v2\/pages\/460\/revisions"}],"predecessor-version":[{"id":11105,"href":"https:\/\/www.cbjurstrom.eu\/index.php\/wp-json\/wp\/v2\/pages\/460\/revisions\/11105"}],"wp:featuredmedia":[{"embeddable":true,"href":"https:\/\/www.cbjurstrom.eu\/index.php\/wp-json\/wp\/v2\/media\/462"}],"wp:attachment":[{"href":"https:\/\/www.cbjurstrom.eu\/index.php\/wp-json\/wp\/v2\/media?parent=460"}],"curies":[{"name":"wp","href":"https:\/\/api.w.org\/{rel}","templated":true}]}}