{"id":454,"date":"2020-10-22T16:48:07","date_gmt":"2020-10-22T14:48:07","guid":{"rendered":"https:\/\/cbjurstrom.eu\/cbj\/?page_id=454"},"modified":"2021-09-15T17:58:23","modified_gmt":"2021-09-15T15:58:23","slug":"le-dernier-des-hommes","status":"publish","type":"page","link":"https:\/\/www.cbjurstrom.eu\/index.php\/le-dernier-des-hommes\/","title":{"rendered":"Le Dernier des Hommes"},"content":{"rendered":"\n<p>Un film magnifique tant par la qualit\u00e9 de la r\u00e9alisation et des prises de vue que par la force de l\u2019interpr\u00e9tation et par la simplicit\u00e9 \u00e9mouvante du sc\u00e9nario. Avec ce film, r\u00e9volutionnaire \u00e0 son \u00e9poque, c\u2019est le g\u00e9nie du cin\u00e9ma expressionniste allemand qui \u00e9clate. Murnau fait de la cam\u00e9ra le plus fascinant des moyens d\u2019expression ; perp\u00e9tuellement en mouvement, s\u2019envolant m\u00eame parfois dans des plans d\u2019une audace technique stup\u00e9fiante, la cam\u00e9ra de Murnau d\u00e9crit les lieux, les personnages, leurs actes et leurs \u00e9tats d\u2019\u00e2me avec beaucoup de sensibilit\u00e9 et sans qu\u2019il y ait besoin d\u2019un seul intertitre.<\/p>\n\n\n\n<div class=\"wp-block-media-text alignwide is-stacked-on-mobile\"><figure class=\"wp-block-media-text__media\"><img loading=\"lazy\" decoding=\"async\" width=\"1024\" height=\"641\" src=\"https:\/\/cbjurstrom.eu\/cbj\/wp-content\/uploads\/2020\/10\/DDH-avec-femme-1024x641.jpg\" alt=\"\" class=\"wp-image-455 size-full\" srcset=\"https:\/\/www.cbjurstrom.eu\/wp-content\/uploads\/2020\/10\/DDH-avec-femme-1024x641.jpg 1024w, https:\/\/www.cbjurstrom.eu\/wp-content\/uploads\/2020\/10\/DDH-avec-femme-300x188.jpg 300w, https:\/\/www.cbjurstrom.eu\/wp-content\/uploads\/2020\/10\/DDH-avec-femme-768x481.jpg 768w, https:\/\/www.cbjurstrom.eu\/wp-content\/uploads\/2020\/10\/DDH-avec-femme-1536x961.jpg 1536w, https:\/\/www.cbjurstrom.eu\/wp-content\/uploads\/2020\/10\/DDH-avec-femme-2048x1282.jpg 2048w\" sizes=\"auto, (max-width: 1024px) 100vw, 1024px\" \/><\/figure><div class=\"wp-block-media-text__content\">\n<p>Un film de F.W.Murnau (Allemagne, 1924)<br>Musique originale de Christofer BJURSTR\u00d6M<\/p>\n\n\n\n<p><strong>UN CHEF D\u2019OEUVRE MONDIAL D\u2019UNE GRANDE HUMANITE<\/strong><\/p>\n\n\n\n<h6 class=\"wp-block-heading\">Admir\u00e9 de ses voisins, parce qu\u2019il porte un bel uniforme, le portier d\u2019un grand h\u00f4tel berlinois se prend pour un prince dans la modeste cit\u00e9 o\u00f9 il vit. Mais, l\u2019\u00e2ge venant, son employeur le mute sans m\u00e9nagement \u00e0 l\u2019entretien des toilettes, l\u2019obligeant \u00e0 rendre son uniforme. Grandeur et d\u00e9cadence, car son honneur et sa vie se r\u00e9sument \u00e0 cet habit&nbsp;! Voulant faire illusion, pour le mariage de sa fille, le portier s\u2019empare de l\u2019uniforme la nuit et conserve ainsi son prestige le jour de la f\u00eate. Mais sa famille d\u00e9couvre la v\u00e9rit\u00e9 et tous, voisins et parents le rejettent. D\u00e9finitivement accabl\u00e9, le portier, devenu le dernier des hommes, s\u2019effondre, ne rencontrant dans son malheur qu\u2019un regard ami, celui du gardien de nuit, pauvre parmi les pauvres, lui aussi. .. Mais la porte tournante de l\u2019h\u00f4tel, symbole de la roue du destin, introduit un retournement de situation&nbsp;: notre portier ne vivra pas bien longtemps dans le d\u00e9shonneur. Gr\u00e2ce \u00e0 un client millionnaire excentrique, il devient richissime et, en compagnie de son ami le gardien, il revient \u00e0 l\u2019h\u00f4tel, salu\u00e9 par le directeur qui l\u2019a pr\u00e9c\u00e9demment humili\u00e9&nbsp;; il a maintenant tout le personnel \u00e0 ses ordres mais il saura \u00eatre g\u00e9n\u00e9reux.<\/h6>\n\n\n\n<p><strong>Dur\u00e9e&nbsp;: 1 h 50<br>format&nbsp;: 35 mm et vid\u00e9o<\/strong><\/p>\n<\/div><\/div>\n\n\n\n<div class=\"wp-block-media-text alignwide has-media-on-the-right is-stacked-on-mobile\"><figure class=\"wp-block-media-text__media\"><img loading=\"lazy\" decoding=\"async\" width=\"1024\" height=\"704\" src=\"https:\/\/cbjurstrom.eu\/cbj\/wp-content\/uploads\/2020\/10\/DDH-4-pattes-clair-1024x704.jpg\" alt=\"\" class=\"wp-image-456 size-full\" srcset=\"https:\/\/www.cbjurstrom.eu\/wp-content\/uploads\/2020\/10\/DDH-4-pattes-clair-1024x704.jpg 1024w, https:\/\/www.cbjurstrom.eu\/wp-content\/uploads\/2020\/10\/DDH-4-pattes-clair-300x206.jpg 300w, https:\/\/www.cbjurstrom.eu\/wp-content\/uploads\/2020\/10\/DDH-4-pattes-clair-768x528.jpg 768w, https:\/\/www.cbjurstrom.eu\/wp-content\/uploads\/2020\/10\/DDH-4-pattes-clair-1536x1057.jpg 1536w, https:\/\/www.cbjurstrom.eu\/wp-content\/uploads\/2020\/10\/DDH-4-pattes-clair-2048x1409.jpg 2048w\" sizes=\"auto, (max-width: 1024px) 100vw, 1024px\" \/><\/figure><div class=\"wp-block-media-text__content\">\n<h6 class=\"wp-block-heading\">Le Dernier des Hommes est avant tout un film sur le bouleversement int\u00e9rieur d\u2019un homme et Christofer Bjurstr\u00f6m a choisi une formation \u00ab\u00a0de chambre\u00a0\u00bb&nbsp;: clarinette, violoncelle, piano et percussions, pour une musique d\u2019\u00a0\u00bbint\u00e9riorit\u00e9\u00a0\u00bb. Il y a dans ce film, dans les images, dans la mani\u00e8re de filmer, toute une musique qu\u2019il faut voir et \u00e9couter, aussi la musique du Dernier des Hommes est-elle volontairement minimaliste et intime. \u00a0\u00bb une musique en harmonie avec les images, un jazz aux accents doux, m\u00ealant dynamisme et m\u00e9lancolie et qui dialogue sans cesse avec le film&#8230;servie par de magnifiques interpr\u00e9tes\u00a0\u00bb(Swanze).<\/h6>\n\n\n\n<h5 class=\"wp-block-heading\"><strong>Le BJURSTR\u00d6M CINEQUARTET<\/strong><\/h5>\n\n\n\n<ul class=\"wp-block-list\"><li><strong>Christofer Bjurstr\u00f6m<\/strong> Piano<\/li><li><strong>Fran\u00e7ois Malet<\/strong> Percussions<\/li><li><strong>C\u00e9cile Girard<\/strong> Violoncelle<\/li><li><strong>Christophe Rocher<\/strong> Clarinette<\/li><\/ul>\n<\/div><\/div>\n\n\n\n<figure class=\"wp-block-image size-large\"><img loading=\"lazy\" decoding=\"async\" width=\"1024\" height=\"678\" src=\"https:\/\/cbjurstrom.eu\/cbj\/wp-content\/uploads\/2020\/10\/DDH-reconforte-1024x678.jpg\" alt=\"\" class=\"wp-image-457\" srcset=\"https:\/\/www.cbjurstrom.eu\/wp-content\/uploads\/2020\/10\/DDH-reconforte-1024x678.jpg 1024w, https:\/\/www.cbjurstrom.eu\/wp-content\/uploads\/2020\/10\/DDH-reconforte-300x199.jpg 300w, https:\/\/www.cbjurstrom.eu\/wp-content\/uploads\/2020\/10\/DDH-reconforte-768x509.jpg 768w, https:\/\/www.cbjurstrom.eu\/wp-content\/uploads\/2020\/10\/DDH-reconforte-1536x1018.jpg 1536w, https:\/\/www.cbjurstrom.eu\/wp-content\/uploads\/2020\/10\/DDH-reconforte-2048x1357.jpg 2048w\" sizes=\"auto, (max-width: 1024px) 100vw, 1024px\" \/><\/figure>\n\n\n\n<figure class=\"wp-block-image size-large\"><img loading=\"lazy\" decoding=\"async\" width=\"1024\" height=\"675\" src=\"https:\/\/cbjurstrom.eu\/cbj\/wp-content\/uploads\/2020\/10\/DDH-au-fond-toilettes-1024x675.jpg\" alt=\"\" class=\"wp-image-458\" srcset=\"https:\/\/www.cbjurstrom.eu\/wp-content\/uploads\/2020\/10\/DDH-au-fond-toilettes-1024x675.jpg 1024w, https:\/\/www.cbjurstrom.eu\/wp-content\/uploads\/2020\/10\/DDH-au-fond-toilettes-300x198.jpg 300w, https:\/\/www.cbjurstrom.eu\/wp-content\/uploads\/2020\/10\/DDH-au-fond-toilettes-768x506.jpg 768w, https:\/\/www.cbjurstrom.eu\/wp-content\/uploads\/2020\/10\/DDH-au-fond-toilettes-1536x1012.jpg 1536w, https:\/\/www.cbjurstrom.eu\/wp-content\/uploads\/2020\/10\/DDH-au-fond-toilettes-2048x1350.jpg 2048w\" sizes=\"auto, (max-width: 1024px) 100vw, 1024px\" \/><\/figure>\n","protected":false},"excerpt":{"rendered":"<p>Un film magnifique tant par la qualit\u00e9 de la r\u00e9alisation et des prises de vue que par la force de l\u2019interpr\u00e9tation et par la simplicit\u00e9 \u00e9mouvante du sc\u00e9nario. Avec ce film, r\u00e9volutionnaire \u00e0 son \u00e9poque, c\u2019est le g\u00e9nie du cin\u00e9ma expressionniste allemand qui \u00e9clate. Murnau fait de la cam\u00e9ra le plus fascinant des moyens d\u2019expression&hellip;&nbsp;<\/p>\n","protected":false},"author":1,"featured_media":457,"parent":0,"menu_order":0,"comment_status":"closed","ping_status":"closed","template":"","meta":{"neve_meta_sidebar":"","neve_meta_container":"","neve_meta_enable_content_width":"","neve_meta_content_width":0,"neve_meta_title_alignment":"","neve_meta_author_avatar":"","neve_post_elements_order":"","neve_meta_disable_header":"","neve_meta_disable_footer":"","neve_meta_disable_title":"","footnotes":""},"class_list":["post-454","page","type-page","status-publish","has-post-thumbnail","hentry"],"_links":{"self":[{"href":"https:\/\/www.cbjurstrom.eu\/index.php\/wp-json\/wp\/v2\/pages\/454","targetHints":{"allow":["GET"]}}],"collection":[{"href":"https:\/\/www.cbjurstrom.eu\/index.php\/wp-json\/wp\/v2\/pages"}],"about":[{"href":"https:\/\/www.cbjurstrom.eu\/index.php\/wp-json\/wp\/v2\/types\/page"}],"author":[{"embeddable":true,"href":"https:\/\/www.cbjurstrom.eu\/index.php\/wp-json\/wp\/v2\/users\/1"}],"replies":[{"embeddable":true,"href":"https:\/\/www.cbjurstrom.eu\/index.php\/wp-json\/wp\/v2\/comments?post=454"}],"version-history":[{"count":3,"href":"https:\/\/www.cbjurstrom.eu\/index.php\/wp-json\/wp\/v2\/pages\/454\/revisions"}],"predecessor-version":[{"id":10227,"href":"https:\/\/www.cbjurstrom.eu\/index.php\/wp-json\/wp\/v2\/pages\/454\/revisions\/10227"}],"wp:featuredmedia":[{"embeddable":true,"href":"https:\/\/www.cbjurstrom.eu\/index.php\/wp-json\/wp\/v2\/media\/457"}],"wp:attachment":[{"href":"https:\/\/www.cbjurstrom.eu\/index.php\/wp-json\/wp\/v2\/media?parent=454"}],"curies":[{"name":"wp","href":"https:\/\/api.w.org\/{rel}","templated":true}]}}