{"id":447,"date":"2020-10-22T16:40:09","date_gmt":"2020-10-22T14:40:09","guid":{"rendered":"https:\/\/cbjurstrom.eu\/cbj\/?page_id=447"},"modified":"2021-12-08T15:27:01","modified_gmt":"2021-12-08T14:27:01","slug":"la-belle-nivernaise","status":"publish","type":"page","link":"https:\/\/www.cbjurstrom.eu\/index.php\/la-belle-nivernaise\/","title":{"rendered":"La Belle Nivernaise"},"content":{"rendered":"\n<div class=\"wp-block-media-text alignwide is-stacked-on-mobile\"><figure class=\"wp-block-media-text__media\"><img loading=\"lazy\" decoding=\"async\" width=\"1024\" height=\"682\" src=\"https:\/\/www.cbjurstrom.eu\/wp-content\/uploads\/2020\/10\/La-Belle-Nivernaise-heroine-allongee-1024x682.jpg\" alt=\"\" class=\"wp-image-449 size-full\" srcset=\"https:\/\/www.cbjurstrom.eu\/wp-content\/uploads\/2020\/10\/La-Belle-Nivernaise-heroine-allongee-1024x682.jpg 1024w, https:\/\/www.cbjurstrom.eu\/wp-content\/uploads\/2020\/10\/La-Belle-Nivernaise-heroine-allongee-300x200.jpg 300w, https:\/\/www.cbjurstrom.eu\/wp-content\/uploads\/2020\/10\/La-Belle-Nivernaise-heroine-allongee-768x512.jpg 768w, https:\/\/www.cbjurstrom.eu\/wp-content\/uploads\/2020\/10\/La-Belle-Nivernaise-heroine-allongee-1536x1024.jpg 1536w, https:\/\/www.cbjurstrom.eu\/wp-content\/uploads\/2020\/10\/La-Belle-Nivernaise-heroine-allongee-2048x1365.jpg 2048w, https:\/\/www.cbjurstrom.eu\/wp-content\/uploads\/2020\/10\/La-Belle-Nivernaise-heroine-allongee-360x240.jpg 360w\" sizes=\"auto, (max-width: 1024px) 100vw, 1024px\" \/><\/figure><div class=\"wp-block-media-text__content\">\n<p>Un film de Jean Epstein (France, 1924)<br>Musique originale de Christofer BJURSTR\u00f6M<object width=\"550\" height=\"400\"><\/object><\/p>\n\n\n\n<p>Ce film est un chef d\u2019\u0153uvre du cin\u00e9ma fran\u00e7ais des ann\u00e9es 20. V\u00e9ritable po\u00e8te de l\u2019\u00e9cran, Jean Epstein s\u2019inscrit dans l\u2019avant-garde du cin\u00e9ma de son \u00e9poque, et fait de cette histoire toute simple, un film intemporel vibrant au rythme des canaux et des sentiments.<\/p>\n\n\n\n<p><strong>UN CHEF D\u2019OEUVRE DES ANNEES 20 AU FIL DE L\u2019EAU<\/strong><\/p>\n\n\n\n<h6 class=\"wp-block-heading\">A bord de sa p\u00e9niche, la Belle Nivernaise, Un brave marinier, le p\u00e8re Louveau, recueille un enfant abandonn\u00e9 et l\u2019am\u00e8ne \u00e0 bord de sa p\u00e9niche, o\u00f9 l\u2019enfant, assez mal accueilli par la m\u00e8re Louveau, devient vite le camarade de la petite Clara, fille des mariniers. Quelques ann\u00e9es ont pass\u00e9. Victor est devenu le bras droit de Louveau, qui l\u2019aime comme s\u2019il \u00e9tait son propre fils. Au milieu de ces gens heureux, seul le second du marinier, l\u2019\u00e9quipage, se montre hypocrite et jaloux. A Vernon, Maugendre, le fournisseur habituel en bois du p\u00e8re Louveau, fait la connaissance des deux jeunes gens, les \u00ab\u00a0futurs patrons \u00ab\u00a0, comme dit Louveau. Il raconte l\u2019histoire qui a assombri sa vie, maintenant solitaire&nbsp;; il avait un fils, et ce fils il l\u2019a perdu&#8230;<\/h6>\n\n\n\n<p><strong>Dur\u00e9e&nbsp;: 1 h 10<br>format&nbsp;: DCP \/ 35 mm<\/strong> <\/p>\n<\/div><\/div>\n\n\n\n<div class=\"wp-block-media-text alignwide has-media-on-the-right is-stacked-on-mobile\"><figure class=\"wp-block-media-text__media\"><img loading=\"lazy\" decoding=\"async\" width=\"333\" height=\"151\" src=\"https:\/\/www.cbjurstrom.eu\/wp-content\/uploads\/2020\/10\/nivernaise.jpg2_.jpg\" alt=\"\" class=\"wp-image-448 size-full\" srcset=\"https:\/\/www.cbjurstrom.eu\/wp-content\/uploads\/2020\/10\/nivernaise.jpg2_.jpg 333w, https:\/\/www.cbjurstrom.eu\/wp-content\/uploads\/2020\/10\/nivernaise.jpg2_-300x136.jpg 300w\" sizes=\"auto, (max-width: 333px) 100vw, 333px\" \/><\/figure><div class=\"wp-block-media-text__content\">\n<p><strong>UNE MUSIQUE ENIVRANTE ET SENSUELLE<\/strong><\/p>\n\n\n\n<h6 class=\"wp-block-heading\">La Belle Nivernaise est une belle histoire de gens simples, avec en permanence derri\u00e8re les images, le rythme et la musique de l\u2019eau qui entra\u00eene la p\u00e9niche et ses mariniers. C\u2019est cette musique de l\u2019eau que Christofer Bjurstr\u00f6m a cherch\u00e9 \u00e0 retrouver, en orientant le travail rythmique vers des couleurs aquatiques, et des ensembles en demi-teintes.<\/h6>\n\n\n\n<h5 class=\"wp-block-heading\"><strong>Le BJURSTR\u00d6M CINEQUARTET<\/strong><\/h5>\n\n\n\n<ul class=\"wp-block-list\"><li><strong>Christofer Bjurstr\u00f6m<\/strong> Piano, Fl\u00fbtes<\/li><li><strong>J\u00e9r\u00f4me Soulas<\/strong> ou <strong>Alain Trevarin<\/strong> Accord\u00e9on<\/li><li><strong>Fran\u00e7ois Malet<\/strong> Percussions<\/li><li><strong>G\u00e9rard Bouquin<\/strong> Contrebasse<\/li><\/ul>\n<\/div><\/div>\n\n\n\n<figure class=\"wp-block-image size-full\"><img loading=\"lazy\" decoding=\"async\" width=\"267\" height=\"200\" src=\"https:\/\/www.cbjurstrom.eu\/wp-content\/uploads\/BELLENIVERNAISEPH.jpg\" alt=\"\" class=\"wp-image-10223\"\/><\/figure>\n\n\n\n<figure class=\"wp-block-image size-full\"><img loading=\"lazy\" decoding=\"async\" width=\"720\" height=\"540\" src=\"https:\/\/www.cbjurstrom.eu\/wp-content\/uploads\/LA_BELLEBN_49_l.jpg\" alt=\"\" class=\"wp-image-10225\" srcset=\"https:\/\/www.cbjurstrom.eu\/wp-content\/uploads\/LA_BELLEBN_49_l.jpg 720w, https:\/\/www.cbjurstrom.eu\/wp-content\/uploads\/LA_BELLEBN_49_l-300x225.jpg 300w\" sizes=\"auto, (max-width: 720px) 100vw, 720px\" \/><\/figure>\n","protected":false},"excerpt":{"rendered":"<p>Un film de Jean Epstein (France, 1924)Musique originale de Christofer BJURSTR\u00f6M Ce film est un chef d\u2019\u0153uvre du cin\u00e9ma fran\u00e7ais des ann\u00e9es 20. V\u00e9ritable po\u00e8te de l\u2019\u00e9cran, Jean Epstein s\u2019inscrit dans l\u2019avant-garde du cin\u00e9ma de son \u00e9poque, et fait de cette histoire toute simple, un film intemporel vibrant au rythme des canaux et des sentiments.&hellip;&nbsp;<\/p>\n","protected":false},"author":1,"featured_media":10220,"parent":0,"menu_order":0,"comment_status":"closed","ping_status":"closed","template":"","meta":{"neve_meta_sidebar":"","neve_meta_container":"","neve_meta_enable_content_width":"","neve_meta_content_width":0,"neve_meta_title_alignment":"","neve_meta_author_avatar":"","neve_post_elements_order":"","neve_meta_disable_header":"","neve_meta_disable_footer":"","neve_meta_disable_title":"","footnotes":""},"class_list":["post-447","page","type-page","status-publish","has-post-thumbnail","hentry"],"_links":{"self":[{"href":"https:\/\/www.cbjurstrom.eu\/index.php\/wp-json\/wp\/v2\/pages\/447","targetHints":{"allow":["GET"]}}],"collection":[{"href":"https:\/\/www.cbjurstrom.eu\/index.php\/wp-json\/wp\/v2\/pages"}],"about":[{"href":"https:\/\/www.cbjurstrom.eu\/index.php\/wp-json\/wp\/v2\/types\/page"}],"author":[{"embeddable":true,"href":"https:\/\/www.cbjurstrom.eu\/index.php\/wp-json\/wp\/v2\/users\/1"}],"replies":[{"embeddable":true,"href":"https:\/\/www.cbjurstrom.eu\/index.php\/wp-json\/wp\/v2\/comments?post=447"}],"version-history":[{"count":6,"href":"https:\/\/www.cbjurstrom.eu\/index.php\/wp-json\/wp\/v2\/pages\/447\/revisions"}],"predecessor-version":[{"id":10278,"href":"https:\/\/www.cbjurstrom.eu\/index.php\/wp-json\/wp\/v2\/pages\/447\/revisions\/10278"}],"wp:featuredmedia":[{"embeddable":true,"href":"https:\/\/www.cbjurstrom.eu\/index.php\/wp-json\/wp\/v2\/media\/10220"}],"wp:attachment":[{"href":"https:\/\/www.cbjurstrom.eu\/index.php\/wp-json\/wp\/v2\/media?parent=447"}],"curies":[{"name":"wp","href":"https:\/\/api.w.org\/{rel}","templated":true}]}}