{"id":445,"date":"2020-10-22T16:34:01","date_gmt":"2020-10-22T14:34:01","guid":{"rendered":"https:\/\/cbjurstrom.eu\/cbj\/?page_id=445"},"modified":"2025-09-04T19:39:28","modified_gmt":"2025-09-04T17:39:28","slug":"films-dramatiques","status":"publish","type":"page","link":"https:\/\/www.cbjurstrom.eu\/index.php\/films-dramatiques\/","title":{"rendered":"Films Dramatiques"},"content":{"rendered":"\n<h3 class=\"wp-block-heading\">Un  large r\u00e9pertoire de films dramatiques, allant du drame social au m\u00e9lodrame flamboyant.<\/h3>\n\n\n\n<ul class=\"wp-block-list\">\n<li>Cin\u00e9-Concert <a href=\"https:\/\/cbjurstrom.eu\/index.php\/le-dernier-des-hommes\/\" target=\"_blank\" rel=\"noreferrer noopener\">Le Dernier des Hommes<\/a> de F.W.Murnau (All., 1924)<br><strong>Grandeur et d\u00e9cadence pour le portier d\u2019un grand h\u00f4tel dans le Berlin des ann\u00e9es folles<\/strong><br>4 musiciens<\/li>\n\n\n\n<li>Cin\u00e9-Concert <a href=\"https:\/\/cbjurstrom.eu\/index.php\/une-femme-a-passe\/\" target=\"_blank\" rel=\"noreferrer noopener\">Une femme a pass\u00e9<\/a> de Ren\u00e9 Jayet (France, 1927)<br><strong>Un film m\u00e9connu\u00a0: une femme fatale s\u00e8me le trouble dans la vie tranquille de mariniers<\/strong><br>3 musiciens<\/li>\n\n\n\n<li>Cin\u00e9-Concert <a href=\"https:\/\/cbjurstrom.eu\/index.php\/loulou\/\" target=\"_blank\" rel=\"noreferrer noopener\">Loulou<\/a> de G.W.Pabst (Allemagne, 1928)<br><strong>Le film culte avec la merveilleuse Louise Brooks dans le Berlin des ann\u00e9es folles<\/strong><br>1 musicien \/ ou 3 musiciens<\/li>\n\n\n\n<li>Cin\u00e9-Concert <a href=\"https:\/\/cbjurstrom.eu\/index.php\/pecheur-dislande\/\" target=\"_blank\" rel=\"noreferrer noopener\">P\u00eacheur d\u2019Islande<\/a> de J. de Baroncelli (France, 1924)<br><strong>Une adaptation tr\u00e8s fid\u00e8le du roman de Pierre Loti<\/strong><br>2 musiciens<\/li>\n\n\n\n<li>Cin\u00e9-Concert <a href=\"https:\/\/cbjurstrom.eu\/index.php\/la-belle-nivernaise\/\" target=\"_blank\" rel=\"noreferrer noopener\">La Belle Nivernaise<\/a> de Jean Epstein (France 1924)<br><strong>Une histoire toute en tendresse, au fil de l\u2019eau&#8230;merveilleusement film\u00e9e par Jean Epstein<\/strong><br>5 musiciens<\/li>\n\n\n\n<li>Cin\u00e9-Concert <a href=\"https:\/\/cbjurstrom.eu\/index.php\/metropolis\/\" target=\"_blank\" rel=\"noreferrer noopener\">M\u00e9tropolis<\/a> de Fritz Lang<br><strong>Le film mythique de Fritz Lang.<\/strong><br>2 musiciens (piano et \u00e9lectronique)<\/li>\n\n\n\n<li>Cin\u00e9-concert <a href=\"https:\/\/cbjurstrom.eu\/index.php\/la-passion-de-jeanne-darc\/\" target=\"_blank\" rel=\"noreferrer noopener\">La Passion de Jeanne d\u2019Arc<\/a>, de C.T. Dreyer (France, 1928)<br><strong>Un des plus grands films de Dreyer<\/strong><br>piano et \u00e9lectronique solo<\/li>\n\n\n\n<li>Cin\u00e9-concert <a href=\"https:\/\/cbjurstrom.eu\/index.php\/la-mere\/\" target=\"_blank\" rel=\"noreferrer noopener\">La M\u00e8re <\/a>, de V.Poudovkine (URSS, 1925)<br><strong>Une grande \u00e9pop\u00e9e dans la Russie r\u00e9volutionnaire<\/strong><br>piano et \u00e9lectronique solo<\/li>\n<\/ul>\n","protected":false},"excerpt":{"rendered":"<p>Un large r\u00e9pertoire de films dramatiques, allant du drame social au m\u00e9lodrame flamboyant.<\/p>\n","protected":false},"author":1,"featured_media":642,"parent":0,"menu_order":0,"comment_status":"closed","ping_status":"closed","template":"","meta":{"neve_meta_sidebar":"","neve_meta_container":"","neve_meta_enable_content_width":"","neve_meta_content_width":0,"neve_meta_title_alignment":"","neve_meta_author_avatar":"","neve_post_elements_order":"","neve_meta_disable_header":"","neve_meta_disable_footer":"","neve_meta_disable_title":"","footnotes":""},"class_list":["post-445","page","type-page","status-publish","has-post-thumbnail","hentry"],"_links":{"self":[{"href":"https:\/\/www.cbjurstrom.eu\/index.php\/wp-json\/wp\/v2\/pages\/445","targetHints":{"allow":["GET"]}}],"collection":[{"href":"https:\/\/www.cbjurstrom.eu\/index.php\/wp-json\/wp\/v2\/pages"}],"about":[{"href":"https:\/\/www.cbjurstrom.eu\/index.php\/wp-json\/wp\/v2\/types\/page"}],"author":[{"embeddable":true,"href":"https:\/\/www.cbjurstrom.eu\/index.php\/wp-json\/wp\/v2\/users\/1"}],"replies":[{"embeddable":true,"href":"https:\/\/www.cbjurstrom.eu\/index.php\/wp-json\/wp\/v2\/comments?post=445"}],"version-history":[{"count":7,"href":"https:\/\/www.cbjurstrom.eu\/index.php\/wp-json\/wp\/v2\/pages\/445\/revisions"}],"predecessor-version":[{"id":11265,"href":"https:\/\/www.cbjurstrom.eu\/index.php\/wp-json\/wp\/v2\/pages\/445\/revisions\/11265"}],"wp:featuredmedia":[{"embeddable":true,"href":"https:\/\/www.cbjurstrom.eu\/index.php\/wp-json\/wp\/v2\/media\/642"}],"wp:attachment":[{"href":"https:\/\/www.cbjurstrom.eu\/index.php\/wp-json\/wp\/v2\/media?parent=445"}],"curies":[{"name":"wp","href":"https:\/\/api.w.org\/{rel}","templated":true}]}}