{"id":428,"date":"2020-10-22T16:05:18","date_gmt":"2020-10-22T14:05:18","guid":{"rendered":"https:\/\/cbjurstrom.eu\/cbj\/?page_id=428"},"modified":"2025-09-11T17:36:45","modified_gmt":"2025-09-11T15:36:45","slug":"dr-jekyll-et-mr-hyde","status":"publish","type":"page","link":"https:\/\/www.cbjurstrom.eu\/index.php\/dr-jekyll-et-mr-hyde\/","title":{"rendered":"Dr Jekyll et Mr Hyde"},"content":{"rendered":"\n<div class=\"wp-block-media-text alignwide is-stacked-on-mobile\"><figure class=\"wp-block-media-text__media\"><img loading=\"lazy\" decoding=\"async\" width=\"550\" height=\"367\" src=\"https:\/\/cbjurstrom.eu\/cbj\/wp-content\/uploads\/2020\/10\/jekyll-et-mr-hydeJPG.bmp\" alt=\"\" class=\"wp-image-429 size-full\" srcset=\"https:\/\/www.cbjurstrom.eu\/wp-content\/uploads\/2020\/10\/jekyll-et-mr-hydeJPG.bmp 550w, https:\/\/www.cbjurstrom.eu\/wp-content\/uploads\/2020\/10\/jekyll-et-mr-hydeJPG-300x200.jpg 300w, https:\/\/www.cbjurstrom.eu\/wp-content\/uploads\/2020\/10\/jekyll-et-mr-hydeJPG-360x240.jpg 360w\" sizes=\"auto, (max-width: 550px) 100vw, 550px\" \/><\/figure><div class=\"wp-block-media-text__content\">\n<p>Un film de John Robertson (1920), avec John Barrymorre<br>Musique originale de Christofer Bjurstr\u00f6m<\/p>\n\n\n\n<p><strong>UNE ADAPTATION ANGOISSANTE<\/strong><\/p>\n\n\n\n<h6 class=\"wp-block-heading\">Par ce film adapt\u00e9 du c\u00e9l\u00e9brissime roman de Robert Louis Stevenson, aussi angoissant que captivant, ce cin\u00e9-concert nous donne \u00e0 voir la lutte incessante du bien et du mal dans l\u2019esprit humain. Docteur Henry Jekyll, brillant et irr\u00e9prochable m\u00e9decin de la bonne soci\u00e9t\u00e9 anglaise de la fin du XIXi\u00e8me si\u00e8cle est obs\u00e9d\u00e9 par l\u2019id\u00e9e de s\u00e9parer le bien du mal dans l\u2019homme. Il invente ainsi un \u00e9trange breuvage qui lui permet de se transformer, quand il le souhaite, en son double mal\u00e9fique \u00ab\u00a0Mister Hyde\u00a0\u00bb qui assouvit ses plus inavouables pulsions. Mais qui l\u2019emportera du bon Docteur Jekyll ou de son double, l\u2019horrible Mister Hyde&nbsp;?<\/h6>\n\n\n\n<h6 class=\"wp-block-heading\"><strong>ET POUR NE PAS FAIRE DE CAUCHEMAR&#8230;<\/strong> En 2nde partie&nbsp;: Docteur Pyckle and Mr&nbsp;Pride (USA &#8211; 1925) Un film court de Percy Pembroke avec Stan Laurel Une parodie brillante du film pr\u00e9c\u00e9dent, o\u00f9 le gentil docteur Pyckle se transforme en un monstre chevelu qui terrorise les enfants et les femmes seules&nbsp;! Un Stan Laurel d\u00e9cha\u00een\u00e9 et hilarant, une vraie personnalit\u00e9&nbsp;! <\/h6>\n\n\n\n<h6 class=\"wp-block-heading\"><strong>Dur\u00e9e&nbsp;: 1h30 mn<br>format: DCP, vid\u00e9o<\/strong><\/h6>\n<\/div><\/div>\n\n\n\n<div class=\"wp-block-media-text alignwide has-media-on-the-right is-stacked-on-mobile\"><figure class=\"wp-block-media-text__media\"><img loading=\"lazy\" decoding=\"async\" width=\"720\" height=\"576\" src=\"https:\/\/cbjurstrom.eu\/cbj\/wp-content\/uploads\/2020\/10\/Jekyll22.jpg\" alt=\"\" class=\"wp-image-430 size-full\" srcset=\"https:\/\/www.cbjurstrom.eu\/wp-content\/uploads\/2020\/10\/Jekyll22.jpg 720w, https:\/\/www.cbjurstrom.eu\/wp-content\/uploads\/2020\/10\/Jekyll22-300x240.jpg 300w\" sizes=\"auto, (max-width: 720px) 100vw, 720px\" \/><\/figure><div class=\"wp-block-media-text__content\">\n<p><strong>UNE MUSIQUE DOUBLE ET DISTORDUE<\/strong><\/p>\n\n\n\n<h6 class=\"wp-block-heading\">Pour ce film qui traite des obscurs dessous de la conscience au sein de la soci\u00e9t\u00e9 anglaise puritaine, Christofer Bjurstr\u00f6m a choisi un duo piano\/violon qui bascule entre l\u2019\u00e9l\u00e9gance et la distorsion grima\u00e7ante, amplifiant sa d\u00e9formation dans les al\u00e9as sonores de l\u2019\u00e9lectroacoustique. Sur sc\u00e8ne deux musiciens instrumentistes jouent en direct, plong\u00e9s dans les m\u00e9andres de l\u2019\u00e9lectronique, conduite par un \u00e9lectroacousticien qui leur donne ainsi une nouvelle identit\u00e9 sonore.<\/h6>\n\n\n\n<p>Ecoutez-en un extrait en cliquant ci-dessous&nbsp;:<\/p>\n\n\n\n<figure class=\"wp-block-audio\"><audio controls src=\"https:\/\/www.cbjurstrom.eu\/wp-content\/uploads\/2020\/10\/jekyll-c-2.mp3\"><\/audio><figcaption>Docteur Jekyll et Mr Hyde<\/figcaption><\/figure>\n\n\n\n<p><\/p>\n\n\n\n<h5 class=\"wp-block-heading\"><strong>le BJURSTR\u00d6M CINETRIO Electro<\/strong><\/h5>\n\n\n\n<ul class=\"wp-block-list\"><li><strong>Christofer Bjurstr\u00f6m<\/strong> piano, fl\u00fbte<\/li><li><strong>Pierre Stephan <\/strong>violon<\/li><li><strong>Vincent Raude<\/strong> traitement \u00e9lectroacoustique<\/li><\/ul>\n<\/div><\/div>\n","protected":false},"excerpt":{"rendered":"<p>Un film de John Robertson (1920), avec John BarrymorreMusique originale de Christofer Bjurstr\u00f6m UNE ADAPTATION ANGOISSANTE Par ce film adapt\u00e9 du c\u00e9l\u00e9brissime roman de Robert Louis Stevenson, aussi angoissant que captivant, ce cin\u00e9-concert nous donne \u00e0 voir la lutte incessante du bien et du mal dans l\u2019esprit humain. Docteur Henry Jekyll, brillant et irr\u00e9prochable m\u00e9decin&hellip;&nbsp;<\/p>\n","protected":false},"author":1,"featured_media":612,"parent":0,"menu_order":0,"comment_status":"closed","ping_status":"closed","template":"","meta":{"neve_meta_sidebar":"","neve_meta_container":"","neve_meta_enable_content_width":"","neve_meta_content_width":0,"neve_meta_title_alignment":"","neve_meta_author_avatar":"","neve_post_elements_order":"","neve_meta_disable_header":"","neve_meta_disable_footer":"","neve_meta_disable_title":"","footnotes":""},"class_list":["post-428","page","type-page","status-publish","has-post-thumbnail","hentry"],"_links":{"self":[{"href":"https:\/\/www.cbjurstrom.eu\/index.php\/wp-json\/wp\/v2\/pages\/428","targetHints":{"allow":["GET"]}}],"collection":[{"href":"https:\/\/www.cbjurstrom.eu\/index.php\/wp-json\/wp\/v2\/pages"}],"about":[{"href":"https:\/\/www.cbjurstrom.eu\/index.php\/wp-json\/wp\/v2\/types\/page"}],"author":[{"embeddable":true,"href":"https:\/\/www.cbjurstrom.eu\/index.php\/wp-json\/wp\/v2\/users\/1"}],"replies":[{"embeddable":true,"href":"https:\/\/www.cbjurstrom.eu\/index.php\/wp-json\/wp\/v2\/comments?post=428"}],"version-history":[{"count":4,"href":"https:\/\/www.cbjurstrom.eu\/index.php\/wp-json\/wp\/v2\/pages\/428\/revisions"}],"predecessor-version":[{"id":10201,"href":"https:\/\/www.cbjurstrom.eu\/index.php\/wp-json\/wp\/v2\/pages\/428\/revisions\/10201"}],"wp:featuredmedia":[{"embeddable":true,"href":"https:\/\/www.cbjurstrom.eu\/index.php\/wp-json\/wp\/v2\/media\/612"}],"wp:attachment":[{"href":"https:\/\/www.cbjurstrom.eu\/index.php\/wp-json\/wp\/v2\/media?parent=428"}],"curies":[{"name":"wp","href":"https:\/\/api.w.org\/{rel}","templated":true}]}}