{"id":426,"date":"2020-10-22T15:56:30","date_gmt":"2020-10-22T13:56:30","guid":{"rendered":"https:\/\/cbjurstrom.eu\/cbj\/?page_id=426"},"modified":"2020-12-05T18:33:14","modified_gmt":"2020-12-05T17:33:14","slug":"films-fantastiques","status":"publish","type":"page","link":"https:\/\/www.cbjurstrom.eu\/index.php\/films-fantastiques\/","title":{"rendered":"Films fantastiques"},"content":{"rendered":"\n<h2 class=\"wp-block-heading\">Deux films majeurs:<\/h2>\n\n\n\n<ul class=\"wp-block-list\"><li>Cin\u00e9-Concert <a rel=\"noreferrer noopener\" href=\"https:\/\/cbjurstrom.eu\/index.php\/dr-jekyll-et-mr-hyde\/\" target=\"_blank\">Docteur Jekyll et Mister Hyde<\/a> de Robertson (USA, 1924)<br><strong>Le c\u00e9l\u00e8bre roman de Robert Louis Stevenson<\/strong><br>3 musiciens<\/li><li>Cin\u00e9-Concert <a rel=\"noreferrer noopener\" href=\"https:\/\/cbjurstrom.eu\/index.php\/les-mains-dorlac\/\" target=\"_blank\">Les Mains d\u2019Orlac<\/a> de Wiene (Allemagne, 1920)<br><strong>Quand un pianiste se voit greffer les mains d\u2019un assassin\u00a0: un thriller angoissant<\/strong><br>3 musiciens<\/li><\/ul>\n","protected":false},"excerpt":{"rendered":"<p>Deux films majeurs: Cin\u00e9-Concert Docteur Jekyll et Mister Hyde de Robertson (USA, 1924)Le c\u00e9l\u00e8bre roman de Robert Louis Stevenson3 musiciens Cin\u00e9-Concert Les Mains d\u2019Orlac de Wiene (Allemagne, 1920)Quand un pianiste se voit greffer les mains d\u2019un assassin\u00a0: un thriller angoissant3 musiciens<\/p>\n","protected":false},"author":1,"featured_media":642,"parent":0,"menu_order":0,"comment_status":"closed","ping_status":"closed","template":"","meta":{"neve_meta_sidebar":"","neve_meta_container":"","neve_meta_enable_content_width":"","neve_meta_content_width":0,"neve_meta_title_alignment":"","neve_meta_author_avatar":"","neve_post_elements_order":"","neve_meta_disable_header":"","neve_meta_disable_footer":"","neve_meta_disable_title":"","footnotes":""},"class_list":["post-426","page","type-page","status-publish","has-post-thumbnail","hentry"],"_links":{"self":[{"href":"https:\/\/www.cbjurstrom.eu\/index.php\/wp-json\/wp\/v2\/pages\/426","targetHints":{"allow":["GET"]}}],"collection":[{"href":"https:\/\/www.cbjurstrom.eu\/index.php\/wp-json\/wp\/v2\/pages"}],"about":[{"href":"https:\/\/www.cbjurstrom.eu\/index.php\/wp-json\/wp\/v2\/types\/page"}],"author":[{"embeddable":true,"href":"https:\/\/www.cbjurstrom.eu\/index.php\/wp-json\/wp\/v2\/users\/1"}],"replies":[{"embeddable":true,"href":"https:\/\/www.cbjurstrom.eu\/index.php\/wp-json\/wp\/v2\/comments?post=426"}],"version-history":[{"count":2,"href":"https:\/\/www.cbjurstrom.eu\/index.php\/wp-json\/wp\/v2\/pages\/426\/revisions"}],"predecessor-version":[{"id":1038,"href":"https:\/\/www.cbjurstrom.eu\/index.php\/wp-json\/wp\/v2\/pages\/426\/revisions\/1038"}],"wp:featuredmedia":[{"embeddable":true,"href":"https:\/\/www.cbjurstrom.eu\/index.php\/wp-json\/wp\/v2\/media\/642"}],"wp:attachment":[{"href":"https:\/\/www.cbjurstrom.eu\/index.php\/wp-json\/wp\/v2\/media?parent=426"}],"curies":[{"name":"wp","href":"https:\/\/api.w.org\/{rel}","templated":true}]}}