{"id":42,"date":"2020-10-16T18:07:30","date_gmt":"2020-10-16T16:07:30","guid":{"rendered":"http:\/\/cbjurstrom.eu\/cbj\/?page_id=42"},"modified":"2025-09-11T16:51:59","modified_gmt":"2025-09-11T14:51:59","slug":"discographie-media","status":"publish","type":"page","link":"https:\/\/www.cbjurstrom.eu\/index.php\/discographie-media\/","title":{"rendered":"Discographie \/ media"},"content":{"rendered":"\n<ul class=\"wp-block-list\">\n<li><a href=\"https:\/\/mzrecords.eu\/index.php\/mar-12-notes-en-marge-de-goemons\/\" target=\"_blank\" rel=\"noreferrer noopener\">Christofer Bjurstr\u00f6m, Julien Pontvianne, Vincent Raude: NOTES EN MARGE DE GOEMONS<\/a> (MZ Records MAR012, 2025) Disponible sur le site des <a href=\"https:\/\/www.lesallumesdujazz.com\" target=\"_blank\" rel=\"noreferrer noopener\">Allum\u00e9s du Jazz<\/a><\/li>\n\n\n\n<li><a href=\"https:\/\/mzrecords.eu\/index.php\/mar-011-ecume-de-mai\/\" target=\"_blank\" rel=\"noreferrer noopener\">Christofer Bjurstr\u00f6m; ECUME DE MAI <\/a>(MZ Records MAR011, 2020) Disponible sur le site des <a href=\"https:\/\/www.lesallumesdujazz.com\" target=\"_blank\" rel=\"noreferrer noopener\">Allum\u00e9s du Jazz<\/a><\/li>\n\n\n\n<li><a href=\"https:\/\/www.cinematheque-bretagne.bzh\/la-boutique-dvd-sammies-564-80-0-0.html\">DVD \u00ab\u00a0Quand le Jazz d\u00e9barque \/ Sammies in Brest\/ Cin\u00e9math\u00e8que de Bretagne<\/a>&#8211; (Cin\u00e9math\u00e8que de Bretagne, 2017)<\/li>\n\n\n\n<li><a rel=\"noreferrer noopener\" href=\"http:\/\/roguart.com\/product\/wrecks\/122\" target=\"_blank\">THIRD COAST ORCHESTRA \/ Wrecks<\/a>  (Rogue Art, 2017)<\/li>\n\n\n\n<li><a rel=\"noreferrer noopener\" href=\"http:\/\/www.innacor.com\/produit\/regards-de-breizh\/\" target=\"_blank\">NAUTILIS \/ Regards de Breizh<\/a>&#8211; (Innacor, 2016)<\/li>\n\n\n\n<li>P<a rel=\"noreferrer noopener\" href=\"https:\/\/offoron.bandcamp.com\/album\/pin-down-the-instants\" target=\"_blank\">in Down The Instants<\/a>  (Offoron, 2016)<\/li>\n\n\n\n<li><a rel=\"noreferrer noopener\" href=\"https:\/\/mzrecords.bandcamp.com\/music\" target=\"_blank\">NAUTILIS<\/a>&#8211; (Mz Records MAR008, 2012)<\/li>\n\n\n\n<li><a rel=\"noreferrer noopener\" href=\"https:\/\/mzrecords.eu\/index.php\/mar06-ookpik\/\" target=\"_blank\">Bjurstr\u00f6m Quartet\/ OOKPIK<\/a>] (Mz Records MAR006, 2011) Disponible sur le site des <a rel=\"noreferrer noopener\" href=\"https:\/\/www.lesallumesdujazz.com\" target=\"_blank\">Allum\u00e9s du Jazz<\/a><\/li>\n\n\n\n<li><a rel=\"noreferrer noopener\" href=\"https:\/\/mzrecords.eu\/index.php\/mar05-carnet-de-croquis-dun-voyageur-immobile\/\" target=\"_blank\">Christofer Bjurstr\u00f6m \/ Carnet de Croquis d&rsquo;un voyageur immobile<\/a>] (Mz Records MAR005, 2010) Disponible sur le site des<a rel=\"noreferrer noopener\" href=\"https:\/\/www.lesallumesdujazz.com\" target=\"_blank\"> Allum\u00e9s du Jazz<\/a>.<\/li>\n\n\n\n<li><a rel=\"noreferrer noopener\" href=\"https:\/\/www.tempsdechien.com\/index.php?page=Edition\" target=\"_blank\">Vincent Vedovelli \/ Eclats d&rsquo;Oubli (Vincent Vedovelli, Agn\u00e8s Vesterman, Christofer Bjurstr\u00f6m<\/a>)(Temps de Chien Corporation, 2010)<\/li>\n\n\n\n<li><a rel=\"noreferrer noopener\" href=\"https:\/\/mzrecords.eu\/index.php\/mar-02-christofer-bjurstrom-piano-solo\/\" target=\"_blank\">Christofer Bjurstr\u00f6m Piano Solo<\/a> (Mz Records MAR003, 2006) Disponible sur le site des <a rel=\"noreferrer noopener\" href=\"https:\/\/www.lesallumesdujazz.com\" target=\"_blank\">Allum\u00e9s du Jazz<\/a>.<\/li>\n\n\n\n<li><a href=\"https:\/\/www.radiofrance.com\/les-editions\/disque\/lhomme-approximatif\" target=\"_blank\" rel=\"noreferrer noopener\"> l&rsquo;Homme Approximatif<\/a>, Daniel Palomo Vinuesa+Collectif Serendipity, Signature Radio France sig11044, 2006<\/li>\n\n\n\n<li><a rel=\"noreferrer noopener\" href=\"https:\/\/mzrecords.eu\/index.php\/mar-02-duo-bjurstrom-rocher\/\" target=\"_blank\">Duo Bjurstr\u00f6m Rocher<\/a> (Mz Records MAR002, 2005) Disponible sur le site des <a rel=\"noreferrer noopener\" href=\"https:\/\/www.lesallumesdujazz.com\" target=\"_blank\">Allum\u00e9s du Jazz<\/a>. <\/li>\n\n\n\n<li> <a rel=\"noreferrer noopener\" href=\"https:\/\/www.budamusique.com\/\" target=\"_blank\">Encore une Valse, Trio Nord-Sud, avec J.Mayoud et J.P.Yvert-&gt;<\/a>, Buda Musique<\/li>\n\n\n\n<li><a rel=\"noreferrer noopener\" href=\"https:\/\/mzrecords.eu\/index.php\/mar-01-on-a-marche-sous-la-pluie\/\" target=\"_blank\">Duo Bjurstr\u00f6m Rocher, On a march\u00e9 sous la pluie<\/a> (Mz Records MAR001, 2001) Disponible sur le site des <a rel=\"noreferrer noopener\" href=\"https:\/\/www.lesallumesdujazz.com\" target=\"_blank\">Allum\u00e9s du Jazz<\/a>.-<\/li>\n\n\n\n<li><a rel=\"noreferrer noopener\" href=\"https:\/\/mzrecords.eu\/index.php\/lba-c002-sous-letrange-lumiere-des-fantomes\/\" target=\"_blank\">Sous l&rsquo;\u00e9trange lumi\u00e8re des fant\u00f4mes<\/a>, par le Christofer Bjurstr\u00f6m Sextet, Le Bon Alouate Mai 1996.<\/li>\n\n\n\n<li>\u00ab\u00a0Musiques de films courts\u00a0\u00bb, extrait de la musique du \u00ab\u00a0Bateau-Bar\u00a0\u00bb,octobre 1992, Festival de Films courts de Brest.<\/li>\n\n\n\n<li><a rel=\"noreferrer noopener\" href=\"https:\/\/mzrecords.eu\/index.php\/lbac-001-doucement-au-reveil\/\" target=\"_blank\">Doucement au r\u00e9veil<\/a>, par le Bjurstr\u00f6m Sextet, Le Bon Alouate octobre 1990<\/li>\n<\/ul>\n\n\n\n<p><\/p>\n","protected":false},"excerpt":{"rendered":"","protected":false},"author":1,"featured_media":11177,"parent":0,"menu_order":0,"comment_status":"closed","ping_status":"closed","template":"","meta":{"neve_meta_sidebar":"","neve_meta_container":"","neve_meta_enable_content_width":"","neve_meta_content_width":0,"neve_meta_title_alignment":"","neve_meta_author_avatar":"","neve_post_elements_order":"","neve_meta_disable_header":"","neve_meta_disable_footer":"","neve_meta_disable_title":"","footnotes":""},"class_list":["post-42","page","type-page","status-publish","has-post-thumbnail","hentry"],"_links":{"self":[{"href":"https:\/\/www.cbjurstrom.eu\/index.php\/wp-json\/wp\/v2\/pages\/42","targetHints":{"allow":["GET"]}}],"collection":[{"href":"https:\/\/www.cbjurstrom.eu\/index.php\/wp-json\/wp\/v2\/pages"}],"about":[{"href":"https:\/\/www.cbjurstrom.eu\/index.php\/wp-json\/wp\/v2\/types\/page"}],"author":[{"embeddable":true,"href":"https:\/\/www.cbjurstrom.eu\/index.php\/wp-json\/wp\/v2\/users\/1"}],"replies":[{"embeddable":true,"href":"https:\/\/www.cbjurstrom.eu\/index.php\/wp-json\/wp\/v2\/comments?post=42"}],"version-history":[{"count":16,"href":"https:\/\/www.cbjurstrom.eu\/index.php\/wp-json\/wp\/v2\/pages\/42\/revisions"}],"predecessor-version":[{"id":11282,"href":"https:\/\/www.cbjurstrom.eu\/index.php\/wp-json\/wp\/v2\/pages\/42\/revisions\/11282"}],"wp:featuredmedia":[{"embeddable":true,"href":"https:\/\/www.cbjurstrom.eu\/index.php\/wp-json\/wp\/v2\/media\/11177"}],"wp:attachment":[{"href":"https:\/\/www.cbjurstrom.eu\/index.php\/wp-json\/wp\/v2\/media?parent=42"}],"curies":[{"name":"wp","href":"https:\/\/api.w.org\/{rel}","templated":true}]}}