{"id":414,"date":"2020-10-22T15:41:46","date_gmt":"2020-10-22T13:41:46","guid":{"rendered":"https:\/\/cbjurstrom.eu\/cbj\/?page_id=414"},"modified":"2025-09-03T17:36:43","modified_gmt":"2025-09-03T15:36:43","slug":"blackmail","status":"publish","type":"page","link":"https:\/\/www.cbjurstrom.eu\/index.php\/blackmail\/","title":{"rendered":"Blackmail"},"content":{"rendered":"\n<div class=\"wp-block-media-text alignwide is-stacked-on-mobile\"><figure class=\"wp-block-media-text__media\"><img loading=\"lazy\" decoding=\"async\" width=\"1024\" height=\"768\" src=\"https:\/\/www.cbjurstrom.eu\/wp-content\/uploads\/2020\/10\/blackmail-1.jpg\" alt=\"\" class=\"wp-image-415 size-full\" srcset=\"https:\/\/www.cbjurstrom.eu\/wp-content\/uploads\/2020\/10\/blackmail-1.jpg 1024w, https:\/\/www.cbjurstrom.eu\/wp-content\/uploads\/2020\/10\/blackmail-1-300x225.jpg 300w, https:\/\/www.cbjurstrom.eu\/wp-content\/uploads\/2020\/10\/blackmail-1-768x576.jpg 768w\" sizes=\"auto, (max-width: 1024px) 100vw, 1024px\" \/><\/figure><div class=\"wp-block-media-text__content\">\n<p>Un film d\u2019Alfred Hitchcock, Grande-Bretagne &#8211; 1927<br>Blackmail (Chantage)<\/p>\n\n\n\n<p>Musique originale de Christofer BJURSTROM<\/p>\n\n\n\n<p><strong>Le dernier film muet d\u2019Hitchcock.<\/strong><\/p>\n\n\n\n<p>Mont\u00e9 en en deux versions, l\u2019une muette, l\u2019autre parlante, ce fut \u00e9galement curieusement le premier film parlant de l\u2019histoire du cin\u00e9ma anglais.<\/p>\n\n\n\n<p>Le d\u00e9tective de Scotland Yard Frank Webber accompagne sa fianc\u00e9e Alice White jusqu\u2019\u00e0 un salon de th\u00e9. Ils se disputent et Alice part avec Mr.&nbsp;Crewe, un artiste qu\u2019elle avait auparavant accept\u00e9 de rencontrer.<br>A son studio, Alice flirte innocemment avec l\u2019artiste, qui la convainc d\u2019essayer une robe. Mais au moment o\u00f9 elle se change, l\u2019homme tente de l\u2019agresser. Alice saisit un couteau de cuisine qui se trouve \u00e0 sa port\u00e9e et frappe son assaillant \u00e0 mort. Apr\u00e8s avoir t\u00e2ch\u00e9 de dissimuler toute trace de sa pr\u00e9sence dans l\u2019appartement, Alice quitte les lieux. Elle ne s\u2019est pas rendu compte, cependant, qu\u2019elle a oubli\u00e9 ses gants&#8230;.<\/p>\n\n\n\n<p><strong>Tout public \u00e0 partir de 12 ans<br>Dur\u00e9e&nbsp;: 1 h 25mn<br>format&nbsp;: 35 mm \/ DCP<\/strong><\/p>\n\n\n\n<p><strong>Ce film b\u00e9n\u00e9ficie du dispositif de l\u2019ADRC<\/strong><\/p>\n<\/div><\/div>\n\n\n\n<div class=\"wp-block-media-text alignwide has-media-on-the-right is-stacked-on-mobile\"><div class=\"wp-block-media-text__content\">\n<p><strong>EN DUO:<\/strong><\/p>\n\n\n\n<ul class=\"wp-block-list\">\n<li><strong>Christofer Bjurstr\u00f6m<\/strong> Piano<\/li>\n\n\n\n<li><strong>Fr\u00e9d\u00e9ric B.Briet<\/strong> \/ <strong>Bruno Sigogneau<\/strong> :Contrebasse<\/li>\n<\/ul>\n\n\n\n<p><strong>EN SOLO<\/strong><\/p>\n\n\n\n<ul class=\"wp-block-list\">\n<li><strong>Christofer Bjurstr\u00f6m<\/strong> Piano<\/li>\n<\/ul>\n\n\n\n<p><strong>UNE MUSIQUE SUSPENDUE<\/strong><\/p>\n\n\n\n<h6 class=\"wp-block-heading\">Le m\u00e9lange fr\u00e9quent chez Hitchcock de l\u2019angoisse, de l\u2019ambigu\u00eft\u00e9 am\u00e8ne une musique en suspens, toujours en alerte, accompagnant le spectateur dans sa vision du film, entre compassion et voyeurisme&#8230;&#8230;.<\/h6>\n<\/div><figure class=\"wp-block-media-text__media\"><img loading=\"lazy\" decoding=\"async\" width=\"636\" height=\"480\" src=\"https:\/\/www.cbjurstrom.eu\/wp-content\/uploads\/2020\/10\/bl5.jpg\" alt=\"\" class=\"wp-image-416 size-full\" srcset=\"https:\/\/www.cbjurstrom.eu\/wp-content\/uploads\/2020\/10\/bl5.jpg 636w, https:\/\/www.cbjurstrom.eu\/wp-content\/uploads\/2020\/10\/bl5-300x226.jpg 300w\" sizes=\"auto, (max-width: 636px) 100vw, 636px\" \/><\/figure><\/div>\n\n\n\n<figure class=\"wp-block-image size-full\"><img loading=\"lazy\" decoding=\"async\" width=\"259\" height=\"194\" src=\"https:\/\/www.cbjurstrom.eu\/wp-content\/uploads\/blackmail-3.jpg\" alt=\"\" class=\"wp-image-10210\"\/><\/figure>\n\n\n\n<figure class=\"wp-block-image size-full\"><img loading=\"lazy\" decoding=\"async\" width=\"258\" height=\"195\" src=\"https:\/\/www.cbjurstrom.eu\/wp-content\/uploads\/blackmail-4.jpg\" alt=\"\" class=\"wp-image-10211\"\/><\/figure>\n\n\n\n<figure class=\"wp-block-image size-full\"><img loading=\"lazy\" decoding=\"async\" width=\"255\" height=\"198\" src=\"https:\/\/www.cbjurstrom.eu\/wp-content\/uploads\/bl3.jpg\" alt=\"\" class=\"wp-image-10214\"\/><\/figure>\n","protected":false},"excerpt":{"rendered":"<p>Un film d\u2019Alfred Hitchcock, Grande-Bretagne &#8211; 1927Blackmail (Chantage) Musique originale de Christofer BJURSTROM Le dernier film muet d\u2019Hitchcock. Mont\u00e9 en en deux versions, l\u2019une muette, l\u2019autre parlante, ce fut \u00e9galement curieusement le premier film parlant de l\u2019histoire du cin\u00e9ma anglais. Le d\u00e9tective de Scotland Yard Frank Webber accompagne sa fianc\u00e9e Alice White jusqu\u2019\u00e0 un salon&hellip;&nbsp;<\/p>\n","protected":false},"author":1,"featured_media":666,"parent":0,"menu_order":0,"comment_status":"closed","ping_status":"closed","template":"","meta":{"neve_meta_sidebar":"","neve_meta_container":"","neve_meta_enable_content_width":"","neve_meta_content_width":0,"neve_meta_title_alignment":"","neve_meta_author_avatar":"","neve_post_elements_order":"","neve_meta_disable_header":"","neve_meta_disable_footer":"","neve_meta_disable_title":"","footnotes":""},"class_list":["post-414","page","type-page","status-publish","has-post-thumbnail","hentry"],"_links":{"self":[{"href":"https:\/\/www.cbjurstrom.eu\/index.php\/wp-json\/wp\/v2\/pages\/414","targetHints":{"allow":["GET"]}}],"collection":[{"href":"https:\/\/www.cbjurstrom.eu\/index.php\/wp-json\/wp\/v2\/pages"}],"about":[{"href":"https:\/\/www.cbjurstrom.eu\/index.php\/wp-json\/wp\/v2\/types\/page"}],"author":[{"embeddable":true,"href":"https:\/\/www.cbjurstrom.eu\/index.php\/wp-json\/wp\/v2\/users\/1"}],"replies":[{"embeddable":true,"href":"https:\/\/www.cbjurstrom.eu\/index.php\/wp-json\/wp\/v2\/comments?post=414"}],"version-history":[{"count":3,"href":"https:\/\/www.cbjurstrom.eu\/index.php\/wp-json\/wp\/v2\/pages\/414\/revisions"}],"predecessor-version":[{"id":11224,"href":"https:\/\/www.cbjurstrom.eu\/index.php\/wp-json\/wp\/v2\/pages\/414\/revisions\/11224"}],"wp:featuredmedia":[{"embeddable":true,"href":"https:\/\/www.cbjurstrom.eu\/index.php\/wp-json\/wp\/v2\/media\/666"}],"wp:attachment":[{"href":"https:\/\/www.cbjurstrom.eu\/index.php\/wp-json\/wp\/v2\/media?parent=414"}],"curies":[{"name":"wp","href":"https:\/\/api.w.org\/{rel}","templated":true}]}}