{"id":412,"date":"2020-10-22T15:37:20","date_gmt":"2020-10-22T13:37:20","guid":{"rendered":"https:\/\/cbjurstrom.eu\/cbj\/?page_id=412"},"modified":"2021-09-15T17:46:31","modified_gmt":"2021-09-15T15:46:31","slug":"thrillers-films-dhitchcock","status":"publish","type":"page","link":"https:\/\/www.cbjurstrom.eu\/index.php\/thrillers-films-dhitchcock\/","title":{"rendered":"Thrillers \/Films d&rsquo;Hitchcock"},"content":{"rendered":"\n<h2 class=\"wp-block-heading\">Les derniers films muets d&rsquo;Hitchcock, tourn\u00e9s en Grande-Bretagne:<\/h2>\n\n\n\n<ul class=\"wp-block-list\"><li>Cin\u00e9-Concert <a rel=\"noreferrer noopener\" href=\"https:\/\/cbjurstrom.eu\/index.php\/the-lodger\/\" target=\"_blank\">The Lodger<\/a> de A. Hitchcock (Grande-Bretagne, 1927)<br>Les d\u00e9buts de Hitchcock dans un film rempli de brouillard et d\u2019ambiguit\u00e9, inspir\u00e9 du personnage de Jack l\u2019Eventreur&#8230;..<br>1, 2 ou 3 musiciens<\/li><li>Cin\u00e9-Concert <a rel=\"noreferrer noopener\" href=\"https:\/\/cbjurstrom.eu\/index.php\/blackmail\/\" target=\"_blank\">Blackmail<\/a> de A. Hitchcock (Grande-Bretagne, 1927)<br>Une jeune femme tue l\u2019homme qui tentait de l\u2019agresser. Malheureusement, quand elle quitte la maison, elle oublie un de ses gants&#8230;.<br>2 musiciens<\/li><\/ul>\n","protected":false},"excerpt":{"rendered":"<p>Les derniers films muets d&rsquo;Hitchcock, tourn\u00e9s en Grande-Bretagne: Cin\u00e9-Concert The Lodger de A. Hitchcock (Grande-Bretagne, 1927)Les d\u00e9buts de Hitchcock dans un film rempli de brouillard et d\u2019ambiguit\u00e9, inspir\u00e9 du personnage de Jack l\u2019Eventreur&#8230;..1, 2 ou 3 musiciens Cin\u00e9-Concert Blackmail de A. Hitchcock (Grande-Bretagne, 1927)Une jeune femme tue l\u2019homme qui tentait de l\u2019agresser. Malheureusement, quand elle&hellip;&nbsp;<\/p>\n","protected":false},"author":1,"featured_media":642,"parent":0,"menu_order":0,"comment_status":"closed","ping_status":"closed","template":"","meta":{"neve_meta_sidebar":"","neve_meta_container":"","neve_meta_enable_content_width":"","neve_meta_content_width":0,"neve_meta_title_alignment":"","neve_meta_author_avatar":"","neve_post_elements_order":"","neve_meta_disable_header":"","neve_meta_disable_footer":"","neve_meta_disable_title":"","footnotes":""},"class_list":["post-412","page","type-page","status-publish","has-post-thumbnail","hentry"],"_links":{"self":[{"href":"https:\/\/www.cbjurstrom.eu\/index.php\/wp-json\/wp\/v2\/pages\/412","targetHints":{"allow":["GET"]}}],"collection":[{"href":"https:\/\/www.cbjurstrom.eu\/index.php\/wp-json\/wp\/v2\/pages"}],"about":[{"href":"https:\/\/www.cbjurstrom.eu\/index.php\/wp-json\/wp\/v2\/types\/page"}],"author":[{"embeddable":true,"href":"https:\/\/www.cbjurstrom.eu\/index.php\/wp-json\/wp\/v2\/users\/1"}],"replies":[{"embeddable":true,"href":"https:\/\/www.cbjurstrom.eu\/index.php\/wp-json\/wp\/v2\/comments?post=412"}],"version-history":[{"count":2,"href":"https:\/\/www.cbjurstrom.eu\/index.php\/wp-json\/wp\/v2\/pages\/412\/revisions"}],"predecessor-version":[{"id":1040,"href":"https:\/\/www.cbjurstrom.eu\/index.php\/wp-json\/wp\/v2\/pages\/412\/revisions\/1040"}],"wp:featuredmedia":[{"embeddable":true,"href":"https:\/\/www.cbjurstrom.eu\/index.php\/wp-json\/wp\/v2\/media\/642"}],"wp:attachment":[{"href":"https:\/\/www.cbjurstrom.eu\/index.php\/wp-json\/wp\/v2\/media?parent=412"}],"curies":[{"name":"wp","href":"https:\/\/api.w.org\/{rel}","templated":true}]}}