{"id":40,"date":"2020-10-16T18:05:37","date_gmt":"2020-10-16T16:05:37","guid":{"rendered":"http:\/\/cbjurstrom.eu\/cbj\/?page_id=40"},"modified":"2025-09-11T16:49:40","modified_gmt":"2025-09-11T14:49:40","slug":"les-compagnonnages-passes","status":"publish","type":"page","link":"https:\/\/www.cbjurstrom.eu\/index.php\/les-compagnonnages-passes\/","title":{"rendered":"Les compagnonnages pass\u00e9s"},"content":{"rendered":"\n<p class=\"has-medium-font-size\">Tout ne dure pas \u00e9ternellement. C&rsquo;est bien dommage, mais c&rsquo;est aussi la condition de la libert\u00e9 de chacun. <br>Parmi ces compagnonnages sur la dur\u00e9e qui ont enrichi et marqu\u00e9 la musique de Christofer Bjurstr\u00f6m:<\/p>\n\n\n\n<figure class=\"wp-block-pullquote is-style-default\" style=\"border-color:#ededcb\"><blockquote class=\"has-text-color has-header-gradient-color\"><p><strong>Le duo Bjurstr\u00f6m Rocher<\/strong><\/p><\/blockquote><\/figure>\n\n\n\n<div class=\"wp-block-media-text alignwide is-stacked-on-mobile\"><figure class=\"wp-block-media-text__media\"><img loading=\"lazy\" decoding=\"async\" width=\"1024\" height=\"675\" src=\"https:\/\/www.cbjurstrom.eu\/wp-content\/uploads\/2020\/11\/duo-Bjurstrom-Rocher-1024x675.jpg\" alt=\"\" class=\"wp-image-906\" srcset=\"https:\/\/www.cbjurstrom.eu\/wp-content\/uploads\/2020\/11\/duo-Bjurstrom-Rocher-1024x675.jpg 1024w, https:\/\/www.cbjurstrom.eu\/wp-content\/uploads\/2020\/11\/duo-Bjurstrom-Rocher-300x198.jpg 300w, https:\/\/www.cbjurstrom.eu\/wp-content\/uploads\/2020\/11\/duo-Bjurstrom-Rocher-768x506.jpg 768w, https:\/\/www.cbjurstrom.eu\/wp-content\/uploads\/2020\/11\/duo-Bjurstrom-Rocher.jpg 1171w\" sizes=\"auto, (max-width: 1024px) 100vw, 1024px\" \/><\/figure><div class=\"wp-block-media-text__content\">\n<p class=\"has-normal-font-size\">Un duo qui a exist\u00e9 depuis 1997, une formation \u00e0 laquelle nous sommes revenus r\u00e9guli\u00e8rement pour le plaisir, m\u00eame si nous avons chacun de notre c\u00f4t\u00e9 poursuivi d&rsquo;autres exp\u00e9riences.<\/p>\n\n\n\n<p>Le duo a enregistr\u00e9 deux disques:<\/p>\n\n\n\n<div class=\"wp-block-buttons is-layout-flex wp-block-buttons-is-layout-flex\">\n<div class=\"wp-block-button\"><a class=\"wp-block-button__link has-background\" href=\"https:\/\/mzrecords.eu\/index.php\/mar-01-on-a-marche-sous-la-pluie\/\" style=\"background-color:#107ba9\" target=\"_blank\" rel=\"noreferrer noopener\">Duo Bjurstr\u00f6m-Rocher: On a march\u00e9 sous la pluie<\/a><\/div>\n<\/div>\n\n\n\n<div class=\"wp-block-buttons is-layout-flex wp-block-buttons-is-layout-flex\">\n<div class=\"wp-block-button\"><a class=\"wp-block-button__link has-background\" href=\"https:\/\/mzrecords.eu\/index.php\/mar-02-duo-bjurstrom-rocher\/\" style=\"background-color:#0071a1\" target=\"_blank\" rel=\"noreferrer noopener\">Duo Bjurstr\u00f6m-Rocher<\/a><\/div>\n<\/div>\n\n\n\n<p>La musique de duo n\u2019est pas la somme ou la confrontation de chacune de nos sensibilit\u00e9s musicales, elle n\u2019appartient qu\u2019\u00e0 elle-m\u00eame.<\/p>\n\n\n\n<p><\/p>\n<\/div><\/div>\n\n\n\n<figure class=\"wp-block-pullquote\" style=\"border-color:#ededcb\"><blockquote class=\"has-text-color has-header-gradient-color\"><p><strong>L&rsquo;Ensemble Nautilis<\/strong><\/p><\/blockquote><\/figure>\n\n\n\n<div class=\"wp-block-media-text alignwide is-stacked-on-mobile\"><figure class=\"wp-block-media-text__media\"><img loading=\"lazy\" decoding=\"async\" width=\"1024\" height=\"600\" src=\"https:\/\/www.cbjurstrom.eu\/wp-content\/uploads\/2020\/10\/nautilis_avel_vor_capture_video-552069480e.jpg\" alt=\"\" class=\"wp-image-130\" srcset=\"https:\/\/www.cbjurstrom.eu\/wp-content\/uploads\/2020\/10\/nautilis_avel_vor_capture_video-552069480e.jpg 1024w, https:\/\/www.cbjurstrom.eu\/wp-content\/uploads\/2020\/10\/nautilis_avel_vor_capture_video-552069480e-300x176.jpg 300w, https:\/\/www.cbjurstrom.eu\/wp-content\/uploads\/2020\/10\/nautilis_avel_vor_capture_video-552069480e-768x450.jpg 768w\" sizes=\"auto, (max-width: 1024px) 100vw, 1024px\" \/><\/figure><div class=\"wp-block-media-text__content\">\n<p>Christofer Bjurstr\u00f6m a particip\u00e9 \u00e0 l&rsquo;aventure de l&rsquo;Ensemble Nautilis-depuis sa cr\u00e9ation en 2011 jusqu&rsquo;\u00e0 octobre 2018.<br>Un beau projet d&rsquo;orchestre de musiciens cr\u00e9ateurs, des projets divers, un ensemble vivant:<\/p>\n\n\n\n<p>Vous trouverez toutes les informations sur le<a rel=\"noreferrer noopener\" href=\"http:\/\/www.ensemble-nautilis.org\/\" target=\"_blank\"> site de l&rsquo;Ensemble Nautilis<\/a><\/p>\n\n\n\n<p>Voir le <a rel=\"noreferrer noopener\" href=\"http:\/\/www.kubweb.media\/page\/regards-de-breizh-nautilis-le-querrec\/\" target=\"_blank\">reportage sur le photo-concert \u00ab\u00a0Regards de Breizh\u00a0\u00bb<\/a><\/p>\n\n\n\n<p>Contact: Ensemble Nautilis,<br>169 rue Jean Jaur\u00e8s<br>29200 Brest<br><\/p>\n\n\n\n<p>Direction artistique de l&rsquo;ensemble :Christophe Rocher<br>christophe-rocher@wanadoo.fr<\/p>\n\n\n\n<p><br><\/p>\n<\/div><\/div>\n\n\n\n<figure class=\"wp-block-pullquote\" style=\"border-color:#ededcb\"><blockquote class=\"has-text-color has-header-gradient-color\"><p><strong>Nord-Sud<\/strong><\/p><\/blockquote><\/figure>\n\n\n\n<div class=\"wp-block-media-text alignwide is-stacked-on-mobile\"><figure class=\"wp-block-media-text__media\"><img loading=\"lazy\" decoding=\"async\" width=\"1024\" height=\"511\" src=\"https:\/\/www.cbjurstrom.eu\/wp-content\/uploads\/2020\/11\/Nord-Sud-1024x511.jpg\" alt=\"\" class=\"wp-image-909\" srcset=\"https:\/\/www.cbjurstrom.eu\/wp-content\/uploads\/2020\/11\/Nord-Sud-1024x511.jpg 1024w, https:\/\/www.cbjurstrom.eu\/wp-content\/uploads\/2020\/11\/Nord-Sud-300x150.jpg 300w, https:\/\/www.cbjurstrom.eu\/wp-content\/uploads\/2020\/11\/Nord-Sud-768x383.jpg 768w, https:\/\/www.cbjurstrom.eu\/wp-content\/uploads\/2020\/11\/Nord-Sud-1536x766.jpg 1536w, https:\/\/www.cbjurstrom.eu\/wp-content\/uploads\/2020\/11\/Nord-Sud.jpg 1990w\" sizes=\"auto, (max-width: 1024px) 100vw, 1024px\" \/><\/figure><div class=\"wp-block-media-text__content\">\n<p>Avec Jacques Mayoud, Jean-Pierre Yvert, et St\u00e9phane M\u00e9jean. Une exploration de musiques traditionnelles entre le nord (Su\u00e8de, Norv\u00e8ge) et le sud (Afrique) comme son nom l&rsquo;indique&#8230;&#8230;<\/p>\n\n\n\n<p class=\"has-normal-font-size\">Un disque \u00ab\u00a0Encore une valse\u00a0\u00bb (Buda Musique) a \u00e9t\u00e9 enregistr\u00e9.<\/p>\n<\/div><\/div>\n\n\n\n<figure class=\"wp-block-pullquote\" style=\"border-color:#ededcb\"><blockquote class=\"has-text-color has-header-gradient-color\"><p><strong>Bjurstr\u00f6m Sextet<\/strong><\/p><\/blockquote><\/figure>\n\n\n\n<div class=\"wp-block-media-text alignwide is-stacked-on-mobile\"><figure class=\"wp-block-media-text__media\"><img loading=\"lazy\" decoding=\"async\" width=\"1024\" height=\"768\" src=\"https:\/\/www.cbjurstrom.eu\/wp-content\/uploads\/2020\/11\/musiciens-zig-zag-1-1024x768.jpg\" alt=\"\" class=\"wp-image-924\" srcset=\"https:\/\/www.cbjurstrom.eu\/wp-content\/uploads\/2020\/11\/musiciens-zig-zag-1-1024x768.jpg 1024w, https:\/\/www.cbjurstrom.eu\/wp-content\/uploads\/2020\/11\/musiciens-zig-zag-1-300x225.jpg 300w, https:\/\/www.cbjurstrom.eu\/wp-content\/uploads\/2020\/11\/musiciens-zig-zag-1-768x576.jpg 768w, https:\/\/www.cbjurstrom.eu\/wp-content\/uploads\/2020\/11\/musiciens-zig-zag-1-1536x1152.jpg 1536w, https:\/\/www.cbjurstrom.eu\/wp-content\/uploads\/2020\/11\/musiciens-zig-zag-1-2048x1536.jpg 2048w\" sizes=\"auto, (max-width: 1024px) 100vw, 1024px\" \/><\/figure><div class=\"wp-block-media-text__content\">\n<p class=\"has-normal-font-size\">Avec Jack Thiney, Daniel Palomo Vinuesa, Dani\u00e8le Dumas (ou Christophe Rocher), G\u00e9rard Bouquin, Fran\u00e7ois Malet et Christofer Bjurstr\u00f6m (piano, composition)<\/p>\n\n\n\n<p>Entre 1982 et 2000.<\/p>\n\n\n\n<p>Deux disques ont \u00e9t\u00e9 enregistr\u00e9s (Le Bon Alouate):<\/p>\n\n\n\n<ul class=\"wp-block-list\"><li>Doucement au R\u00e9veil<\/li><li>Sous l&rsquo;Etrange Lumi\u00e8re des Fant\u00f4mes<\/li><\/ul>\n\n\n\n<p><\/p>\n<\/div><\/div>\n","protected":false},"excerpt":{"rendered":"<p>Tout ne dure pas \u00e9ternellement. C&rsquo;est bien dommage, mais c&rsquo;est aussi la condition de la libert\u00e9 de chacun. Parmi ces compagnonnages sur la dur\u00e9e qui ont enrichi et marqu\u00e9 la musique de Christofer Bjurstr\u00f6m: Le duo Bjurstr\u00f6m Rocher L&rsquo;Ensemble Nautilis Christofer Bjurstr\u00f6m a particip\u00e9 \u00e0 l&rsquo;aventure de l&rsquo;Ensemble Nautilis-depuis sa cr\u00e9ation en 2011 jusqu&rsquo;\u00e0 octobre&hellip;&nbsp;<\/p>\n","protected":false},"author":1,"featured_media":661,"parent":0,"menu_order":0,"comment_status":"closed","ping_status":"closed","template":"","meta":{"neve_meta_sidebar":"","neve_meta_container":"","neve_meta_enable_content_width":"","neve_meta_content_width":0,"neve_meta_title_alignment":"","neve_meta_author_avatar":"","neve_post_elements_order":"","neve_meta_disable_header":"","neve_meta_disable_footer":"","neve_meta_disable_title":"","footnotes":""},"class_list":["post-40","page","type-page","status-publish","has-post-thumbnail","hentry"],"_links":{"self":[{"href":"https:\/\/www.cbjurstrom.eu\/index.php\/wp-json\/wp\/v2\/pages\/40","targetHints":{"allow":["GET"]}}],"collection":[{"href":"https:\/\/www.cbjurstrom.eu\/index.php\/wp-json\/wp\/v2\/pages"}],"about":[{"href":"https:\/\/www.cbjurstrom.eu\/index.php\/wp-json\/wp\/v2\/types\/page"}],"author":[{"embeddable":true,"href":"https:\/\/www.cbjurstrom.eu\/index.php\/wp-json\/wp\/v2\/users\/1"}],"replies":[{"embeddable":true,"href":"https:\/\/www.cbjurstrom.eu\/index.php\/wp-json\/wp\/v2\/comments?post=40"}],"version-history":[{"count":12,"href":"https:\/\/www.cbjurstrom.eu\/index.php\/wp-json\/wp\/v2\/pages\/40\/revisions"}],"predecessor-version":[{"id":930,"href":"https:\/\/www.cbjurstrom.eu\/index.php\/wp-json\/wp\/v2\/pages\/40\/revisions\/930"}],"wp:featuredmedia":[{"embeddable":true,"href":"https:\/\/www.cbjurstrom.eu\/index.php\/wp-json\/wp\/v2\/media\/661"}],"wp:attachment":[{"href":"https:\/\/www.cbjurstrom.eu\/index.php\/wp-json\/wp\/v2\/media?parent=40"}],"curies":[{"name":"wp","href":"https:\/\/api.w.org\/{rel}","templated":true}]}}