{"id":397,"date":"2020-10-21T17:28:39","date_gmt":"2020-10-21T15:28:39","guid":{"rendered":"https:\/\/cbjurstrom.eu\/cbj\/?page_id=397"},"modified":"2022-03-24T16:49:40","modified_gmt":"2022-03-24T15:49:40","slug":"cine-concert-autour-du-conte","status":"publish","type":"page","link":"https:\/\/www.cbjurstrom.eu\/index.php\/cine-concert-autour-du-conte\/","title":{"rendered":"Cin\u00e9-Concert \u00ab\u00a0Autour du Conte\u00a0\u00bb"},"content":{"rendered":"\n<div class=\"wp-block-media-text alignwide is-stacked-on-mobile\"><figure class=\"wp-block-media-text__media\"><img loading=\"lazy\" decoding=\"async\" width=\"1024\" height=\"778\" src=\"https:\/\/www.cbjurstrom.eu\/wp-content\/uploads\/2020\/10\/le_vieux_reverbere_poussette_horiz_300_dpi-1024x778.jpg\" alt=\"\" class=\"wp-image-113 size-full\" srcset=\"https:\/\/www.cbjurstrom.eu\/wp-content\/uploads\/2020\/10\/le_vieux_reverbere_poussette_horiz_300_dpi-1024x778.jpg 1024w, https:\/\/www.cbjurstrom.eu\/wp-content\/uploads\/2020\/10\/le_vieux_reverbere_poussette_horiz_300_dpi-300x228.jpg 300w, https:\/\/www.cbjurstrom.eu\/wp-content\/uploads\/2020\/10\/le_vieux_reverbere_poussette_horiz_300_dpi-768x583.jpg 768w, https:\/\/www.cbjurstrom.eu\/wp-content\/uploads\/2020\/10\/le_vieux_reverbere_poussette_horiz_300_dpi.jpg 1500w\" sizes=\"auto, (max-width: 1024px) 100vw, 1024px\" \/><\/figure><div class=\"wp-block-media-text__content\">\n<p><strong>Un Cin\u00e9-Concert <u>\u00e0 partir de 2 ans<\/u><\/strong><\/p>\n\n\n\n<p><strong>au c\u0153ur des contes traditionnels et des images<\/strong><\/p>\n\n\n\n<p class=\"has-normal-font-size\"><strong>Ce spectacle est une invitation \u00e0 d\u00e9couvrir un pays o\u00f9 le conte rejoint le cin\u00e9ma, o\u00f9 les ombres chinoises du d\u00e9but du XX\u00e8me si\u00e8cle rejoignent le Grand Ecran, et tout cela en musique&#8230;<\/strong><\/p>\n\n\n\n<p class=\"has-normal-font-size\">Ce programme, destin\u00e9 principalement aux tout-petits r\u00e9unit :<br><\/p>\n\n\n\n<ul class=\"wp-block-list\"><li><strong>\u00ab\u00a0Poucette\u00a0\u00bb<\/strong><\/li><li><strong>\u00ab\u00a0La cigale et la fourmi\u00a0\u00bb<\/strong> de Lotte Reiniger (<em>la plus grande r\u00e9alisatrice de films en ombres chinoises<\/em>)<strong>, et<\/strong><\/li><li><strong>Le petit Chaperon Rouge <\/strong>de Walter Lantz (<em>le cr\u00e9ateur de Woody Woodpecker)<\/em><\/li><li><strong>Koko le clown dessinateur<\/strong>, de Max Fleisher<\/li><\/ul>\n<\/div><\/div>\n\n\n\n<div class=\"wp-block-media-text alignwide has-media-on-the-right is-stacked-on-mobile\" style=\"grid-template-columns:auto 47%\"><figure class=\"wp-block-media-text__media\"><img loading=\"lazy\" decoding=\"async\" width=\"700\" height=\"467\" src=\"https:\/\/www.cbjurstrom.eu\/wp-content\/uploads\/Cine-Concert-Autour-du-Conte.jpg\" alt=\"\" class=\"wp-image-10353 size-full\" srcset=\"https:\/\/www.cbjurstrom.eu\/wp-content\/uploads\/Cine-Concert-Autour-du-Conte.jpg 700w, https:\/\/www.cbjurstrom.eu\/wp-content\/uploads\/Cine-Concert-Autour-du-Conte-300x200.jpg 300w, https:\/\/www.cbjurstrom.eu\/wp-content\/uploads\/Cine-Concert-Autour-du-Conte-391x260.jpg 391w, https:\/\/www.cbjurstrom.eu\/wp-content\/uploads\/Cine-Concert-Autour-du-Conte-360x240.jpg 360w\" sizes=\"auto, (max-width: 700px) 100vw, 700px\" \/><\/figure><div class=\"wp-block-media-text__content\">\n<h3 class=\"wp-block-heading\"><strong>Christofer Bjurstr\u00f6m \/ Piano et Catherine Le Flochmoan \/ conteuse<\/strong><\/h3>\n\n\n\n<p><strong>Des histoires cont\u00e9es en direct pour donner vie aux images projet\u00e9es sur l\u2019\u00e9cran\u2026<\/strong><\/p>\n\n\n\n<p><strong>Catherine Le Flochmoan <\/strong>est \u00e0 la fois conteuse, com\u00e9dienne, clowne et chanteuse. Elle incarne la partie cont\u00e9e du spectacle. Tant\u00f4t narratrice, tant\u00f4t personnage des films, Catherine se joue des univers cont\u00e9s qui s\u2019entrem\u00ealent dans ce spectacle. Sa pr\u00e9sence leur donne une vie, une puissance d&rsquo;\u00e9vocation irrempla\u00e7able.<\/p>\n\n\n\n<p>Dur\u00e9e du spectacle : environ 40 minutes<\/p>\n<\/div><\/div>\n\n\n\n<h1 class=\"wp-block-heading\">Les Films<\/h1>\n\n\n\n<div class=\"wp-block-media-text alignwide has-media-on-the-right is-stacked-on-mobile\"><figure class=\"wp-block-media-text__media\"><img loading=\"lazy\" decoding=\"async\" width=\"1024\" height=\"736\" src=\"https:\/\/www.cbjurstrom.eu\/wp-content\/uploads\/Cigale-et-Fourmi-1024x736.jpg\" alt=\"\" class=\"wp-image-10363 size-full\" srcset=\"https:\/\/www.cbjurstrom.eu\/wp-content\/uploads\/Cigale-et-Fourmi-1024x736.jpg 1024w, https:\/\/www.cbjurstrom.eu\/wp-content\/uploads\/Cigale-et-Fourmi-300x216.jpg 300w, https:\/\/www.cbjurstrom.eu\/wp-content\/uploads\/Cigale-et-Fourmi-768x552.jpg 768w, https:\/\/www.cbjurstrom.eu\/wp-content\/uploads\/Cigale-et-Fourmi.jpg 1037w\" sizes=\"auto, (max-width: 1024px) 100vw, 1024px\" \/><\/figure><div class=\"wp-block-media-text__content\">\n<h2 class=\"wp-block-heading\"><strong>\u00ab&nbsp;Poucette&nbsp;\u00bb et \u00ab&nbsp;La cigale et la fourmi&nbsp;\u00bb, deux films d&rsquo;animation de Lotte Reiniger<\/strong><\/h2>\n\n\n\n<p><strong>Les ombres chinoises, r\u00e9sultat d&rsquo;un long et pr\u00e9cieux travail, commenc\u00e9 d\u00e8s les ann\u00e9es 1920 par Lotte Reiniger, entra\u00eenent les enfants dans un univers visuel plein de po\u00e9sie, de finesse et de beaut\u00e9 qui n&rsquo;est pas sans rappeler celui bien plus r\u00e9cent de \u00ab&nbsp;Princes et princesses&nbsp;\u00bb de Michel Ocelot.<\/strong><\/p>\n<\/div><\/div>\n\n\n\n<h3 class=\"wp-block-heading\"><strong>Poucette<\/strong>(d\u2019apr\u00e8s HC.Andersen)<strong> Allemagne 1954 \u2013 r\u00e9alisatrice&nbsp;: Lotte Reiniger<\/strong><\/h3>\n\n\n\n<p class=\"has-small-font-size\"><em>Pas plus grosse qu\u2019un pouce, la petite Poucette na\u00eet d\u2019une fleur. Enlev\u00e9e par un crapaud, elle s\u2019\u00e9chappe et est recueillie par une souris des champs, mais celle-ci voudrait bien lui faire \u00e9pouser son voisin la taupe<\/em>\u2026<\/p>\n\n\n\n<h3 class=\"wp-block-heading\"><strong>La cigale et la fourmi&nbsp;:<\/strong><strong>Allemagne 1954 \u2013 r\u00e9alisatrice&nbsp;: Lotte Reiniger<\/strong><\/h3>\n\n\n\n<p class=\"has-small-font-size\"><em>La c\u00e9l\u00e8bre fable de La Fontaine revue et corrig\u00e9e&nbsp;: si la cigale, impr\u00e9voyante, est bien renvoy\u00e9e \u00e0 sa musique par la fourmi, comme dans la fable, elle sera par contre sauv\u00e9e par l\u2019amiti\u00e9 d\u2019un \u00e9cureuil et d&rsquo;une souris des champs et la musique \u00e0 nouveau retentira\u2026<\/em><\/p>\n\n\n\n<p class=\"has-small-font-size\"><strong>Lotte Reiniger<\/strong><strong>&nbsp;: <\/strong>N\u00e9e en 1899, Lotte Reiniger est sans conteste la plus grande r\u00e9alisatrice de films en ombres chinoises de tous les temps.<\/p>\n\n\n\n<div class=\"wp-block-media-text alignwide has-media-on-the-right is-stacked-on-mobile\" style=\"grid-template-columns:auto 36%\"><figure class=\"wp-block-media-text__media\"><img loading=\"lazy\" decoding=\"async\" width=\"150\" height=\"110\" src=\"https:\/\/www.cbjurstrom.eu\/wp-content\/uploads\/2020\/11\/chaperon-Lantz-2.jpg\" alt=\"\" class=\"wp-image-871 size-full\"\/><\/figure><div class=\"wp-block-media-text__content\">\n<h2 class=\"wp-block-heading\"><strong>\u00ab&nbsp;Le petit chaperon rouge&nbsp;\u00bb, un court-m\u00e9trage de Walter Lantz (1925)<\/strong><\/h2>\n\n\n\n<p><strong>Walter Lantz, grand pionnier du cartoon, a revisit\u00e9 un certain nombre de contes traditionnels, dans les ann\u00e9es 1920, autour du personnage de Dinky Doodle, un petit gar\u00e7on plein de ressources, et de son chien. Nous les retrouvons tous les deux dans ce petit chaperon rouge un brin d\u00e9jant\u00e9!<\/strong><\/p>\n\n\n\n<p><em>Alors qu\u2019il danse avec entrain en compagnie de ses personnages, un petit gar\u00e7on et son chien, Walter Lantz, le cin\u00e9aste, entend soudain des pleurs qui sortent d\u2019un livre d\u2019histoires&nbsp;: c\u2019est le Petit Chaperon Rouge qui a perdu son chemin. Imm\u00e9diatement le petit gar\u00e7on et son chien entrent dans le livre et se proposent de l\u2019aider&#8230; Mais le loup guette\u2026<\/em><\/p>\n\n\n\n<p class=\"has-small-font-size\"><strong>Walter Lantz<\/strong> est plus connu comme le cr\u00e9ateur de Woody Woodpecker. Sa fantaisie en fait l\u2019un des grands pionniers du cartoon tel qu&rsquo;on le conna\u00eet aujourd&rsquo;hui.<\/p>\n<\/div><\/div>\n\n\n\n<div class=\"wp-block-media-text alignwide has-media-on-the-right is-stacked-on-mobile\"><figure class=\"wp-block-media-text__media\"><img loading=\"lazy\" decoding=\"async\" width=\"639\" height=\"816\" src=\"https:\/\/www.cbjurstrom.eu\/wp-content\/uploads\/Koko-le-clown.jpg\" alt=\"\" class=\"wp-image-10354 size-full\" srcset=\"https:\/\/www.cbjurstrom.eu\/wp-content\/uploads\/Koko-le-clown.jpg 639w, https:\/\/www.cbjurstrom.eu\/wp-content\/uploads\/Koko-le-clown-235x300.jpg 235w\" sizes=\"auto, (max-width: 639px) 100vw, 639px\" \/><\/figure><div class=\"wp-block-media-text__content\">\n<h2 class=\"wp-block-heading\"><strong>\u00ab&nbsp;Koko, le clown, dessinateur&nbsp;\u00bb, un court-m\u00e9trage de Max Fleisher (1925)<\/strong><\/h2>\n\n\n\n<p><strong>Max Fleisher fut, dans les ann\u00e9es 1920, le plus s\u00e9rieux concurrent de Wald Disney. D\u00e8s le d\u00e9but, il choisit d&rsquo;associer des images anim\u00e9es \u00e0 d&rsquo;authentiques parties film\u00e9es.<\/strong><\/p>\n\n\n\n<p><em>Sorti de l\u2019encrier de son cr\u00e9ateur, le petit clown Koko va devoir affronter toute une arm\u00e9e de petits soldats bien d\u00e9cid\u00e9s \u00e0 l\u2019attraper\u2026. et que fabrique \u00e0 mesure son cr\u00e9ateur&#8230;<\/em><\/p>\n\n\n\n<p><em>Ce film bourr\u00e9 d\u2019inventions comporte \u00e0 la fois des images anim\u00e9es et d\u2019authentiques parties film\u00e9es.<\/em><\/p>\n\n\n\n<p class=\"has-small-font-size\"><em>Ce court-m\u00e9trage d&rsquo;animation est un des \u00e9pisodes de la s\u00e9rie <strong>\u00ab&nbsp;Out of the Inkwell&nbsp;\u00bb<\/strong> que Max Fleisher a r\u00e9alis\u00e9 entre 1925 et 1029 et dans laquelle il confronte son petit clown, KOKO, \u00e0 toute une s\u00e9rie de situations embarrassantes et humoristiques.<\/em><\/p>\n<\/div><\/div>\n\n\n\n<div class=\"wp-block-buttons alignfull is-layout-flex wp-block-buttons-is-layout-flex\">\n<div class=\"wp-block-button aligncenter\"><a class=\"wp-block-button__link\" href=\"http:\/\/cbjurstrom.eu\/wp-content\/uploads\/Cine-Concert-Autour-du-conte-18-mars-2022.pdf\" target=\"_blank\" rel=\"noreferrer noopener\">Dossier du cin\u00e9-concert Autour du Conte<\/a><\/div>\n<\/div>\n","protected":false},"excerpt":{"rendered":"<p>Un Cin\u00e9-Concert \u00e0 partir de 2 ans au c\u0153ur des contes traditionnels et des images Ce spectacle est une invitation \u00e0 d\u00e9couvrir un pays o\u00f9 le conte rejoint le cin\u00e9ma, o\u00f9 les ombres chinoises du d\u00e9but du XX\u00e8me si\u00e8cle rejoignent le Grand Ecran, et tout cela en musique&#8230; Ce programme, destin\u00e9 principalement aux tout-petits r\u00e9unit&hellip;&nbsp;<\/p>\n","protected":false},"author":1,"featured_media":10353,"parent":0,"menu_order":0,"comment_status":"closed","ping_status":"closed","template":"","meta":{"neve_meta_sidebar":"","neve_meta_container":"","neve_meta_enable_content_width":"","neve_meta_content_width":0,"neve_meta_title_alignment":"","neve_meta_author_avatar":"","neve_post_elements_order":"","neve_meta_disable_header":"","neve_meta_disable_footer":"","neve_meta_disable_title":"","footnotes":""},"class_list":["post-397","page","type-page","status-publish","has-post-thumbnail","hentry"],"_links":{"self":[{"href":"https:\/\/www.cbjurstrom.eu\/index.php\/wp-json\/wp\/v2\/pages\/397","targetHints":{"allow":["GET"]}}],"collection":[{"href":"https:\/\/www.cbjurstrom.eu\/index.php\/wp-json\/wp\/v2\/pages"}],"about":[{"href":"https:\/\/www.cbjurstrom.eu\/index.php\/wp-json\/wp\/v2\/types\/page"}],"author":[{"embeddable":true,"href":"https:\/\/www.cbjurstrom.eu\/index.php\/wp-json\/wp\/v2\/users\/1"}],"replies":[{"embeddable":true,"href":"https:\/\/www.cbjurstrom.eu\/index.php\/wp-json\/wp\/v2\/comments?post=397"}],"version-history":[{"count":11,"href":"https:\/\/www.cbjurstrom.eu\/index.php\/wp-json\/wp\/v2\/pages\/397\/revisions"}],"predecessor-version":[{"id":10374,"href":"https:\/\/www.cbjurstrom.eu\/index.php\/wp-json\/wp\/v2\/pages\/397\/revisions\/10374"}],"wp:featuredmedia":[{"embeddable":true,"href":"https:\/\/www.cbjurstrom.eu\/index.php\/wp-json\/wp\/v2\/media\/10353"}],"wp:attachment":[{"href":"https:\/\/www.cbjurstrom.eu\/index.php\/wp-json\/wp\/v2\/media?parent=397"}],"curies":[{"name":"wp","href":"https:\/\/api.w.org\/{rel}","templated":true}]}}