{"id":395,"date":"2020-10-21T17:27:30","date_gmt":"2020-10-21T15:27:30","guid":{"rendered":"https:\/\/cbjurstrom.eu\/cbj\/?page_id=395"},"modified":"2020-11-09T14:04:58","modified_gmt":"2020-11-09T13:04:58","slug":"les-aventures-du-prince-ahmed-lotte-reiniger","status":"publish","type":"page","link":"https:\/\/www.cbjurstrom.eu\/index.php\/les-aventures-du-prince-ahmed-lotte-reiniger\/","title":{"rendered":"Les Aventures du Prince Ahmed (Lotte Reiniger)"},"content":{"rendered":"\n<p>Un film de Lotte Reiniger &#8211; Allemagne (1919)<br>Musique originale de Christofer Bjurstr\u00f6m, interpr\u00e9t\u00e9e sur sc\u00e8ne par Christofer Bjurstr\u00f6m, Fran\u00e7ois Malet et une conteuse, Catherine Le Flochmoan<\/p>\n\n\n\n<p>Le premier long m\u00e9trage d\u2019animation de l\u2019histoire du cin\u00e9ma. Ce film enti\u00e8rement anim\u00e9 de silhouettes de papier d\u00e9coup\u00e9 entra\u00eene les spectateurs vers un monde inspir\u00e9 de l\u2019univers des contes orientaux habit\u00e9s de princesses et de sultans, relatant des amours impossibles ou menac\u00e9s de mal\u00e9dictions.<\/p>\n\n\n\n<p>Pour ouvrir ce merveilleux film aux plus petits et pour entra\u00eener les plus grands dans l\u2019univers du conte, une conteuse accompagne les deux musiciens en disant les intertitres.<\/p>\n\n\n\n<p><strong>Pour un extrait video, cliquez ci-dessous&nbsp;:<\/strong><\/p>\n\n\n\n<p><div class=\"nv-iframe-embed\"><iframe loading=\"lazy\" title=\"Les Aventures du Prince Ahmed\" src=\"https:\/\/player.vimeo.com\/video\/190583165?dnt=1&amp;app_id=122963\" width=\"640\" height=\"480\" frameborder=\"0\" allow=\"autoplay; fullscreen; picture-in-picture; clipboard-write; encrypted-media; web-share\" referrerpolicy=\"strict-origin-when-cross-origin\"><\/iframe><\/div><\/p>\n\n\n\n<p><a href=\"https:\/\/vimeo.com\/190583165\">Les Aventures du Prince Ahmed<\/a> from <a href=\"https:\/\/vimeo.com\/user23578571\">Christofer Bjurstr\u00f6m<\/a> on <a href=\"https:\/\/vimeo.com\">Vimeo<\/a>.<\/p>\n\n\n\n<p><strong>&#8230;UN FILM MAGIQUE ET FEERIQUE EN OMBRES CHINOISES<\/strong><\/p>\n\n\n\n<p>Le film est tir\u00e9 des Contes des mille et une nuits, et s\u2019inspire en particulier des Contes du Cheval Volant et d\u2019Aladin. Le jeune prince Ahmed tombe amoureux de la ravissante Princesse Pari Banu. Pour l\u2019\u00e9pouser, il doit affronter son rival, le Mage Africain et s\u2019allier avec la Sorci\u00e8re dans le pays lointain des Esprits de Wak-Wak. Le Mage Africain qui a captur\u00e9 \u00e9galement la s\u0153ur d\u2019Ahmed, la Princesse Dinarsade, pour la vendre \u00e0 l\u2019Empereur de Chine sera renvers\u00e9 gr\u00e2ce \u00e0 l\u2019aide d\u2019Aladin et de sa lampe merveilleuse<\/p>\n\n\n\n<p><strong>Dur\u00e9e&nbsp;: 1h10<br>format&nbsp;: film en DCP ou 35mm ou vid\u00e9o<\/strong><\/p>\n\n\n\n<p><strong>Ce film b\u00e9n\u00e9ficie du dispositif ADRC<\/strong><\/p>\n\n\n\n<h2 class=\"wp-block-heading\">La Musique<\/h2>\n\n\n\n<figure class=\"wp-block-image size-large\"><img loading=\"lazy\" decoding=\"async\" width=\"800\" height=\"600\" src=\"https:\/\/www.cbjurstrom.eu\/wp-content\/uploads\/2020\/10\/ahmed-trio.jpg\" alt=\"\" class=\"wp-image-82\" srcset=\"https:\/\/www.cbjurstrom.eu\/wp-content\/uploads\/2020\/10\/ahmed-trio.jpg 800w, https:\/\/www.cbjurstrom.eu\/wp-content\/uploads\/2020\/10\/ahmed-trio-300x225.jpg 300w, https:\/\/www.cbjurstrom.eu\/wp-content\/uploads\/2020\/10\/ahmed-trio-768x576.jpg 768w\" sizes=\"auto, (max-width: 800px) 100vw, 800px\" \/><\/figure>\n\n\n\n<p><strong>UNE MUSIQUE ENVOUTANTE<\/strong><\/p>\n\n\n\n<h6 class=\"wp-block-heading\">Suscitant le r\u00eave, la musique originale jou\u00e9e en direct emporte le jeune spectateur. Fort d\u2019une longue exp\u00e9rience en cin\u00e9-concert, Christofer Bjurstr\u00f6m se plonge cette fois-ci dans l\u2019univers du Prince Ahmed avec volupt\u00e9 et rythmique, pour un voyage musical dans l\u2019univers des contes orientaux.<\/h6>\n\n\n\n<h5 class=\"wp-block-heading\"><strong>Le BJURSTR\u00d6M CINETRIO CONTE<\/strong><\/h5>\n\n\n\n<ul class=\"wp-block-list\"><li><strong>Christofer Bjurstr\u00f6m<\/strong> piano<\/li><li><strong>Fran\u00e7ois Malet<\/strong> percussion<\/li><li><strong>Catherine Le Flochmoan<\/strong> conteuse<\/li><\/ul>\n","protected":false},"excerpt":{"rendered":"<p>Un film de Lotte Reiniger &#8211; Allemagne (1919)Musique originale de Christofer Bjurstr\u00f6m, interpr\u00e9t\u00e9e sur sc\u00e8ne par Christofer Bjurstr\u00f6m, Fran\u00e7ois Malet et une conteuse, Catherine Le Flochmoan Le premier long m\u00e9trage d\u2019animation de l\u2019histoire du cin\u00e9ma. Ce film enti\u00e8rement anim\u00e9 de silhouettes de papier d\u00e9coup\u00e9 entra\u00eene les spectateurs vers un monde inspir\u00e9 de l\u2019univers des contes&hellip;&nbsp;<\/p>\n","protected":false},"author":1,"featured_media":665,"parent":0,"menu_order":0,"comment_status":"closed","ping_status":"closed","template":"","meta":{"neve_meta_sidebar":"","neve_meta_container":"","neve_meta_enable_content_width":"","neve_meta_content_width":0,"neve_meta_title_alignment":"","neve_meta_author_avatar":"","neve_post_elements_order":"","neve_meta_disable_header":"","neve_meta_disable_footer":"","neve_meta_disable_title":"","footnotes":""},"class_list":["post-395","page","type-page","status-publish","has-post-thumbnail","hentry"],"_links":{"self":[{"href":"https:\/\/www.cbjurstrom.eu\/index.php\/wp-json\/wp\/v2\/pages\/395","targetHints":{"allow":["GET"]}}],"collection":[{"href":"https:\/\/www.cbjurstrom.eu\/index.php\/wp-json\/wp\/v2\/pages"}],"about":[{"href":"https:\/\/www.cbjurstrom.eu\/index.php\/wp-json\/wp\/v2\/types\/page"}],"author":[{"embeddable":true,"href":"https:\/\/www.cbjurstrom.eu\/index.php\/wp-json\/wp\/v2\/users\/1"}],"replies":[{"embeddable":true,"href":"https:\/\/www.cbjurstrom.eu\/index.php\/wp-json\/wp\/v2\/comments?post=395"}],"version-history":[{"count":4,"href":"https:\/\/www.cbjurstrom.eu\/index.php\/wp-json\/wp\/v2\/pages\/395\/revisions"}],"predecessor-version":[{"id":894,"href":"https:\/\/www.cbjurstrom.eu\/index.php\/wp-json\/wp\/v2\/pages\/395\/revisions\/894"}],"wp:featuredmedia":[{"embeddable":true,"href":"https:\/\/www.cbjurstrom.eu\/index.php\/wp-json\/wp\/v2\/media\/665"}],"wp:attachment":[{"href":"https:\/\/www.cbjurstrom.eu\/index.php\/wp-json\/wp\/v2\/media?parent=395"}],"curies":[{"name":"wp","href":"https:\/\/api.w.org\/{rel}","templated":true}]}}