{"id":388,"date":"2020-10-21T17:19:03","date_gmt":"2020-10-21T15:19:03","guid":{"rendered":"https:\/\/cbjurstrom.eu\/cbj\/?page_id=388"},"modified":"2021-09-05T16:36:46","modified_gmt":"2021-09-05T14:36:46","slug":"autour-des-pionniers-de-lanimation","status":"publish","type":"page","link":"https:\/\/www.cbjurstrom.eu\/index.php\/autour-des-pionniers-de-lanimation\/","title":{"rendered":"Autour des PIonniers de l&rsquo;Animation"},"content":{"rendered":"\n<div class=\"wp-block-media-text alignwide is-stacked-on-mobile\"><figure class=\"wp-block-media-text__media\"><img loading=\"lazy\" decoding=\"async\" width=\"250\" height=\"251\" src=\"https:\/\/www.cbjurstrom.eu\/wp-content\/uploads\/2020\/10\/pionniers-2.jpg\" alt=\"\" class=\"wp-image-138 size-full\" srcset=\"https:\/\/www.cbjurstrom.eu\/wp-content\/uploads\/2020\/10\/pionniers-2.jpg 250w, https:\/\/www.cbjurstrom.eu\/wp-content\/uploads\/2020\/10\/pionniers-2-150x150.jpg 150w\" sizes=\"auto, (max-width: 250px) 100vw, 250px\" \/><\/figure><div class=\"wp-block-media-text__content\">\n<p class=\"has-normal-font-size\">Plusieurs r\u00e9alisateurs &#8211; France de 1908 \u00e0 1929<\/p>\n\n\n\n<p>Une musique originale de Christofer Bjurstr\u00f6m, interpr\u00e9t\u00e9e sur sc\u00e8ne par Catherine Le Flochmoan (voix, objets sonores et accord\u00e9on) et Christofer Bjurstr\u00f6m (piano, sanza, fl\u00fbte)<\/p>\n\n\n\n<p>Ce programme de films courts, mis en oeuvre par l\u2019ADRC, le CNC et Gaumont et l\u2019association FosNote, est pr\u00e9sent\u00e9 en cin\u00e9-concerts dans les cin\u00e9mas r\u00e9gionaux. Pour citer la plaquette de l\u2019ADRC,<br><em>Il permettra de d\u00e9couvrir les inventions qui ont pr\u00e9c\u00e9d\u00e9 celle du cin\u00e9matographe, comme les pantomimes d\u2019Emile Reynaud et son th\u00e9\u00e2tre optique qui attir\u00e8rent au th\u00e9\u00e2tre du mus\u00e9e Gr\u00e9vin 500 000 spectateurs de 1892 \u00e0 1900.<\/em><\/p>\n\n\n\n<p>C\u2019est aussi l\u2019occasion de rencontrer plusieurs auteurs majeurs de l\u2019histoire du cin\u00e9ma d\u2019animation en France, de les voir travailler dans leur studio, avec leurs dr\u00f4les de machines et d\u2019appr\u00e9cier le fruit de leur travail sur grand \u00e9cran.<\/p>\n<\/div><\/div>\n\n\n\n<p><em>Les dix films pr\u00e9sent\u00e9s font participer \u00e0 l\u2019odyss\u00e9e du cin\u00e9ma d\u2019animation gr\u00e2ce \u00e0 des documentaires et des fictions aux techniques vari\u00e9es. Gr\u00e2ce \u00e0 elles, l\u2019univers de ces cr\u00e9ateurs hors du commun se r\u00e9v\u00e8le dans toute leur originalit\u00e9. Ces initiateurs invitent aujourd\u2019hui encore les spectateurs \u00e0 se r\u00e9approprier une histoire du cin\u00e9ma dont on avait perdu la trace.<\/em><\/p>\n\n\n\n<h3 class=\"wp-block-heading\">Les films pr\u00e9sent\u00e9s&nbsp;:<\/h3>\n\n\n\n<ul class=\"wp-block-list\"><li>Autour de Will Day (extraits), CNC (1997)<\/li><li>Paris-Cin\u00e9ma (extraits), Pierre Chenal (1929)<\/li><li>B\u00e9cassotte \u00e0 la mer, Marius OGalop (1920)<\/li><li>Les Locataires d\u2019\u00e0 cot\u00e9, Emile Cohl (1909)<\/li><li>Quelques croquis de gosses, Hy (Henry) Mayer (1923)<\/li><li>Sculpteur moderne, S\u00e9gundo de Chom\u00f4n (1908)<\/li><li>Affaires de c\u0153ur, Emile Cohl (1909)<\/li><li>La Tuberculose menace tout le monde, R. Lortac &amp; J. Comandon (1918)<\/li><li>Les D\u00e9boires d\u2019un pi\u00e9ton, Robert Lortac et Landelle (1922)<\/li><li>Gulliver chez les Lilliputiens, Albert Mourlan et Raymond Villette (1923)<\/li><\/ul>\n\n\n\n<figure class=\"wp-block-image size-large\"><img loading=\"lazy\" decoding=\"async\" width=\"339\" height=\"250\" src=\"https:\/\/www.cbjurstrom.eu\/wp-content\/uploads\/2020\/11\/deboires-dun-pieton.bmp\" alt=\"\" class=\"wp-image-825\" srcset=\"https:\/\/www.cbjurstrom.eu\/wp-content\/uploads\/2020\/11\/deboires-dun-pieton.bmp 339w, https:\/\/www.cbjurstrom.eu\/wp-content\/uploads\/2020\/11\/deboires-dun-pieton-300x221.jpg 300w\" sizes=\"auto, (max-width: 339px) 100vw, 339px\" \/><\/figure>\n\n\n\n<p><strong>Dur\u00e9e&nbsp;: 59mn<br>format&nbsp;: film 35mm<br>Ce programme b\u00e9n\u00e9ficie du dispositif ADRC<\/strong><\/p>\n\n\n\n<h2 class=\"wp-block-heading\">La Musique<\/h2>\n\n\n\n<p>Pour ce cin\u00e9-concert, Christofer Bjurstr\u00f6m a choisi une musique vari\u00e9e et ludique et s\u2019est associ\u00e9 \u00e0 Catherine Le Flochmoan, qui pendant les diff\u00e9rents films, conte, explique, fredonne, chante, ponctue, tandis que Christofer joue du piano de la fl\u00fbte ou de la sanza.<\/p>\n\n\n\n<figure class=\"wp-block-image size-large\"><img loading=\"lazy\" decoding=\"async\" width=\"339\" height=\"250\" src=\"https:\/\/www.cbjurstrom.eu\/wp-content\/uploads\/2020\/11\/gulliver.bmp\" alt=\"\" class=\"wp-image-826\" srcset=\"https:\/\/www.cbjurstrom.eu\/wp-content\/uploads\/2020\/11\/gulliver.bmp 339w, https:\/\/www.cbjurstrom.eu\/wp-content\/uploads\/2020\/11\/gulliver-300x221.jpg 300w\" sizes=\"auto, (max-width: 339px) 100vw, 339px\" \/><\/figure>\n\n\n","protected":false},"excerpt":{"rendered":"<p>Plusieurs r\u00e9alisateurs &#8211; France de 1908 \u00e0 1929 Une musique originale de Christofer Bjurstr\u00f6m, interpr\u00e9t\u00e9e sur sc\u00e8ne par Catherine Le Flochmoan (voix, objets sonores et accord\u00e9on) et Christofer Bjurstr\u00f6m (piano, sanza, fl\u00fbte) Ce programme de films courts, mis en oeuvre par l\u2019ADRC, le CNC et Gaumont et l\u2019association FosNote, est pr\u00e9sent\u00e9 en cin\u00e9-concerts dans les&hellip;&nbsp;<\/p>\n","protected":false},"author":1,"featured_media":827,"parent":0,"menu_order":0,"comment_status":"closed","ping_status":"closed","template":"page-templates\/template-fullwidth.php","meta":{"neve_meta_sidebar":"","neve_meta_container":"","neve_meta_enable_content_width":"","neve_meta_content_width":0,"neve_meta_title_alignment":"","neve_meta_author_avatar":"","neve_post_elements_order":"","neve_meta_disable_header":"","neve_meta_disable_footer":"","neve_meta_disable_title":"","footnotes":""},"class_list":["post-388","page","type-page","status-publish","has-post-thumbnail","hentry"],"_links":{"self":[{"href":"https:\/\/www.cbjurstrom.eu\/index.php\/wp-json\/wp\/v2\/pages\/388","targetHints":{"allow":["GET"]}}],"collection":[{"href":"https:\/\/www.cbjurstrom.eu\/index.php\/wp-json\/wp\/v2\/pages"}],"about":[{"href":"https:\/\/www.cbjurstrom.eu\/index.php\/wp-json\/wp\/v2\/types\/page"}],"author":[{"embeddable":true,"href":"https:\/\/www.cbjurstrom.eu\/index.php\/wp-json\/wp\/v2\/users\/1"}],"replies":[{"embeddable":true,"href":"https:\/\/www.cbjurstrom.eu\/index.php\/wp-json\/wp\/v2\/comments?post=388"}],"version-history":[{"count":3,"href":"https:\/\/www.cbjurstrom.eu\/index.php\/wp-json\/wp\/v2\/pages\/388\/revisions"}],"predecessor-version":[{"id":10205,"href":"https:\/\/www.cbjurstrom.eu\/index.php\/wp-json\/wp\/v2\/pages\/388\/revisions\/10205"}],"wp:featuredmedia":[{"embeddable":true,"href":"https:\/\/www.cbjurstrom.eu\/index.php\/wp-json\/wp\/v2\/media\/827"}],"wp:attachment":[{"href":"https:\/\/www.cbjurstrom.eu\/index.php\/wp-json\/wp\/v2\/media?parent=388"}],"curies":[{"name":"wp","href":"https:\/\/api.w.org\/{rel}","templated":true}]}}