{"id":386,"date":"2020-10-21T17:16:25","date_gmt":"2020-10-21T15:16:25","guid":{"rendered":"https:\/\/cbjurstrom.eu\/cbj\/?page_id=386"},"modified":"2020-12-05T18:45:03","modified_gmt":"2020-12-05T17:45:03","slug":"les-films-danimation","status":"publish","type":"page","link":"https:\/\/www.cbjurstrom.eu\/index.php\/les-films-danimation\/","title":{"rendered":"Les films d&rsquo;animation"},"content":{"rendered":"\n<h3 class=\"wp-block-heading\">Cinq films d&rsquo;animation tr\u00e8s diff\u00e9rents pour cette rubrique:<\/h3>\n\n\n\n<ul class=\"wp-block-list\"><li>Cin\u00e9-Concert <a rel=\"noreferrer noopener\" href=\"https:\/\/cbjurstrom.eu\/index.php\/les-aventures-du-prince-ahmed-lotte-reiniger\/\" target=\"_blank\">Les aventures du Prince Ahmed<\/a> de L. Reiniger (1920)<br><strong>un merveilleux film en ombres chinoises et en couleurs<\/strong><br>2 musiciens et une conteuse\/ d\u00e8s 4 ans<\/li><\/ul>\n\n\n\n<ul class=\"wp-block-list\"><li><a rel=\"noreferrer noopener\" href=\"https:\/\/cbjurstrom.eu\/index.php\/cine-concert-inuit-pour-petites-chouettes\/\" target=\"_blank\">Cin\u00e9-Concert Inuit pour Petites Chouettes<\/a>&#8211; d\u00e8s 2 ans Un musicien, une conteuse-chanteuse et quatre petits films inuit pour un voyage ludique et souriant&#8230;.<\/li><li>Cin\u00e9-Concert <a rel=\"noreferrer noopener\" href=\"https:\/\/cbjurstrom.eu\/index.php\/cote-courts\/\" target=\"_blank\">C\u00f4t\u00e9 Courts<\/a><br><strong>Une histoire du cin\u00e9ma muet en 9 courts m\u00e9trages de 1900 \u00e0 1926<\/strong><br>1 musicien \/ d\u00e8s 6 ans<\/li><li>Cin\u00e9-Concert <a rel=\"noreferrer noopener\" href=\"https:\/\/cbjurstrom.eu\/index.php\/cine-concert-autour-du-conte\/\" target=\"_blank\">Autour du conte<\/a><br><strong>2 magnifiques films en ombres chinoises de Lotte Reiniger et la version malicieuse du petit chaperon rouge de Walter Lantz <\/strong>(le cr\u00e9ateur de Woody woodpecker)<br>1 musicien &#8211; une conteuse \/d\u00e8s 2 ans<\/li><li>Cin\u00e9-Concert <a rel=\"noreferrer noopener\" href=\"https:\/\/cbjurstrom.eu\/index.php\/autour-des-pionniers-de-lanimation\/\" target=\"_blank\">Autour des Pionniers de l\u2019Animation<\/a><br><strong>Un programme de dix court-m\u00e9trages pour d\u00e9couvrir et red\u00e9couvrir l\u2019histoire du cin\u00e9ma d\u2019animation<\/strong><br>2 musiciens \/ d\u00e8s 6 ans<\/li><li>Cin\u00e9-Concert <a rel=\"noreferrer noopener\" href=\"https:\/\/cbjurstrom.eu\/index.php\/les-fables-de-starewitch\/\" target=\"_blank\">Les fables de Starewitch<\/a><br><strong>un programme de cinq courts r\u00e9alis\u00e9s entre 1922 et 1932 par un des p\u00e8res du cin\u00e9ma d\u2019animation autour des fables de La Fontaine<\/strong><br>1 musicien et 1 conteuse \/ 6ans<\/li><\/ul>\n","protected":false},"excerpt":{"rendered":"<p>Cinq films d&rsquo;animation tr\u00e8s diff\u00e9rents pour cette rubrique: Cin\u00e9-Concert Les aventures du Prince Ahmed de L. Reiniger (1920)un merveilleux film en ombres chinoises et en couleurs2 musiciens et une conteuse\/ d\u00e8s 4 ans Cin\u00e9-Concert Inuit pour Petites Chouettes&#8211; d\u00e8s 2 ans Un musicien, une conteuse-chanteuse et quatre petits films inuit pour un voyage ludique et&hellip;&nbsp;<\/p>\n","protected":false},"author":1,"featured_media":665,"parent":0,"menu_order":0,"comment_status":"closed","ping_status":"closed","template":"","meta":{"neve_meta_sidebar":"","neve_meta_container":"","neve_meta_enable_content_width":"","neve_meta_content_width":0,"neve_meta_title_alignment":"","neve_meta_author_avatar":"","neve_post_elements_order":"","neve_meta_disable_header":"","neve_meta_disable_footer":"","neve_meta_disable_title":"","footnotes":""},"class_list":["post-386","page","type-page","status-publish","has-post-thumbnail","hentry"],"_links":{"self":[{"href":"https:\/\/www.cbjurstrom.eu\/index.php\/wp-json\/wp\/v2\/pages\/386","targetHints":{"allow":["GET"]}}],"collection":[{"href":"https:\/\/www.cbjurstrom.eu\/index.php\/wp-json\/wp\/v2\/pages"}],"about":[{"href":"https:\/\/www.cbjurstrom.eu\/index.php\/wp-json\/wp\/v2\/types\/page"}],"author":[{"embeddable":true,"href":"https:\/\/www.cbjurstrom.eu\/index.php\/wp-json\/wp\/v2\/users\/1"}],"replies":[{"embeddable":true,"href":"https:\/\/www.cbjurstrom.eu\/index.php\/wp-json\/wp\/v2\/comments?post=386"}],"version-history":[{"count":3,"href":"https:\/\/www.cbjurstrom.eu\/index.php\/wp-json\/wp\/v2\/pages\/386\/revisions"}],"predecessor-version":[{"id":1045,"href":"https:\/\/www.cbjurstrom.eu\/index.php\/wp-json\/wp\/v2\/pages\/386\/revisions\/1045"}],"wp:featuredmedia":[{"embeddable":true,"href":"https:\/\/www.cbjurstrom.eu\/index.php\/wp-json\/wp\/v2\/media\/665"}],"wp:attachment":[{"href":"https:\/\/www.cbjurstrom.eu\/index.php\/wp-json\/wp\/v2\/media?parent=386"}],"curies":[{"name":"wp","href":"https:\/\/api.w.org\/{rel}","templated":true}]}}