{"id":365,"date":"2020-10-21T17:02:56","date_gmt":"2020-10-21T15:02:56","guid":{"rendered":"https:\/\/cbjurstrom.eu\/cbj\/?page_id=365"},"modified":"2025-09-11T17:31:43","modified_gmt":"2025-09-11T15:31:43","slug":"le-pirate-noir","status":"publish","type":"page","link":"https:\/\/www.cbjurstrom.eu\/index.php\/le-pirate-noir\/","title":{"rendered":"Le Pirate Noir"},"content":{"rendered":"\n<div class=\"wp-block-media-text alignwide is-stacked-on-mobile\"><figure class=\"wp-block-media-text__media\"><img loading=\"lazy\" decoding=\"async\" width=\"1000\" height=\"802\" src=\"https:\/\/cbjurstrom.eu\/cbj\/wp-content\/uploads\/2020\/10\/pirate_princesse_heros-1.jpg\" alt=\"\" class=\"wp-image-366\" srcset=\"https:\/\/www.cbjurstrom.eu\/wp-content\/uploads\/2020\/10\/pirate_princesse_heros-1.jpg 1000w, https:\/\/www.cbjurstrom.eu\/wp-content\/uploads\/2020\/10\/pirate_princesse_heros-1-300x241.jpg 300w, https:\/\/www.cbjurstrom.eu\/wp-content\/uploads\/2020\/10\/pirate_princesse_heros-1-768x616.jpg 768w\" sizes=\"auto, (max-width: 1000px) 100vw, 1000px\" \/><\/figure><div class=\"wp-block-media-text__content\">\n<p>Un film d\u2019Alfred Parker, avec Douglas Fairbanks (U.S.A 1926)<br>Une musique originale de Christofer BJURSTR\u00d6M<\/p>\n\n\n\n<p>Pirates sanguinaires, tr\u00e9sor, princesse captive, h\u00e9ros au grand c\u0153ur, abordages spectaculaires&#8230; avec une des premi\u00e8res sc\u00e8nes sous-marines de l\u2019histoire du cin\u00e9ma et une bagarre digne des meilleurs films burlesques&nbsp;! tout cela servi par un Douglas Fairbanks bondissant, plein d\u2019humour et toujours pr\u00eat \u00e0 se sacrifier.<\/p>\n\n\n\n<p><strong>DU PIRATE, DU SANG&#8230;ET DE L\u2019HUMOUR&#8230;<\/strong><\/p>\n\n\n\n<h6 class=\"wp-block-heading\">Un galion espagnol est captur\u00e9 par des pirates. Michel et son p\u00e8re parviennent \u00e0 fuir avant l\u2019explosion du navire et se r\u00e9fugient sur une \u00eele d\u00e9serte. Tandis que son p\u00e8re meurt dans ses bras, Michel jure de le venger. Par ruse, il se joint aux pirates, gagne leur confiance et ne tarde pas \u00e0 devenir leur chef sous le nom de \u00ab\u00a0Pirate Noir\u00a0\u00bb, en s\u2019emparant \u00e0 lui seul d\u2019un navire richement charg\u00e9 de marchandises. Parmi les passagers du navire, Michel d\u00e9couvre une princesse, en tombe amoureux et, d\u00e9jouant la surveillance m\u00e9fiante de certains de ses hommes, la sauve du d\u00e9shonneur et de la mort. Mais la m\u00e9fiance l\u2019emporte ensuite parmi l\u2019\u00e9quipage et Michel est alors pr\u00e9cipit\u00e9 par-dessus bord. Il parvient \u00e0 gagner la c\u00f4te, r\u00e9unit ses troupes et retourne au combat. Une fois les pirates captur\u00e9s, il r\u00e9v\u00e8le sa v\u00e9ritable identit\u00e9&nbsp;: il est un duc espagnol. Bonheur et mariage&#8230;.tout finit bien&nbsp;!&#8230;<\/h6>\n\n\n\n<p><strong>tout public \u00e0 partir de 8 ans<br>Dur\u00e9e&nbsp;: 1 h 40<br>format&nbsp;: 16 mm, 21 images par seconde &#8211; couleurs, Vid\u00e9o, DCP en cours de fabrication<\/strong><\/p>\n<\/div><\/div>\n\n\n\n<div class=\"wp-block-media-text alignwide has-media-on-the-right is-stacked-on-mobile\"><figure class=\"wp-block-media-text__media\"><img loading=\"lazy\" decoding=\"async\" width=\"742\" height=\"1000\" src=\"https:\/\/cbjurstrom.eu\/cbj\/wp-content\/uploads\/2020\/10\/Pirate_noir-fier-de-lui-2.jpg\" alt=\"\" class=\"wp-image-367\" srcset=\"https:\/\/www.cbjurstrom.eu\/wp-content\/uploads\/2020\/10\/Pirate_noir-fier-de-lui-2.jpg 742w, https:\/\/www.cbjurstrom.eu\/wp-content\/uploads\/2020\/10\/Pirate_noir-fier-de-lui-2-223x300.jpg 223w\" sizes=\"auto, (max-width: 742px) 100vw, 742px\" \/><\/figure><div class=\"wp-block-media-text__content\">\n<p><strong>UNE MUSIQUE DYNAMIQUE RESOLUMENT ACTUELLE<br><\/strong><\/p>\n\n\n\n<h6 class=\"wp-block-heading\">Pour ce film, Christofer Bjurstr\u00f6m a choisi de travailler avec un trio de jazz (saxophones, piano, percussions). L\u2019id\u00e9e est de porter l\u2019action du film par un jeu de contraste et de varier la couleur de l\u2019ensemble, passant d\u2019un jazz de chambre lyrique et intimiste \u00e0 une musique rythmique d\u2019action, utilisant le grain sombre des p\u00e9riodes d\u2019attente, de suspense, sans se priver de la lumi\u00e8re des m\u00e9lodie d\u2019amour &#8230;<\/h6>\n\n\n\n<h5 class=\"wp-block-heading\"><strong>Le BJURSTR\u00d6M CINETRIO<\/strong><\/h5>\n\n\n\n<ul class=\"wp-block-list\"><li><strong>Fran\u00e7ois Malet<\/strong> Percussions<\/li><li><strong>Rob Lavers<\/strong> Saxophones, fl\u00fbte<\/li><li><strong>Christofer Bjurstr\u00f6m<\/strong> Piano, fl\u00fbtes<\/li><\/ul>\n<\/div><\/div>\n","protected":false},"excerpt":{"rendered":"<p>Un film d\u2019Alfred Parker, avec Douglas Fairbanks (U.S.A 1926)Une musique originale de Christofer BJURSTR\u00d6M Pirates sanguinaires, tr\u00e9sor, princesse captive, h\u00e9ros au grand c\u0153ur, abordages spectaculaires&#8230; avec une des premi\u00e8res sc\u00e8nes sous-marines de l\u2019histoire du cin\u00e9ma et une bagarre digne des meilleurs films burlesques&nbsp;! tout cela servi par un Douglas Fairbanks bondissant, plein d\u2019humour et toujours&hellip;&nbsp;<\/p>\n","protected":false},"author":1,"featured_media":366,"parent":0,"menu_order":0,"comment_status":"closed","ping_status":"closed","template":"","meta":{"neve_meta_sidebar":"","neve_meta_container":"","neve_meta_enable_content_width":"","neve_meta_content_width":0,"neve_meta_title_alignment":"","neve_meta_author_avatar":"","neve_post_elements_order":"","neve_meta_disable_header":"","neve_meta_disable_footer":"","neve_meta_disable_title":"","footnotes":""},"class_list":["post-365","page","type-page","status-publish","has-post-thumbnail","hentry"],"_links":{"self":[{"href":"https:\/\/www.cbjurstrom.eu\/index.php\/wp-json\/wp\/v2\/pages\/365","targetHints":{"allow":["GET"]}}],"collection":[{"href":"https:\/\/www.cbjurstrom.eu\/index.php\/wp-json\/wp\/v2\/pages"}],"about":[{"href":"https:\/\/www.cbjurstrom.eu\/index.php\/wp-json\/wp\/v2\/types\/page"}],"author":[{"embeddable":true,"href":"https:\/\/www.cbjurstrom.eu\/index.php\/wp-json\/wp\/v2\/users\/1"}],"replies":[{"embeddable":true,"href":"https:\/\/www.cbjurstrom.eu\/index.php\/wp-json\/wp\/v2\/comments?post=365"}],"version-history":[{"count":2,"href":"https:\/\/www.cbjurstrom.eu\/index.php\/wp-json\/wp\/v2\/pages\/365\/revisions"}],"predecessor-version":[{"id":890,"href":"https:\/\/www.cbjurstrom.eu\/index.php\/wp-json\/wp\/v2\/pages\/365\/revisions\/890"}],"wp:featuredmedia":[{"embeddable":true,"href":"https:\/\/www.cbjurstrom.eu\/index.php\/wp-json\/wp\/v2\/media\/366"}],"wp:attachment":[{"href":"https:\/\/www.cbjurstrom.eu\/index.php\/wp-json\/wp\/v2\/media?parent=365"}],"curies":[{"name":"wp","href":"https:\/\/api.w.org\/{rel}","templated":true}]}}