{"id":358,"date":"2020-10-21T16:56:35","date_gmt":"2020-10-21T14:56:35","guid":{"rendered":"https:\/\/cbjurstrom.eu\/cbj\/?page_id=358"},"modified":"2020-11-11T19:12:36","modified_gmt":"2020-11-11T18:12:36","slug":"le-voleur-de-bagdad","status":"publish","type":"page","link":"https:\/\/www.cbjurstrom.eu\/index.php\/le-voleur-de-bagdad\/","title":{"rendered":"Le Voleur de Bagdad"},"content":{"rendered":"\n<p> <div class=\"nv-iframe-embed\"><iframe loading=\"lazy\" title=\"CINE CONCERT LE VOLEUR DE BAGDAD\" src=\"https:\/\/player.vimeo.com\/video\/371605400?dnt=1&amp;app_id=122963\" width=\"1200\" height=\"675\" frameborder=\"0\" allow=\"autoplay; fullscreen; picture-in-picture; clipboard-write; encrypted-media; web-share\" referrerpolicy=\"strict-origin-when-cross-origin\"><\/iframe><\/div><\/p>\n\n\n\n<p><strong>UN FILM SOMPTUEUX AUX DECORS DE REVE DES MILLE ET UNE NUITS<\/strong><\/p>\n\n\n\n<div class=\"wp-block-media-text alignwide is-stacked-on-mobile\"><figure class=\"wp-block-media-text__media\"><img loading=\"lazy\" decoding=\"async\" width=\"600\" height=\"450\" src=\"https:\/\/cbjurstrom.eu\/cbj\/wp-content\/uploads\/2020\/10\/vdb-cheval-aile-piano-alto.jpg\" alt=\"\" class=\"wp-image-359\" srcset=\"https:\/\/www.cbjurstrom.eu\/wp-content\/uploads\/2020\/10\/vdb-cheval-aile-piano-alto.jpg 600w, https:\/\/www.cbjurstrom.eu\/wp-content\/uploads\/2020\/10\/vdb-cheval-aile-piano-alto-300x225.jpg 300w\" sizes=\"auto, (max-width: 600px) 100vw, 600px\" \/><\/figure><div class=\"wp-block-media-text__content\">\n<p>Un film de Raoul Walsh (USA &#8211; 1924) avec Douglas Fairbanks<br>Musique originale de Christofer BJURSTR\u00d6M<\/p>\n\n\n\n<p>Chef d\u2019\u0153uvre du cin\u00e9ma muet des ann\u00e9es 20, Ce film c\u00e9l\u00e8bre l\u2019univers des Mille et Une Nuits avec l\u2019humour de Douglas Fairbanks.<br>Ce film exceptionnel a travers\u00e9 le temps et garde encore aujourd\u2019hui tout son pouvoir de fascination : un sc\u00e9nario envo\u00fbtant, des com\u00e9diens hors pairs et des d\u00e9cors et des costumes somptueux.<br>Tout au long du film, corde magique, tapis volant, boule de cristal aux pouvoirs surnaturels, \u00e9lixir de gu\u00e9rison\u2026.. vont aider le h\u00e9ros \u00e0 conqu\u00e9rir la troublante fille du calife..<\/p>\n\n\n\n<p><strong>Dur\u00e9e&nbsp;: 2 h 30<br>format&nbsp;: DCP<\/strong><\/p>\n<\/div><\/div>\n\n\n\n<div class=\"wp-block-media-text alignwide has-media-on-the-right is-stacked-on-mobile\"><figure class=\"wp-block-media-text__media\"><img loading=\"lazy\" decoding=\"async\" width=\"1000\" height=\"750\" src=\"https:\/\/cbjurstrom.eu\/cbj\/wp-content\/uploads\/2020\/10\/vdb-princesse-percussions-basse.jpg\" alt=\"\" class=\"wp-image-360\" srcset=\"https:\/\/www.cbjurstrom.eu\/wp-content\/uploads\/2020\/10\/vdb-princesse-percussions-basse.jpg 1000w, https:\/\/www.cbjurstrom.eu\/wp-content\/uploads\/2020\/10\/vdb-princesse-percussions-basse-300x225.jpg 300w, https:\/\/www.cbjurstrom.eu\/wp-content\/uploads\/2020\/10\/vdb-princesse-percussions-basse-768x576.jpg 768w\" sizes=\"auto, (max-width: 1000px) 100vw, 1000px\" \/><\/figure><div class=\"wp-block-media-text__content\">\n<p class=\"has-normal-font-size\">Dans la mythique ville de Bagdad, un voleur intr\u00e9pide, Ahmed s\u2019\u00e9prend de la fille du calife qu\u2019il aper\u00e7oit endormie tandis qu\u2019il tente de d\u00e9rober un tr\u00e9sor \u00e0 l\u2019int\u00e9rieur du palais. Follement amoureux, il d\u00e9cide de revoir la jeune femme. L\u2019occasion lui en est donn\u00e9e par le calife qui s\u2019appr\u00eate \u00e0 recevoir les pr\u00e9tendants de sa fille&nbsp;: un prince mongol, un rajah indien et un prince persan. Ahmed se fait alors passer pour un prince \u00e9tranger et s\u00e9duit la jeune femme. D\u00e9masqu\u00e9, il doit fuir mais la jeune femme amoureuse refuse les autres pr\u00e9tendants, imposant \u00e0 chacun d\u2019entre eux qu\u2019ils lui apportent ce qu\u2019il y a de plus pr\u00e9cieux au monde&#8230;. D\u00e9jouant les pi\u00e8ges du perfide prince mongol, Ahmed sauve sa princesse et gagne sa main en lib\u00e9rant la ville des envahisseurs mongols .<\/p>\n<\/div><\/div>\n\n\n\n<div class=\"wp-block-media-text alignwide is-stacked-on-mobile\"><figure class=\"wp-block-media-text__media\"><img loading=\"lazy\" decoding=\"async\" width=\"1000\" height=\"750\" src=\"https:\/\/cbjurstrom.eu\/cbj\/wp-content\/uploads\/2020\/10\/vdb-jdm-cbj.jpg\" alt=\"\" class=\"wp-image-361\" srcset=\"https:\/\/www.cbjurstrom.eu\/wp-content\/uploads\/2020\/10\/vdb-jdm-cbj.jpg 1000w, https:\/\/www.cbjurstrom.eu\/wp-content\/uploads\/2020\/10\/vdb-jdm-cbj-300x225.jpg 300w, https:\/\/www.cbjurstrom.eu\/wp-content\/uploads\/2020\/10\/vdb-jdm-cbj-768x576.jpg 768w\" sizes=\"auto, (max-width: 1000px) 100vw, 1000px\" \/><\/figure><div class=\"wp-block-media-text__content\">\n<p class=\"has-medium-font-size\"><strong>UNE MUSIQUE ORIENTALISANTE<\/strong><\/p>\n\n\n\n<p>Le Voleur de Bagdad nous entra\u00eene dans des aventures orientales bondissantes et extr\u00eamement rythm\u00e9es&nbsp;: pour ce film d\u2019action, l\u2019envie d\u2019une rythmique dynamique et de possibilit\u00e9s de timbres vari\u00e9s pour les multiples s\u00e9quences du film a men\u00e9 bien \u00e9videmment \u00e0 faire des percussions et du rythme l\u2019\u00e9l\u00e9ment central, et d\u2019y associer des instruments \u00e0 combinaisons multiples&nbsp;: piano, contrebasse, fl\u00fbtes, violon, santour&#8230;. Une musique parfois orientalisante et dynamique qui n\u2019exclut pas quelques morceaux de tendresse et de myst\u00e8re.<\/p>\n\n\n\n<p><strong>Christofer Bjurstr\u00f6m\u00a0: <\/strong>piano, fl\u00fbtes, santour<br><strong>Fran\u00e7ois Malet\u00a0<\/strong>: percussions<br><strong>Jean-Denis Moreau\u00a0<\/strong>: violon alto<br><strong>Mika\u00ebl Seznec\u00a0:<\/strong> basse, rob\u00e2b<\/p>\n<\/div><\/div>\n\n\n\n<figure class=\"wp-block-image size-large\"><img loading=\"lazy\" decoding=\"async\" width=\"1000\" height=\"750\" src=\"https:\/\/cbjurstrom.eu\/cbj\/wp-content\/uploads\/2020\/10\/vdb-ms.jpg\" alt=\"\" class=\"wp-image-362\" srcset=\"https:\/\/www.cbjurstrom.eu\/wp-content\/uploads\/2020\/10\/vdb-ms.jpg 1000w, https:\/\/www.cbjurstrom.eu\/wp-content\/uploads\/2020\/10\/vdb-ms-300x225.jpg 300w, https:\/\/www.cbjurstrom.eu\/wp-content\/uploads\/2020\/10\/vdb-ms-768x576.jpg 768w\" sizes=\"auto, (max-width: 1000px) 100vw, 1000px\" \/><\/figure>\n\n\n\n<figure class=\"wp-block-image size-large\"><img loading=\"lazy\" decoding=\"async\" width=\"1000\" height=\"750\" src=\"https:\/\/cbjurstrom.eu\/cbj\/wp-content\/uploads\/2020\/10\/vdb-fm.jpg\" alt=\"\" class=\"wp-image-363\" srcset=\"https:\/\/www.cbjurstrom.eu\/wp-content\/uploads\/2020\/10\/vdb-fm.jpg 1000w, https:\/\/www.cbjurstrom.eu\/wp-content\/uploads\/2020\/10\/vdb-fm-300x225.jpg 300w, https:\/\/www.cbjurstrom.eu\/wp-content\/uploads\/2020\/10\/vdb-fm-768x576.jpg 768w\" sizes=\"auto, (max-width: 1000px) 100vw, 1000px\" \/><\/figure>\n\n\n\n<p><\/p>\n","protected":false},"excerpt":{"rendered":"<p>UN FILM SOMPTUEUX AUX DECORS DE REVE DES MILLE ET UNE NUITS Un film de Raoul Walsh (USA &#8211; 1924) avec Douglas FairbanksMusique originale de Christofer BJURSTR\u00d6M Chef d\u2019\u0153uvre du cin\u00e9ma muet des ann\u00e9es 20, Ce film c\u00e9l\u00e8bre l\u2019univers des Mille et Une Nuits avec l\u2019humour de Douglas Fairbanks.Ce film exceptionnel a travers\u00e9 le temps&hellip;&nbsp;<\/p>\n","protected":false},"author":1,"featured_media":359,"parent":0,"menu_order":0,"comment_status":"closed","ping_status":"closed","template":"","meta":{"neve_meta_sidebar":"","neve_meta_container":"","neve_meta_enable_content_width":"","neve_meta_content_width":0,"neve_meta_title_alignment":"","neve_meta_author_avatar":"","neve_post_elements_order":"","neve_meta_disable_header":"","neve_meta_disable_footer":"","neve_meta_disable_title":"","footnotes":""},"class_list":["post-358","page","type-page","status-publish","has-post-thumbnail","hentry"],"_links":{"self":[{"href":"https:\/\/www.cbjurstrom.eu\/index.php\/wp-json\/wp\/v2\/pages\/358","targetHints":{"allow":["GET"]}}],"collection":[{"href":"https:\/\/www.cbjurstrom.eu\/index.php\/wp-json\/wp\/v2\/pages"}],"about":[{"href":"https:\/\/www.cbjurstrom.eu\/index.php\/wp-json\/wp\/v2\/types\/page"}],"author":[{"embeddable":true,"href":"https:\/\/www.cbjurstrom.eu\/index.php\/wp-json\/wp\/v2\/users\/1"}],"replies":[{"embeddable":true,"href":"https:\/\/www.cbjurstrom.eu\/index.php\/wp-json\/wp\/v2\/comments?post=358"}],"version-history":[{"count":2,"href":"https:\/\/www.cbjurstrom.eu\/index.php\/wp-json\/wp\/v2\/pages\/358\/revisions"}],"predecessor-version":[{"id":918,"href":"https:\/\/www.cbjurstrom.eu\/index.php\/wp-json\/wp\/v2\/pages\/358\/revisions\/918"}],"wp:featuredmedia":[{"embeddable":true,"href":"https:\/\/www.cbjurstrom.eu\/index.php\/wp-json\/wp\/v2\/media\/359"}],"wp:attachment":[{"href":"https:\/\/www.cbjurstrom.eu\/index.php\/wp-json\/wp\/v2\/media?parent=358"}],"curies":[{"name":"wp","href":"https:\/\/api.w.org\/{rel}","templated":true}]}}