{"id":346,"date":"2020-10-20T19:14:49","date_gmt":"2020-10-20T17:14:49","guid":{"rendered":"https:\/\/cbjurstrom.eu\/cbj\/?page_id=346"},"modified":"2025-09-11T17:29:33","modified_gmt":"2025-09-11T15:29:33","slug":"max-linder","status":"publish","type":"page","link":"https:\/\/www.cbjurstrom.eu\/index.php\/max-linder\/","title":{"rendered":"Max Linder"},"content":{"rendered":"\n<p><\/p>\n\n\n\n<h2 class=\"wp-block-heading\">L\u2019Etroit Mousquetaire<\/h2>\n\n\n\n<div class=\"wp-block-media-text alignwide is-stacked-on-mobile\"><figure class=\"wp-block-media-text__media\"><img loading=\"lazy\" decoding=\"async\" width=\"300\" height=\"168\" src=\"https:\/\/www.cbjurstrom.eu\/wp-content\/uploads\/2020\/10\/etroit-mousquetaire-2.jpg\" alt=\"\" class=\"wp-image-103\"\/><\/figure><div class=\"wp-block-media-text__content\">\n<p class=\"has-normal-font-size\">Une parodie du roman d\u2019Alexandre Dumas, tout en en \u00e9tant une adaptation fid\u00e8le et subtile. En 1922, Max Linder d\u00e9couvre le film de Fred Niblo The Three Musketeers (1921), adaptation du c\u00e9l\u00e8bre roman d\u2019Alexandre Dumas, dans lequel son ami Douglas Fairbanks joue le r\u00f4le de D\u2019Artagnan. Il en livre aussit\u00f4t une parodie promise d\u00e8s le titre, The Three Must-Get-There, incarnant lui-m\u00eame le r\u00f4le de\u2026 Lindertagnan.<\/p>\n<\/div><\/div>\n\n\n\n<div class=\"wp-block-media-text alignwide has-media-on-the-right is-stacked-on-mobile\"><figure class=\"wp-block-media-text__media\"><img loading=\"lazy\" decoding=\"async\" width=\"207\" height=\"188\" src=\"https:\/\/www.cbjurstrom.eu\/wp-content\/uploads\/2020\/10\/etroit-mousquetaire-1.jpg\" alt=\"\" class=\"wp-image-102\"\/><\/figure><div class=\"wp-block-media-text__content\">\n<p class=\"has-normal-font-size\">Une composition commune de trois complices : Christofer Bjurstr\u00f6m, Jacques Cambra et Franck Tortiller. Jeu sur les timbres, \u00e9nergie, malice, pour s\u2019amuser, (mais pas que) avec Max Linder, de ces aventures volontiers anachroniques.<\/p>\n\n\n\n<p>Film en DCP, restaur\u00e9.<br>Une production de la Sc\u00e8ne Nationale de Sceaux\/ Les G\u00e9meaux<\/p>\n<\/div><\/div>\n","protected":false},"excerpt":{"rendered":"<p>L\u2019Etroit Mousquetaire Une parodie du roman d\u2019Alexandre Dumas, tout en en \u00e9tant une adaptation fid\u00e8le et subtile. En 1922, Max Linder d\u00e9couvre le film de Fred Niblo The Three Musketeers (1921), adaptation du c\u00e9l\u00e8bre roman d\u2019Alexandre Dumas, dans lequel son ami Douglas Fairbanks joue le r\u00f4le de D\u2019Artagnan. Il en livre aussit\u00f4t une parodie promise&hellip;&nbsp;<\/p>\n","protected":false},"author":1,"featured_media":642,"parent":0,"menu_order":0,"comment_status":"closed","ping_status":"closed","template":"","meta":{"neve_meta_sidebar":"","neve_meta_container":"","neve_meta_enable_content_width":"","neve_meta_content_width":0,"neve_meta_title_alignment":"","neve_meta_author_avatar":"","neve_post_elements_order":"","neve_meta_disable_header":"","neve_meta_disable_footer":"","neve_meta_disable_title":"","footnotes":""},"class_list":["post-346","page","type-page","status-publish","has-post-thumbnail","hentry"],"_links":{"self":[{"href":"https:\/\/www.cbjurstrom.eu\/index.php\/wp-json\/wp\/v2\/pages\/346","targetHints":{"allow":["GET"]}}],"collection":[{"href":"https:\/\/www.cbjurstrom.eu\/index.php\/wp-json\/wp\/v2\/pages"}],"about":[{"href":"https:\/\/www.cbjurstrom.eu\/index.php\/wp-json\/wp\/v2\/types\/page"}],"author":[{"embeddable":true,"href":"https:\/\/www.cbjurstrom.eu\/index.php\/wp-json\/wp\/v2\/users\/1"}],"replies":[{"embeddable":true,"href":"https:\/\/www.cbjurstrom.eu\/index.php\/wp-json\/wp\/v2\/comments?post=346"}],"version-history":[{"count":2,"href":"https:\/\/www.cbjurstrom.eu\/index.php\/wp-json\/wp\/v2\/pages\/346\/revisions"}],"predecessor-version":[{"id":718,"href":"https:\/\/www.cbjurstrom.eu\/index.php\/wp-json\/wp\/v2\/pages\/346\/revisions\/718"}],"wp:featuredmedia":[{"embeddable":true,"href":"https:\/\/www.cbjurstrom.eu\/index.php\/wp-json\/wp\/v2\/media\/642"}],"wp:attachment":[{"href":"https:\/\/www.cbjurstrom.eu\/index.php\/wp-json\/wp\/v2\/media?parent=346"}],"curies":[{"name":"wp","href":"https:\/\/api.w.org\/{rel}","templated":true}]}}