{"id":344,"date":"2020-10-20T19:13:38","date_gmt":"2020-10-20T17:13:38","guid":{"rendered":"https:\/\/cbjurstrom.eu\/cbj\/?page_id=344"},"modified":"2025-09-11T17:28:19","modified_gmt":"2025-09-11T15:28:19","slug":"les-folles-aventures-de-bricolo","status":"publish","type":"page","link":"https:\/\/www.cbjurstrom.eu\/index.php\/les-folles-aventures-de-bricolo\/","title":{"rendered":"Les Folles Inventions de Mr Bricolo"},"content":{"rendered":"\n<h2 class=\"wp-block-heading\">CREATION 2023<\/h2>\n\n\n\n<p>Films de Charley Bowers| 1926-1927 |1h08<\/p>\n\n\n\n<p>Trois courts-m\u00e9trages o\u00f9 le r\u00e9alisateur Charley Bowers m\u00ealait prises de vues r\u00e9elles et images d\u2019animation. Tomb\u00e9 dans l\u2019oubli, le personnage de M.&nbsp;Bricolo, aux inventions singuli\u00e8res, vit les aventures les plus rocambolesques. Curieusement, les copies des films de Charley Bowers ont \u00e9t\u00e9 retrouv\u00e9es pour la plupart en Europe et non aux \u00c9tats-Unis.<\/p>\n\n\n\n<p>Une bonne humeur et une inventivit\u00e9 \u00e9tonnantes et convaincantes<\/p>\n\n\n\n<ul class=\"wp-block-list\">\n<li><strong>Non tu exag\u00e8res<\/strong> (Now You Tell One)\u00a0: Bricolo met au point un produit miracle permettant de se d\u00e9barrasser des souris.<\/li>\n\n\n\n<li><strong>Bricolo inventeur<\/strong> (Many a Slip)\u00a0: La trouvaille de Bricolo prend cette fois l\u2019apparence d\u2019une peau de banane anti-d\u00e9rapante.<\/li>\n\n\n\n<li><strong>Le Roi du charleston<\/strong> (Fatal Footsteps)\u00a0: Des chaussures de son cr\u00fb guident automatiquement les pas des danseurs de charleston.<\/li>\n<\/ul>\n\n\n\n<p>DCP<br>Dur\u00e9e 1h08<\/p>\n\n\n\n<p>Ce film b\u00e9n\u00e9ficie du dispositif ADRC<\/p>\n\n\n\n<h2 class=\"wp-block-heading\">La Musique<\/h2>\n\n\n\n<ul class=\"wp-block-list\">\n<li>Christofer BJURSTR\u00d6M&nbsp;: Piano, Composition<\/li>\n\n\n\n<li>Nicolas POINTARD&nbsp;: Batterie, percussion<\/li>\n<\/ul>\n\n\n\n<p>Une formation musicale simple et directe pour ces films \u00e0 la fois absurdes, po\u00e9tiques et bondissants&nbsp;: le duo piano-batterie. \u00c9lasticit\u00e9, percussivit\u00e9, \u00e9clairs po\u00e9tiques, une musique enjou\u00e9e et bondissante.<\/p>\n","protected":false},"excerpt":{"rendered":"<p>CREATION 2023 Films de Charley Bowers| 1926-1927 |1h08 Trois courts-m\u00e9trages o\u00f9 le r\u00e9alisateur Charley Bowers m\u00ealait prises de vues r\u00e9elles et images d\u2019animation. Tomb\u00e9 dans l\u2019oubli, le personnage de M.&nbsp;Bricolo, aux inventions singuli\u00e8res, vit les aventures les plus rocambolesques. Curieusement, les copies des films de Charley Bowers ont \u00e9t\u00e9 retrouv\u00e9es pour la plupart en Europe&hellip;&nbsp;<\/p>\n","protected":false},"author":1,"featured_media":11284,"parent":0,"menu_order":0,"comment_status":"closed","ping_status":"closed","template":"","meta":{"neve_meta_sidebar":"","neve_meta_container":"","neve_meta_enable_content_width":"","neve_meta_content_width":0,"neve_meta_title_alignment":"","neve_meta_author_avatar":"","neve_post_elements_order":"","neve_meta_disable_header":"","neve_meta_disable_footer":"","neve_meta_disable_title":"","footnotes":""},"class_list":["post-344","page","type-page","status-publish","has-post-thumbnail","hentry"],"_links":{"self":[{"href":"https:\/\/www.cbjurstrom.eu\/index.php\/wp-json\/wp\/v2\/pages\/344","targetHints":{"allow":["GET"]}}],"collection":[{"href":"https:\/\/www.cbjurstrom.eu\/index.php\/wp-json\/wp\/v2\/pages"}],"about":[{"href":"https:\/\/www.cbjurstrom.eu\/index.php\/wp-json\/wp\/v2\/types\/page"}],"author":[{"embeddable":true,"href":"https:\/\/www.cbjurstrom.eu\/index.php\/wp-json\/wp\/v2\/users\/1"}],"replies":[{"embeddable":true,"href":"https:\/\/www.cbjurstrom.eu\/index.php\/wp-json\/wp\/v2\/comments?post=344"}],"version-history":[{"count":3,"href":"https:\/\/www.cbjurstrom.eu\/index.php\/wp-json\/wp\/v2\/pages\/344\/revisions"}],"predecessor-version":[{"id":11061,"href":"https:\/\/www.cbjurstrom.eu\/index.php\/wp-json\/wp\/v2\/pages\/344\/revisions\/11061"}],"wp:featuredmedia":[{"embeddable":true,"href":"https:\/\/www.cbjurstrom.eu\/index.php\/wp-json\/wp\/v2\/media\/11284"}],"wp:attachment":[{"href":"https:\/\/www.cbjurstrom.eu\/index.php\/wp-json\/wp\/v2\/media?parent=344"}],"curies":[{"name":"wp","href":"https:\/\/api.w.org\/{rel}","templated":true}]}}