{"id":341,"date":"2020-10-20T19:10:13","date_gmt":"2020-10-20T17:10:13","guid":{"rendered":"https:\/\/cbjurstrom.eu\/cbj\/?page_id=341"},"modified":"2025-09-11T17:27:27","modified_gmt":"2025-09-11T15:27:27","slug":"inventaire-dinventeurs","status":"publish","type":"page","link":"https:\/\/www.cbjurstrom.eu\/index.php\/inventaire-dinventeurs\/","title":{"rendered":"Inventaire d&rsquo;Inventeurs"},"content":{"rendered":"\n<p>Pour un extrait video, cliquez ci-dessous&nbsp;: <\/p>\n\n\n\n<p><div class=\"nv-iframe-embed\"><iframe loading=\"lazy\" title=\"Inventaire-Inventeurs-extraits\" src=\"https:\/\/player.vimeo.com\/video\/190580738?dnt=1&amp;app_id=122963\" width=\"640\" height=\"480\" frameborder=\"0\" allow=\"autoplay; fullscreen; picture-in-picture; clipboard-write; encrypted-media; web-share\" referrerpolicy=\"strict-origin-when-cross-origin\"><\/iframe><\/div><\/p>\n\n\n\n<p><a href=\"https:\/\/vimeo.com\/190580738\">Inventaire-Inventeurs-extraits<\/a> from <a href=\"https:\/\/vimeo.com\/user23578571\">Christofer Bjurstr\u00f6m<\/a> on <a href=\"https:\/\/vimeo.com\">Vimeo<\/a>.<\/p>\n\n\n\n<p>Vous pensez que la science est trop terre \u00e0 terre&nbsp;? Vous ressentez le besoin de renier ce monde si prosa\u00efque&nbsp;? Vous r\u00eavez d\u2019allumer la lumi\u00e9re sans vous lever de votre fauteuil&nbsp;?<\/p>\n\n\n\n<p>Christofer Bjurstr\u00f6m a choisi de r\u00e9unir ces trois films courts de Charley Bowers et de Snub Pollard sur le th\u00e8me de l\u2019Invention pour donner une r\u00e9ponse en musique et en images \u00e0 votre besoin \u00e9vident d\u2019inventions extravagantes<\/p>\n\n\n\n<p><strong>&#8230;3 FILMS DESOPILANTS, SURREALISTES ET OPTIMISTES&nbsp;!<\/strong><\/p>\n\n\n\n<ul class=\"wp-block-list\">\n<li><strong>Egged On (Pour \u00e9pater les poules), de Charley Bowers \/ USA, 1926 (23 mn)<\/strong><br>Charley Bowers met au point la machine \u00e0 rendre les \u0153ufs incassables. Mais les poules mangent vraiment n\u2019importe quoi, et quand il s\u2019agit de faire la d\u00e9monstration de la machine au syndicat des producteurs d\u2019\u0153ufs , il y a quelques surprises.<\/li>\n\n\n\n<li><strong>Wild Roomer (Dr\u00f4le de locataire), de Charley Bowers \/ USA, 1927 (22 mn)<\/strong><br>Pour toucher son h\u00e9ritage convoit\u00e9 par un oncle sournois, Charley Bowers met au point une machine \u00e0 tout faire, capable aussi bien de fabriquer une petite poup\u00e9e de chiffon, que de nettoyer les cuivres, de raser et finalement de d\u00e9barrasser notre h\u00e9ros de son oncle importun.<\/li>\n\n\n\n<li><strong>It\u2019s a gift, de Snub Pollard USA (10 mn)<\/strong><br>1920\u00a0: Le p\u00e9trole se vend de plus en plus cher (d\u00e9j\u00e0\u00a0!\u00a0!\u00a0!). Apr\u00e8s avoir test\u00e9 en vain divers carburants, les producteurs d\u2019automobiles d\u00e9cident de faire appel au c\u00e9l\u00e8bre inventeur Snub Pollard. Mais Snub est surtout un expert pour inventer des machines lui permettant de ne rien faire, comme par exemple pr\u00e9parer et prendre son petit d\u00e9jeuner sans bouger de son lit\u00a0!<\/li>\n<\/ul>\n\n\n\n<p><strong>2 REALISATEURS EXTRAVAGANTS et pr\u00e9curseurs du cin\u00e9ma d\u2019animation<\/strong><\/p>\n\n\n\n<ul class=\"wp-block-list\">\n<li><strong>Charley Bowers<\/strong>, plus connu en France sous le nom de Bricolo, est un personnage \u00e0 part dans le monde du cin\u00e9ma. Fantasque, mythomane, et g\u00e9nial, il fait de ses films des objets insolites, o\u00f9 le r\u00e9el est pouss\u00e9 \u00e0 bout, et vole litt\u00e9ralement en morceaux sous la force d\u2019une imagination fra\u00eeche et na\u00efve, qui ne se laisse jamais arr\u00eater par le mot \u00ab\u00a0impossible\u00a0\u00bb. Charley Bowers est toujours le personnage principal de ses films.<\/li>\n\n\n\n<li><strong>Harry \u00ab\u00a0Snub\u00a0\u00bb Pollard<\/strong>, bien connu pour sa moustache noire \u00ab\u00a0fa\u00e7on Droopy\u00a0\u00bb et son personnage \u00ab\u00a0Beaucitron\u00a0\u00bb, tendre ahuri, est aussi une figure marquante du Cin\u00e9ma muet des ann\u00e9es 20. Dans ses films, Snub Pollard use de son inventivit\u00e9 pour embellir le quotidien, sous forme de gadgets et de m\u00e9canismes saugrenus et d\u2019une logique imparable mais surprenante.<\/li>\n<\/ul>\n\n\n\n<p><strong>Dur\u00e9e&nbsp;: 1h<br>format&nbsp;: vid\u00e9o<\/strong><\/p>\n\n\n\n<p><strong>UNE MUSIQUE JOYEUSE, DEBRIDEE ET BONDISSANTE<\/strong><\/p>\n\n\n\n<h6 class=\"wp-block-heading\">Pour ces films \u00e0 la fois absurdes et po\u00e9tiques, Christofer Bjurstr\u00f6m a choisi deux possibilit\u00e9s de formations musicales l\u00e9g\u00e8res\u00a0: piano et percussions ou piano, violoncelle et percussions, au service d\u2019une musique inventive \u00e0 la fois sur le plan sonore et sur la rythmique. A mi chemin entre une musique de chambre un peu d\u00e9cal\u00e9e, les pointill\u00e9s d\u2019un bruitisme rieur, et l\u2019\u00e9motion des m\u00e9lodies, c\u2019est une musique joyeuse, d\u00e9brid\u00e9e et bondissante qui jaillit des aventures de ces savants fous.<\/h6>\n\n\n\n<h5 class=\"wp-block-heading\"><strong>En DUO<\/strong>:<\/h5>\n\n\n\n<ul class=\"wp-block-list\">\n<li><strong>Fran\u00e7ois Malet \/ Nicolas Pointard,<\/strong> Percussions<\/li>\n\n\n\n<li><strong>Christofer Bjurstr\u00f6m<\/strong>, piano \/ fl\u00fbtes<\/li>\n<\/ul>\n\n\n\n<h5 class=\"wp-block-heading\"><strong>En TRIO<\/strong>:<\/h5>\n\n\n\n<ul class=\"wp-block-list\">\n<li><strong>C\u00e9cile Girard \/ Agn\u00e8s Vesterman,<\/strong> Violoncelle<\/li>\n\n\n\n<li><strong>Fran\u00e7ois Malet \/ Nicolas Pointard,<\/strong> Percussions<\/li>\n\n\n\n<li><strong>Christofer Bjurstr\u00f6m,<\/strong> piano<\/li>\n<\/ul>\n\n\n\n<p><\/p>\n","protected":false},"excerpt":{"rendered":"<p>Pour un extrait video, cliquez ci-dessous&nbsp;: Inventaire-Inventeurs-extraits from Christofer Bjurstr\u00f6m on Vimeo. Vous pensez que la science est trop terre \u00e0 terre&nbsp;? Vous ressentez le besoin de renier ce monde si prosa\u00efque&nbsp;? Vous r\u00eavez d\u2019allumer la lumi\u00e9re sans vous lever de votre fauteuil&nbsp;? Christofer Bjurstr\u00f6m a choisi de r\u00e9unir ces trois films courts de Charley&hellip;&nbsp;<\/p>\n","protected":false},"author":1,"featured_media":11284,"parent":0,"menu_order":0,"comment_status":"closed","ping_status":"closed","template":"","meta":{"neve_meta_sidebar":"","neve_meta_container":"","neve_meta_enable_content_width":"","neve_meta_content_width":0,"neve_meta_title_alignment":"","neve_meta_author_avatar":"","neve_post_elements_order":"","neve_meta_disable_header":"","neve_meta_disable_footer":"","neve_meta_disable_title":"","footnotes":""},"class_list":["post-341","page","type-page","status-publish","has-post-thumbnail","hentry"],"_links":{"self":[{"href":"https:\/\/www.cbjurstrom.eu\/index.php\/wp-json\/wp\/v2\/pages\/341","targetHints":{"allow":["GET"]}}],"collection":[{"href":"https:\/\/www.cbjurstrom.eu\/index.php\/wp-json\/wp\/v2\/pages"}],"about":[{"href":"https:\/\/www.cbjurstrom.eu\/index.php\/wp-json\/wp\/v2\/types\/page"}],"author":[{"embeddable":true,"href":"https:\/\/www.cbjurstrom.eu\/index.php\/wp-json\/wp\/v2\/users\/1"}],"replies":[{"embeddable":true,"href":"https:\/\/www.cbjurstrom.eu\/index.php\/wp-json\/wp\/v2\/comments?post=341"}],"version-history":[{"count":4,"href":"https:\/\/www.cbjurstrom.eu\/index.php\/wp-json\/wp\/v2\/pages\/341\/revisions"}],"predecessor-version":[{"id":11189,"href":"https:\/\/www.cbjurstrom.eu\/index.php\/wp-json\/wp\/v2\/pages\/341\/revisions\/11189"}],"wp:featuredmedia":[{"embeddable":true,"href":"https:\/\/www.cbjurstrom.eu\/index.php\/wp-json\/wp\/v2\/media\/11284"}],"wp:attachment":[{"href":"https:\/\/www.cbjurstrom.eu\/index.php\/wp-json\/wp\/v2\/media?parent=341"}],"curies":[{"name":"wp","href":"https:\/\/api.w.org\/{rel}","templated":true}]}}