{"id":337,"date":"2020-10-20T19:07:27","date_gmt":"2020-10-20T17:07:27","guid":{"rendered":"https:\/\/cbjurstrom.eu\/cbj\/?page_id=337"},"modified":"2025-09-11T17:26:42","modified_gmt":"2025-09-11T15:26:42","slug":"cauchemars-et-superstitions","status":"publish","type":"page","link":"https:\/\/www.cbjurstrom.eu\/index.php\/cauchemars-et-superstitions\/","title":{"rendered":"Cauchemars et Superstitions"},"content":{"rendered":"\n<p>Un film muet tr\u00e8s bavard&nbsp;! une com\u00e9dienne dit les intertitres et vibre avec les musiciens&nbsp;!<\/p>\n\n\n\n<p>Cauchemars et superstitions est une com\u00e9die de Victor Fleming, le r\u00e9alisateur de \u00ab\u00a0Autant en emporte le vent\u00a0\u00bb et \u00ab\u00a0Le magicien d\u2019Oz\u00a0\u00bb.<br>Satire des superstitions de l\u2019Am\u00e9ricain moyen (qui n\u2019est gu\u00e8re diff\u00e9rent du Fran\u00e7ais moyen de l\u2019\u00e9poque), c\u2019est une com\u00e9die d\u00e9lirante o\u00f9 Douglas Fairbanks incarne un hypocondriaque jovial soumis, sans le savoir, aux exp\u00e9riences d\u2019un m\u00e9decin fou.<br>Le sc\u00e9nario donne lieu \u00e0 des s\u00e9quences extravagantes et \u00e0 des situations cocasses o\u00f9 r\u00e9el et irr\u00e9el sont joyeusement confondus (notamment une danse des carottes et des navets dans l\u2019estomac de Douglas Fairbanks&nbsp;!)<\/p>\n\n\n\n<div class=\"wp-block-media-text alignwide is-stacked-on-mobile\"><figure class=\"wp-block-media-text__media\"><img loading=\"lazy\" decoding=\"async\" width=\"768\" height=\"576\" src=\"https:\/\/cbjurstrom.eu\/cbj\/wp-content\/uploads\/2020\/10\/cauchemar_1-1.jpg\" alt=\"\" class=\"wp-image-338\" srcset=\"https:\/\/www.cbjurstrom.eu\/wp-content\/uploads\/2020\/10\/cauchemar_1-1.jpg 768w, https:\/\/www.cbjurstrom.eu\/wp-content\/uploads\/2020\/10\/cauchemar_1-1-300x225.jpg 300w\" sizes=\"auto, (max-width: 768px) 100vw, 768px\" \/><\/figure><div class=\"wp-block-media-text__content\">\n<p>Une occasion de voir un film actuellement impossible \u00e0 visionner car il n\u2019est pas distribu\u00e9 commercialement.<\/p>\n\n\n\n<p><strong>UNE COMEDIE DELIRANTE ET BONDISSANTE<\/strong><\/p>\n\n\n\n<h6 class=\"wp-block-heading\">Douglas Fairbanks, alias Daniel Brown, un jeune bourgeois jovial et surtout extr\u00eamement superstitieux est soumis sans le savoir, aux exp\u00e9riences du Dr Metz. Ce psychiatre inqui\u00e9tant tente en effet de v\u00e9rifier sur lui ses th\u00e9ories extravagantes en poussant notre h\u00e9ros au d\u00e9sespoir (gr\u00e2ce \u00e0 de nombreux complices). Mais Daniel Brown rencontre une jeune femme tout aussi superstitieuse que lui et d\u00e9cide l\u2019\u00e9pouser, ce qui contrecarre un instant les plans du Dr Metz.<\/h6>\n\n\n\n<p><strong>tout public \u00e0 partir de 8 ans<br>Dur\u00e9e&nbsp;: 1 h<br>format&nbsp;: DCP \/ Vid\u00e9o et 16 mm<\/strong><\/p>\n<\/div><\/div>\n\n\n\n<div class=\"wp-block-media-text alignwide has-media-on-the-right is-stacked-on-mobile\"><figure class=\"wp-block-media-text__media\"><img loading=\"lazy\" decoding=\"async\" width=\"768\" height=\"576\" src=\"https:\/\/cbjurstrom.eu\/cbj\/wp-content\/uploads\/2020\/10\/cauchemar_6-1.jpg\" alt=\"\" class=\"wp-image-339\" srcset=\"https:\/\/www.cbjurstrom.eu\/wp-content\/uploads\/2020\/10\/cauchemar_6-1.jpg 768w, https:\/\/www.cbjurstrom.eu\/wp-content\/uploads\/2020\/10\/cauchemar_6-1-300x225.jpg 300w\" sizes=\"auto, (max-width: 768px) 100vw, 768px\" \/><\/figure><div class=\"wp-block-media-text__content\">\n<p><strong>UNE MUSIQUE LEGERE, DYNAMIQUE ET LIBRE<\/strong><\/p>\n\n\n\n<p>Cauchemars et superstitions est un film joyeux et tr\u00e8s dr\u00f4le, une com\u00e9die bondissante. Pour ce film, il fallait une musique qui puisse \u00e0 la fois \u00eatre l\u00e9g\u00e8re (presque une musique de chambre), et emporter le spectateur dans l\u2019action d\u00e9brid\u00e9e du film gr\u00e2ce \u00e0 un dynamisme rythmique. Par ailleurs le caract\u00e8re typ\u00e9 des personnages imposait \u00e9galement une musique toujours pr\u00eate \u00e0 partir de c\u00f4t\u00e9, loin des m\u00e9lodies convenues&nbsp;: c\u2019est pourquoi Christofer Bjurstr\u00f6m a choisi une formation associant des percussions, un violoncelle, des clarinettes et un piano, dans une id\u00e9e d\u2019air et de libert\u00e9 musicale.<\/p>\n\n\n\n<p>L\u2019autre particularit\u00e9 de ce film est qu\u2019il s\u2019agit d\u2019un film muet \u00ab\u00a0bavard\u00a0\u00bb, avec beaucoup d\u2019intertitres pleins d\u2019humour, et le choix a donc \u00e9t\u00e9 pris d\u2019int\u00e9grer dans la musique les intertitres jou\u00e9s et parfois chant\u00e9s par une com\u00e9dienne, pour parfaire le c\u00f4t\u00e9 \u00ab\u00a0com\u00e9die musicale avant l\u2019heure\u00a0\u00bb de ce film.<\/p>\n\n\n\n<h5 class=\"wp-block-heading\"><strong>Le BJURSTR\u00d6M CINEQUARTET<\/strong><\/h5>\n\n\n\n<ul class=\"wp-block-list\"><li><strong>Christofer Bjurstr\u00f6m<\/strong> Piano<\/li><li><strong>Fran\u00e7ois Malet<\/strong> Percussions<\/li><li><strong>C\u00e9cile Girard<\/strong> Violoncelle<\/li><li><strong>Christophe Rocher<\/strong> Clarinette<br>et<\/li><li><strong>Catherine Le Flochmoan<\/strong> Voix<\/li><\/ul>\n<\/div><\/div>\n","protected":false},"excerpt":{"rendered":"<p>Un film muet tr\u00e8s bavard&nbsp;! une com\u00e9dienne dit les intertitres et vibre avec les musiciens&nbsp;! Cauchemars et superstitions est une com\u00e9die de Victor Fleming, le r\u00e9alisateur de \u00ab\u00a0Autant en emporte le vent\u00a0\u00bb et \u00ab\u00a0Le magicien d\u2019Oz\u00a0\u00bb.Satire des superstitions de l\u2019Am\u00e9ricain moyen (qui n\u2019est gu\u00e8re diff\u00e9rent du Fran\u00e7ais moyen de l\u2019\u00e9poque), c\u2019est une com\u00e9die d\u00e9lirante o\u00f9&hellip;&nbsp;<\/p>\n","protected":false},"author":1,"featured_media":339,"parent":0,"menu_order":0,"comment_status":"closed","ping_status":"closed","template":"","meta":{"neve_meta_sidebar":"","neve_meta_container":"","neve_meta_enable_content_width":"","neve_meta_content_width":0,"neve_meta_title_alignment":"","neve_meta_author_avatar":"","neve_post_elements_order":"","neve_meta_disable_header":"","neve_meta_disable_footer":"","neve_meta_disable_title":"","footnotes":""},"class_list":["post-337","page","type-page","status-publish","has-post-thumbnail","hentry"],"_links":{"self":[{"href":"https:\/\/www.cbjurstrom.eu\/index.php\/wp-json\/wp\/v2\/pages\/337","targetHints":{"allow":["GET"]}}],"collection":[{"href":"https:\/\/www.cbjurstrom.eu\/index.php\/wp-json\/wp\/v2\/pages"}],"about":[{"href":"https:\/\/www.cbjurstrom.eu\/index.php\/wp-json\/wp\/v2\/types\/page"}],"author":[{"embeddable":true,"href":"https:\/\/www.cbjurstrom.eu\/index.php\/wp-json\/wp\/v2\/users\/1"}],"replies":[{"embeddable":true,"href":"https:\/\/www.cbjurstrom.eu\/index.php\/wp-json\/wp\/v2\/comments?post=337"}],"version-history":[{"count":2,"href":"https:\/\/www.cbjurstrom.eu\/index.php\/wp-json\/wp\/v2\/pages\/337\/revisions"}],"predecessor-version":[{"id":888,"href":"https:\/\/www.cbjurstrom.eu\/index.php\/wp-json\/wp\/v2\/pages\/337\/revisions\/888"}],"wp:featuredmedia":[{"embeddable":true,"href":"https:\/\/www.cbjurstrom.eu\/index.php\/wp-json\/wp\/v2\/media\/339"}],"wp:attachment":[{"href":"https:\/\/www.cbjurstrom.eu\/index.php\/wp-json\/wp\/v2\/media?parent=337"}],"curies":[{"name":"wp","href":"https:\/\/api.w.org\/{rel}","templated":true}]}}