{"id":316,"date":"2020-10-20T18:30:54","date_gmt":"2020-10-20T16:30:54","guid":{"rendered":"https:\/\/cbjurstrom.eu\/cbj\/?page_id=316"},"modified":"2025-09-11T17:17:35","modified_gmt":"2025-09-11T15:17:35","slug":"trois-mesaventures-dharold-lloyd","status":"publish","type":"page","link":"https:\/\/www.cbjurstrom.eu\/index.php\/trois-mesaventures-dharold-lloyd\/","title":{"rendered":"Trois (M\u00e9s)aventures d&rsquo;Harold Lloyd"},"content":{"rendered":"\n<div class=\"wp-block-media-text alignwide is-stacked-on-mobile\"><figure class=\"wp-block-media-text__media\"><img loading=\"lazy\" decoding=\"async\" width=\"800\" height=\"612\" src=\"https:\/\/cbjurstrom.eu\/cbj\/wp-content\/uploads\/2020\/10\/vire-l-ouest-02.jpg\" alt=\"\" class=\"wp-image-317\" srcset=\"https:\/\/www.cbjurstrom.eu\/wp-content\/uploads\/2020\/10\/vire-l-ouest-02.jpg 800w, https:\/\/www.cbjurstrom.eu\/wp-content\/uploads\/2020\/10\/vire-l-ouest-02-300x230.jpg 300w, https:\/\/www.cbjurstrom.eu\/wp-content\/uploads\/2020\/10\/vire-l-ouest-02-768x588.jpg 768w\" sizes=\"auto, (max-width: 800px) 100vw, 800px\" \/><\/figure><div class=\"wp-block-media-text__content\">\n<p>De Harold Lloyd, USA &#8211; 1920 et 1921<br>Musique originale de Christofer BJURSTR\u00d6M<\/p>\n\n\n\n<p>Troisi\u00e8me grand comique du cin\u00e9ma muet am\u00e9ricain, avec Charlie Chaplin et Buster Keaton ,Harold Lloyd est rest\u00e9 c\u00e9l\u00e8bre comme \u00ab\u00a0l\u2019homme aux lunettes d\u2019\u00e9caille\u00a0\u00bb. Dans les trois court-m\u00e9trages pr\u00e9sent\u00e9s dans ce programme, il prom\u00e8ne un personnage loufoque et casse-cou, une sorte de roi de la poursuite et du gag.<br>Le pr\u00e9texte est toujours le m\u00eame&nbsp;: s\u00e9duire la belle&#8230;<\/p>\n\n\n\n<p><strong>Trois films avec Harold Lloyd et Mildred Davis&nbsp;:<\/strong><\/p>\n\n\n\n<ul class=\"wp-block-list\"><li><strong>Oh, la belle voiture (Get out and get under)(Hal Roach, USA, 1920)<\/strong> Harold se r\u00e9veille en retard pour la repr\u00e9sentation de la pi\u00e8ce dans laquelle il joue. Pour arriver \u00e0 l\u2019heure, il se pr\u00e9cipite au volant de la toute nouvelle voiture qu\u2019il n\u2019a pas encore fini de payer&#8230;.<\/li><li><strong>Vir\u00e9 \u00e0 l\u2019Ouest (An Eastern Westerner) (Hal Roach, USA, 1920)<\/strong> Les parents de Harold le punissent en l\u2019envoyant \u00e0 Pute Pass, dans l\u2019OUest Am\u00e9ricain, o\u00f9 il est mal vu de tirer deux fois sur le m\u00eame homme au cours de la m\u00eame journ\u00e9e&#8230;<\/li><li><strong>Voyage au Paradis (Never Weaken)(Fred Newmeyer et Sam Taylor, USA, 1921)<\/strong> Le m\u00e9decin chez lequel travaille Mildred n\u2019a pas beaucoup de clients. Pour conqu\u00e9rir sa belle et arranger les choses, Harold simule des gu\u00e9risons miraculeuses dans la rue&#8230; Et il se retrouve \u00e0 voyager sur une pouter au dessu d\u2019un immeuble en construction&#8230;. Un film vertigineux.<\/li><\/ul>\n\n\n\n<p><strong>A partir de 8 ans<br>Dur\u00e9e&nbsp;: 1 h 13<br>format&nbsp;: DCP \/ vid\u00e9o<\/strong><\/p>\n\n\n\n<p><strong>Ce film b\u00e9n\u00e9ficie du dispositif ADRC<\/strong><\/p>\n<\/div><\/div>\n\n\n\n<div class=\"wp-block-media-text alignwide has-media-on-the-right is-stacked-on-mobile\" style=\"grid-template-columns:auto 26%\"><figure class=\"wp-block-media-text__media\"><img loading=\"lazy\" decoding=\"async\" width=\"107\" height=\"143\" src=\"https:\/\/cbjurstrom.eu\/cbj\/wp-content\/uploads\/2020\/10\/lloyd-1.jpg\" alt=\"\" class=\"wp-image-318\"\/><\/figure><div class=\"wp-block-media-text__content\">\n<p><strong>Des variations en bonne humeur<\/strong><\/p>\n\n\n\n<h6 class=\"wp-block-heading\">Pour ces trois films, Christofer Bjurstr\u00f6m s\u2019amuse avec Harold Lloyd des diff\u00e9rentes situations, et cherche \u00e0 retrouver la fra\u00eecheur, la na\u00efvet\u00e9, l\u2019enthousiasme et le sens du rythme dont Harold Lloyd fait preuve.<\/h6>\n\n\n\n<h6 class=\"wp-block-heading\"><strong>Christofer Bjurstr\u00f6m<\/strong> Piano<\/h6>\n<\/div><\/div>\n","protected":false},"excerpt":{"rendered":"<p>De Harold Lloyd, USA &#8211; 1920 et 1921Musique originale de Christofer BJURSTR\u00d6M Troisi\u00e8me grand comique du cin\u00e9ma muet am\u00e9ricain, avec Charlie Chaplin et Buster Keaton ,Harold Lloyd est rest\u00e9 c\u00e9l\u00e8bre comme \u00ab\u00a0l\u2019homme aux lunettes d\u2019\u00e9caille\u00a0\u00bb. Dans les trois court-m\u00e9trages pr\u00e9sent\u00e9s dans ce programme, il prom\u00e8ne un personnage loufoque et casse-cou, une sorte de roi de&hellip;&nbsp;<\/p>\n","protected":false},"author":1,"featured_media":1083,"parent":0,"menu_order":0,"comment_status":"closed","ping_status":"closed","template":"","meta":{"neve_meta_sidebar":"","neve_meta_container":"","neve_meta_enable_content_width":"","neve_meta_content_width":0,"neve_meta_title_alignment":"","neve_meta_author_avatar":"","neve_post_elements_order":"","neve_meta_disable_header":"","neve_meta_disable_footer":"","neve_meta_disable_title":"","footnotes":""},"class_list":["post-316","page","type-page","status-publish","has-post-thumbnail","hentry"],"_links":{"self":[{"href":"https:\/\/www.cbjurstrom.eu\/index.php\/wp-json\/wp\/v2\/pages\/316","targetHints":{"allow":["GET"]}}],"collection":[{"href":"https:\/\/www.cbjurstrom.eu\/index.php\/wp-json\/wp\/v2\/pages"}],"about":[{"href":"https:\/\/www.cbjurstrom.eu\/index.php\/wp-json\/wp\/v2\/types\/page"}],"author":[{"embeddable":true,"href":"https:\/\/www.cbjurstrom.eu\/index.php\/wp-json\/wp\/v2\/users\/1"}],"replies":[{"embeddable":true,"href":"https:\/\/www.cbjurstrom.eu\/index.php\/wp-json\/wp\/v2\/comments?post=316"}],"version-history":[{"count":2,"href":"https:\/\/www.cbjurstrom.eu\/index.php\/wp-json\/wp\/v2\/pages\/316\/revisions"}],"predecessor-version":[{"id":320,"href":"https:\/\/www.cbjurstrom.eu\/index.php\/wp-json\/wp\/v2\/pages\/316\/revisions\/320"}],"wp:featuredmedia":[{"embeddable":true,"href":"https:\/\/www.cbjurstrom.eu\/index.php\/wp-json\/wp\/v2\/media\/1083"}],"wp:attachment":[{"href":"https:\/\/www.cbjurstrom.eu\/index.php\/wp-json\/wp\/v2\/media?parent=316"}],"curies":[{"name":"wp","href":"https:\/\/api.w.org\/{rel}","templated":true}]}}