{"id":311,"date":"2020-10-20T18:25:27","date_gmt":"2020-10-20T16:25:27","guid":{"rendered":"https:\/\/cbjurstrom.eu\/cbj\/?page_id=311"},"modified":"2022-01-20T12:12:54","modified_gmt":"2022-01-20T11:12:54","slug":"vive-le-sport","status":"publish","type":"page","link":"https:\/\/www.cbjurstrom.eu\/index.php\/vive-le-sport\/","title":{"rendered":"Vive le Sport"},"content":{"rendered":"\n<p> De Harold Lloyd, USA &#8211; 1925<br>Musique originale de Christofer BJURSTR\u00d6M <\/p>\n\n\n\n<p> <em>\u00a0\u00bb Immens\u00e9ment populaire aux Etats-Unis, Harold Lloyd \u00e9tait, \u00e0 la diff\u00e9rence de Chaplin et de Keaton, un comique int\u00e9gr\u00e9 au jeu social. Son personnage de jeune homme romantique et bosseur, plut\u00f4t \u00e9quilibr\u00e9 [?] renvoyait au public un r\u00eave de r\u00e9ussite, professionnelle et affective. Faire rire du bonheur et de la normalit\u00e9, cherchez le tour de force&nbsp;!\u00a0\u00bb<\/em> T\u00e9l\u00e9rama <\/p>\n\n\n\n<div class=\"wp-block-media-text alignwide is-stacked-on-mobile\" style=\"grid-template-columns:46% auto\"><figure class=\"wp-block-media-text__media\"><img loading=\"lazy\" decoding=\"async\" width=\"1024\" height=\"802\" src=\"https:\/\/www.cbjurstrom.eu\/wp-content\/uploads\/Vive-Le-Sport-5-1024x802.jpg\" alt=\"\" class=\"wp-image-10297 size-full\" srcset=\"https:\/\/www.cbjurstrom.eu\/wp-content\/uploads\/Vive-Le-Sport-5-1024x802.jpg 1024w, https:\/\/www.cbjurstrom.eu\/wp-content\/uploads\/Vive-Le-Sport-5-300x235.jpg 300w, https:\/\/www.cbjurstrom.eu\/wp-content\/uploads\/Vive-Le-Sport-5-768x602.jpg 768w, https:\/\/www.cbjurstrom.eu\/wp-content\/uploads\/Vive-Le-Sport-5-1536x1203.jpg 1536w, https:\/\/www.cbjurstrom.eu\/wp-content\/uploads\/Vive-Le-Sport-5.jpg 2048w\" sizes=\"auto, (max-width: 1024px) 100vw, 1024px\" \/><\/figure><div class=\"wp-block-media-text__content\">\n<p>Harold Lamb ne r\u00eave qu\u2019\u00e0 une seule chose, entrer \u00e0 la Tate University, surtout depuis qu\u2019il a vu, six fois dans la m\u00eame journ\u00e9e, \u00ab\u00a0The College Hero\u00a0\u00bb au cin\u00e9ma. Pour mettre toutes ses chances de son c\u00f4t\u00e9, Harold essaie d\u2019int\u00e9grer l\u2019\u00e9quipe de football. Il est la ris\u00e9e du coll\u00e8ge jusqu\u2019\u00e0 ce qu\u2019une victoire inattendue lors d\u2019un match de foot lui permette de renverser la situation.<br>Vive le sport&nbsp;! est rest\u00e9 longtemps le film le plus connu de Harold Lloyd.<\/p>\n\n\n\n<p><strong>UN RENVERSEMENT BURLESQUE COMME ON LES AIME&nbsp;!<\/strong><\/p>\n\n\n\n<h6 class=\"wp-block-heading\">La partie du film consacr\u00e9e au match de rugby est un v\u00e9ritable morceau d\u2019anthologie du gag lloydien. Le h\u00e9ros se rend compte que son \u00e9quipe n\u2019a jamais eu l\u2019intention de le laisser jouer. Le coach laisse ce canard boiteux entrer sur le terrain malgr\u00e9 tout. Harold sent qu\u2019il n\u2019a plus rien \u00e0 perdre et se lance dans une s\u00e9rie d\u2019initiatives catastrophiques. Au dernier d\u00e9part, Harold prend le ballon de force en grimpant sur les \u00e9paules d\u2019un molosse, court \u00e0 toutes jambes et s\u2019affale in extremis sur la ligne du but&#8230; et marque. Il fait donc gagner le match \u00e0 son \u00e9quipe&#8230; et forc\u00e9ment, il gagne aussi l\u2019amour de la jolie Peggy.<\/h6>\n\n\n\n<p><strong>A partir de 8 ans<br>Dur\u00e9e&nbsp;: 1 h 16<br>format&nbsp;: 35 mm \/ vid\u00e9o<\/strong><\/p>\n\n\n\n<p><strong>Ce film b\u00e9n\u00e9ficie du dispositif ADRC<\/strong><\/p>\n<\/div><\/div>\n\n\n\n<div class=\"wp-block-media-text alignwide has-media-on-the-right is-stacked-on-mobile\"><figure class=\"wp-block-media-text__media\"><img loading=\"lazy\" decoding=\"async\" width=\"443\" height=\"365\" src=\"https:\/\/www.cbjurstrom.eu\/wp-content\/uploads\/2020\/10\/vive_le_sport-lloyd.jpg\" alt=\"\" class=\"wp-image-313 size-full\" srcset=\"https:\/\/www.cbjurstrom.eu\/wp-content\/uploads\/2020\/10\/vive_le_sport-lloyd.jpg 443w, https:\/\/www.cbjurstrom.eu\/wp-content\/uploads\/2020\/10\/vive_le_sport-lloyd-300x247.jpg 300w\" sizes=\"auto, (max-width: 443px) 100vw, 443px\" \/><\/figure><div class=\"wp-block-media-text__content\">\n<p><strong>UNE MUSIQUE SOURIANTE<\/strong><\/p>\n\n\n\n<h6 class=\"wp-block-heading\">Sur une musique de Christofer Bjurstr\u00f6m, Christofer Bjurstr\u00f6m (piano) et Nicolas Pointard (batterie, percussions) accompagnent le film en soulignant la tendresse et la proximit\u00e9 du personnage de Lloyd. Sans jamais rire de lui, les musiciens rient avec lui. Le burlesque prend alors toute son ampleur, guid\u00e9e par une musique joyeuse et rythm\u00e9e.<\/h6>\n\n\n\n<h5 class=\"wp-block-heading\"><strong>Le BJURSTR\u00d6M CINEDUO<\/strong><\/h5>\n\n\n\n<ul class=\"wp-block-list\"><li><strong>Christofer Bjurstr\u00f6m<\/strong> Piano<\/li><li><strong>Nicolas Pointard<\/strong> Batterie<\/li><\/ul>\n<\/div><\/div>\n\n\n\n<figure class=\"wp-block-image size-full\"><img loading=\"lazy\" decoding=\"async\" width=\"1024\" height=\"822\" src=\"https:\/\/www.cbjurstrom.eu\/wp-content\/uploads\/Vive-Le-Sport-4.jpg\" alt=\"\" class=\"wp-image-10299\" srcset=\"https:\/\/www.cbjurstrom.eu\/wp-content\/uploads\/Vive-Le-Sport-4.jpg 1024w, https:\/\/www.cbjurstrom.eu\/wp-content\/uploads\/Vive-Le-Sport-4-300x241.jpg 300w, https:\/\/www.cbjurstrom.eu\/wp-content\/uploads\/Vive-Le-Sport-4-768x617.jpg 768w\" sizes=\"auto, (max-width: 1024px) 100vw, 1024px\" \/><\/figure>\n","protected":false},"excerpt":{"rendered":"<p>De Harold Lloyd, USA &#8211; 1925Musique originale de Christofer BJURSTR\u00d6M \u00a0\u00bb Immens\u00e9ment populaire aux Etats-Unis, Harold Lloyd \u00e9tait, \u00e0 la diff\u00e9rence de Chaplin et de Keaton, un comique int\u00e9gr\u00e9 au jeu social. Son personnage de jeune homme romantique et bosseur, plut\u00f4t \u00e9quilibr\u00e9 [?] renvoyait au public un r\u00eave de r\u00e9ussite, professionnelle et affective. Faire rire&hellip;&nbsp;<\/p>\n","protected":false},"author":1,"featured_media":921,"parent":0,"menu_order":0,"comment_status":"closed","ping_status":"closed","template":"","meta":{"neve_meta_sidebar":"","neve_meta_container":"","neve_meta_enable_content_width":"","neve_meta_content_width":0,"neve_meta_title_alignment":"","neve_meta_author_avatar":"","neve_post_elements_order":"","neve_meta_disable_header":"","neve_meta_disable_footer":"","neve_meta_disable_title":"","footnotes":""},"class_list":["post-311","page","type-page","status-publish","has-post-thumbnail","hentry"],"_links":{"self":[{"href":"https:\/\/www.cbjurstrom.eu\/index.php\/wp-json\/wp\/v2\/pages\/311","targetHints":{"allow":["GET"]}}],"collection":[{"href":"https:\/\/www.cbjurstrom.eu\/index.php\/wp-json\/wp\/v2\/pages"}],"about":[{"href":"https:\/\/www.cbjurstrom.eu\/index.php\/wp-json\/wp\/v2\/types\/page"}],"author":[{"embeddable":true,"href":"https:\/\/www.cbjurstrom.eu\/index.php\/wp-json\/wp\/v2\/users\/1"}],"replies":[{"embeddable":true,"href":"https:\/\/www.cbjurstrom.eu\/index.php\/wp-json\/wp\/v2\/comments?post=311"}],"version-history":[{"count":7,"href":"https:\/\/www.cbjurstrom.eu\/index.php\/wp-json\/wp\/v2\/pages\/311\/revisions"}],"predecessor-version":[{"id":10306,"href":"https:\/\/www.cbjurstrom.eu\/index.php\/wp-json\/wp\/v2\/pages\/311\/revisions\/10306"}],"wp:featuredmedia":[{"embeddable":true,"href":"https:\/\/www.cbjurstrom.eu\/index.php\/wp-json\/wp\/v2\/media\/921"}],"wp:attachment":[{"href":"https:\/\/www.cbjurstrom.eu\/index.php\/wp-json\/wp\/v2\/media?parent=311"}],"curies":[{"name":"wp","href":"https:\/\/api.w.org\/{rel}","templated":true}]}}