{"id":302,"date":"2020-10-20T18:02:44","date_gmt":"2020-10-20T16:02:44","guid":{"rendered":"https:\/\/cbjurstrom.eu\/cbj\/?page_id=302"},"modified":"2025-09-11T17:13:20","modified_gmt":"2025-09-11T15:13:20","slug":"les-films-dharold-lloyd","status":"publish","type":"page","link":"https:\/\/www.cbjurstrom.eu\/index.php\/les-films-dharold-lloyd\/","title":{"rendered":"Les Films d&rsquo;Harold Lloyd"},"content":{"rendered":"\n<p>Harold Lloyd, c\u2019est l\u2019optimisme de l\u2019Am\u00e9rique avant la crise&nbsp;: un jeune homme sympathique, qui pourrait \u00eatre votre voisin, dynamique et entreprenant, m\u00eame s\u2019il est parfois un peu farfelu, et toujours de bonne humeur.<\/p>\n\n\n\n<p>En Harold Lloyd, qui fut dans son pays, ne l\u2019oublions pas, le plus populaire de tous les grands burlesques, l\u2019Am\u00e9rique s\u2019est reconnue. Elle a aim\u00e9 dans cet homme sans tare et sans complexe une sorte de h\u00e9ros super-normal, un anti-superman, un \u00eatre dont la vitalit\u00e9 sans cesse renouvel\u00e9e repr\u00e9sentait pour chacun une preuve de s\u00e9curit\u00e9 et une promesse de bonheur.<\/p>\n\n\n\n<p>Christofer Bjurstr\u00f6m propose 3 long-m\u00e9trages et 2 programmes de films courts d\u2019Harold Lloyd&nbsp;:<\/p>\n\n\n\n<ul class=\"wp-block-list\"><li>Cin\u00e9-Concert<a href=\"https:\/\/www.cbjurstrom.eu\/index.php\/safety-last-monte-la-dessus\/\">Safety Last (Monte l\u00e0-dessus)<\/a> de Harold Lloyd (1924)<br>Le grand Harold Lloyd \u00e0 l\u2019assaut d\u2019un tr\u00e8s tr\u00e8s tr\u00e8s haut buiding avec une horloge tr\u00e8s connue\u00a0!<br>1 ou 2 musiciens \/ d\u00e8s 7 ans<\/li><li>Cin\u00e9-Concert <a href=\"https:\/\/www.cbjurstrom.eu\/index.php\/speedy-en-vitesse\/\">Speedy<\/a> de Harold Lloyd et Fred Niemeyer (USA, 1927)<br>Humour et Tendresse avec une exceptionnelle course-poursuite en tramway<br>1 ou 2 musiciens \/ d\u00e8s 7 ans<\/li><li>Cin\u00e9-Concert <a href=\"https:\/\/www.cbjurstrom.eu\/index.php\/vive-le-sport\/\">Vive le Sport<\/a> de Harold Lloyd et Fred Niemeyer (USA 1925)<br>Un match de football am\u00e9rician m\u00e9morable avec le grand Harold Lloyd<br>1 ou 2 musiciens \/ d\u00e8s 7 ans<\/li><li>Cin\u00e9-Concert <a href=\"https:\/\/www.cbjurstrom.eu\/index.php\/trois-mesaventures-dharold-lloyd\/\">Trois M\u00e9saventures d\u2019Harold Lloyd<\/a> de Harold Lloyd (1920-1921)<br>Trois court-m\u00e9trages du bondissant Harold Lloyd<br>Piano solo \/ d\u00e8s 8 ans<\/li><li>Cin\u00e9-Concert <a href=\"https:\/\/www.cbjurstrom.eu\/index.php\/nouvelles-mesaventures-dharold-lloyd\/\">Nouvelles m\u00e9saventures d\u2019Harold Lloyd<\/a> de Harold Lloyd (1917-1919)<br>Quatre autres court-m\u00e9trages du bondissant Harold Lloyd<br>Piano solo \/ d\u00e8s 8 ans<\/li><\/ul>\n","protected":false},"excerpt":{"rendered":"<p>Harold Lloyd, c\u2019est l\u2019optimisme de l\u2019Am\u00e9rique avant la crise&nbsp;: un jeune homme sympathique, qui pourrait \u00eatre votre voisin, dynamique et entreprenant, m\u00eame s\u2019il est parfois un peu farfelu, et toujours de bonne humeur. En Harold Lloyd, qui fut dans son pays, ne l\u2019oublions pas, le plus populaire de tous les grands burlesques, l\u2019Am\u00e9rique s\u2019est reconnue.&hellip;&nbsp;<\/p>\n","protected":false},"author":1,"featured_media":10625,"parent":0,"menu_order":0,"comment_status":"closed","ping_status":"closed","template":"","meta":{"neve_meta_sidebar":"","neve_meta_container":"","neve_meta_enable_content_width":"","neve_meta_content_width":0,"neve_meta_title_alignment":"","neve_meta_author_avatar":"","neve_post_elements_order":"","neve_meta_disable_header":"","neve_meta_disable_footer":"","neve_meta_disable_title":"","footnotes":""},"class_list":["post-302","page","type-page","status-publish","has-post-thumbnail","hentry"],"_links":{"self":[{"href":"https:\/\/www.cbjurstrom.eu\/index.php\/wp-json\/wp\/v2\/pages\/302","targetHints":{"allow":["GET"]}}],"collection":[{"href":"https:\/\/www.cbjurstrom.eu\/index.php\/wp-json\/wp\/v2\/pages"}],"about":[{"href":"https:\/\/www.cbjurstrom.eu\/index.php\/wp-json\/wp\/v2\/types\/page"}],"author":[{"embeddable":true,"href":"https:\/\/www.cbjurstrom.eu\/index.php\/wp-json\/wp\/v2\/users\/1"}],"replies":[{"embeddable":true,"href":"https:\/\/www.cbjurstrom.eu\/index.php\/wp-json\/wp\/v2\/comments?post=302"}],"version-history":[{"count":2,"href":"https:\/\/www.cbjurstrom.eu\/index.php\/wp-json\/wp\/v2\/pages\/302\/revisions"}],"predecessor-version":[{"id":860,"href":"https:\/\/www.cbjurstrom.eu\/index.php\/wp-json\/wp\/v2\/pages\/302\/revisions\/860"}],"wp:featuredmedia":[{"embeddable":true,"href":"https:\/\/www.cbjurstrom.eu\/index.php\/wp-json\/wp\/v2\/media\/10625"}],"wp:attachment":[{"href":"https:\/\/www.cbjurstrom.eu\/index.php\/wp-json\/wp\/v2\/media?parent=302"}],"curies":[{"name":"wp","href":"https:\/\/api.w.org\/{rel}","templated":true}]}}