{"id":290,"date":"2020-10-20T17:50:21","date_gmt":"2020-10-20T15:50:21","guid":{"rendered":"https:\/\/cbjurstrom.eu\/cbj\/?page_id=290"},"modified":"2021-06-18T12:09:11","modified_gmt":"2021-06-18T10:09:11","slug":"steamboat-bill-junior","status":"publish","type":"page","link":"https:\/\/www.cbjurstrom.eu\/index.php\/steamboat-bill-junior\/","title":{"rendered":"Steamboat Bill Junior"},"content":{"rendered":"\n<div class=\"wp-block-media-text alignwide is-stacked-on-mobile\"><figure class=\"wp-block-media-text__media\"><img loading=\"lazy\" decoding=\"async\" width=\"1024\" height=\"868\" src=\"https:\/\/cbjurstrom.eu\/cbj\/wp-content\/uploads\/2020\/10\/steamboat_bill_junior3_horiz-1024x868.jpg\" alt=\"\" class=\"wp-image-291 size-full\" srcset=\"https:\/\/www.cbjurstrom.eu\/wp-content\/uploads\/2020\/10\/steamboat_bill_junior3_horiz-1024x868.jpg 1024w, https:\/\/www.cbjurstrom.eu\/wp-content\/uploads\/2020\/10\/steamboat_bill_junior3_horiz-300x254.jpg 300w, https:\/\/www.cbjurstrom.eu\/wp-content\/uploads\/2020\/10\/steamboat_bill_junior3_horiz-768x651.jpg 768w, https:\/\/www.cbjurstrom.eu\/wp-content\/uploads\/2020\/10\/steamboat_bill_junior3_horiz.jpg 1326w\" sizes=\"auto, (max-width: 1024px) 100vw, 1024px\" \/><\/figure><div class=\"wp-block-media-text__content\">\n<p>Un film de Buster KEATON et Charles F.REISNER (USA 1928)<\/p>\n\n\n\n<p><br>Musique originale de Christofer Bjurstr\u00f6m<\/p>\n\n\n\n<p>Un des meilleurs films de Buster Keaton, bourr\u00e9 d\u2019inventions, men\u00e9 \u00e0 un rythme tr\u00e9pidant, et en m\u00eame temps, un film terriblement touchant.<\/p>\n\n\n\n<p><strong>UN FILM TENDRE A SE TORDRE DE RIRE<\/strong><\/p>\n\n\n\n<h6 class=\"wp-block-heading\">Le jeune Canfield junior (Buster Keaton), \u00e0 peine sorti de l\u2019universit\u00e9, est appel\u00e9 \u00e0 succ\u00e9der \u00e0 son p\u00e8re, rude capitaine d\u2019un \u00ab\u00a0Steamer\u00a0\u00bb sur le Mississipi. Mais la concurrence est s\u00e9v\u00e8re et le jeune homme est particuli\u00e8rement maladroit. Dans ce film tr\u00e9pidant, Buster Keaton, se d\u00e9bat sans arr\u00eat contre l\u2019adversit\u00e9, dans des tourbillons de situations absurdes dont il se tire toujours. L\u2019ouragan final est un v\u00e9ritable morceau d\u2019anthologie o\u00f9 l\u2019on voit la fa\u00e7ade d\u2019une maison s\u2019\u00e9crouler sur lui et Keaton r\u00e9appara\u00eetre, miraculeusement sauv\u00e9 gr\u00e2ce \u00e0 une fen\u00eatre. <strong>Dur\u00e9e&nbsp;: 1h15<br>format&nbsp;: DCP, 16mm, 35 mm et vid\u00e9o<\/strong><\/h6>\n<\/div><\/div>\n\n\n\n<div class=\"wp-block-media-text alignwide has-media-on-the-right is-stacked-on-mobile\"><figure class=\"wp-block-media-text__media\"><img loading=\"lazy\" decoding=\"async\" width=\"628\" height=\"960\" src=\"https:\/\/cbjurstrom.eu\/cbj\/wp-content\/uploads\/2020\/10\/Steamboat-bil-junior-parapluie.jpg\" alt=\"\" class=\"wp-image-294 size-full\" srcset=\"https:\/\/www.cbjurstrom.eu\/wp-content\/uploads\/2020\/10\/Steamboat-bil-junior-parapluie.jpg 628w, https:\/\/www.cbjurstrom.eu\/wp-content\/uploads\/2020\/10\/Steamboat-bil-junior-parapluie-196x300.jpg 196w\" sizes=\"auto, (max-width: 628px) 100vw, 628px\" \/><\/figure><div class=\"wp-block-media-text__content\">\n<p><strong>UNE MUSIQUE RENVERSANTE<\/strong><\/p>\n\n\n\n<h6 class=\"wp-block-heading\">Dans Steamboat Bill Junior, Buster Keaton a plus mis l\u2019accent sur les situations que sur l\u2019action proprement dite (\u00e0 l\u2019exception de l\u2019extraordinaire sc\u00e8ne finale de la tornade) et c\u2019est donc une musique de jazz, avec une rythmique \u00a0\u00bb classique \u00a0\u00bb de jazz (contrebasse, piano, batterie), mais un jazz un peu d\u00e9cal\u00e9, un peu instable, des th\u00e8mes qui ne sont pas forc\u00e9ment l\u00e0 o\u00f9 on les attend.<\/h6>\n\n\n\n<h5 class=\"wp-block-heading\"><strong>Le BJURSTR\u00f6M CINEQUARTET<\/strong><\/h5>\n\n\n\n<ul class=\"wp-block-list\"><li><strong>Christofer Bjurstr\u00f6m<\/strong> piano, fl\u00fbtes<\/li><li><strong>Fran\u00e7ois Malet<\/strong> percussion<\/li><li><strong>G\u00e9rard Bouquin<\/strong> Contrebasse<\/li><li><strong>Rob Lavers<\/strong> Saxophones, fl\u00fbte<\/li><\/ul>\n\n\n\n<figure class=\"wp-block-audio\"><audio controls src=\"https:\/\/www.cbjurstrom.eu\/wp-content\/uploads\/2021\/06\/07-Le-Matin-Avec-Regret.mp3\"><\/audio><figcaption>Le matin avec regret<\/figcaption><\/figure>\n\n\n\n<figure class=\"wp-block-audio\"><audio controls src=\"https:\/\/www.cbjurstrom.eu\/wp-content\/uploads\/2021\/06\/13-Amour-Contrarie.mp3\"><\/audio><figcaption>Amour Contrari\u00e9<\/figcaption><\/figure>\n<\/div><\/div>\n\n\n\n<p><\/p>\n","protected":false},"excerpt":{"rendered":"<p>Un film de Buster KEATON et Charles F.REISNER (USA 1928) Musique originale de Christofer Bjurstr\u00f6m Un des meilleurs films de Buster Keaton, bourr\u00e9 d\u2019inventions, men\u00e9 \u00e0 un rythme tr\u00e9pidant, et en m\u00eame temps, un film terriblement touchant. UN FILM TENDRE A SE TORDRE DE RIRE Le jeune Canfield junior (Buster Keaton), \u00e0 peine sorti de&hellip;&nbsp;<\/p>\n","protected":false},"author":1,"featured_media":291,"parent":0,"menu_order":0,"comment_status":"closed","ping_status":"closed","template":"","meta":{"neve_meta_sidebar":"","neve_meta_container":"","neve_meta_enable_content_width":"","neve_meta_content_width":0,"neve_meta_title_alignment":"","neve_meta_author_avatar":"","neve_post_elements_order":"","neve_meta_disable_header":"","neve_meta_disable_footer":"","neve_meta_disable_title":"","footnotes":""},"class_list":["post-290","page","type-page","status-publish","has-post-thumbnail","hentry"],"_links":{"self":[{"href":"https:\/\/www.cbjurstrom.eu\/index.php\/wp-json\/wp\/v2\/pages\/290","targetHints":{"allow":["GET"]}}],"collection":[{"href":"https:\/\/www.cbjurstrom.eu\/index.php\/wp-json\/wp\/v2\/pages"}],"about":[{"href":"https:\/\/www.cbjurstrom.eu\/index.php\/wp-json\/wp\/v2\/types\/page"}],"author":[{"embeddable":true,"href":"https:\/\/www.cbjurstrom.eu\/index.php\/wp-json\/wp\/v2\/users\/1"}],"replies":[{"embeddable":true,"href":"https:\/\/www.cbjurstrom.eu\/index.php\/wp-json\/wp\/v2\/comments?post=290"}],"version-history":[{"count":4,"href":"https:\/\/www.cbjurstrom.eu\/index.php\/wp-json\/wp\/v2\/pages\/290\/revisions"}],"predecessor-version":[{"id":10185,"href":"https:\/\/www.cbjurstrom.eu\/index.php\/wp-json\/wp\/v2\/pages\/290\/revisions\/10185"}],"wp:featuredmedia":[{"embeddable":true,"href":"https:\/\/www.cbjurstrom.eu\/index.php\/wp-json\/wp\/v2\/media\/291"}],"wp:attachment":[{"href":"https:\/\/www.cbjurstrom.eu\/index.php\/wp-json\/wp\/v2\/media?parent=290"}],"curies":[{"name":"wp","href":"https:\/\/api.w.org\/{rel}","templated":true}]}}