{"id":278,"date":"2020-10-20T17:38:08","date_gmt":"2020-10-20T15:38:08","guid":{"rendered":"https:\/\/cbjurstrom.eu\/cbj\/?page_id=278"},"modified":"2025-09-11T17:06:48","modified_gmt":"2025-09-11T15:06:48","slug":"sherlock-junior","status":"publish","type":"page","link":"https:\/\/www.cbjurstrom.eu\/index.php\/sherlock-junior\/","title":{"rendered":"Sherlock Junior"},"content":{"rendered":"\n<div class=\"wp-block-media-text alignwide is-stacked-on-mobile\"><figure class=\"wp-block-media-text__media\"><img loading=\"lazy\" decoding=\"async\" width=\"1024\" height=\"775\" src=\"https:\/\/cbjurstrom.eu\/cbj\/wp-content\/uploads\/2020\/10\/sherlock_junior_0-1024x775.jpg\" alt=\"\" class=\"wp-image-281\" srcset=\"https:\/\/www.cbjurstrom.eu\/wp-content\/uploads\/2020\/10\/sherlock_junior_0-1024x775.jpg 1024w, https:\/\/www.cbjurstrom.eu\/wp-content\/uploads\/2020\/10\/sherlock_junior_0-300x227.jpg 300w, https:\/\/www.cbjurstrom.eu\/wp-content\/uploads\/2020\/10\/sherlock_junior_0-768x581.jpg 768w, https:\/\/www.cbjurstrom.eu\/wp-content\/uploads\/2020\/10\/sherlock_junior_0.jpg 1500w\" sizes=\"auto, (max-width: 1024px) 100vw, 1024px\" \/><\/figure><div class=\"wp-block-media-text__content\">\n<p><strong>Un film de Buster Keaton<\/strong> (1924)<\/p>\n\n\n\n<p><strong>Musique originale de Christofer Bjurstr\u00f6m<\/strong><\/p>\n\n\n\n<p>Buster Keaton est \u00e0 la fois projectionniste et ouvreur dans un petit cin\u00e9ma de quartier. Il r\u00eave de devenir un grand d\u00e9tective. Il est sournoisement accus\u00e9 de vol par le rival de sa fianc\u00e9e et est chass\u00e9 de la maison de ses futurs beaux-parents. D\u00e9sesp\u00e9r\u00e9, il retourne dans sa cabine de projection, s\u2019endort \u00e0 c\u00f4t\u00e9 de son projecteur et entre en r\u00eave dans le film qu\u2019il est en train de projeter pour r\u00e9soudre toute l\u2019affaire et regagner le coeur de sa belle.<\/p>\n\n\n\n<p>Tout Public \u00e0 partir de 7 ans<br>Dur\u00e9e&nbsp;: 45 mn (court-m\u00e9trage Malec l\u2019Insaisissable en compl\u00e9ment de programme)<br>Format&nbsp;: DCP<\/p>\n<\/div><\/div>\n\n\n\n<div class=\"wp-block-media-text alignwide has-media-on-the-right is-stacked-on-mobile\"><figure class=\"wp-block-media-text__media\"><img loading=\"lazy\" decoding=\"async\" width=\"640\" height=\"480\" src=\"https:\/\/cbjurstrom.eu\/cbj\/wp-content\/uploads\/2020\/10\/keaton-sherlock-junior-2-1.jpg\" alt=\"\" class=\"wp-image-280\" srcset=\"https:\/\/www.cbjurstrom.eu\/wp-content\/uploads\/2020\/10\/keaton-sherlock-junior-2-1.jpg 640w, https:\/\/www.cbjurstrom.eu\/wp-content\/uploads\/2020\/10\/keaton-sherlock-junior-2-1-300x225.jpg 300w\" sizes=\"auto, (max-width: 640px) 100vw, 640px\" \/><\/figure><div class=\"wp-block-media-text__content\">\n<p>Pour suivre Buster Keaton dans ce m\u00e9lange d\u2019idylle, de beaut\u00e9, de situations dangereuses, de frisson, de rire, la musique doit \u00eatre toujours en alerte, pr\u00eate \u00e0 changer de mouvement, d\u2019orientation, et c\u2019est l\u00e0 tout le plaisir de \u00ab\u00a0jouer\u00a0\u00bb avec Buster Keaton.<\/p>\n\n\n\n<p><strong>Christofer Bjurstr\u00f6m<\/strong>, piano solo<\/p>\n<\/div><\/div>\n\n\n\n<figure class=\"wp-block-image size-large\"><img loading=\"lazy\" decoding=\"async\" width=\"100\" height=\"100\" src=\"https:\/\/cbjurstrom.eu\/cbj\/wp-content\/uploads\/2020\/10\/keaton-sherlock-junior-1-1.jpg\" alt=\"\" class=\"wp-image-279\"\/><\/figure>\n","protected":false},"excerpt":{"rendered":"<p>Un film de Buster Keaton (1924) Musique originale de Christofer Bjurstr\u00f6m Buster Keaton est \u00e0 la fois projectionniste et ouvreur dans un petit cin\u00e9ma de quartier. Il r\u00eave de devenir un grand d\u00e9tective. Il est sournoisement accus\u00e9 de vol par le rival de sa fianc\u00e9e et est chass\u00e9 de la maison de ses futurs beaux-parents.&hellip;&nbsp;<\/p>\n","protected":false},"author":1,"featured_media":109,"parent":0,"menu_order":0,"comment_status":"closed","ping_status":"closed","template":"","meta":{"neve_meta_sidebar":"","neve_meta_container":"","neve_meta_enable_content_width":"","neve_meta_content_width":0,"neve_meta_title_alignment":"","neve_meta_author_avatar":"","neve_post_elements_order":"","neve_meta_disable_header":"","neve_meta_disable_footer":"","neve_meta_disable_title":"","footnotes":""},"class_list":["post-278","page","type-page","status-publish","has-post-thumbnail","hentry"],"_links":{"self":[{"href":"https:\/\/www.cbjurstrom.eu\/index.php\/wp-json\/wp\/v2\/pages\/278","targetHints":{"allow":["GET"]}}],"collection":[{"href":"https:\/\/www.cbjurstrom.eu\/index.php\/wp-json\/wp\/v2\/pages"}],"about":[{"href":"https:\/\/www.cbjurstrom.eu\/index.php\/wp-json\/wp\/v2\/types\/page"}],"author":[{"embeddable":true,"href":"https:\/\/www.cbjurstrom.eu\/index.php\/wp-json\/wp\/v2\/users\/1"}],"replies":[{"embeddable":true,"href":"https:\/\/www.cbjurstrom.eu\/index.php\/wp-json\/wp\/v2\/comments?post=278"}],"version-history":[{"count":2,"href":"https:\/\/www.cbjurstrom.eu\/index.php\/wp-json\/wp\/v2\/pages\/278\/revisions"}],"predecessor-version":[{"id":283,"href":"https:\/\/www.cbjurstrom.eu\/index.php\/wp-json\/wp\/v2\/pages\/278\/revisions\/283"}],"wp:featuredmedia":[{"embeddable":true,"href":"https:\/\/www.cbjurstrom.eu\/index.php\/wp-json\/wp\/v2\/media\/109"}],"wp:attachment":[{"href":"https:\/\/www.cbjurstrom.eu\/index.php\/wp-json\/wp\/v2\/media?parent=278"}],"curies":[{"name":"wp","href":"https:\/\/api.w.org\/{rel}","templated":true}]}}