{"id":267,"date":"2020-10-20T15:54:51","date_gmt":"2020-10-20T13:54:51","guid":{"rendered":"https:\/\/cbjurstrom.eu\/cbj\/?page_id=267"},"modified":"2025-09-11T17:10:46","modified_gmt":"2025-09-11T15:10:46","slug":"college-campus","status":"publish","type":"page","link":"https:\/\/www.cbjurstrom.eu\/index.php\/college-campus\/","title":{"rendered":"College (Sportif par amour)"},"content":{"rendered":"\n<div class=\"wp-block-media-text alignwide is-stacked-on-mobile\"><figure class=\"wp-block-media-text__media\"><img loading=\"lazy\" decoding=\"async\" width=\"1024\" height=\"833\" src=\"https:\/\/cbjurstrom.eu\/cbj\/wp-content\/uploads\/2020\/10\/trio-avec-parapluie-1024x833.jpg\" alt=\"\" class=\"wp-image-268 size-full\" srcset=\"https:\/\/www.cbjurstrom.eu\/wp-content\/uploads\/2020\/10\/trio-avec-parapluie-1024x833.jpg 1024w, https:\/\/www.cbjurstrom.eu\/wp-content\/uploads\/2020\/10\/trio-avec-parapluie-300x244.jpg 300w, https:\/\/www.cbjurstrom.eu\/wp-content\/uploads\/2020\/10\/trio-avec-parapluie-768x624.jpg 768w, https:\/\/www.cbjurstrom.eu\/wp-content\/uploads\/2020\/10\/trio-avec-parapluie-1536x1249.jpg 1536w, https:\/\/www.cbjurstrom.eu\/wp-content\/uploads\/2020\/10\/trio-avec-parapluie.jpg 2016w\" sizes=\"auto, (max-width: 1024px) 100vw, 1024px\" \/><\/figure><div class=\"wp-block-media-text__content\">\n<h2 class=\"wp-block-heading\">Un film de Buster Keaton (U.S.A., 1927<\/h2>\n\n\n\n<h6 class=\"wp-block-heading\">Musique originale de Christofer BJURSTR\u00d6M<br>N.B. ce film a aussi \u00e9t\u00e9 distribu\u00e9 sous le nom de \u00ab\u00a0Campus\u00a0\u00bb<br><\/h6>\n\n\n\n<p>Le sport comme on ne l\u2019a jamais vu pratiqu\u00e9&#8230;\u00e0 la mani\u00e8re de Keaton&nbsp;!<\/p>\n\n\n\n<p>Buster Keaton \u00e0 l\u2019universit\u00e9\u00a0: les catastrophes que produit un maigrichon quand il s\u2019essaie \u00e0 l\u2019athl\u00e9tisme, au base-ball et \u00e0 l\u2019aviron pour l\u2019amour de sa belle.<br>Dans College, Buster Keaton part d\u2019observations quotidiennes et r\u00e9ussit \u00e0 en transposer la r\u00e9alit\u00e9 en en intensifiant ce qu\u2019elle a de tendre, de grotesque, de pittoresque voire de dramatique<\/p>\n\n\n\n<p><strong>KEATON S\u2019ESSAYANT AUX JEUX DU STADE&#8230;LE RIRE EN CONTINU&nbsp;!<\/strong><\/p>\n\n\n\n<h6 class=\"wp-block-heading\">Buster Keaton, alias Ronald, est un brillant \u00e9l\u00e8ve tr\u00e8s appr\u00e9ci\u00e9 de ses professeurs. Lors de la distribution des prix, il arrive compl\u00e9tement tremp\u00e9 en compagnie de sa m\u00e8re&nbsp;; invit\u00e9 \u00e0 faire un discours, il se rend ridicule car ses v\u00eatements ont r\u00e9tr\u00e9ci et il provoque la col\u00e8re des \u00e9tudiants en dissertant sur la b\u00eatise du sport et de ceux qui le pratiquent&nbsp;! Mais la jeune fille dont il est amoureux semble appr\u00e9cier les jeunes sportifs, et, pour lui plaire, Ronald d\u00e9cide de devenir un sportif accompli. Il s\u2019essaye ainsi aux diverses disciplines de l\u2019athl\u00e9tisme, au base-ball, \u00e0 l\u2019aviron, mais ses efforts sont vains&nbsp;! Il est sur le point de renoncer lorsqu\u2019il re\u00e7oit un appel au secours de son amie, s\u00e9questr\u00e9e par un \u00e9tudiant jaloux. N\u2019\u00e9coutant que son courage, Ronald se lance au secours de la jeune fille. Courant, sautant, v\u00e9ritable sportif accompli, il parvient \u00e0 la sauver et par la m\u00eame occasion \u00e0 faire gagner son universit\u00e9 dans une course d\u2019aviron effr\u00e9n\u00e9e.<\/h6>\n\n\n\n<p>Film restaur\u00e9 &#8211; DCP &#8211; (<strong>tout public \u00e0 partir de 7 ans<\/strong>)<\/p>\n<\/div><\/div>\n\n\n\n<div class=\"wp-block-media-text alignwide has-media-on-the-right is-stacked-on-mobile\"><div class=\"wp-block-media-text__content\">\n<p>Le personnage de Buster Keaton dans College, ce jeune premier de la classe et maladroit, qui parvient finalement \u00e0 se d\u00e9passer pour sauver sa belle, et les diff\u00e9rents \u00ab\u00a0tableaux\u00a0\u00bb du film sugg\u00e8rent une musique toute en rythme et en rebondissements.<\/p>\n\n\n\n<p>En m\u00eame temps, c\u2019est un film qui ne manque pas de tendresse et la musique alterne ainsi moments intimes m\u00e9lodiques, instants d\u00e9cal\u00e9s et passages \u00e9chevel\u00e9s (comme la fin du film avec le sauvetage in-extremis de la jeune fille et la course d\u2019aviron).<\/p>\n\n\n\n<p>Le duo piano\/batterie permet cette souplesse d\u2019adaptation et d\u2019immersion dans les multiples facettes du film.<\/p>\n\n\n\n<ul class=\"wp-block-list\">\n<li>Christofer Bjurstr\u00f6m, piano<\/li>\n\n\n\n<li>Nicolas Pointard, batterie<\/li>\n<\/ul>\n<\/div><figure class=\"wp-block-media-text__media\"><img loading=\"lazy\" decoding=\"async\" width=\"1024\" height=\"706\" src=\"https:\/\/cbjurstrom.eu\/cbj\/wp-content\/uploads\/2020\/10\/campus-3-1024x706.jpg\" alt=\"\" class=\"wp-image-269 size-full\" srcset=\"https:\/\/www.cbjurstrom.eu\/wp-content\/uploads\/2020\/10\/campus-3-1024x706.jpg 1024w, https:\/\/www.cbjurstrom.eu\/wp-content\/uploads\/2020\/10\/campus-3-300x207.jpg 300w, https:\/\/www.cbjurstrom.eu\/wp-content\/uploads\/2020\/10\/campus-3-768x529.jpg 768w, https:\/\/www.cbjurstrom.eu\/wp-content\/uploads\/2020\/10\/campus-3.jpg 1132w\" sizes=\"auto, (max-width: 1024px) 100vw, 1024px\" \/><\/figure><\/div>\n","protected":false},"excerpt":{"rendered":"<p>Un film de Buster Keaton (U.S.A., 1927 Musique originale de Christofer BJURSTR\u00d6MN.B. ce film a aussi \u00e9t\u00e9 distribu\u00e9 sous le nom de \u00ab\u00a0Campus\u00a0\u00bb Le sport comme on ne l\u2019a jamais vu pratiqu\u00e9&#8230;\u00e0 la mani\u00e8re de Keaton&nbsp;! Buster Keaton \u00e0 l\u2019universit\u00e9\u00a0: les catastrophes que produit un maigrichon quand il s\u2019essaie \u00e0 l\u2019athl\u00e9tisme, au base-ball et \u00e0&hellip;&nbsp;<\/p>\n","protected":false},"author":1,"featured_media":270,"parent":0,"menu_order":0,"comment_status":"closed","ping_status":"closed","template":"","meta":{"neve_meta_sidebar":"","neve_meta_container":"","neve_meta_enable_content_width":"","neve_meta_content_width":0,"neve_meta_title_alignment":"","neve_meta_author_avatar":"","neve_post_elements_order":"","neve_meta_disable_header":"","neve_meta_disable_footer":"","neve_meta_disable_title":"","footnotes":""},"class_list":["post-267","page","type-page","status-publish","has-post-thumbnail","hentry"],"_links":{"self":[{"href":"https:\/\/www.cbjurstrom.eu\/index.php\/wp-json\/wp\/v2\/pages\/267","targetHints":{"allow":["GET"]}}],"collection":[{"href":"https:\/\/www.cbjurstrom.eu\/index.php\/wp-json\/wp\/v2\/pages"}],"about":[{"href":"https:\/\/www.cbjurstrom.eu\/index.php\/wp-json\/wp\/v2\/types\/page"}],"author":[{"embeddable":true,"href":"https:\/\/www.cbjurstrom.eu\/index.php\/wp-json\/wp\/v2\/users\/1"}],"replies":[{"embeddable":true,"href":"https:\/\/www.cbjurstrom.eu\/index.php\/wp-json\/wp\/v2\/comments?post=267"}],"version-history":[{"count":2,"href":"https:\/\/www.cbjurstrom.eu\/index.php\/wp-json\/wp\/v2\/pages\/267\/revisions"}],"predecessor-version":[{"id":10860,"href":"https:\/\/www.cbjurstrom.eu\/index.php\/wp-json\/wp\/v2\/pages\/267\/revisions\/10860"}],"wp:featuredmedia":[{"embeddable":true,"href":"https:\/\/www.cbjurstrom.eu\/index.php\/wp-json\/wp\/v2\/media\/270"}],"wp:attachment":[{"href":"https:\/\/www.cbjurstrom.eu\/index.php\/wp-json\/wp\/v2\/media?parent=267"}],"curies":[{"name":"wp","href":"https:\/\/api.w.org\/{rel}","templated":true}]}}