{"id":26,"date":"2020-10-16T17:41:31","date_gmt":"2020-10-16T15:41:31","guid":{"rendered":"http:\/\/cbjurstrom.eu\/cbj\/?page_id=26"},"modified":"2022-10-11T11:32:32","modified_gmt":"2022-10-11T09:32:32","slug":"silence-paradoxal-duo-raude-bjurstrom","status":"publish","type":"page","link":"https:\/\/www.cbjurstrom.eu\/index.php\/silence-paradoxal-duo-raude-bjurstrom\/","title":{"rendered":"SILENCE PARADOXAL (Duo Raude \/ Bjurstr\u00f6m)"},"content":{"rendered":"\n<h2 class=\"wp-block-heading\">UN UNIVERS SONORE<\/h2>\n\n\n\n<p>Vincent Raude et Christofer Bjurstr\u00f6m se sont rencontr\u00e9s en 2011 au sein de l&rsquo;ensemble Nautilis, et dans le cadre de cin\u00e9-concerts. Tr\u00e8s vite, l&rsquo;envie d&rsquo;explorer ensemble les possibilit\u00e9s du dialogue entre piano et \u00e9lectronique s&rsquo;est impos\u00e9e. Comme une multitude de voyages possibles dans des univers diff\u00e9rents\u2026<\/p>\n\n\n\n<p>Une attention sensible aux vibrations du son, aux r\u00e9sonances, un voyage entre m\u00e9lodie, concret, abstrait, une exploration\u2026..<\/p>\n\n\n\n<p><strong>Silence paradoxal :<\/strong> le projet d&rsquo;une musique minimaliste \u00e9voquant par son atmosph\u00e8re des paysages int\u00e9rieurs propres \u00e0 chacun, tout comme dans les phases de sommeil paradoxal, le r\u00eave n&rsquo;appartient qu&rsquo;\u00e0 celui qui dort.<\/p>\n\n\n\n<h2 class=\"wp-block-heading\">SILENCE PARADOXAL: LE CONCERT<\/h2>\n\n\n\n<p>Le concert de Silence Paradoxal est une exploration de paysages sonores, comme un voyage \u00e0 travers diff\u00e9rents espaces imaginaires.<\/p>\n\n\n\n<iframe loading=\"lazy\" scrolling=\"no\" allow=\"autoplay\" src=\"https:\/\/w.soundcloud.com\/player\/?url=https%3A\/\/api.soundcloud.com\/users\/543142113&amp;color=%23ff5500&amp;auto_play=false&amp;hide_related=false&amp;show_comments=true&amp;show_user=true&amp;show_reposts=false&amp;show_teaser=true&amp;visual=true\" width=\"100%\" height=\"300\" frameborder=\"no\"><\/iframe>\n\n\n\n<div class=\"wp-block-columns is-layout-flex wp-container-core-columns-is-layout-9d6595d7 wp-block-columns-is-layout-flex\">\n<div class=\"wp-block-column is-layout-flow wp-block-column-is-layout-flow\" style=\"flex-basis:50%\">\n<figure class=\"wp-block-image size-large\"><img loading=\"lazy\" decoding=\"async\" width=\"768\" height=\"1024\" src=\"https:\/\/www.cbjurstrom.eu\/wp-content\/uploads\/2019-12-01-n\u00b017-Clohars-Carnoet-Duo-V.Raude-C.Bjurstrom-768x1024.jpg\" alt=\"\" class=\"wp-image-10503\" srcset=\"https:\/\/www.cbjurstrom.eu\/wp-content\/uploads\/2019-12-01-n\u00b017-Clohars-Carnoet-Duo-V.Raude-C.Bjurstrom-768x1024.jpg 768w, https:\/\/www.cbjurstrom.eu\/wp-content\/uploads\/2019-12-01-n\u00b017-Clohars-Carnoet-Duo-V.Raude-C.Bjurstrom-225x300.jpg 225w, https:\/\/www.cbjurstrom.eu\/wp-content\/uploads\/2019-12-01-n\u00b017-Clohars-Carnoet-Duo-V.Raude-C.Bjurstrom-300x400.jpg 300w, https:\/\/www.cbjurstrom.eu\/wp-content\/uploads\/2019-12-01-n\u00b017-Clohars-Carnoet-Duo-V.Raude-C.Bjurstrom-1152x1536.jpg 1152w, https:\/\/www.cbjurstrom.eu\/wp-content\/uploads\/2019-12-01-n\u00b017-Clohars-Carnoet-Duo-V.Raude-C.Bjurstrom-1536x2048.jpg 1536w, https:\/\/www.cbjurstrom.eu\/wp-content\/uploads\/2019-12-01-n\u00b017-Clohars-Carnoet-Duo-V.Raude-C.Bjurstrom-scaled.jpg 1920w\" sizes=\"auto, (max-width: 768px) 100vw, 768px\" \/><figcaption>Silence Paradoxal &#8211; Christofer Bjurstr\u00f6m<\/figcaption><\/figure>\n<\/div>\n\n\n\n<div class=\"wp-block-column is-layout-flow wp-block-column-is-layout-flow\" style=\"flex-basis:50%\">\n<figure class=\"wp-block-image size-large\"><img loading=\"lazy\" decoding=\"async\" width=\"768\" height=\"1024\" src=\"https:\/\/www.cbjurstrom.eu\/wp-content\/uploads\/Duo-Silence-Paradoxal-3-768x1024.jpg\" alt=\"\" class=\"wp-image-10506\" srcset=\"https:\/\/www.cbjurstrom.eu\/wp-content\/uploads\/Duo-Silence-Paradoxal-3-768x1024.jpg 768w, https:\/\/www.cbjurstrom.eu\/wp-content\/uploads\/Duo-Silence-Paradoxal-3-225x300.jpg 225w, https:\/\/www.cbjurstrom.eu\/wp-content\/uploads\/Duo-Silence-Paradoxal-3-300x400.jpg 300w, https:\/\/www.cbjurstrom.eu\/wp-content\/uploads\/Duo-Silence-Paradoxal-3-1152x1536.jpg 1152w, https:\/\/www.cbjurstrom.eu\/wp-content\/uploads\/Duo-Silence-Paradoxal-3-1536x2048.jpg 1536w, https:\/\/www.cbjurstrom.eu\/wp-content\/uploads\/Duo-Silence-Paradoxal-3-scaled.jpg 1920w\" sizes=\"auto, (max-width: 768px) 100vw, 768px\" \/><figcaption>Silence Paradoxal &#8211; Vincent Raude<\/figcaption><\/figure>\n<\/div>\n<\/div>\n\n\n\n<hr class=\"wp-block-separator has-alpha-channel-opacity\"\/>\n\n\n\n<h3 class=\"wp-block-heading\">SILENCE PARADOXAL EN CINE-CONCERT.<\/h3>\n\n\n\n<p>Le duo est \u00e9galement pr\u00e9sent en cin\u00e9-concert:<\/p>\n\n\n\n<ul class=\"wp-block-list\"><li><a href=\"https:\/\/www.cbjurstrom.eu\/index.php\/metropolis\/\" target=\"_blank\" rel=\"noreferrer noopener\">Cin\u00e9-Concert Metropolis<\/a>, sur le film de Fritz Lang (1927)<\/li><li><a href=\"https:\/\/www.cbjurstrom.eu\/index.php\/quand-le-jazz-debarque-sammies-in-brest\/\" target=\"_blank\" rel=\"noreferrer noopener\">Cin\u00e9-Concert Sammies in Brest<\/a> sur les images tourn\u00e9es par les op\u00e9rateurs de l&rsquo;arm\u00e9e am\u00e9ricaine lors de l&rsquo;arriv\u00e9e de la marine am\u00e9ricaine \u00e0 Brest en 2017, une entr\u00e9e en guerre, et une arriv\u00e9e du jazz en France.<\/li><\/ul>\n\n\n\n<p>Pour en savoir plus et prendre contact: <a rel=\"noreferrer noopener\" href=\"https:\/\/www.cooperative109.fr\/contact-me\/\" target=\"_blank\">Cooperative 109<\/a><\/p>\n","protected":false},"excerpt":{"rendered":"<p>UN UNIVERS SONORE Vincent Raude et Christofer Bjurstr\u00f6m se sont rencontr\u00e9s en 2011 au sein de l&rsquo;ensemble Nautilis, et dans le cadre de cin\u00e9-concerts. Tr\u00e8s vite, l&rsquo;envie d&rsquo;explorer ensemble les possibilit\u00e9s du dialogue entre piano et \u00e9lectronique s&rsquo;est impos\u00e9e. Comme une multitude de voyages possibles dans des univers diff\u00e9rents\u2026 Une attention sensible aux vibrations du&hellip;&nbsp;<\/p>\n","protected":false},"author":1,"featured_media":921,"parent":0,"menu_order":0,"comment_status":"closed","ping_status":"closed","template":"","meta":{"neve_meta_sidebar":"","neve_meta_container":"","neve_meta_enable_content_width":"","neve_meta_content_width":0,"neve_meta_title_alignment":"","neve_meta_author_avatar":"","neve_post_elements_order":"","neve_meta_disable_header":"","neve_meta_disable_footer":"","neve_meta_disable_title":"","footnotes":""},"class_list":["post-26","page","type-page","status-publish","has-post-thumbnail","hentry"],"_links":{"self":[{"href":"https:\/\/www.cbjurstrom.eu\/index.php\/wp-json\/wp\/v2\/pages\/26","targetHints":{"allow":["GET"]}}],"collection":[{"href":"https:\/\/www.cbjurstrom.eu\/index.php\/wp-json\/wp\/v2\/pages"}],"about":[{"href":"https:\/\/www.cbjurstrom.eu\/index.php\/wp-json\/wp\/v2\/types\/page"}],"author":[{"embeddable":true,"href":"https:\/\/www.cbjurstrom.eu\/index.php\/wp-json\/wp\/v2\/users\/1"}],"replies":[{"embeddable":true,"href":"https:\/\/www.cbjurstrom.eu\/index.php\/wp-json\/wp\/v2\/comments?post=26"}],"version-history":[{"count":10,"href":"https:\/\/www.cbjurstrom.eu\/index.php\/wp-json\/wp\/v2\/pages\/26\/revisions"}],"predecessor-version":[{"id":10507,"href":"https:\/\/www.cbjurstrom.eu\/index.php\/wp-json\/wp\/v2\/pages\/26\/revisions\/10507"}],"wp:featuredmedia":[{"embeddable":true,"href":"https:\/\/www.cbjurstrom.eu\/index.php\/wp-json\/wp\/v2\/media\/921"}],"wp:attachment":[{"href":"https:\/\/www.cbjurstrom.eu\/index.php\/wp-json\/wp\/v2\/media?parent=26"}],"curies":[{"name":"wp","href":"https:\/\/api.w.org\/{rel}","templated":true}]}}