{"id":259,"date":"2020-10-20T15:42:58","date_gmt":"2020-10-20T13:42:58","guid":{"rendered":"https:\/\/cbjurstrom.eu\/cbj\/?page_id=259"},"modified":"2025-09-11T17:01:20","modified_gmt":"2025-09-11T15:01:20","slug":"le-mecano-de-la-general","status":"publish","type":"page","link":"https:\/\/www.cbjurstrom.eu\/index.php\/le-mecano-de-la-general\/","title":{"rendered":"Le M\u00e9cano de la General"},"content":{"rendered":"\n<div class=\"wp-block-media-text alignwide is-stacked-on-mobile\"><figure class=\"wp-block-media-text__media\"><img loading=\"lazy\" decoding=\"async\" width=\"1024\" height=\"727\" src=\"https:\/\/cbjurstrom.eu\/cbj\/wp-content\/uploads\/2020\/10\/mecanodelageneral_4_-1-1024x727.jpg\" alt=\"\" class=\"wp-image-260\" srcset=\"https:\/\/www.cbjurstrom.eu\/wp-content\/uploads\/2020\/10\/mecanodelageneral_4_-1-1024x727.jpg 1024w, https:\/\/www.cbjurstrom.eu\/wp-content\/uploads\/2020\/10\/mecanodelageneral_4_-1-300x213.jpg 300w, https:\/\/www.cbjurstrom.eu\/wp-content\/uploads\/2020\/10\/mecanodelageneral_4_-1-768x545.jpg 768w, https:\/\/www.cbjurstrom.eu\/wp-content\/uploads\/2020\/10\/mecanodelageneral_4_-1-1536x1091.jpg 1536w, https:\/\/www.cbjurstrom.eu\/wp-content\/uploads\/2020\/10\/mecanodelageneral_4_-1.jpg 1915w\" sizes=\"auto, (max-width: 1024px) 100vw, 1024px\" \/><\/figure><div class=\"wp-block-media-text__content\">\n<p>Buster Keaton (U.S.A 1926) (\u00ab\u00a0The General\u00a0\u00bb)<br>Musique originale de Christofer BJURSTR\u00d6M<object width=\"270\" height=\"210\"><\/object><\/p>\n\n\n\n<p>Buster Keaton dans une folle course poursuite de locomotives&nbsp;: le rire en continu&nbsp;!<\/p>\n\n\n\n<p>A la fois auguste et clown blanc, inspirateur des surr\u00e9alistes europ\u00e9ens, Buster Keaton a construit le h\u00e9ros le plus inattendu et le plus dr\u00f4le du cin\u00e9ma burlesque.<br>Son personnage imperturbable se d\u00e9bat contre l\u2019adversit\u00e9 dans des tourbillons de situations absurdes dont il se tire toujours avec brio et humour.<\/p>\n\n\n\n<p><strong>LE MEILLEUR FILM DE KEATON<\/strong><\/p>\n\n\n\n<h6 class=\"wp-block-heading\">Dans ce film, Buster Keaton nous entra\u00eene dans une folle course-poursuite de locomotives pour sauver les deux amours de sa vie&nbsp;: sa locomotive, la \u00ab\u00a0General \u00ab\u00a0, et sa fianc\u00e9e. Le M\u00e9cano de la General est inspir\u00e9 d\u2019un fait r\u00e9el et men\u00e9 \u00e0 un rythme effr\u00e9n\u00e9&nbsp;: Buster Keaton le consid\u00e9rait comme son meilleur film.<\/h6>\n\n\n\n<p><strong>tout public \u00e0 partir de 8 ans<br>Dur\u00e9e&nbsp;: 1 h 20<br>format&nbsp;: DCP ou vid\u00e9o HD (ainsi que 16 mm et 35mm)<\/strong><\/p>\n\n\n\n<p>Ce film b\u00e9n\u00e9ficie du dispositif ADRC<\/p>\n<\/div><\/div>\n\n\n\n<div class=\"wp-block-media-text alignwide has-media-on-the-right is-stacked-on-mobile\"><figure class=\"wp-block-media-text__media\"><img loading=\"lazy\" decoding=\"async\" width=\"856\" height=\"1024\" src=\"https:\/\/cbjurstrom.eu\/cbj\/wp-content\/uploads\/2020\/10\/MecanoDeLaGeneral-1-856x1024.jpg\" alt=\"\" class=\"wp-image-261\" srcset=\"https:\/\/www.cbjurstrom.eu\/wp-content\/uploads\/2020\/10\/MecanoDeLaGeneral-1-856x1024.jpg 856w, https:\/\/www.cbjurstrom.eu\/wp-content\/uploads\/2020\/10\/MecanoDeLaGeneral-1-251x300.jpg 251w, https:\/\/www.cbjurstrom.eu\/wp-content\/uploads\/2020\/10\/MecanoDeLaGeneral-1-768x919.jpg 768w, https:\/\/www.cbjurstrom.eu\/wp-content\/uploads\/2020\/10\/MecanoDeLaGeneral-1-1284x1536.jpg 1284w, https:\/\/www.cbjurstrom.eu\/wp-content\/uploads\/2020\/10\/MecanoDeLaGeneral-1-1712x2048.jpg 1712w\" sizes=\"auto, (max-width: 856px) 100vw, 856px\" \/><\/figure><div class=\"wp-block-media-text__content\">\n<p><strong>UNE MUSIQUE QUI AVANCE, QUI AVANCE&#8230;<\/strong><\/p>\n\n\n\n<h6 class=\"wp-block-heading\">La musique de ce film est la plus r\u00e9solument \u00ab\u00a0jazz\u00a0\u00bb des musiques que Christofer Bjurstr\u00f6m a \u00e9crites pour le cin\u00e9ma muet&nbsp;: une rythmique jazz (contrebasse, piano, batterie), des fausses marches militaires. Ce film foisonnant, plein de trouvailles, plein d\u2019\u00e9v\u00e8nements, est plus que les autres, un travail collectif d\u2019impr\u00e9gnation du film, avec de longues plages d\u2019improvisation, dans le sens \u00ab\u00a0jazz\u00a0\u00bb du terme, sur une rythmique qui avance.<\/h6>\n\n\n\n<h5 class=\"wp-block-heading\"><strong>Deux formations&nbsp;:<\/strong><\/h5>\n\n\n\n<ul class=\"wp-block-list\"><li><strong>BJURSTR\u00d6M CINEDUO<\/strong><ul><li><strong>Christofer Bjurstr\u00f6m<\/strong> Piano<\/li><li><strong>Nicolas Pointard <\/strong>Batterie<\/li><\/ul><\/li><li><strong>BJURSTR\u00d6M CINETRIO<\/strong><ul><li><strong>Christofer Bjurstr\u00f6m<\/strong> Piano<\/li><li><strong>Fran\u00e7ois Malet<\/strong> Percussions<\/li><li><strong>G\u00e9rard Bouquin<\/strong> Contrebasse<\/li><\/ul><\/li><\/ul>\n<\/div><\/div>\n\n\n\n<div class=\"wp-block-media-text alignwide is-stacked-on-mobile\"><figure class=\"wp-block-media-text__media\"><img loading=\"lazy\" decoding=\"async\" width=\"1024\" height=\"846\" src=\"https:\/\/cbjurstrom.eu\/cbj\/wp-content\/uploads\/2020\/10\/MecanoDeLaGeneral-0-1024x846.jpg\" alt=\"\" class=\"wp-image-263\" srcset=\"https:\/\/www.cbjurstrom.eu\/wp-content\/uploads\/2020\/10\/MecanoDeLaGeneral-0-1024x846.jpg 1024w, https:\/\/www.cbjurstrom.eu\/wp-content\/uploads\/2020\/10\/MecanoDeLaGeneral-0-300x248.jpg 300w, https:\/\/www.cbjurstrom.eu\/wp-content\/uploads\/2020\/10\/MecanoDeLaGeneral-0-768x635.jpg 768w, https:\/\/www.cbjurstrom.eu\/wp-content\/uploads\/2020\/10\/MecanoDeLaGeneral-0-1536x1269.jpg 1536w, https:\/\/www.cbjurstrom.eu\/wp-content\/uploads\/2020\/10\/MecanoDeLaGeneral-0-2048x1693.jpg 2048w\" sizes=\"auto, (max-width: 1024px) 100vw, 1024px\" \/><\/figure><div class=\"wp-block-media-text__content\">\n<p>Deux extraits de la musique, en duo piano\/ batterie<\/p>\n\n\n\n<figure class=\"wp-block-audio\"><audio controls src=\"https:\/\/cbjurstrom.eu\/cbj\/wp-content\/uploads\/2020\/10\/Mecano-Generale-extr1.mp3\"><\/audio><figcaption>Extrait 1<\/figcaption><\/figure>\n\n\n\n<figure class=\"wp-block-audio\"><audio controls src=\"https:\/\/cbjurstrom.eu\/cbj\/wp-content\/uploads\/2020\/10\/Mecano-Generale-extr2.mp3\"><\/audio><figcaption>Extrait 2<\/figcaption><\/figure>\n<\/div><\/div>\n\n\n\n<figure class=\"wp-block-image size-large\"><img loading=\"lazy\" decoding=\"async\" width=\"821\" height=\"1024\" src=\"https:\/\/cbjurstrom.eu\/cbj\/wp-content\/uploads\/2020\/10\/buster-dvt-locomotive-821x1024.jpg\" alt=\"\" class=\"wp-image-264\" srcset=\"https:\/\/www.cbjurstrom.eu\/wp-content\/uploads\/2020\/10\/buster-dvt-locomotive-821x1024.jpg 821w, https:\/\/www.cbjurstrom.eu\/wp-content\/uploads\/2020\/10\/buster-dvt-locomotive-241x300.jpg 241w, https:\/\/www.cbjurstrom.eu\/wp-content\/uploads\/2020\/10\/buster-dvt-locomotive-768x958.jpg 768w, https:\/\/www.cbjurstrom.eu\/wp-content\/uploads\/2020\/10\/buster-dvt-locomotive-1232x1536.jpg 1232w, https:\/\/www.cbjurstrom.eu\/wp-content\/uploads\/2020\/10\/buster-dvt-locomotive-1642x2048.jpg 1642w\" sizes=\"auto, (max-width: 821px) 100vw, 821px\" \/><\/figure>\n","protected":false},"excerpt":{"rendered":"<p>Buster Keaton (U.S.A 1926) (\u00ab\u00a0The General\u00a0\u00bb)Musique originale de Christofer BJURSTR\u00d6M Buster Keaton dans une folle course poursuite de locomotives&nbsp;: le rire en continu&nbsp;! A la fois auguste et clown blanc, inspirateur des surr\u00e9alistes europ\u00e9ens, Buster Keaton a construit le h\u00e9ros le plus inattendu et le plus dr\u00f4le du cin\u00e9ma burlesque.Son personnage imperturbable se d\u00e9bat contre&hellip;&nbsp;<\/p>\n","protected":false},"author":1,"featured_media":260,"parent":0,"menu_order":0,"comment_status":"closed","ping_status":"closed","template":"","meta":{"neve_meta_sidebar":"","neve_meta_container":"","neve_meta_enable_content_width":"","neve_meta_content_width":0,"neve_meta_title_alignment":"","neve_meta_author_avatar":"","neve_post_elements_order":"","neve_meta_disable_header":"","neve_meta_disable_footer":"","neve_meta_disable_title":"","footnotes":""},"class_list":["post-259","page","type-page","status-publish","has-post-thumbnail","hentry"],"_links":{"self":[{"href":"https:\/\/www.cbjurstrom.eu\/index.php\/wp-json\/wp\/v2\/pages\/259","targetHints":{"allow":["GET"]}}],"collection":[{"href":"https:\/\/www.cbjurstrom.eu\/index.php\/wp-json\/wp\/v2\/pages"}],"about":[{"href":"https:\/\/www.cbjurstrom.eu\/index.php\/wp-json\/wp\/v2\/types\/page"}],"author":[{"embeddable":true,"href":"https:\/\/www.cbjurstrom.eu\/index.php\/wp-json\/wp\/v2\/users\/1"}],"replies":[{"embeddable":true,"href":"https:\/\/www.cbjurstrom.eu\/index.php\/wp-json\/wp\/v2\/comments?post=259"}],"version-history":[{"count":5,"href":"https:\/\/www.cbjurstrom.eu\/index.php\/wp-json\/wp\/v2\/pages\/259\/revisions"}],"predecessor-version":[{"id":885,"href":"https:\/\/www.cbjurstrom.eu\/index.php\/wp-json\/wp\/v2\/pages\/259\/revisions\/885"}],"wp:featuredmedia":[{"embeddable":true,"href":"https:\/\/www.cbjurstrom.eu\/index.php\/wp-json\/wp\/v2\/media\/260"}],"wp:attachment":[{"href":"https:\/\/www.cbjurstrom.eu\/index.php\/wp-json\/wp\/v2\/media?parent=259"}],"curies":[{"name":"wp","href":"https:\/\/api.w.org\/{rel}","templated":true}]}}