{"id":250,"date":"2020-10-20T14:53:45","date_gmt":"2020-10-20T12:53:45","guid":{"rendered":"https:\/\/cbjurstrom.eu\/cbj\/?page_id=250"},"modified":"2025-02-04T17:32:41","modified_gmt":"2025-02-04T16:32:41","slug":"compositions-et-musiques-de-scenes","status":"publish","type":"page","link":"https:\/\/www.cbjurstrom.eu\/index.php\/compositions-et-musiques-de-scenes\/","title":{"rendered":"Compositions \/ Musiques de Sc\u00e8ne"},"content":{"rendered":"\n<p>Musiques de sc\u00e8ne et d&rsquo;onde: c&rsquo;est  l\u2019immersion sensible dans les univers des pi\u00e8ces, dans l\u2019univers du texte&nbsp;:<\/p>\n\n\n\n<ul class=\"wp-block-list\"><li><strong>Musique de sc\u00e8ne pour <em>Mais je suis un ours<\/em><\/strong>, Th\u00e9\u00e2tre de l\u2019Echange, mise en sc\u00e8ne de Jean Le Scouarnec&nbsp;:<br>quelques musiques qui naissent par magie, de la m\u00e9lodie qui sort du bruit, du frottement, pour accompagner les belles images anim\u00e9es d\u2019<a href=\"http:\/\/www.aurorebrunet.fr\/\">Aurore Brunet<\/a>, pour \u00ab\u00a0Mais je suis un ours\u00a0\u00bb du Th\u00e9\u00e2tre de l\u2019Echange&nbsp;:<br><\/li><\/ul>\n\n\n\n<figure class=\"wp-block-audio\"><audio controls src=\"https:\/\/cbjurstrom.eu\/cbj\/wp-content\/uploads\/2020\/10\/Ours-1-2-3-v2.wav\"><\/audio><figcaption>Mais je suis un ours: hibernation<\/figcaption><\/figure>\n\n\n\n<p><\/p>\n\n\n\n<ul class=\"wp-block-list\"><li><strong>Musique de sc\u00e8ne pour la pi\u00e8ce<em> Sal P<\/em><\/strong>, de Katarina Frostensson, mise en sc\u00e8ne de Jean Bollery, \u00e0 la Maison de la Po\u00e9sie<\/li><li><strong>Musiques sur le th\u00e8me de la <em>Folie Ordinaire<\/em><\/strong>, pour l\u2019\u00e9mission \u00ab\u00a0Tapages Nocturnes\u00a0\u00bb sur France Musique&nbsp;:<\/li><\/ul>\n\n\n\n<ul class=\"wp-block-list\"><li><strong>Musique de Sc\u00e8ne pour <em>Racontars Arctiques<\/em> de J\u00f8rn Riel<\/strong>, mis en sc\u00e8ne par Guy Abgrall<\/li><li><strong>Musique de Sc\u00e8ne pour <em>Don Quichotte<\/em>, <em>Des Souris et Des Hommes<\/em><\/strong> mis en sc\u00e8ne par Mychel Ch\u00e9nier, Compagnie Phare Ouest<\/li><\/ul>\n","protected":false},"excerpt":{"rendered":"<p>Musiques de sc\u00e8ne et d&rsquo;onde: c&rsquo;est l\u2019immersion sensible dans les univers des pi\u00e8ces, dans l\u2019univers du texte&nbsp;: Musique de sc\u00e8ne pour Mais je suis un ours, Th\u00e9\u00e2tre de l\u2019Echange, mise en sc\u00e8ne de Jean Le Scouarnec&nbsp;:quelques musiques qui naissent par magie, de la m\u00e9lodie qui sort du bruit, du frottement, pour accompagner les belles images&hellip;&nbsp;<\/p>\n","protected":false},"author":1,"featured_media":977,"parent":0,"menu_order":0,"comment_status":"closed","ping_status":"closed","template":"","meta":{"neve_meta_sidebar":"","neve_meta_container":"","neve_meta_enable_content_width":"","neve_meta_content_width":0,"neve_meta_title_alignment":"","neve_meta_author_avatar":"","neve_post_elements_order":"","neve_meta_disable_header":"","neve_meta_disable_footer":"","neve_meta_disable_title":"","footnotes":""},"class_list":["post-250","page","type-page","status-publish","has-post-thumbnail","hentry"],"_links":{"self":[{"href":"https:\/\/www.cbjurstrom.eu\/index.php\/wp-json\/wp\/v2\/pages\/250","targetHints":{"allow":["GET"]}}],"collection":[{"href":"https:\/\/www.cbjurstrom.eu\/index.php\/wp-json\/wp\/v2\/pages"}],"about":[{"href":"https:\/\/www.cbjurstrom.eu\/index.php\/wp-json\/wp\/v2\/types\/page"}],"author":[{"embeddable":true,"href":"https:\/\/www.cbjurstrom.eu\/index.php\/wp-json\/wp\/v2\/users\/1"}],"replies":[{"embeddable":true,"href":"https:\/\/www.cbjurstrom.eu\/index.php\/wp-json\/wp\/v2\/comments?post=250"}],"version-history":[{"count":8,"href":"https:\/\/www.cbjurstrom.eu\/index.php\/wp-json\/wp\/v2\/pages\/250\/revisions"}],"predecessor-version":[{"id":11192,"href":"https:\/\/www.cbjurstrom.eu\/index.php\/wp-json\/wp\/v2\/pages\/250\/revisions\/11192"}],"wp:featuredmedia":[{"embeddable":true,"href":"https:\/\/www.cbjurstrom.eu\/index.php\/wp-json\/wp\/v2\/media\/977"}],"wp:attachment":[{"href":"https:\/\/www.cbjurstrom.eu\/index.php\/wp-json\/wp\/v2\/media?parent=250"}],"curies":[{"name":"wp","href":"https:\/\/api.w.org\/{rel}","templated":true}]}}